{"id":8542,"date":"2023-10-04T12:54:07","date_gmt":"2023-10-04T12:54:07","guid":{"rendered":"https:\/\/store.evolve-fitness.eu\/produktas\/evolve-saugos-strypai\/"},"modified":"2023-10-04T12:54:07","modified_gmt":"2023-10-04T12:54:07","slug":"evolve-saugos-strypai","status":"publish","type":"product","link":"https:\/\/store.evolve-fitness.eu\/lt\/produktas\/evolve-saugos-strypai\/","title":{"rendered":"&#8222;Evolve&#8221; saugos strypai"},"content":{"rendered":"","protected":false},"excerpt":{"rendered":"<p>Padidinkite treniruo\u010di\u0173 saugum\u0105 ir universalum\u0105 naudodami &#8222;Evolve&#8221; dvigub\u0105 apsaugin\u012f stryp\u0105. \u0160ie pagrindiniai priedai, suderinami su &#8222;Evolve&#8221; treniruokliais, skirti treniruot\u0117ms pagerinti. Pritaikykite savo \u012frengin\u012f ir teikite pirmenyb\u0119 saugumui, naudodami \u0161i\u0105 por\u0105 u\u017e patraukli\u0105 kain\u0105.<\/p>\n","protected":false},"featured_media":5906,"template":"","meta":{"_acf_changed":false,"inline_featured_image":false},"product_cat":[117,119,143,144],"product_tag":[],"class_list":{"0":"post-8542","1":"product","2":"type-product","3":"status-publish","4":"has-post-thumbnail","6":"product_cat-pagrindinis-puslapis","7":"product_cat-kryzminis-ir-funkcinis","8":"product_cat-irangos-komponentai","9":"product_cat-priedai","11":"first","12":"outofstock","13":"shipping-taxable","14":"purchasable","15":"product-type-simple"},"acf":[],"_links":{"self":[{"href":"https:\/\/store.evolve-fitness.eu\/lt\/wp-json\/wp\/v2\/product\/8542","targetHints":{"allow":["GET"]}}],"collection":[{"href":"https:\/\/store.evolve-fitness.eu\/lt\/wp-json\/wp\/v2\/product"}],"about":[{"href":"https:\/\/store.evolve-fitness.eu\/lt\/wp-json\/wp\/v2\/types\/product"}],"wp:featuredmedia":[{"embeddable":true,"href":"https:\/\/store.evolve-fitness.eu\/lt\/wp-json\/wp\/v2\/media\/5906"}],"wp:attachment":[{"href":"https:\/\/store.evolve-fitness.eu\/lt\/wp-json\/wp\/v2\/media?parent=8542"}],"wp:term":[{"taxonomy":"product_cat","embeddable":true,"href":"https:\/\/store.evolve-fitness.eu\/lt\/wp-json\/wp\/v2\/product_cat?post=8542"},{"taxonomy":"product_tag","embeddable":true,"href":"https:\/\/store.evolve-fitness.eu\/lt\/wp-json\/wp\/v2\/product_tag?post=8542"}],"curies":[{"name":"wp","href":"https:\/\/api.w.org\/{rel}","templated":true}]}}