{"id":8540,"date":"2023-10-04T13:54:10","date_gmt":"2023-10-04T13:54:10","guid":{"rendered":"https:\/\/store.evolve-fitness.eu\/produktas\/evolve-dip-bar\/"},"modified":"2024-08-06T12:55:02","modified_gmt":"2024-08-06T12:55:02","slug":"evolve-dip-bar","status":"publish","type":"product","link":"https:\/\/store.evolve-fitness.eu\/lt\/produktas\/evolve-dip-bar\/","title":{"rendered":"&#8222;Evolve Dip bar"},"content":{"rendered":"","protected":false},"excerpt":{"rendered":"<p>&#8222;Evolve Dip Bar&#8221; yra universali treniruokli\u0173 \u012franga, skirta pagerinti j\u016bs\u0173 funkcines treniruotes, CrossFit u\u017esi\u0117mimus, grupines treniruotes ar individualias treniruotes. Modulin\u0117 konstrukcija suteikia galimyb\u0119 pritaikyti \u012frengin\u012f pagal konkre\u010dius reikalavimus ir lengvai prid\u0117ti daugyb\u0119 pried\u0173, taip maksimaliai padidinant jo funkcionalum\u0105. Pasiruo\u0161kite tobulinti savo sveikatingumo kelion\u0119 su \u0161ia i\u0161skirtine \u012franga. Kaina u\u017e vienet\u0105.  <\/p>\n","protected":false},"featured_media":5895,"template":"","meta":{"_acf_changed":false,"inline_featured_image":false},"product_cat":[117,119,143,144],"product_tag":[],"class_list":{"0":"post-8540","1":"product","2":"type-product","3":"status-publish","4":"has-post-thumbnail","6":"product_cat-pagrindinis-puslapis","7":"product_cat-kryzminis-ir-funkcinis","8":"product_cat-irangos-komponentai","9":"product_cat-priedai","11":"first","12":"instock","13":"shipping-taxable","14":"purchasable","15":"product-type-simple"},"acf":[],"_links":{"self":[{"href":"https:\/\/store.evolve-fitness.eu\/lt\/wp-json\/wp\/v2\/product\/8540","targetHints":{"allow":["GET"]}}],"collection":[{"href":"https:\/\/store.evolve-fitness.eu\/lt\/wp-json\/wp\/v2\/product"}],"about":[{"href":"https:\/\/store.evolve-fitness.eu\/lt\/wp-json\/wp\/v2\/types\/product"}],"wp:featuredmedia":[{"embeddable":true,"href":"https:\/\/store.evolve-fitness.eu\/lt\/wp-json\/wp\/v2\/media\/5895"}],"wp:attachment":[{"href":"https:\/\/store.evolve-fitness.eu\/lt\/wp-json\/wp\/v2\/media?parent=8540"}],"wp:term":[{"taxonomy":"product_cat","embeddable":true,"href":"https:\/\/store.evolve-fitness.eu\/lt\/wp-json\/wp\/v2\/product_cat?post=8540"},{"taxonomy":"product_tag","embeddable":true,"href":"https:\/\/store.evolve-fitness.eu\/lt\/wp-json\/wp\/v2\/product_tag?post=8540"}],"curies":[{"name":"wp","href":"https:\/\/api.w.org\/{rel}","templated":true}]}}