{"id":8539,"date":"2023-10-06T13:49:54","date_gmt":"2023-10-06T13:49:54","guid":{"rendered":"https:\/\/store.evolve-fitness.eu\/produktas\/evolve-kaisciu-ir-vamzdziu-saugos-rinkiniai\/"},"modified":"2024-05-24T08:30:12","modified_gmt":"2024-05-24T08:30:12","slug":"evolve-kaisciu-ir-vamzdziu-saugos-rinkiniai","status":"publish","type":"product","link":"https:\/\/store.evolve-fitness.eu\/lt\/produktas\/evolve-kaisciu-ir-vamzdziu-saugos-rinkiniai\/","title":{"rendered":"&#8222;Evolve&#8221; kai\u0161\u010di\u0173 ir vamzd\u017ei\u0173 saugos rinkiniai"},"content":{"rendered":"","protected":false},"excerpt":{"rendered":"<p>Su &#8222;Evolve&#8221; smeigtuk\u0173 ir vamzdeli\u0173 saugos rinkiniais padidinsite treniruo\u010di\u0173 saugum\u0105. \u0160ie pagrindiniai komplektai sukurti taip, kad juos b\u016bt\u0173 galima lengvai integruoti su &#8222;Evolve&#8221; \u012franga ir u\u017etikrinti geresn\u0119 apsaug\u0105 funkcini\u0173, CrossFit, grupini\u0173 ar individuali\u0173 treniruo\u010di\u0173 metu. Modulin\u0117 &#8222;Evolve&#8221; platformos sistemos konstrukcija leid\u017eia pritaikyti s\u0105rank\u0105 prie konkre\u010di\u0173 poreiki\u0173, o \u0161ie saugos rinkiniai suteikia papildom\u0105 saugumo lyg\u012f. Atraskite ramyb\u0119 ir perkelkite savo treniruotes \u012f auk\u0161tesn\u012f lyg\u012f su \u0161iais patikimais saugos komplektais, kuriuos galima \u012fsigyti patogiais rinkiniais.<\/p>\n","protected":false},"featured_media":5873,"template":"","meta":{"_acf_changed":false,"inline_featured_image":false},"product_cat":[117,119,143,144],"product_tag":[],"class_list":{"0":"post-8539","1":"product","2":"type-product","3":"status-publish","4":"has-post-thumbnail","6":"product_cat-pagrindinis-puslapis","7":"product_cat-kryzminis-ir-funkcinis","8":"product_cat-irangos-komponentai","9":"product_cat-priedai","11":"first","12":"instock","13":"shipping-taxable","14":"purchasable","15":"product-type-simple"},"acf":[],"_links":{"self":[{"href":"https:\/\/store.evolve-fitness.eu\/lt\/wp-json\/wp\/v2\/product\/8539","targetHints":{"allow":["GET"]}}],"collection":[{"href":"https:\/\/store.evolve-fitness.eu\/lt\/wp-json\/wp\/v2\/product"}],"about":[{"href":"https:\/\/store.evolve-fitness.eu\/lt\/wp-json\/wp\/v2\/types\/product"}],"wp:featuredmedia":[{"embeddable":true,"href":"https:\/\/store.evolve-fitness.eu\/lt\/wp-json\/wp\/v2\/media\/5873"}],"wp:attachment":[{"href":"https:\/\/store.evolve-fitness.eu\/lt\/wp-json\/wp\/v2\/media?parent=8539"}],"wp:term":[{"taxonomy":"product_cat","embeddable":true,"href":"https:\/\/store.evolve-fitness.eu\/lt\/wp-json\/wp\/v2\/product_cat?post=8539"},{"taxonomy":"product_tag","embeddable":true,"href":"https:\/\/store.evolve-fitness.eu\/lt\/wp-json\/wp\/v2\/product_tag?post=8539"}],"curies":[{"name":"wp","href":"https:\/\/api.w.org\/{rel}","templated":true}]}}