{"id":8537,"date":"2023-10-04T10:20:25","date_gmt":"2023-10-04T10:20:25","guid":{"rendered":"https:\/\/store.evolve-fitness.eu\/produktas\/evolve-svorio-plokstes-laikiklis-1\/"},"modified":"2024-08-06T11:30:34","modified_gmt":"2024-08-06T11:30:34","slug":"evolve-svorio-plokstes-laikiklis-1","status":"publish","type":"product","link":"https:\/\/store.evolve-fitness.eu\/lt\/produktas\/evolve-svorio-plokstes-laikiklis-1\/","title":{"rendered":"&#8222;Evolve&#8221; svorio plok\u0161t\u0117s laikiklis &#8211; 50 mm (1)"},"content":{"rendered":"","protected":false},"excerpt":{"rendered":"<p>Padidinkite treniruo\u010di\u0173 erdv\u0119 naudodami &#8222;Evolve&#8221; svori\u0173 plok\u0161\u010di\u0173 laikikl\u012f. \u0160is modulinis priedas, skirtas papildyti &#8222;Evolve&#8221; treniruoklius, suteikia galimyb\u0119 pritaikyti treniruo\u010di\u0173 aplink\u0105 funkcin\u0117ms, crossfit, grupin\u0117ms ar individualioms treniruot\u0117ms. D\u0117l universalios konstrukcijos galite pritaikyti savo \u012frengin\u012f pagal savo poreikius ir padidinti jo funkcionalum\u0105 be vargo prid\u0117dami \u012fvairius priedus. Patirkite auk\u0161\u010diausi\u0105 organizuotumo ir efektyvumo lyg\u012f. Kaina u\u017e vienet\u0105.  <\/p>\n","protected":false},"featured_media":97761,"template":"","meta":{"_acf_changed":false,"inline_featured_image":false},"product_cat":[117,119,143,152],"product_tag":[],"class_list":{"0":"post-8537","1":"product","2":"type-product","3":"status-publish","4":"has-post-thumbnail","6":"product_cat-pagrindinis-puslapis","7":"product_cat-kryzminis-ir-funkcinis","8":"product_cat-irangos-komponentai","9":"product_cat-saugykla","11":"first","12":"outofstock","13":"shipping-taxable","14":"purchasable","15":"product-type-simple"},"acf":[],"_links":{"self":[{"href":"https:\/\/store.evolve-fitness.eu\/lt\/wp-json\/wp\/v2\/product\/8537","targetHints":{"allow":["GET"]}}],"collection":[{"href":"https:\/\/store.evolve-fitness.eu\/lt\/wp-json\/wp\/v2\/product"}],"about":[{"href":"https:\/\/store.evolve-fitness.eu\/lt\/wp-json\/wp\/v2\/types\/product"}],"wp:featuredmedia":[{"embeddable":true,"href":"https:\/\/store.evolve-fitness.eu\/lt\/wp-json\/wp\/v2\/media\/97761"}],"wp:attachment":[{"href":"https:\/\/store.evolve-fitness.eu\/lt\/wp-json\/wp\/v2\/media?parent=8537"}],"wp:term":[{"taxonomy":"product_cat","embeddable":true,"href":"https:\/\/store.evolve-fitness.eu\/lt\/wp-json\/wp\/v2\/product_cat?post=8537"},{"taxonomy":"product_tag","embeddable":true,"href":"https:\/\/store.evolve-fitness.eu\/lt\/wp-json\/wp\/v2\/product_tag?post=8537"}],"curies":[{"name":"wp","href":"https:\/\/api.w.org\/{rel}","templated":true}]}}