{"id":8536,"date":"2023-10-03T11:32:43","date_gmt":"2023-10-03T11:32:43","guid":{"rendered":"https:\/\/store.evolve-fitness.eu\/produktas\/evolve-traleris\/"},"modified":"2024-08-06T10:46:20","modified_gmt":"2024-08-06T10:46:20","slug":"evolve-traleris","status":"publish","type":"product","link":"https:\/\/store.evolve-fitness.eu\/lt\/produktas\/evolve-traleris\/","title":{"rendered":"Evolve traleris"},"content":{"rendered":"","protected":false},"excerpt":{"rendered":"<p>Padidinkite savo treniruo\u010di\u0173 universalum\u0105 naudodami &#8222;Evolve Trawler&#8221; &#8211; 750 mm ilgio &#8222;Evolve&#8221; treniruokl\u012f. \u0160is universalus komponentas, skirtas funkcin\u0117ms, crossfit, grupin\u0117ms ar individualioms treniruot\u0117ms pagerinti, pasi\u017eymi moduline konstrukcija, leid\u017eian\u010dia pritaikyti konfig\u016bracijas ir suderinamum\u0105 su priedais. Kaina u\u017e vienet\u0105. Pasinerkite \u012f geresn\u0119 fitneso patirt\u012f su &#8222;Evolve Trawler&#8221; jau \u0161iandien!  <\/p>\n","protected":false},"featured_media":5912,"template":"","meta":{"_acf_changed":false,"inline_featured_image":false},"product_cat":[117,119,143,215],"product_tag":[],"class_list":{"0":"post-8536","1":"product","2":"type-product","3":"status-publish","4":"has-post-thumbnail","6":"product_cat-pagrindinis-puslapis","7":"product_cat-kryzminis-ir-funkcinis","8":"product_cat-irangos-komponentai","9":"product_cat-pagrindines-dalys","11":"first","12":"outofstock","13":"shipping-taxable","14":"purchasable","15":"product-type-simple"},"acf":[],"_links":{"self":[{"href":"https:\/\/store.evolve-fitness.eu\/lt\/wp-json\/wp\/v2\/product\/8536","targetHints":{"allow":["GET"]}}],"collection":[{"href":"https:\/\/store.evolve-fitness.eu\/lt\/wp-json\/wp\/v2\/product"}],"about":[{"href":"https:\/\/store.evolve-fitness.eu\/lt\/wp-json\/wp\/v2\/types\/product"}],"wp:featuredmedia":[{"embeddable":true,"href":"https:\/\/store.evolve-fitness.eu\/lt\/wp-json\/wp\/v2\/media\/5912"}],"wp:attachment":[{"href":"https:\/\/store.evolve-fitness.eu\/lt\/wp-json\/wp\/v2\/media?parent=8536"}],"wp:term":[{"taxonomy":"product_cat","embeddable":true,"href":"https:\/\/store.evolve-fitness.eu\/lt\/wp-json\/wp\/v2\/product_cat?post=8536"},{"taxonomy":"product_tag","embeddable":true,"href":"https:\/\/store.evolve-fitness.eu\/lt\/wp-json\/wp\/v2\/product_tag?post=8536"}],"curies":[{"name":"wp","href":"https:\/\/api.w.org\/{rel}","templated":true}]}}