{"id":8475,"date":"2023-10-03T07:26:01","date_gmt":"2023-10-03T07:26:01","guid":{"rendered":"https:\/\/store.evolve-fitness.eu\/produktas\/evolve-vertikalus-2300-3600-mm\/"},"modified":"2025-11-07T10:30:32","modified_gmt":"2025-11-07T10:30:32","slug":"evolve-vertikalus-2300-3600-mm","status":"publish","type":"product","link":"https:\/\/store.evolve-fitness.eu\/lt\/produktas\/evolve-vertikalus-2300-3600-mm\/","title":{"rendered":"&#8222;Evolve Upright&#8221; 2300 &#8211; 3600 MM"},"content":{"rendered":"","protected":false},"excerpt":{"rendered":"<p>Pagerinkite savo fitneso \u017eaidim\u0105 su universaliu &#8222;Evolve Upright&#8221; treniruokliu. \u0160is modulinis treniruoklis, skirtas \u012fvairiems funkcini\u0173 treniruo\u010di\u0173 stiliams, \u012fskaitant crossfit ir grupines ar individualias treniruotes, leid\u017eia j\u012f pritaikyti pagal savo poreikius. &#8222;Evolve Upright&#8221;, turintis skirtingo ilgio &#8211; 2300 mm &#8211; stov\u0105 ir tiksliai i\u0161pjautas skyles, kad b\u016bt\u0173 galima lengvai pritvirtinti treniruokl\u012f, puikiai papildys j\u016bs\u0173 treniruokli\u0173 sal\u0119. Pakeiskite savo treniruotes ir pasiekite fitneso tikslus su \u0161iuo pritaikomu ir tvirtu treniruokliu.<\/p>\n","protected":false},"featured_media":5934,"template":"","meta":{"_acf_changed":false,"inline_featured_image":false},"product_cat":[117,119,143,215],"product_tag":[],"class_list":{"0":"post-8475","1":"product","2":"type-product","3":"status-publish","4":"has-post-thumbnail","6":"product_cat-pagrindinis-puslapis","7":"product_cat-kryzminis-ir-funkcinis","8":"product_cat-irangos-komponentai","9":"product_cat-pagrindines-dalys","11":"first","12":"instock","13":"shipping-taxable","14":"purchasable","15":"product-type-variable"},"acf":[],"_links":{"self":[{"href":"https:\/\/store.evolve-fitness.eu\/lt\/wp-json\/wp\/v2\/product\/8475","targetHints":{"allow":["GET"]}}],"collection":[{"href":"https:\/\/store.evolve-fitness.eu\/lt\/wp-json\/wp\/v2\/product"}],"about":[{"href":"https:\/\/store.evolve-fitness.eu\/lt\/wp-json\/wp\/v2\/types\/product"}],"wp:featuredmedia":[{"embeddable":true,"href":"https:\/\/store.evolve-fitness.eu\/lt\/wp-json\/wp\/v2\/media\/5934"}],"wp:attachment":[{"href":"https:\/\/store.evolve-fitness.eu\/lt\/wp-json\/wp\/v2\/media?parent=8475"}],"wp:term":[{"taxonomy":"product_cat","embeddable":true,"href":"https:\/\/store.evolve-fitness.eu\/lt\/wp-json\/wp\/v2\/product_cat?post=8475"},{"taxonomy":"product_tag","embeddable":true,"href":"https:\/\/store.evolve-fitness.eu\/lt\/wp-json\/wp\/v2\/product_tag?post=8475"}],"curies":[{"name":"wp","href":"https:\/\/api.w.org\/{rel}","templated":true}]}}