{"id":8474,"date":"2023-10-02T14:44:57","date_gmt":"2023-10-02T14:44:57","guid":{"rendered":"https:\/\/store.evolve-fitness.eu\/produktas\/evolve-sieninis-stovas\/"},"modified":"2024-08-01T10:08:03","modified_gmt":"2024-08-01T10:08:03","slug":"evolve-sieninis-stovas","status":"publish","type":"product","link":"https:\/\/store.evolve-fitness.eu\/lt\/produktas\/evolve-sieninis-stovas\/","title":{"rendered":"&#8222;Evolve&#8221; sieninis stovas"},"content":{"rendered":"","protected":false},"excerpt":{"rendered":"<p>Pagerinkite savo j\u0117gos treniruo\u010di\u0173 rutin\u0105 naudodami &#8222;Evolve&#8221; sienin\u012f daugiafunkcin\u012f stovo stend\u0105. \u0160is erdv\u0119 taupantis stovas skirtas \u012fvairiems pratimams su \u0161tangomis, jame yra specialios vietos pasiprie\u0161inimo juostoms ir treniruo\u010di\u0173 reikmenims laikyti ir tvirtinti. \u0160is sieninis stovas idealiai tinka kompakti\u0161kose patalpose ir u\u017etikrina patogum\u0105 bei prieinamum\u0105 \u012fvairioms treniruot\u0117ms su \u0161tangomis. Patobulinkite savo treniruo\u010di\u0173 re\u017eim\u0105, maksimaliai padidindami funkcionalum\u0105 ir organizuotum\u0105 su &#8222;Evolve&#8221; sieniniu daugiafunkciniu bar\u0173 stovu, kuris yra vientisas sprendimas kompakti\u0161k\u0173 ir efektyvi\u0173 treniruo\u010di\u0173 entuziastams.<\/p>\n","protected":false},"featured_media":5974,"template":"","meta":{"_acf_changed":false,"inline_featured_image":false},"product_cat":[117,119,218],"product_tag":[],"class_list":{"0":"post-8474","1":"product","2":"type-product","3":"status-publish","4":"has-post-thumbnail","6":"product_cat-pagrindinis-puslapis","7":"product_cat-kryzminis-ir-funkcinis","8":"product_cat-sieniniai-laikikliai","10":"first","11":"instock","12":"shipping-taxable","13":"purchasable","14":"product-type-simple"},"acf":[],"_links":{"self":[{"href":"https:\/\/store.evolve-fitness.eu\/lt\/wp-json\/wp\/v2\/product\/8474","targetHints":{"allow":["GET"]}}],"collection":[{"href":"https:\/\/store.evolve-fitness.eu\/lt\/wp-json\/wp\/v2\/product"}],"about":[{"href":"https:\/\/store.evolve-fitness.eu\/lt\/wp-json\/wp\/v2\/types\/product"}],"wp:featuredmedia":[{"embeddable":true,"href":"https:\/\/store.evolve-fitness.eu\/lt\/wp-json\/wp\/v2\/media\/5974"}],"wp:attachment":[{"href":"https:\/\/store.evolve-fitness.eu\/lt\/wp-json\/wp\/v2\/media?parent=8474"}],"wp:term":[{"taxonomy":"product_cat","embeddable":true,"href":"https:\/\/store.evolve-fitness.eu\/lt\/wp-json\/wp\/v2\/product_cat?post=8474"},{"taxonomy":"product_tag","embeddable":true,"href":"https:\/\/store.evolve-fitness.eu\/lt\/wp-json\/wp\/v2\/product_tag?post=8474"}],"curies":[{"name":"wp","href":"https:\/\/api.w.org\/{rel}","templated":true}]}}