{"id":8465,"date":"2023-10-03T08:51:01","date_gmt":"2023-10-03T08:51:01","guid":{"rendered":"https:\/\/store.evolve-fitness.eu\/produktas\/evolve-daugiafunkcine-sija-1100-1800-mm\/"},"modified":"2025-11-07T11:56:59","modified_gmt":"2025-11-07T11:56:59","slug":"evolve-daugiafunkcine-sija-1100-1800-mm","status":"publish","type":"product","link":"https:\/\/store.evolve-fitness.eu\/lt\/produktas\/evolve-daugiafunkcine-sija-1100-1800-mm\/","title":{"rendered":"&#8222;Evolve&#8221; daugiafunkcin\u0117 sija &#8211; 1100 \/ 1800 mm"},"content":{"rendered":"","protected":false},"excerpt":{"rendered":"<p>Pagerinkite savo treniruotes naudodami &#8222;Evolve&#8221; daugiafunkcin\u0119 sij\u0105, kuri\u0105 galima \u012fsigyti 1100 mm ir 1800 mm ilgio. Sukurta naudoti su &#8222;Evolve&#8221; treniruokliais, \u0161i universali sija leid\u017eia vykdyti \u012fvairias funkcines, crossfit, grupines ar individualias treniruotes. D\u0117l modulin\u0117s konstrukcijos ir suderinamumo su priedais daugiafunkcin\u0117 sija &#8222;Evolve&#8221; suteikia lankstumo ir pagerina j\u016bs\u0173 treniruo\u010di\u0173 rutin\u0105. Kaina u\u017e vienet\u0105. Pagerinkite savo fizin\u0119 form\u0105 \u0161iandien!<\/p>\n","protected":false},"featured_media":5928,"template":"","meta":{"_acf_changed":false,"inline_featured_image":false},"product_cat":[117,119,143,215],"product_tag":[],"class_list":{"0":"post-8465","1":"product","2":"type-product","3":"status-publish","4":"has-post-thumbnail","6":"product_cat-pagrindinis-puslapis","7":"product_cat-kryzminis-ir-funkcinis","8":"product_cat-irangos-komponentai","9":"product_cat-pagrindines-dalys","11":"first","12":"instock","13":"shipping-taxable","14":"purchasable","15":"product-type-variable"},"acf":[],"_links":{"self":[{"href":"https:\/\/store.evolve-fitness.eu\/lt\/wp-json\/wp\/v2\/product\/8465","targetHints":{"allow":["GET"]}}],"collection":[{"href":"https:\/\/store.evolve-fitness.eu\/lt\/wp-json\/wp\/v2\/product"}],"about":[{"href":"https:\/\/store.evolve-fitness.eu\/lt\/wp-json\/wp\/v2\/types\/product"}],"wp:featuredmedia":[{"embeddable":true,"href":"https:\/\/store.evolve-fitness.eu\/lt\/wp-json\/wp\/v2\/media\/5928"}],"wp:attachment":[{"href":"https:\/\/store.evolve-fitness.eu\/lt\/wp-json\/wp\/v2\/media?parent=8465"}],"wp:term":[{"taxonomy":"product_cat","embeddable":true,"href":"https:\/\/store.evolve-fitness.eu\/lt\/wp-json\/wp\/v2\/product_cat?post=8465"},{"taxonomy":"product_tag","embeddable":true,"href":"https:\/\/store.evolve-fitness.eu\/lt\/wp-json\/wp\/v2\/product_tag?post=8465"}],"curies":[{"name":"wp","href":"https:\/\/api.w.org\/{rel}","templated":true}]}}