{"id":8454,"date":"2023-10-03T10:53:56","date_gmt":"2023-10-03T10:53:56","guid":{"rendered":"https:\/\/store.evolve-fitness.eu\/produktas\/evolve-trumpas-jungiamasis-remas-380-512-mm\/"},"modified":"2025-11-07T11:41:48","modified_gmt":"2025-11-07T11:41:48","slug":"evolve-trumpas-jungiamasis-remas-380-512-mm","status":"publish","type":"product","link":"https:\/\/store.evolve-fitness.eu\/lt\/produktas\/evolve-trumpas-jungiamasis-remas-380-512-mm\/","title":{"rendered":"&#8222;Evolve&#8221; trumpojo sujungimo r\u0117mas &#8211; 380 \/ 512 mm"},"content":{"rendered":"","protected":false},"excerpt":{"rendered":"<p>Padidinkite savo treniruo\u010di\u0173 universalum\u0105 naudodami &#8222;Evolve Short Connection Frame&#8221;, kur\u012f galima \u012fsigyti dviej\u0173 ilgi\u0173: 380 mm ir 512 mm. \u0160is r\u0117mas, skirtas naudoti su &#8222;Evolve&#8221; treniruokliais, pagerina funkcines, crossfit, grupines ar individualias treniruotes. Modulin\u0117 konstrukcija ir pried\u0173 suderinamumas suteikia lankstumo, kad gal\u0117tum\u0117te pritaikyti savo treniruoklio nustatymus. Kaina u\u017e vienet\u0105. Pagerinkite savo treniruotes su &#8222;Short Connection Frame&#8221; jau \u0161iandien!<\/p>\n","protected":false},"featured_media":5918,"template":"","meta":{"_acf_changed":false,"inline_featured_image":false},"product_cat":[117,119,143,215],"product_tag":[],"class_list":{"0":"post-8454","1":"product","2":"type-product","3":"status-publish","4":"has-post-thumbnail","6":"product_cat-pagrindinis-puslapis","7":"product_cat-kryzminis-ir-funkcinis","8":"product_cat-irangos-komponentai","9":"product_cat-pagrindines-dalys","11":"first","12":"instock","13":"shipping-taxable","14":"purchasable","15":"product-type-variable"},"acf":[],"_links":{"self":[{"href":"https:\/\/store.evolve-fitness.eu\/lt\/wp-json\/wp\/v2\/product\/8454","targetHints":{"allow":["GET"]}}],"collection":[{"href":"https:\/\/store.evolve-fitness.eu\/lt\/wp-json\/wp\/v2\/product"}],"about":[{"href":"https:\/\/store.evolve-fitness.eu\/lt\/wp-json\/wp\/v2\/types\/product"}],"wp:featuredmedia":[{"embeddable":true,"href":"https:\/\/store.evolve-fitness.eu\/lt\/wp-json\/wp\/v2\/media\/5918"}],"wp:attachment":[{"href":"https:\/\/store.evolve-fitness.eu\/lt\/wp-json\/wp\/v2\/media?parent=8454"}],"wp:term":[{"taxonomy":"product_cat","embeddable":true,"href":"https:\/\/store.evolve-fitness.eu\/lt\/wp-json\/wp\/v2\/product_cat?post=8454"},{"taxonomy":"product_tag","embeddable":true,"href":"https:\/\/store.evolve-fitness.eu\/lt\/wp-json\/wp\/v2\/product_tag?post=8454"}],"curies":[{"name":"wp","href":"https:\/\/api.w.org\/{rel}","templated":true}]}}