{"id":8439,"date":"2023-10-03T10:08:00","date_gmt":"2023-10-03T10:08:00","guid":{"rendered":"https:\/\/store.evolve-fitness.eu\/produktas\/evolve-trikampis-strypas-1100-1800-mm\/"},"modified":"2025-11-07T11:40:35","modified_gmt":"2025-11-07T11:40:35","slug":"evolve-trikampis-strypas-1100-1800-mm","status":"publish","type":"product","link":"https:\/\/store.evolve-fitness.eu\/lt\/produktas\/evolve-trikampis-strypas-1100-1800-mm\/","title":{"rendered":"&#8222;Evolve&#8221; trikampis strypas &#8211; 1100 \/ 1800 mm"},"content":{"rendered":"","protected":false},"excerpt":{"rendered":"<p>Atnaujinkite savo treniruo\u010di\u0173 rutin\u0105 naudodami &#8222;Evolve&#8221; trikamp\u012f stryp\u0105, kurio ilgis 1100 mm ir 1800 mm. \u0160is universalus strypas, sukurtas funkcin\u0117ms, crossfit, grupin\u0117ms ar individualioms treniruot\u0117ms kartu su &#8222;Evolve&#8221; treniruokliais, d\u0117l savo modulin\u0117s konstrukcijos ir pried\u0173 suderinamumo u\u017etikrina treniruo\u010di\u0173 lankstum\u0105. Kaina u\u017e vienet\u0105. Pagerinkite savo sveikatingumo kelion\u0119 dabar!<\/p>\n","protected":false},"featured_media":5924,"template":"","meta":{"_acf_changed":false,"inline_featured_image":false},"product_cat":[117,119,143,215],"product_tag":[],"class_list":{"0":"post-8439","1":"product","2":"type-product","3":"status-publish","4":"has-post-thumbnail","6":"product_cat-pagrindinis-puslapis","7":"product_cat-kryzminis-ir-funkcinis","8":"product_cat-irangos-komponentai","9":"product_cat-pagrindines-dalys","11":"first","12":"outofstock","13":"shipping-taxable","14":"purchasable","15":"product-type-variable"},"acf":[],"_links":{"self":[{"href":"https:\/\/store.evolve-fitness.eu\/lt\/wp-json\/wp\/v2\/product\/8439","targetHints":{"allow":["GET"]}}],"collection":[{"href":"https:\/\/store.evolve-fitness.eu\/lt\/wp-json\/wp\/v2\/product"}],"about":[{"href":"https:\/\/store.evolve-fitness.eu\/lt\/wp-json\/wp\/v2\/types\/product"}],"wp:featuredmedia":[{"embeddable":true,"href":"https:\/\/store.evolve-fitness.eu\/lt\/wp-json\/wp\/v2\/media\/5924"}],"wp:attachment":[{"href":"https:\/\/store.evolve-fitness.eu\/lt\/wp-json\/wp\/v2\/media?parent=8439"}],"wp:term":[{"taxonomy":"product_cat","embeddable":true,"href":"https:\/\/store.evolve-fitness.eu\/lt\/wp-json\/wp\/v2\/product_cat?post=8439"},{"taxonomy":"product_tag","embeddable":true,"href":"https:\/\/store.evolve-fitness.eu\/lt\/wp-json\/wp\/v2\/product_tag?post=8439"}],"curies":[{"name":"wp","href":"https:\/\/api.w.org\/{rel}","templated":true}]}}