{"id":8432,"date":"2023-10-03T11:25:56","date_gmt":"2023-10-03T11:25:56","guid":{"rendered":"https:\/\/store.evolve-fitness.eu\/produktas\/evolve-skraidantis-strypas-1100-1800-mm\/"},"modified":"2025-11-07T11:42:13","modified_gmt":"2025-11-07T11:42:13","slug":"evolve-skraidantis-strypas-1100-1800-mm","status":"publish","type":"product","link":"https:\/\/store.evolve-fitness.eu\/lt\/produktas\/evolve-skraidantis-strypas-1100-1800-mm\/","title":{"rendered":"&#8222;Evolve Flying Bar&#8221; 1100 \/ 1800 mm"},"content":{"rendered":"","protected":false},"excerpt":{"rendered":"<p>Pagerinkite savo treniruo\u010di\u0173 patirt\u012f naudodami &#8222;Evolve Flying Bar&#8221;, kur\u012f galima \u012fsigyti dviej\u0173 ilgi\u0173: 1100 mm ir 1800 mm. \u0160is universalus strypas, sukurtas &#8222;Evolve&#8221; treniruokliams papildyti, padeda atlikti funkcines, crossfit, grupines ar individualias treniruotes. Modulin\u0117 konstrukcija ir pried\u0173 suderinamumas suteikia lankstumo, kad gal\u0117tum\u0117te susikurti savo poreikius atitinkan\u010di\u0105 treniruoklio konfig\u016bracij\u0105. Kaina u\u017e vienet\u0105. Pakilkite \u012f naujas auk\u0161tumas savo fitneso kelion\u0117je su &#8222;Evolve Flying Bar&#8221; jau \u0161iandien!<\/p>\n","protected":false},"featured_media":5914,"template":"","meta":{"_acf_changed":false,"inline_featured_image":false},"product_cat":[117,119,143,215],"product_tag":[],"class_list":{"0":"post-8432","1":"product","2":"type-product","3":"status-publish","4":"has-post-thumbnail","6":"product_cat-pagrindinis-puslapis","7":"product_cat-kryzminis-ir-funkcinis","8":"product_cat-irangos-komponentai","9":"product_cat-pagrindines-dalys","11":"first","12":"instock","13":"shipping-taxable","14":"purchasable","15":"product-type-variable"},"acf":[],"_links":{"self":[{"href":"https:\/\/store.evolve-fitness.eu\/lt\/wp-json\/wp\/v2\/product\/8432","targetHints":{"allow":["GET"]}}],"collection":[{"href":"https:\/\/store.evolve-fitness.eu\/lt\/wp-json\/wp\/v2\/product"}],"about":[{"href":"https:\/\/store.evolve-fitness.eu\/lt\/wp-json\/wp\/v2\/types\/product"}],"wp:featuredmedia":[{"embeddable":true,"href":"https:\/\/store.evolve-fitness.eu\/lt\/wp-json\/wp\/v2\/media\/5914"}],"wp:attachment":[{"href":"https:\/\/store.evolve-fitness.eu\/lt\/wp-json\/wp\/v2\/media?parent=8432"}],"wp:term":[{"taxonomy":"product_cat","embeddable":true,"href":"https:\/\/store.evolve-fitness.eu\/lt\/wp-json\/wp\/v2\/product_cat?post=8432"},{"taxonomy":"product_tag","embeddable":true,"href":"https:\/\/store.evolve-fitness.eu\/lt\/wp-json\/wp\/v2\/product_tag?post=8432"}],"curies":[{"name":"wp","href":"https:\/\/api.w.org\/{rel}","templated":true}]}}