{"id":8402,"date":"2023-10-03T08:37:30","date_gmt":"2023-10-03T08:37:30","guid":{"rendered":"https:\/\/store.evolve-fitness.eu\/produktas\/evolve-dvigubas-bezdzioniu-baras-1100-mm-1800-mm\/"},"modified":"2026-02-20T12:01:47","modified_gmt":"2026-02-20T12:01:47","slug":"evolve-dvigubas-bezdzioniu-baras-1100-mm-1800-mm","status":"publish","type":"product","link":"https:\/\/store.evolve-fitness.eu\/lt\/produktas\/evolve-dvigubas-bezdzioniu-baras-1100-mm-1800-mm\/","title":{"rendered":"&#8222;Evolve&#8221; dvigubas be\u017ed\u017eioni\u0173 strypas &#8211; 1100 mm \/ 1800 mm"},"content":{"rendered":"","protected":false},"excerpt":{"rendered":"<p>Atnaujinkite treniruotes naudodami &#8222;Evolve&#8221; dvigub\u0105 1100 mm arba 1800 mm ilgio be\u017ed\u017eioni\u0173 stryp\u0105. \u0160ie strypai, skirti &#8222;Evolve&#8221; treniruokliams, pagerina j\u016bs\u0173 funkcines, crossfit, grupines ar individualias treniruotes. D\u0117l tvirto 32 mm skersmens ir suderinamumo su priedais &#8222;Evolve&#8221; dvigubas be\u017ed\u017eioni\u0173 strypas pagerina j\u016bs\u0173 treniruo\u010di\u0173 rutin\u0105. Kaina u\u017e vienet\u0105. Pagerinkite savo fitneso \u017eaidim\u0105 jau \u0161iandien.<\/p>\n","protected":false},"featured_media":5930,"template":"","meta":{"_acf_changed":false,"inline_featured_image":false},"product_cat":[117,119,143,215],"product_tag":[],"class_list":{"0":"post-8402","1":"product","2":"type-product","3":"status-publish","4":"has-post-thumbnail","6":"product_cat-pagrindinis-puslapis","7":"product_cat-kryzminis-ir-funkcinis","8":"product_cat-irangos-komponentai","9":"product_cat-pagrindines-dalys","11":"first","12":"instock","13":"shipping-taxable","14":"purchasable","15":"product-type-variable"},"acf":[],"_links":{"self":[{"href":"https:\/\/store.evolve-fitness.eu\/lt\/wp-json\/wp\/v2\/product\/8402","targetHints":{"allow":["GET"]}}],"collection":[{"href":"https:\/\/store.evolve-fitness.eu\/lt\/wp-json\/wp\/v2\/product"}],"about":[{"href":"https:\/\/store.evolve-fitness.eu\/lt\/wp-json\/wp\/v2\/types\/product"}],"wp:featuredmedia":[{"embeddable":true,"href":"https:\/\/store.evolve-fitness.eu\/lt\/wp-json\/wp\/v2\/media\/5930"}],"wp:attachment":[{"href":"https:\/\/store.evolve-fitness.eu\/lt\/wp-json\/wp\/v2\/media?parent=8402"}],"wp:term":[{"taxonomy":"product_cat","embeddable":true,"href":"https:\/\/store.evolve-fitness.eu\/lt\/wp-json\/wp\/v2\/product_cat?post=8402"},{"taxonomy":"product_tag","embeddable":true,"href":"https:\/\/store.evolve-fitness.eu\/lt\/wp-json\/wp\/v2\/product_tag?post=8402"}],"curies":[{"name":"wp","href":"https:\/\/api.w.org\/{rel}","templated":true}]}}