{"id":8397,"date":"2023-10-03T10:38:25","date_gmt":"2023-10-03T10:38:25","guid":{"rendered":"https:\/\/store.evolve-fitness.eu\/produktas\/evolve-tilto-konstrukcijos-sija-3000-mm\/"},"modified":"2023-10-03T10:38:25","modified_gmt":"2023-10-03T10:38:25","slug":"evolve-tilto-konstrukcijos-sija-3000-mm","status":"publish","type":"product","link":"https:\/\/store.evolve-fitness.eu\/lt\/produktas\/evolve-tilto-konstrukcijos-sija-3000-mm\/","title":{"rendered":"&#8222;Evolve&#8221; tilto konstrukcijos sija &#8211; 3000 mm"},"content":{"rendered":"","protected":false},"excerpt":{"rendered":"<p>Pagerinkite savo treniruo\u010di\u0173 galimybes naudodami 3000 mm ilgio ir 58 kg sverian\u010di\u0105 &#8222;Evolve Bridge Construction Beam&#8221; konstrukcin\u0119 sij\u0105. \u0160i sija, skirta naudoti su &#8222;Evolve&#8221; treniruokliais, pagerina j\u016bs\u0173 funkcines, crossfit, grupines ar individualias treniruotes. D\u0117l modulin\u0117s konstrukcijos ir suderinamumo su priedais j\u012f galima pritaikyti, kad optimizuotum\u0117te savo treniruo\u010di\u0173 rutin\u0105. Kaina u\u017e vienet\u0105. Su &#8222;Evolve Bridge Construction Beam&#8221; pakelkite savo fizin\u012f pasirengim\u0105 \u012f naujas auk\u0161tumas!<\/p>\n","protected":false},"featured_media":5920,"template":"","meta":{"_acf_changed":false,"inline_featured_image":false},"product_cat":[117,119,143,215],"product_tag":[],"class_list":{"0":"post-8397","1":"product","2":"type-product","3":"status-publish","4":"has-post-thumbnail","6":"product_cat-pagrindinis-puslapis","7":"product_cat-kryzminis-ir-funkcinis","8":"product_cat-irangos-komponentai","9":"product_cat-pagrindines-dalys","11":"first","12":"instock","13":"shipping-taxable","14":"purchasable","15":"product-type-simple"},"acf":[],"_links":{"self":[{"href":"https:\/\/store.evolve-fitness.eu\/lt\/wp-json\/wp\/v2\/product\/8397","targetHints":{"allow":["GET"]}}],"collection":[{"href":"https:\/\/store.evolve-fitness.eu\/lt\/wp-json\/wp\/v2\/product"}],"about":[{"href":"https:\/\/store.evolve-fitness.eu\/lt\/wp-json\/wp\/v2\/types\/product"}],"wp:featuredmedia":[{"embeddable":true,"href":"https:\/\/store.evolve-fitness.eu\/lt\/wp-json\/wp\/v2\/media\/5920"}],"wp:attachment":[{"href":"https:\/\/store.evolve-fitness.eu\/lt\/wp-json\/wp\/v2\/media?parent=8397"}],"wp:term":[{"taxonomy":"product_cat","embeddable":true,"href":"https:\/\/store.evolve-fitness.eu\/lt\/wp-json\/wp\/v2\/product_cat?post=8397"},{"taxonomy":"product_tag","embeddable":true,"href":"https:\/\/store.evolve-fitness.eu\/lt\/wp-json\/wp\/v2\/product_tag?post=8397"}],"curies":[{"name":"wp","href":"https:\/\/api.w.org\/{rel}","templated":true}]}}