{"id":8355,"date":"2023-10-03T11:17:17","date_gmt":"2023-10-03T11:17:17","guid":{"rendered":"https:\/\/store.evolve-fitness.eu\/produktas\/evolve-veida-montuojanti-istraukiamoji-juosta-1200-mm\/"},"modified":"2023-10-03T11:17:17","modified_gmt":"2023-10-03T11:17:17","slug":"evolve-veida-montuojanti-istraukiamoji-juosta-1200-mm","status":"publish","type":"product","link":"https:\/\/store.evolve-fitness.eu\/lt\/produktas\/evolve-veida-montuojanti-istraukiamoji-juosta-1200-mm\/","title":{"rendered":"&#8222;Evolve&#8221; veid\u0105 montuojanti i\u0161traukiamoji juosta 1200 mm"},"content":{"rendered":"","protected":false},"excerpt":{"rendered":"<p>Pagerinkite savo treniruo\u010di\u0173 rutin\u0105 naudodami &#8222;Evolve&#8221; 1200 mm ilgio ant veido tvirtinam\u0105 tempimo bar\u0105. \u0160is pritraukimo baras, skirtas naudoti su &#8222;Evolve&#8221; treniruokliais, pagerina funkcines, crossfit, grupines ar individualias treniruotes. Modulin\u0117 konstrukcija ir suderinamumas su priedais suteikia galimyb\u0119 lanks\u010diai pritaikyti treniruokl\u012f. Kaina u\u017e vienet\u0105. Pagerinkite savo fitneso \u017eaidim\u0105 naudodami &#8222;Evolve Face Mount Pull Up Bar&#8221; jau \u0161iandien!<\/p>\n","protected":false},"featured_media":5916,"template":"","meta":{"_acf_changed":false,"inline_featured_image":false},"product_cat":[117,119,143,215],"product_tag":[],"class_list":{"0":"post-8355","1":"product","2":"type-product","3":"status-publish","4":"has-post-thumbnail","6":"product_cat-pagrindinis-puslapis","7":"product_cat-kryzminis-ir-funkcinis","8":"product_cat-irangos-komponentai","9":"product_cat-pagrindines-dalys","11":"first","12":"instock","13":"shipping-taxable","14":"purchasable","15":"product-type-simple"},"acf":[],"_links":{"self":[{"href":"https:\/\/store.evolve-fitness.eu\/lt\/wp-json\/wp\/v2\/product\/8355","targetHints":{"allow":["GET"]}}],"collection":[{"href":"https:\/\/store.evolve-fitness.eu\/lt\/wp-json\/wp\/v2\/product"}],"about":[{"href":"https:\/\/store.evolve-fitness.eu\/lt\/wp-json\/wp\/v2\/types\/product"}],"wp:featuredmedia":[{"embeddable":true,"href":"https:\/\/store.evolve-fitness.eu\/lt\/wp-json\/wp\/v2\/media\/5916"}],"wp:attachment":[{"href":"https:\/\/store.evolve-fitness.eu\/lt\/wp-json\/wp\/v2\/media?parent=8355"}],"wp:term":[{"taxonomy":"product_cat","embeddable":true,"href":"https:\/\/store.evolve-fitness.eu\/lt\/wp-json\/wp\/v2\/product_cat?post=8355"},{"taxonomy":"product_tag","embeddable":true,"href":"https:\/\/store.evolve-fitness.eu\/lt\/wp-json\/wp\/v2\/product_tag?post=8355"}],"curies":[{"name":"wp","href":"https:\/\/api.w.org\/{rel}","templated":true}]}}