{"id":8351,"date":"2023-10-03T10:00:51","date_gmt":"2023-10-03T10:00:51","guid":{"rendered":"https:\/\/store.evolve-fitness.eu\/produktas\/evolve-nuolydzio-kritimo-sija-1100-1800-mm\/"},"modified":"2025-11-07T11:40:00","modified_gmt":"2025-11-07T11:40:00","slug":"evolve-nuolydzio-kritimo-sija-1100-1800-mm","status":"publish","type":"product","link":"https:\/\/store.evolve-fitness.eu\/lt\/produktas\/evolve-nuolydzio-kritimo-sija-1100-1800-mm\/","title":{"rendered":"&#8222;Evolve&#8221; polinkio \/ nuolyd\u017eio sija &#8211; 1100 \/ 1800 mm"},"content":{"rendered":"","protected":false},"excerpt":{"rendered":"<p>Pagerinkite savo treniruotes naudodami 1100 mm arba 1800 mm ilgio &#8222;Evolve Incline\/Decline Beam&#8221; sij\u0105. Sukurta funkcin\u0117ms, crossfit, grupin\u0117ms ar individualioms treniruot\u0117ms kartu su &#8222;Evolve&#8221; treniruokliais, \u0161ios sijos modulin\u0117 konstrukcija ir pried\u0173 suderinamumas suteikia universalumo j\u016bs\u0173 fitneso poreikiams. Kaina u\u017e vienet\u0105. Pagerinkite savo sveikatingumo rutin\u0105 jau \u0161iandien!<\/p>\n","protected":false},"featured_media":5926,"template":"","meta":{"_acf_changed":false,"inline_featured_image":false},"product_cat":[117,119,143,215],"product_tag":[],"class_list":{"0":"post-8351","1":"product","2":"type-product","3":"status-publish","4":"has-post-thumbnail","6":"product_cat-pagrindinis-puslapis","7":"product_cat-kryzminis-ir-funkcinis","8":"product_cat-irangos-komponentai","9":"product_cat-pagrindines-dalys","11":"first","12":"instock","13":"shipping-taxable","14":"purchasable","15":"product-type-variable"},"acf":[],"_links":{"self":[{"href":"https:\/\/store.evolve-fitness.eu\/lt\/wp-json\/wp\/v2\/product\/8351","targetHints":{"allow":["GET"]}}],"collection":[{"href":"https:\/\/store.evolve-fitness.eu\/lt\/wp-json\/wp\/v2\/product"}],"about":[{"href":"https:\/\/store.evolve-fitness.eu\/lt\/wp-json\/wp\/v2\/types\/product"}],"wp:featuredmedia":[{"embeddable":true,"href":"https:\/\/store.evolve-fitness.eu\/lt\/wp-json\/wp\/v2\/media\/5926"}],"wp:attachment":[{"href":"https:\/\/store.evolve-fitness.eu\/lt\/wp-json\/wp\/v2\/media?parent=8351"}],"wp:term":[{"taxonomy":"product_cat","embeddable":true,"href":"https:\/\/store.evolve-fitness.eu\/lt\/wp-json\/wp\/v2\/product_cat?post=8351"},{"taxonomy":"product_tag","embeddable":true,"href":"https:\/\/store.evolve-fitness.eu\/lt\/wp-json\/wp\/v2\/product_tag?post=8351"}],"curies":[{"name":"wp","href":"https:\/\/api.w.org\/{rel}","templated":true}]}}