{"id":8335,"date":"2023-10-03T10:27:52","date_gmt":"2023-10-03T10:27:52","guid":{"rendered":"https:\/\/store.evolve-fitness.eu\/produktas\/evolve-skersinis-1100-1800-mm\/"},"modified":"2026-03-24T11:59:16","modified_gmt":"2026-03-24T11:59:16","slug":"evolve-skersinis-1100-1800-mm","status":"publish","type":"product","link":"https:\/\/store.evolve-fitness.eu\/lt\/produktas\/evolve-skersinis-1100-1800-mm\/","title":{"rendered":"&#8222;Evolve&#8221; skersinis &#8211; 1100 \/ 1800 mm"},"content":{"rendered":"","protected":false},"excerpt":{"rendered":"<p>Padidinkite treniruo\u010di\u0173 universalum\u0105 naudodami &#8222;Evolve&#8221; skersin\u012f, kur\u012f galima \u012fsigyti 1100 mm ir 1800 mm ilgio. \u0160is strypas, sukurtas &#8222;Evolve&#8221; treniruokliams papildyti, leid\u017eia atlikti \u012fvairias funkcines, crossfit, grupines ar individualias treniruotes. D\u0117l modulin\u0117s konstrukcijos ir pried\u0173 suderinamumo &#8222;Evolve Cross Bar&#8221; suteikia lankstumo, kad gal\u0117tum\u0117te optimizuoti savo treniruo\u010di\u0173 rutin\u0105. Kaina u\u017e vienet\u0105. Pagerinkite savo fitneso \u017eaidim\u0105 jau \u0161iandien!<\/p>\n","protected":false},"featured_media":149247,"template":"","meta":{"_acf_changed":false,"inline_featured_image":false},"product_cat":[117,119,143,215],"product_tag":[],"class_list":{"0":"post-8335","1":"product","2":"type-product","3":"status-publish","4":"has-post-thumbnail","6":"product_cat-pagrindinis-puslapis","7":"product_cat-kryzminis-ir-funkcinis","8":"product_cat-irangos-komponentai","9":"product_cat-pagrindines-dalys","11":"first","12":"instock","13":"shipping-taxable","14":"product-type-simple"},"acf":[],"_links":{"self":[{"href":"https:\/\/store.evolve-fitness.eu\/lt\/wp-json\/wp\/v2\/product\/8335","targetHints":{"allow":["GET"]}}],"collection":[{"href":"https:\/\/store.evolve-fitness.eu\/lt\/wp-json\/wp\/v2\/product"}],"about":[{"href":"https:\/\/store.evolve-fitness.eu\/lt\/wp-json\/wp\/v2\/types\/product"}],"wp:featuredmedia":[{"embeddable":true,"href":"https:\/\/store.evolve-fitness.eu\/lt\/wp-json\/wp\/v2\/media\/149247"}],"wp:attachment":[{"href":"https:\/\/store.evolve-fitness.eu\/lt\/wp-json\/wp\/v2\/media?parent=8335"}],"wp:term":[{"taxonomy":"product_cat","embeddable":true,"href":"https:\/\/store.evolve-fitness.eu\/lt\/wp-json\/wp\/v2\/product_cat?post=8335"},{"taxonomy":"product_tag","embeddable":true,"href":"https:\/\/store.evolve-fitness.eu\/lt\/wp-json\/wp\/v2\/product_tag?post=8335"}],"curies":[{"name":"wp","href":"https:\/\/api.w.org\/{rel}","templated":true}]}}