{"id":8329,"date":"2023-10-03T07:42:47","date_gmt":"2023-10-03T07:42:47","guid":{"rendered":"https:\/\/store.evolve-fitness.eu\/produktas\/evolve-viengubas-bezdzioniu-baras-1100-mm-1800-mm\/"},"modified":"2026-03-12T12:00:57","modified_gmt":"2026-03-12T12:00:57","slug":"evolve-viengubas-bezdzioniu-baras-1100-mm-1800-mm","status":"publish","type":"product","link":"https:\/\/store.evolve-fitness.eu\/lt\/produktas\/evolve-viengubas-bezdzioniu-baras-1100-mm-1800-mm\/","title":{"rendered":"&#8222;Evolve&#8221; viengubas be\u017ed\u017eioni\u0173 strypas &#8211; 1100 mm \/ 1800 mm"},"content":{"rendered":"","protected":false},"excerpt":{"rendered":"<p>Pagerinkite savo treniruotes su &#8222;Evolve&#8221; vienguba be\u017ed\u017eioni\u0173 juosta, kuri\u0105 galima \u012fsigyti dviej\u0173 ilgi\u0173: 1100 mm ir 1800 mm. \u0160ie universal\u016bs strypai skirti funkcin\u0117ms, crossfit, grupin\u0117ms ar individualioms treniruot\u0117ms tobulinti. Tvirtas 32 mm skersmens ir su \u012fvairiais priedais suderinamas &#8222;Evolve Single Monkey Bar&#8221; yra pritaikytas ir patogus, kad j\u016bs\u0173 fizinis pasirengimas pakilt\u0173 \u012f kit\u0105 lyg\u012f. Kaina u\u017e vienet\u0105.<\/p>\n","protected":false},"featured_media":5932,"template":"","meta":{"_acf_changed":false,"inline_featured_image":false},"product_cat":[117,119,143,215],"product_tag":[],"class_list":{"0":"post-8329","1":"product","2":"type-product","3":"status-publish","4":"has-post-thumbnail","6":"product_cat-pagrindinis-puslapis","7":"product_cat-kryzminis-ir-funkcinis","8":"product_cat-irangos-komponentai","9":"product_cat-pagrindines-dalys","11":"first","12":"instock","13":"shipping-taxable","14":"purchasable","15":"product-type-variable"},"acf":[],"_links":{"self":[{"href":"https:\/\/store.evolve-fitness.eu\/lt\/wp-json\/wp\/v2\/product\/8329","targetHints":{"allow":["GET"]}}],"collection":[{"href":"https:\/\/store.evolve-fitness.eu\/lt\/wp-json\/wp\/v2\/product"}],"about":[{"href":"https:\/\/store.evolve-fitness.eu\/lt\/wp-json\/wp\/v2\/types\/product"}],"wp:featuredmedia":[{"embeddable":true,"href":"https:\/\/store.evolve-fitness.eu\/lt\/wp-json\/wp\/v2\/media\/5932"}],"wp:attachment":[{"href":"https:\/\/store.evolve-fitness.eu\/lt\/wp-json\/wp\/v2\/media?parent=8329"}],"wp:term":[{"taxonomy":"product_cat","embeddable":true,"href":"https:\/\/store.evolve-fitness.eu\/lt\/wp-json\/wp\/v2\/product_cat?post=8329"},{"taxonomy":"product_tag","embeddable":true,"href":"https:\/\/store.evolve-fitness.eu\/lt\/wp-json\/wp\/v2\/product_tag?post=8329"}],"curies":[{"name":"wp","href":"https:\/\/api.w.org\/{rel}","templated":true}]}}