{"id":8327,"date":"2023-09-29T11:14:03","date_gmt":"2023-09-29T11:14:03","guid":{"rendered":"https:\/\/store.evolve-fitness.eu\/produktas\/evolve-puse-lentynos\/"},"modified":"2024-09-25T12:25:41","modified_gmt":"2024-09-25T12:25:41","slug":"evolve-puse-lentynos","status":"publish","type":"product","link":"https:\/\/store.evolve-fitness.eu\/lt\/produktas\/evolve-puse-lentynos\/","title":{"rendered":"&#8222;Evolve HR-208&#8221; pusiau stovas"},"content":{"rendered":"\n<section class=\"wp-block-group alignfull black-content has-white-color has-darkgray-background-color has-text-color has-background is-layout-constrained wp-block-group-is-layout-constrained\" style=\"padding-top:var(--wp--preset--spacing--section-bottom);padding-bottom:var(--wp--preset--spacing--section-bottom)\">\n<div class=\"wp-block-columns alignwide mobile-reverse is-layout-flex wp-container-core-columns-is-layout-ca64bf2d wp-block-columns-is-layout-flex\" style=\"margin-bottom:var(--wp--preset--spacing--side-padding)\">\n<div class=\"wp-block-column is-vertically-aligned-center is-layout-flow wp-block-column-is-layout-flow\">\n<h3 class=\"wp-block-heading\" style=\"margin-bottom:var(--wp--preset--spacing--h-3-bottom)\"><strong><strong><strong><strong><strong><strong><strong>tvirta ir universali konstrukcija<\/strong><\/strong><\/strong><\/strong><\/strong><\/strong><\/strong><\/h3>\n\n\n\n<p>&#8222;Evolve HR-208 Half Rack&#8221; yra tvirta ir universali j\u0117gos treniruokli\u0173 \u012franga, idealiai tinkanti komercin\u0117ms sporto sal\u0117ms. D\u0117l \u0161i\u0173 savybi\u0173 jis yra puikus pasirinkimas \u012fvairiems j\u0117gos pratimams atlikti, nes padeda atlikti \u012fvairias treniruotes ir kartu u\u017etikrina ilgalaik\u012f patikimum\u0105. &#8222;Evolve HR-208 Half Rack&#8221; yra skirtas \u012fvairiems j\u0117gos treniruo\u010di\u0173 pratimams atlikti. Reguliuojamos funkcijos, \u012fskaitant J formos kablius ir apsauginius strypus, suteikia universalumo atliekant tokius pratimus, kaip prit\u016bpimai, atsispaudimai ant suoliuko ir \u012ft\u016bpstai. \u0160iame stela\u017ee taip pat yra daugiapriekab\u0117 prisitraukimo juosta, tod\u0117l pager\u0117ja vir\u0161utin\u0117s k\u016bno dalies treniruo\u010di\u0173 galimyb\u0117s.<\/p>\n<\/div>\n\n\n\n<div class=\"wp-block-column is-vertically-aligned-center is-layout-flow wp-block-column-is-layout-flow\">\n<figure class=\"wp-block-video\"><video autoplay=\"\" controls=\"\" loop=\"\" muted=\"\" src=\"https:\/\/evolve-fitness.eu\/wp-content\/uploads\/2023\/12\/3.mp4\"><\/video><\/figure>\n<\/div>\n<\/div>\n\n\n\n<div class=\"wp-block-columns alignwide mobile-reverse is-layout-flex wp-container-core-columns-is-layout-ca64bf2d wp-block-columns-is-layout-flex\" style=\"margin-bottom:var(--wp--preset--spacing--side-padding)\">\n<div class=\"wp-block-column is-vertically-aligned-center is-layout-flow wp-block-column-is-layout-flow\">\n<figure class=\"wp-block-video\"><video autoplay=\"\" controls=\"\" loop=\"\" muted=\"\" src=\"https:\/\/evolve-fitness.eu\/wp-content\/uploads\/2024\/02\/ER-PR-HR-208-3D.mp4\"><\/video><\/figure>\n<\/div>\n\n\n\n<div class=\"wp-block-column is-vertically-aligned-center is-layout-flow wp-block-column-is-layout-flow\">\n<h3 class=\"wp-block-heading\" style=\"margin-bottom:var(--wp--preset--spacing--h-3-bottom)\"><strong><strong><strong><strong><strong><strong><strong>&#8222;Evolve HR-208 Half Rack&#8221; 3D surinkimo vaizdo \u012fra\u0161as<\/strong><\/strong><\/strong><\/strong><\/strong><\/strong><\/strong><\/h3>\n\n\n\n<p>\u0160iame 3D surinkimo vaizdo \u012fra\u0161e si\u016blome unikali\u0105 galimyb\u0119 i\u0161 tikr\u0173j\u0173 suprasti ir \u012fsivaizduoti, kaip &#8222;Evolve HR-208 Half Rack&#8221; komplektuojamas i\u0161 atskir\u0173 komponent\u0173 iki galutin\u0117s tvirtos formos. M\u016bs\u0173 pa\u017eangi 3D atvaizdavimo technologija suteiks jums neprilygstam\u0105 perspektyv\u0105, tod\u0117l gal\u0117site tiksliai matyti, kaip kiekviena dalis yra tarpusavyje susijusi ir prisideda prie bendros strukt\u016bros. Montuodami matysite, kaip j\u016bs\u0173 pus\u0117 stela\u017eo transformuojasi tiesiai prie\u0161 j\u016bs\u0173 akis, o vaizdo \u012fra\u0161o pabaigoje i\u0161samiai suprasite galutin\u0119 jo i\u0161vaizd\u0105, kad jis skland\u017eiai \u012fsiliet\u0173 \u012f j\u016bs\u0173 treniruokli\u0173 sal\u0119 ir kartu u\u017etikrint\u0173 auk\u0161\u010diausio lygio na\u0161um\u0105.<\/p>\n<\/div>\n<\/div>\n\n\n\n<div class=\"wp-block-columns alignwide is-layout-flex wp-container-core-columns-is-layout-c45ee707 wp-block-columns-is-layout-flex\" style=\"margin-bottom:var(--wp--preset--spacing--side-padding);padding-top:var(--wp--preset--spacing--side-padding)\">\n<div class=\"wp-block-column is-vertically-aligned-center is-layout-constrained wp-block-column-is-layout-constrained\">\n<h3 class=\"wp-block-heading\" style=\"margin-bottom:var(--wp--preset--spacing--h-3-bottom)\"><strong><strong><strong><strong><strong><strong><strong><strong>COMPACT <\/strong><\/strong><\/strong><\/strong><\/strong><\/strong><\/strong><\/strong>IR stabilus dizainas<\/h3>\n\n\n\n<p>Jis turi tvirt\u0105 3 mm storio milteliniu b\u016bdu dengt\u0105 r\u0117m\u0105, galint\u012f i\u0161laikyti iki 1000 kg svor\u012f, tod\u0117l yra patvarus ir saugus. D\u0117l kompakti\u0161kos konstrukcijos jis tinka naudoti ma\u017eesn\u0117se patalpose, ta\u010diau kartu yra pakankamai tvirtas, kad b\u016bt\u0173 galima kelti sunkius krovinius. Stovo konstrukcija yra optimizuota stabilumui u\u017etikrinti, tod\u0117l jis i\u0161lieka saugus intensyvi\u0173 treniruo\u010di\u0173 metu. D\u0117l to jis yra saugus ir patikimas pasirinkimas tiek pradedantiesiems, tiek patyrusiems sunkum\u0173 kilnotojams, o tai padeda sukurti veiksming\u0105 ir efektyvi\u0105 treniruo\u010di\u0173 aplink\u0105. Integruota svori\u0173 laikymo sistema padeda palaikyti tvark\u0105 ir saugum\u0105 treniruo\u010di\u0173 zonoje.<\/p>\n<\/div>\n\n\n\n<div class=\"wp-block-column is-vertically-aligned-center is-layout-flow wp-block-column-is-layout-flow\">\n<figure class=\"wp-block-image size-large\"><img decoding=\"async\" src=\"https:\/\/evolve-fitness.eu\/wp-content\/uploads\/2023\/11\/A7_06155-683x1024.jpg\" alt=\"\" class=\"wp-image-8010\"\/><\/figure>\n<\/div>\n<\/div>\n\n\n\n<div class=\"wp-block-columns alignwide is-layout-flex wp-container-core-columns-is-layout-c45ee707 wp-block-columns-is-layout-flex\" style=\"margin-bottom:var(--wp--preset--spacing--side-padding);padding-top:var(--wp--preset--spacing--side-padding)\">\n<div class=\"wp-block-column is-vertically-aligned-center is-layout-flow wp-block-column-is-layout-flow\">\n<figure class=\"wp-block-video\"><video height=\"1080\" style=\"aspect-ratio: 1920 \/ 1080;\" width=\"1920\" autoplay=\"\" controls=\"\" loop=\"\" muted=\"\" src=\"https:\/\/evolve-fitness.eu\/wp-content\/uploads\/2023\/12\/2-6.mp4\"><\/video><\/figure>\n<\/div>\n\n\n\n<div class=\"wp-block-column is-vertically-aligned-center is-layout-constrained wp-block-column-is-layout-constrained\">\n<h3 class=\"wp-block-heading\" style=\"margin-bottom:var(--wp--preset--spacing--h-3-bottom)\"><strong><strong><strong><strong><strong><strong><strong>tikslumas ir funkcionalumas<\/strong><\/strong><\/strong><\/strong><\/strong><\/strong><\/strong><\/h3>\n\n\n\n<p>Tiksliai lazeriu i\u0161pjautos skyl\u0117s ir numeriai ant &#8222;Evolve HR-208 Half Rack&#8221; padidina jo funkcionalum\u0105 ir patogum\u0105 naudoti. \u0160ios funkcijos leid\u017eia greitai ir tiksliai sureguliuoti J-kablius ir apsauginius strypus, taip u\u017etikrinant veiksming\u0105 \u012fvairi\u0173 pratim\u0173 atlikim\u0105. Ai\u0161kiai pa\u017eym\u0117ti numeriai taip pat padeda u\u017etikrinti simetri\u0161k\u0105 \u0161tangos i\u0161d\u0117stym\u0105, kuris yra labai svarbus subalansuotai treniruotei ir traum\u0173 prevencijai.<\/p>\n<\/div>\n<\/div>\n<\/section>\n","protected":false},"excerpt":{"rendered":"<p>Pakelkite savo j\u0117gos treniruotes \u012f naujas auk\u0161tumas su &#8222;Evolve Half Rack&#8221;, skirtu komerciniam naudojimui. \u0160is tvirtas stela\u017eas turi 3 mm storio milteliniu b\u016bdu dengt\u0105 r\u0117m\u0105, u\u017etikrinant\u012f ilgaam\u017ei\u0161kum\u0105 ir did\u017eiausi\u0105 iki 1000 kg apkrov\u0105. Lazeriu i\u0161pjautos skyl\u0117s ir numeriai bei robotu suvirintos si\u016bl\u0117s u\u017etikrina tikslum\u0105 ir ilgaam\u017ei\u0161kum\u0105. Pakuot\u0119 sudaro a\u0161tuoni svori\u0173 laikikliai, prit\u016bpim\u0173 apsauginiai strypai, horizontalus \u0161tangos laikiklis, vertikalus \u0161tangos laikiklis ir skersinis. Atkreipkite d\u0117mes\u012f, kad rodoma \u0161tanga \u012f pakuot\u0119 ne\u012ftraukta. Patirkite intensyvias j\u0117gos treniruotes su &#8222;Evolve Half Rack&#8221;, kuriame d\u0117mesys skiriamas ne tik efektyvumui, bet ir ilgalaikiam patikimumui.<\/p>\n","protected":false},"featured_media":97232,"template":"","meta":{"_acf_changed":false,"inline_featured_image":false},"product_cat":[117,119,213],"product_tag":[],"class_list":{"0":"post-8327","1":"product","2":"type-product","3":"status-publish","4":"has-post-thumbnail","6":"product_cat-pagrindinis-puslapis","7":"product_cat-kryzminis-ir-funkcinis","8":"product_cat-jegos-narvai","10":"first","11":"instock","12":"shipping-taxable","13":"purchasable","14":"product-type-simple"},"acf":[],"_links":{"self":[{"href":"https:\/\/store.evolve-fitness.eu\/lt\/wp-json\/wp\/v2\/product\/8327","targetHints":{"allow":["GET"]}}],"collection":[{"href":"https:\/\/store.evolve-fitness.eu\/lt\/wp-json\/wp\/v2\/product"}],"about":[{"href":"https:\/\/store.evolve-fitness.eu\/lt\/wp-json\/wp\/v2\/types\/product"}],"wp:featuredmedia":[{"embeddable":true,"href":"https:\/\/store.evolve-fitness.eu\/lt\/wp-json\/wp\/v2\/media\/97232"}],"wp:attachment":[{"href":"https:\/\/store.evolve-fitness.eu\/lt\/wp-json\/wp\/v2\/media?parent=8327"}],"wp:term":[{"taxonomy":"product_cat","embeddable":true,"href":"https:\/\/store.evolve-fitness.eu\/lt\/wp-json\/wp\/v2\/product_cat?post=8327"},{"taxonomy":"product_tag","embeddable":true,"href":"https:\/\/store.evolve-fitness.eu\/lt\/wp-json\/wp\/v2\/product_tag?post=8327"}],"curies":[{"name":"wp","href":"https:\/\/api.w.org\/{rel}","templated":true}]}}