{"id":8324,"date":"2023-09-25T12:15:34","date_gmt":"2023-09-25T12:15:34","guid":{"rendered":"https:\/\/store.evolve-fitness.eu\/produktas\/evolve-urethane-body-pump-rinkinys-195-kg\/"},"modified":"2026-04-02T12:00:22","modified_gmt":"2026-04-02T12:00:22","slug":"evolve-urethane-body-pump-rinkinys-195-kg","status":"publish","type":"product","link":"https:\/\/store.evolve-fitness.eu\/lt\/produktas\/evolve-urethane-body-pump-rinkinys-195-kg\/","title":{"rendered":"&#8222;Evolve Urethane Body Pump&#8221; rinkinys &#8211; 19,5 kg"},"content":{"rendered":"\n<p> <mark style=\"background-color:rgba(0, 0, 0, 0);color:#ffffff\" class=\"has-inline-color\">ASD<\/mark><\/p>\n\n<section class=\"wp-block-group alignfull black-content has-white-color has-darkgray-background-color has-text-color has-background is-layout-constrained wp-block-group-is-layout-constrained\" style=\"padding-top:var(--wp--preset--spacing--section-bottom);padding-bottom:var(--wp--preset--spacing--section-bottom)\">\n<section class=\"wp-block-group alignfull black-content has-white-color has-darkgray-background-color has-text-color has-background is-layout-constrained wp-block-group-is-layout-constrained\" style=\"padding-top:var(--wp--preset--spacing--section-bottom);padding-bottom:var(--wp--preset--spacing--section-bottom)\">\n<div class=\"wp-block-columns alignwide mobile-reverse is-layout-flex wp-container-core-columns-is-layout-ca64bf2d wp-block-columns-is-layout-flex\" style=\"margin-bottom:var(--wp--preset--spacing--side-padding)\">\n<div class=\"wp-block-column is-vertically-aligned-center is-layout-flow wp-block-column-is-layout-flow\">\n<h3 class=\"wp-block-heading\" style=\"margin-bottom:var(--wp--preset--spacing--h-3-bottom)\"><strong>Neprilygstamas patvarumas ir na\u0161umas<\/strong><\/h3>\n\n\n\n<p><em><strong>Auk\u0161\u010diausios kokyb\u0117s dizainas veiksmingoms treniruot\u0117ms<\/strong><\/em><\/p>\n\n\n\n<p style=\"margin-bottom:var(--wp--preset--spacing--tb-section-padding)\">Atraskite ilgaam\u017ei\u0161kumo vir\u0161\u016bn\u0119 su &#8222;Evolve Urethane Body Pump Set&#8221; &#8211; 19,5 kg. \u0160is rinkinys pagamintas i\u0161 auk\u0161\u010diausios kokyb\u0117s uretano med\u017eiagos, tod\u0117l yra ilgaam\u017eis ir puikiai tinka tiek komercin\u0117ms treniruokli\u0173 sal\u0117ms, tiek treniruot\u0117ms namuose. Tvirta konstrukcija u\u017etikrina atsparum\u0105 \u012fbr\u0117\u017eimams, \u012fskilimams ar lupimuisi, tod\u0117l ilgus metus i\u0161laiko nepriekai\u0161ting\u0105 i\u0161vaizd\u0105 ir nereikia jos da\u017enai keisti.<\/p>\n\n\n\n<h3 class=\"wp-block-heading\" style=\"margin-bottom:var(--wp--preset--spacing--h-3-bottom)\">Tiksliai pagaminti uretano svarmenys<\/h3>\n\n\n\n<p><strong><em>Nuoseklus efektyvi\u0173 treniruo\u010di\u0173 na\u0161umas<\/em><\/strong><\/p>\n\n\n\n<p>Patirkite skland\u0173 plok\u0161teli\u0173 pakrovim\u0105 ir i\u0161krovim\u0105 su &#8222;Evolve Urethane Body Pump Set&#8221; suapvalintais \u012fvori\u0173 antgaliais. Kiekvienas uretano svarmuo, \u012fskaitant 2 x 1,25 kg, 2 x 2,5 kg ir 2 x 5 kg, yra pagamintas tiksliai pagal specifikacijas, tod\u0117l u\u017etikrina vienod\u0105 svor\u012f ir poj\u016bt\u012f, reikaling\u0105 tikslioms treniruot\u0117ms.<\/p>\n<\/div>\n\n\n\n<div class=\"wp-block-column is-vertically-aligned-center is-layout-flow wp-block-column-is-layout-flow\">\n<figure class=\"wp-block-video\"><video autoplay=\"\" controls=\"\" loop=\"\" muted=\"\" src=\"https:\/\/evolve-fitness.eu\/wp-content\/uploads\/2023\/12\/1.mp4\"><\/video><\/figure>\n<\/div>\n<\/div>\n\n\n\n<div class=\"wp-block-columns alignwide is-layout-flex wp-container-core-columns-is-layout-c45ee707 wp-block-columns-is-layout-flex\" style=\"margin-bottom:var(--wp--preset--spacing--side-padding);padding-top:var(--wp--preset--spacing--side-padding)\">\n<div class=\"wp-block-column is-vertically-aligned-center is-layout-flow wp-block-column-is-layout-flow\">\n<figure class=\"wp-block-image size-full is-resized is-style-rounded\"><img decoding=\"async\" src=\"https:\/\/evolve-fitness.eu\/wp-content\/uploads\/2023\/08\/TPU-urethane-weight-plates-6.jpg\" alt=\"\" class=\"wp-image-838\" style=\"object-fit:cover;width:680px;height:600px\"\/><\/figure>\n<\/div>\n\n\n\n<div class=\"wp-block-column is-vertically-aligned-center is-layout-flow wp-block-column-is-layout-flow\">\n<h3 class=\"wp-block-heading\" style=\"margin-bottom:var(--wp--preset--spacing--h-3-bottom)\">Pritaikymas ir stilius<\/h3>\n\n\n\n<p><strong><em><strong><em><strong><em>Pagerinkite savo sporto sal\u0117s prek\u0117s \u017eenkl\u0105 naudodami &#8222;Body Pump&#8221; rinkin\u012f<\/em><\/strong><\/em><\/strong><\/em><\/strong><\/p>\n\n\n\n<p style=\"margin-bottom:var(--wp--preset--spacing--tb-section-padding)\">Si\u016blomos pritaikymo galimyb\u0117s, tod\u0117l galite prid\u0117ti savo logotip\u0105 ir pasirinkti pasirinktines spalvas, kad sukurtum\u0117te unikali\u0105 treniruo\u010di\u0173 patirt\u012f, i\u0161skirian\u010di\u0105 j\u016bs\u0173 sporto sal\u0119 i\u0161 konkurent\u0173. &#8222;Evolve Urethane Body Pump&#8221; rinkinys pasi\u017eymi vizualiai \u012fsp\u016bdinga ir vientisa i\u0161vaizda, kuri puikiai papildo fitneso prek\u0117s \u017eenklo identitet\u0105. Spalv\u0173 parinkimas yra labai svarbus u\u017etikrinant, kad rinkinys ne tik i\u0161siskirt\u0173, bet ir atitikt\u0173 prek\u0117s \u017eenklo estetik\u0105. &#8222;Evolve Urethane Body Pump&#8221; rinkinys su lazeriu i\u0161pjautu, uretanu u\u017epildytu logotipu ir svorio nuoroda, kuri laikui b\u0117gant nenusilups ir nenusid\u0117v\u0117s, yra pagamintas taip, kad tarnaut\u0173 ilgai.<\/p>\n<\/div>\n<\/div>\n\n\n\n<div class=\"wp-block-columns alignwide mobile-reverse is-layout-flex wp-container-core-columns-is-layout-ca64bf2d wp-block-columns-is-layout-flex\" style=\"margin-bottom:var(--wp--preset--spacing--side-padding)\">\n<div class=\"wp-block-column is-vertically-aligned-center is-layout-flow wp-block-column-is-layout-flow\">\n<h3 class=\"wp-block-heading\" style=\"margin-bottom:var(--wp--preset--spacing--h-3-bottom)\">FUNKCIONALUMAS<\/h3>\n\n\n\n<p>Unikali konstrukcija neleid\u017eia svoriui u\u017estrigti ant strypo<\/p>\n\n\n\n<p style=\"margin-bottom:var(--wp--preset--spacing--tb-section-padding)\">&#8222;Evolve&#8221; svori\u0173 plok\u0161t\u0117s turi tekst\u016bruot\u0105 pavir\u0161i\u0173, kur\u012f lengva valyti, jis neslidus ir puikiai sukimba. \u0160ios savyb\u0117s taip pat u\u017etikrina saugum\u0105 ir suma\u017eina galimyb\u0119 naudotojams suspausti pir\u0161tus kraunant plok\u0161tes ant strypo ir nuo jo.<\/p>\n\n\n\n<h3 class=\"wp-block-heading\" style=\"margin-bottom:var(--wp--preset--spacing--h-3-bottom)\">Uretano danga<\/h3>\n\n\n\n<p>Uretano danga labai atspari sm\u016bgiams ir dvigubai patvaresn\u0117 u\u017e gumin\u0119 dang\u0105<\/p>\n\n\n\n<p>Da\u017eyti pavir\u0161iai gali suskilin\u0117ti ir r\u016bdyti, o guma ilgainiui gali nusilupti arba \u012ftr\u016bkti. &#8222;Evolve&#8221; uretano svori\u0173 plok\u0161t\u0117s yra itin patvarios ir nesugenda. \u0160ie svoriai i\u0161laikys ry\u0161ki\u0105 vientis\u0105 spalv\u0105 vis\u0105 gyvenim\u0105.<\/p>\n<\/div>\n\n\n\n<div class=\"wp-block-column is-vertically-aligned-center is-layout-flow wp-block-column-is-layout-flow\">\n<figure class=\"wp-block-image alignleft size-full is-resized is-style-rounded\"><img decoding=\"async\" src=\"https:\/\/evolve-fitness.eu\/wp-content\/uploads\/2023\/12\/A7_05432.jpg\" alt=\"\" class=\"wp-image-7840\" style=\"width:686px;height:652px\"\/><\/figure>\n<\/div>\n<\/div>\n\n\n\n<div class=\"wp-block-columns alignwide is-layout-flex wp-container-core-columns-is-layout-c45ee707 wp-block-columns-is-layout-flex\" style=\"margin-bottom:var(--wp--preset--spacing--side-padding);padding-top:var(--wp--preset--spacing--side-padding)\">\n<div class=\"wp-block-column is-vertically-aligned-center is-layout-flow wp-block-column-is-layout-flow\">\n<figure class=\"wp-block-image size-large\"><img decoding=\"async\" src=\"https:\/\/evolve-fitness.eu\/wp-content\/uploads\/2023\/12\/Lemon-Gym-Teika-3-1024x768.jpg\" alt=\"\" class=\"wp-image-8985\"\/><\/figure>\n<\/div>\n\n\n\n<div class=\"wp-block-column is-vertically-aligned-center is-layout-flow wp-block-column-is-layout-flow\">\n<h3 class=\"wp-block-heading\" style=\"margin-bottom:var(--wp--preset--spacing--h-3-bottom)\">Sauga &#8211; svarbiausia<\/h3>\n\n\n\n<p><strong><em>Saugi ir patikima treniruo\u010di\u0173 patirtis<\/em><\/strong><\/p>\n\n\n\n<p>&#8222;Evolve&#8221; saugumas yra m\u016bs\u0173 svarbiausias prioritetas. M\u016bs\u0173 uretano svori\u0173 plok\u0161t\u0117s pagamintos i\u0161 auk\u0161tos kokyb\u0117s, netoksi\u0161kos ir bekvap\u0117s uretano med\u017eiagos, u\u017etikrinan\u010dios saugi\u0105 ir sveik\u0105 treniruo\u010di\u0173 aplink\u0105.<\/p>\n<\/div>\n<\/div>\n\n\n\n<div class=\"wp-block-columns alignwide is-layout-flex wp-container-core-columns-is-layout-c45ee707 wp-block-columns-is-layout-flex\" style=\"margin-bottom:var(--wp--preset--spacing--side-padding);padding-top:var(--wp--preset--spacing--side-padding)\">\n<div class=\"wp-block-column is-vertically-aligned-center is-layout-flow wp-block-column-is-layout-flow\">\n<h3 class=\"wp-block-heading\" style=\"margin-bottom:var(--wp--preset--spacing--h-3-bottom)\">Atsisveikinimas su sugipsuotais pir\u0161tais<\/h3>\n\n\n\n<p><strong><em>Su &#8222;Evolve Urethane&#8221; svorio plok\u0161tel\u0117mis<\/em><\/strong><\/p>\n\n\n\n<p>&#8222;Evolve Urethane Weight Plates&#8221; sukurtos taip, kad sporto sal\u0117s lankytojams b\u016bt\u0173 saugiau ir efektyviau pakrauti ir i\u0161krauti svarmenis. Rinkinyje yra 140 cm ilgio \u0161tanga ir spyruoklin\u0117s apykakl\u0117s, u\u017etikrinan\u010dios saugi\u0105 ir patikim\u0105 treniruo\u010di\u0173 patirt\u012f. Tekst\u016bruotas pavir\u0161ius ir suapvalinta l\u0117k\u0161\u010di\u0173 forma taip pat neleid\u017eia joms prilipti vienai prie kitos ar kit\u0173 pavir\u0161i\u0173. Plok\u0161tes galima lengvai ne\u0161iotis ir naudoti \u012fvairiems pratimams atlikti. Nesvarbu, ar darote \u012ft\u016bpstus, ar \u0161uolius, d\u0117l keturi\u0173 ranken\u0173 lengva transportuoti ir naudoti svori\u0173 plok\u0161tes, tod\u0117l treniruot\u0117s bus veiksmingesn\u0117s ir efektyvesn\u0117s.<\/p>\n<\/div>\n\n\n\n<div class=\"wp-block-column is-vertically-aligned-center is-layout-flow wp-block-column-is-layout-flow\">\n<div class=\"wp-block-columns is-layout-flex wp-container-core-columns-is-layout-9d6595d7 wp-block-columns-is-layout-flex\">\n<div class=\"wp-block-column is-layout-flow wp-block-column-is-layout-flow\">\n<figure class=\"wp-block-image size-full is-style-rounded\"><img decoding=\"async\" src=\"https:\/\/evolve-fitness.eu\/wp-content\/uploads\/2023\/08\/iskirpta-stanga-su-uretanu.png\" alt=\"\" class=\"wp-image-806\"\/><\/figure>\n<\/div>\n<\/div>\n<\/div>\n<\/div>\n<\/section>\n<\/section>\n","protected":false},"excerpt":{"rendered":"<p>Pagerinkite savo sporto sal\u0119 su &#8222;Evolve Urethane Body Pump&#8221; rinkiniu, puikiai tinkan\u010diu komerciniam naudojimui. \u0160\u012f pritaikom\u0105 rinkin\u012f sudaro 140 cm ilgio \u0161tanga, spyruoklin\u0117s apykakl\u0117s ir patvar\u016bs betoniniai svarmenys, padengti sm\u016bgiams atspariu uretanu. Plok\u0161t\u0117s turi tekst\u016bruot\u0105 pavir\u0161i\u0173, kad b\u016bt\u0173 galima saugiai suimti, apsaugo grindis ir suma\u017eina treniruo\u010di\u0173 triuk\u0161m\u0105. Tikslus liejimas u\u017etikrina pusiausvyr\u0105, tod\u0117l jie idealiai tinka tiek nam\u0173, tiek profesionalioms sporto sal\u0117ms. Atnaujinkite savo sporto sal\u0117s \u012frang\u0105 ir prek\u0117s \u017eenklo \u012fvaizd\u012f su &#8222;Evolve&#8221;.<\/p>\n","protected":false},"featured_media":90241,"template":"","meta":{"_acf_changed":false,"inline_featured_image":false},"product_cat":[127,2155,192],"product_tag":[],"class_list":{"0":"post-8324","1":"product","2":"type-product","3":"status-publish","4":"has-post-thumbnail","6":"product_cat-laisvieji-svarmenys","7":"product_cat-baru-rinkiniai","8":"product_cat-studija","10":"first","11":"instock","12":"shipping-taxable","13":"purchasable","14":"product-type-simple"},"acf":[],"_links":{"self":[{"href":"https:\/\/store.evolve-fitness.eu\/lt\/wp-json\/wp\/v2\/product\/8324","targetHints":{"allow":["GET"]}}],"collection":[{"href":"https:\/\/store.evolve-fitness.eu\/lt\/wp-json\/wp\/v2\/product"}],"about":[{"href":"https:\/\/store.evolve-fitness.eu\/lt\/wp-json\/wp\/v2\/types\/product"}],"wp:featuredmedia":[{"embeddable":true,"href":"https:\/\/store.evolve-fitness.eu\/lt\/wp-json\/wp\/v2\/media\/90241"}],"wp:attachment":[{"href":"https:\/\/store.evolve-fitness.eu\/lt\/wp-json\/wp\/v2\/media?parent=8324"}],"wp:term":[{"taxonomy":"product_cat","embeddable":true,"href":"https:\/\/store.evolve-fitness.eu\/lt\/wp-json\/wp\/v2\/product_cat?post=8324"},{"taxonomy":"product_tag","embeddable":true,"href":"https:\/\/store.evolve-fitness.eu\/lt\/wp-json\/wp\/v2\/product_tag?post=8324"}],"curies":[{"name":"wp","href":"https:\/\/api.w.org\/{rel}","templated":true}]}}