{"id":8039,"date":"2023-09-26T13:15:06","date_gmt":"2023-09-26T13:15:06","guid":{"rendered":"https:\/\/store.evolve-fitness.eu\/produktas\/evolve-prime-serijos-begimo-takelis-su-215%e2%80%b2-full-hd-pultu\/"},"modified":"2026-02-02T12:00:25","modified_gmt":"2026-02-02T12:00:25","slug":"evolve-prime-serijos-begimo-takelis-su-215%e2%80%b2-full-hd-pultu","status":"publish","type":"product","link":"https:\/\/store.evolve-fitness.eu\/lt\/produktas\/evolve-prime-serijos-begimo-takelis-su-215%e2%80%b2-full-hd-pultu\/","title":{"rendered":"&#8222;Evolve Prime&#8221; serijos b\u0117gimo takelis su 21,5\u2032 &#8222;Full HD&#8221; pultu"},"content":{"rendered":"\n<section class=\"wp-block-group alignfull black-content has-white-color has-darkgray-background-color has-text-color has-background is-layout-constrained wp-block-group-is-layout-constrained\" style=\"padding-top:var(--wp--preset--spacing--section-bottom);padding-bottom:var(--wp--preset--spacing--section-bottom)\">\n<div class=\"wp-block-columns alignwide mobile-reverse is-layout-flex wp-container-core-columns-is-layout-ca64bf2d wp-block-columns-is-layout-flex\" style=\"margin-bottom:var(--wp--preset--spacing--side-padding)\">\n<div class=\"wp-block-column is-vertically-aligned-center is-layout-flow wp-block-column-is-layout-flow\">\n<h3 class=\"wp-block-heading\" style=\"margin-bottom:var(--wp--preset--spacing--h-3-bottom)\"><strong><strong>Atnaujinkite kardio treniruo\u010di\u0173 patirt\u012f<\/strong><\/strong><\/h3>\n\n\n\n<p><strong><em><strong>Pagerinkite savo sporto sal\u0119 naudodami &#8222;Evolve CT 215 F&#8221; komercin\u012f b\u0117gimo takel\u012f<\/strong><\/em><\/strong><\/p>\n\n\n\n<p style=\"margin-bottom:var(--wp--preset--spacing--tb-section-padding)\">Atraskite fitneso evoliucij\u0105 su &#8222;Evolve CT 215 F&#8221; komerciniu b\u0117gimo takeliu. \u0160is treniruoklis si\u016blo svaiginan\u010di\u0105 kardio treniruo\u010di\u0173 patirt\u012f ir i\u0161 naujo apibr\u0117\u017eia treniruo\u010di\u0173 pob\u016bd\u012f tiek sporto sali\u0173 savininkams, tiek fitneso entuziastams. Susipa\u017einkite su i\u0161skirtin\u0117mis funkcijomis ir privalumais, sukurtais siekiant padidinti na\u0161um\u0105 ir \u012fsitraukim\u0105.<br\/><\/p>\n<\/div>\n\n\n\n<div class=\"wp-block-column is-vertically-aligned-center is-layout-flow wp-block-column-is-layout-flow\">\n<figure class=\"wp-block-image size-large is-style-default\"><img loading=\"lazy\" decoding=\"async\" width=\"1024\" height=\"682\" src=\"https:\/\/store.evolve-fitness.eu\/wp-content\/uploads\/2024\/06\/EV-CT-215X-26-1024x682.jpg\" alt=\"\" class=\"wp-image-77858\" srcset=\"https:\/\/store.evolve-fitness.eu\/wp-content\/uploads\/2024\/06\/EV-CT-215X-26-1024x682.jpg 1024w, https:\/\/store.evolve-fitness.eu\/wp-content\/uploads\/2024\/06\/EV-CT-215X-26-300x200.jpg 300w, https:\/\/store.evolve-fitness.eu\/wp-content\/uploads\/2024\/06\/EV-CT-215X-26-768x512.jpg 768w, https:\/\/store.evolve-fitness.eu\/wp-content\/uploads\/2024\/06\/EV-CT-215X-26-600x400.jpg 600w, https:\/\/store.evolve-fitness.eu\/wp-content\/uploads\/2024\/06\/EV-CT-215X-26.jpg 1280w\" sizes=\"auto, (max-width: 1024px) 100vw, 1024px\" \/><\/figure>\n<\/div>\n<\/div>\n\n\n\n<div class=\"wp-block-columns alignwide mobile-reverse is-layout-flex wp-container-core-columns-is-layout-ca64bf2d wp-block-columns-is-layout-flex\" style=\"margin-bottom:var(--wp--preset--spacing--side-padding)\">\n<div class=\"wp-block-column is-vertically-aligned-center is-layout-flow wp-block-column-is-layout-flow\">\n<figure class=\"wp-block-image size-full\"><img decoding=\"async\" src=\"https:\/\/evolve.adoras.lt\/wp-content\/uploads\/2023\/08\/EV-CT-215X-1.png\" alt=\"\" class=\"wp-image-1139\"\/><\/figure>\n<\/div>\n\n\n\n<div class=\"wp-block-column is-vertically-aligned-center is-layout-flow wp-block-column-is-layout-flow\">\n<h3 class=\"wp-block-heading\" style=\"margin-bottom:var(--wp--preset--spacing--h-3-bottom)\"><strong>Sklandi galia ir patikima parama<\/strong><\/h3>\n\n\n\n<p><strong><em><strong><strong>Naujovi\u0161kas X stiliaus r\u0117mas ir aliuminio b\u0117giai<\/strong><\/strong><\/em><\/strong><\/p>\n\n\n\n<p>Patirkite optimal\u0173 veikim\u0105 su galingu b\u0117gimo takelio kintamosios srov\u0117s varikliu, pasi\u017eymin\u010diu 7 AG did\u017eiausia galia ir 3 AG nuolatine galia. B\u0117gimo takelio unikalus X stiliaus r\u0117mas, sukurtas atsi\u017evelgiant \u012f naujoves, u\u017etikrina konstrukcin\u012f stabilum\u0105 ir estetin\u012f patrauklum\u0105 j\u016bs\u0173 treniruokli\u0173 sal\u0117je. \u0160\u012f dizain\u0105 papildo aliuminio b\u0117geliai, suteikiantys modernumo ir u\u017etikrinantys ilgalaik\u012f patikimum\u0105. \u0160is r\u0117mo ir b\u0117gi\u0173 derinys, kuriame pirmenyb\u0117 teikiama tiek formai, tiek funkcijai, suteikia puiki\u0105 treniruo\u010di\u0173 patirt\u012f, atspindin\u010di\u0105 naujoves ir meistri\u0161kum\u0105.<\/p>\n<\/div>\n<\/div>\n\n\n\n<div class=\"wp-block-columns alignwide is-layout-flex wp-container-core-columns-is-layout-c45ee707 wp-block-columns-is-layout-flex\" style=\"margin-bottom:var(--wp--preset--spacing--side-padding);padding-top:var(--wp--preset--spacing--side-padding)\">\n<div class=\"wp-block-column is-vertically-aligned-center is-layout-flow wp-block-column-is-layout-flow\">\n<h3 class=\"wp-block-heading\" style=\"margin-bottom:var(--wp--preset--spacing--h-3-bottom)\"><strong>21,5 coli\u0173 &#8222;Full HD&#8221; jutiklinis ekranas<\/strong><\/h3>\n\n\n\n<p><strong><em><strong>Nesibaigian\u010dios pramogos, \u012f\u017evalg\u016bs rodikliai<\/strong><\/em><\/strong><\/p>\n\n\n\n<p style=\"margin-bottom:var(--wp--preset--spacing--tb-section-padding)\">\u012etraukite naudotojus naudodami nuostab\u0173 21,5 coli\u0173 FULL HD pult\u0105 &#8211; pramog\u0173 ir \u012f\u017evalg\u0173 centr\u0105. Atskleiskite pramog\u0173 galimybes naudodami &#8222;WiFi&#8221;, &#8222;Bluetooth&#8221; ir &#8222;Full HD 2K&#8221; rai\u0161kos vaizdo \u012fra\u0161us. Steb\u0117kite svarbiausius rodiklius, tokius kaip laikas, atstumas, kalorijos, greitis, \u0161irdies susitraukim\u0173 da\u017enis ir nuolydis, suteikdami naudotojams motyvacijos ir \u017eini\u0173.<\/p>\n<\/div>\n\n\n\n<div class=\"wp-block-column is-vertically-aligned-center is-layout-flow wp-block-column-is-layout-flow\">\n<figure class=\"wp-block-video\"><video autoplay=\"\" controls=\"\" loop=\"\" muted=\"\" src=\"https:\/\/evolve.adoras.lt\/wp-content\/uploads\/2023\/08\/EV-CT-215F-11.mp4\"><\/video><\/figure>\n<\/div>\n<\/div>\n\n\n\n<div class=\"wp-block-columns alignwide is-layout-flex wp-container-core-columns-is-layout-c45ee707 wp-block-columns-is-layout-flex\" style=\"margin-bottom:var(--wp--preset--spacing--side-padding);padding-top:var(--wp--preset--spacing--side-padding)\">\n<div class=\"wp-block-column is-vertically-aligned-center is-layout-flow wp-block-column-is-layout-flow\">\n<figure class=\"wp-block-image alignright size-full is-resized is-style-rounded\"><img decoding=\"async\" src=\"https:\/\/evolve.adoras.lt\/wp-content\/uploads\/2023\/08\/5576a1_adc0ea7c3a404329b0c0a8527ed81f49mv2.jpg\" alt=\"\" class=\"wp-image-1115\" style=\"width:740px;height:494px\"\/><\/figure>\n<\/div>\n\n\n\n<div class=\"wp-block-column is-vertically-aligned-center is-layout-flow wp-block-column-is-layout-flow\">\n<h3 class=\"wp-block-heading\" style=\"margin-bottom:var(--wp--preset--spacing--h-3-bottom)\"><strong><strong>Supaprastintas skelbim\u0173 valdymas<\/strong><\/strong><\/h3>\n\n\n\n<p><strong><em><strong><strong>\u012esitraukimo optimizavimas naudojant ekrano skelbimus<\/strong><\/strong><\/em><\/strong><\/p>\n\n\n\n<p>I\u0161naudokite ekrano skelbim\u0173 gali\u0105, kad maksimaliai padidintum\u0117te sporto sal\u0117s pasi\u016blym\u0173 ir akcij\u0173 poveik\u012f. Skland\u017eiai atkreipkite d\u0117mes\u012f \u012f savo paslaugas ir i\u0161skirtinius pasi\u016blymus tiesiogiai naudotojams, taip padidindami \u012fsitraukim\u0105 ir sustiprindami prek\u0117s \u017eenklo atpa\u017e\u012fstamum\u0105.<\/p>\n<\/div>\n<\/div>\n\n\n\n<div class=\"wp-block-columns alignwide are-vertically-aligned-center mobile-reverse is-layout-flex wp-container-core-columns-is-layout-e8158c2f wp-block-columns-is-layout-flex\" style=\"padding-top:var(--wp--preset--spacing--side-padding)\">\n<div class=\"wp-block-column is-vertically-aligned-center is-layout-flow wp-block-column-is-layout-flow\">\n<h3 class=\"wp-block-heading\" style=\"margin-bottom:var(--wp--preset--spacing--h-3-bottom)\"><strong>Saugumas ir patogumas kiekviename \u017eingsnyje<\/strong><\/h3>\n\n\n\n<p><strong><em><strong>B\u0117gimo denis, dir\u017eas ir humanizuotas dizainas<\/strong><\/em><\/strong><\/p>\n\n\n\n<p style=\"margin-bottom:var(--wp--preset--spacing--tb-section-padding)\">Pirmenyb\u0119 teikite naudotoj\u0173 saugai ir patogumui, naudodami pa\u017eangias funkcijas. Neslystantis b\u0117gimo takelio modelis ir ergonomi\u0161kas dizainas skatina taisykling\u0105 laikysen\u0105 ir ma\u017eina \u012ftamp\u0105. Naudokit\u0117s specializuotu b\u0117gimo dir\u017eu, kuris apsaugo nuo deformacijos ir sunaudoja nedaug energijos, taip padidindamas ilgaam\u017ei\u0161kum\u0105 ir na\u0161um\u0105.<\/p>\n<\/div>\n\n\n\n<div class=\"wp-block-column is-vertically-aligned-center is-layout-flow wp-block-column-is-layout-flow\">\n<figure class=\"wp-block-image size-large\"><img decoding=\"async\" src=\"https:\/\/evolve.adoras.lt\/wp-content\/uploads\/2023\/08\/Ploteriuojami-tekstai-1024x902.png\" alt=\"\" class=\"wp-image-1142\"\/><\/figure>\n<\/div>\n<\/div>\n\n\n\n<div class=\"wp-block-columns alignwide are-vertically-aligned-center mobile-reverse is-layout-flex wp-container-core-columns-is-layout-e8158c2f wp-block-columns-is-layout-flex\" style=\"padding-top:var(--wp--preset--spacing--side-padding)\">\n<div class=\"wp-block-column is-vertically-aligned-center is-layout-flow wp-block-column-is-layout-flow\">\n<figure class=\"wp-block-video\"><video autoplay=\"\" controls=\"\" loop=\"\" muted=\"\" src=\"https:\/\/evolve.adoras.lt\/wp-content\/uploads\/2023\/08\/Pink-Aesthetic-Whitening-Serum-Benefits-Instagram-Post.mp4\"><\/video><\/figure>\n<\/div>\n\n\n\n<div class=\"wp-block-column is-vertically-aligned-center is-layout-flow wp-block-column-is-layout-flow\">\n<h3 class=\"wp-block-heading\" style=\"margin-bottom:var(--wp--preset--spacing--h-3-bottom)\"><strong>\u012e nuolyd\u012f, greit\u012f ir <strong>naudotojo poreikius orientuotas dizainas<\/strong><\/strong><\/h3>\n\n\n\n<p><strong><em><strong><strong>Pritaikomumas ir na\u0161umo pritaikymas<\/strong><\/strong><\/em><\/strong><\/p>\n\n\n\n<p>Treniruotes pritaikykite prie individuali\u0173 fizinio pasirengimo sieki\u0173 naudodami reguliuojamus iki 15 % nuolyd\u017eio lygius. Pritaikykite j\u012f \u012fvairioms treniruo\u010di\u0173 r\u016b\u0161ims, nes maksimalus greitis siekia 20 km\/val. Atsparus r\u0117mas pritaikytas naudotojo svoriui iki 180 kg, tod\u0117l b\u0117gimo takelis yra universalus pasirinkimas \u012fvairiems sporto m\u0117g\u0117jams.<\/p>\n<\/div>\n<\/div>\n\n\n\n<figure class=\"wp-block-video\"><video height=\"1000\" style=\"aspect-ratio: 1000 \/ 1000;\" width=\"1000\" autoplay=\"\" controls=\"\" loop=\"\" muted=\"\" src=\"https:\/\/evolve-fitness.eu\/wp-content\/uploads\/2023\/11\/Ultra-site-apps.mp4\"><\/video><\/figure>\n<\/section>\n\n<section class=\"wp-block-group alignfull black-content has-white-color has-darkgray-background-color has-text-color has-background is-layout-constrained wp-block-group-is-layout-constrained\" style=\"padding-top:var(--wp--preset--spacing--section-bottom);padding-bottom:var(--wp--preset--spacing--section-bottom)\">\n<div class=\"wp-block-columns alignwide mobile-reverse is-layout-flex wp-container-core-columns-is-layout-ca64bf2d wp-block-columns-is-layout-flex\" style=\"margin-bottom:var(--wp--preset--spacing--side-padding)\">\n<div class=\"wp-block-column is-vertically-aligned-center is-layout-flow wp-block-column-is-layout-flow\">\n<h3 class=\"wp-block-heading\" style=\"margin-bottom:var(--wp--preset--spacing--h-3-bottom)\"><strong><strong>\u012etraukite, suteikite gali\u0173 ir darykite pa\u017eang\u0105<\/strong><\/strong><\/h3>\n\n\n\n<p><strong><em><strong><strong>Daugkartinio gr\u012f\u017etamojo ry\u0161io jutiklinis mygtukas ir saugos patobulinimas<\/strong><\/strong><\/em><\/strong><\/p>\n\n\n\n<p style=\"margin-bottom:var(--wp--preset--spacing--tb-section-padding)\">Pagerinkite naudotojo s\u0105veik\u0105 naudodami daugialyp\u0117s gr\u012f\u017etamosios informacijos jutiklin\u012f mygtuk\u0105, u\u017etikrinant\u012f tiksli\u0105 vibracijos ir garso gr\u012f\u017etam\u0105j\u0105 informacij\u0105. Skatinkite saugias treniruotes naudodami automatinio stabdymo funkcij\u0105, kuri u\u017etikrina, kad b\u0117gimo takelis sustot\u0173, kai nebelieka \u017eingsni\u0173, ir taip padidina naudotoj\u0173 saugum\u0105.<\/p>\n<\/div>\n\n\n\n<div class=\"wp-block-column is-vertically-aligned-center is-layout-flow wp-block-column-is-layout-flow\">\n<figure class=\"wp-block-image size-large is-style-default\"><img loading=\"lazy\" decoding=\"async\" width=\"1024\" height=\"683\" src=\"https:\/\/store.evolve-fitness.eu\/wp-content\/uploads\/2024\/06\/EV-CT-215X-Evolve-Prime-Series-Treadmill-with-full-HD-Console-2-1024x683.jpg\" alt=\"\" class=\"wp-image-77883\" srcset=\"https:\/\/store.evolve-fitness.eu\/wp-content\/uploads\/2024\/06\/EV-CT-215X-Evolve-Prime-Series-Treadmill-with-full-HD-Console-2-1024x683.jpg 1024w, https:\/\/store.evolve-fitness.eu\/wp-content\/uploads\/2024\/06\/EV-CT-215X-Evolve-Prime-Series-Treadmill-with-full-HD-Console-2-300x200.jpg 300w, https:\/\/store.evolve-fitness.eu\/wp-content\/uploads\/2024\/06\/EV-CT-215X-Evolve-Prime-Series-Treadmill-with-full-HD-Console-2-768x512.jpg 768w, https:\/\/store.evolve-fitness.eu\/wp-content\/uploads\/2024\/06\/EV-CT-215X-Evolve-Prime-Series-Treadmill-with-full-HD-Console-2-1536x1024.jpg 1536w, https:\/\/store.evolve-fitness.eu\/wp-content\/uploads\/2024\/06\/EV-CT-215X-Evolve-Prime-Series-Treadmill-with-full-HD-Console-2-600x400.jpg 600w, https:\/\/store.evolve-fitness.eu\/wp-content\/uploads\/2024\/06\/EV-CT-215X-Evolve-Prime-Series-Treadmill-with-full-HD-Console-2.jpg 1980w\" sizes=\"auto, (max-width: 1024px) 100vw, 1024px\" \/><\/figure>\n<\/div>\n<\/div>\n\n\n\n<div class=\"wp-block-columns alignwide mobile-reverse is-layout-flex wp-container-core-columns-is-layout-ca64bf2d wp-block-columns-is-layout-flex\" style=\"margin-bottom:var(--wp--preset--spacing--side-padding)\">\n<div class=\"wp-block-column is-vertically-aligned-center is-layout-flow wp-block-column-is-layout-flow\">\n<figure class=\"wp-block-image alignright size-large is-resized is-style-default\"><img loading=\"lazy\" decoding=\"async\" width=\"683\" height=\"1024\" src=\"https:\/\/store.evolve-fitness.eu\/wp-content\/uploads\/2024\/06\/EV-CT-215X-Evolve-Prime-Series-Treadmill-with-full-HD-Console-3-1-683x1024.jpg\" alt=\"\" class=\"wp-image-77933\" style=\"width:907px;height:auto\" srcset=\"https:\/\/store.evolve-fitness.eu\/wp-content\/uploads\/2024\/06\/EV-CT-215X-Evolve-Prime-Series-Treadmill-with-full-HD-Console-3-1-683x1024.jpg 683w, https:\/\/store.evolve-fitness.eu\/wp-content\/uploads\/2024\/06\/EV-CT-215X-Evolve-Prime-Series-Treadmill-with-full-HD-Console-3-1-200x300.jpg 200w, https:\/\/store.evolve-fitness.eu\/wp-content\/uploads\/2024\/06\/EV-CT-215X-Evolve-Prime-Series-Treadmill-with-full-HD-Console-3-1-768x1152.jpg 768w, https:\/\/store.evolve-fitness.eu\/wp-content\/uploads\/2024\/06\/EV-CT-215X-Evolve-Prime-Series-Treadmill-with-full-HD-Console-3-1-1024x1536.jpg 1024w, https:\/\/store.evolve-fitness.eu\/wp-content\/uploads\/2024\/06\/EV-CT-215X-Evolve-Prime-Series-Treadmill-with-full-HD-Console-3-1-600x900.jpg 600w, https:\/\/store.evolve-fitness.eu\/wp-content\/uploads\/2024\/06\/EV-CT-215X-Evolve-Prime-Series-Treadmill-with-full-HD-Console-3-1.jpg 1320w\" sizes=\"auto, (max-width: 683px) 100vw, 683px\" \/><\/figure>\n<\/div>\n\n\n\n<div class=\"wp-block-column is-vertically-aligned-center is-layout-flow wp-block-column-is-layout-flow\">\n<h3 class=\"wp-block-heading\" style=\"margin-bottom:var(--wp--preset--spacing--h-3-bottom)\"><strong><strong><strong>Inovacij\u0173 ir pramog\u0173 integracija<\/strong><\/strong><\/strong><\/h3>\n\n\n\n<p><strong><em><strong><strong>Praturtinkite treniruotes virtualiu dalyvavimu<\/strong><\/strong><\/em><\/strong><\/p>\n\n\n\n<p>Su &#8222;Evolve CT 215 X&#8221; b\u0117gimo takeliu &#8222;Evolve CT 215 X&#8221; \u012fsisavinkite fitneso naujovi\u0173 ateit\u012f. Pasinerkite \u012f tikrovi\u0161kas virtualias treniruotes, imituojan\u010dias pasaulinius mar\u0161rutus, ir patirkite \u012fsp\u016bding\u0105 b\u0117gimo nuotyk\u012f. Padidinkite sporto sal\u0117s \u017einomum\u0105 suasmenindami ekrano skelbimus, veiksmingai pabr\u0117\u017edami savo paslaugas ir i\u0161skirtinius pasi\u016blymus.<\/p>\n<\/div>\n<\/div>\n\n\n\n<div class=\"wp-block-columns alignwide mobile-reverse is-layout-flex wp-container-core-columns-is-layout-ca64bf2d wp-block-columns-is-layout-flex\" style=\"margin-bottom:var(--wp--preset--spacing--side-padding)\">\n<div class=\"wp-block-column is-vertically-aligned-center is-layout-flow wp-block-column-is-layout-flow\">\n<h3 class=\"wp-block-heading\" style=\"margin-bottom:var(--wp--preset--spacing--h-3-bottom)\"><strong><strong><strong><strong>Belaidis mobiliojo telefono \u012fkrovimas<\/strong><\/strong><\/strong><\/strong><\/h3>\n\n\n\n<p><strong><em><strong><strong><strong>Neprilygstamas patogumas \u0161iuolaikin\u0117ms treniruot\u0117ms<\/strong><\/strong><\/strong><\/em><\/strong><\/p>\n\n\n\n<p>B\u016bkite prisijung\u0119 ir \u012fkrauti savo sveikatingumo kelion\u0117s metu, naudodami naujovi\u0161k\u0105 &#8222;Evolve CT 215 X&#8221; komercinio b\u0117gimo takelio belaid\u017eio mobiliojo telefono \u012fkrovimo funkcij\u0105. B\u0117gdami b\u0117gimo takeliu \u012fveikite savo galimybi\u0173 ribas ir be vargo \u012fkraukite savo mobil\u0173j\u012f \u012frengin\u012f. \u0160is pa\u017eangiausias priedas u\u017etikrina, kad treniruot\u0117s nenutr\u016bkt\u0173 ir gal\u0117tum\u0117te naudotis m\u0117gstamomis program\u0117l\u0117mis, melodijomis ir turiniu, o \u012frenginys b\u016bt\u0173 paruo\u0161tas darbui. Patirkite fitneso ir technologij\u0173 sintez\u0119, kai belaid\u017eiu ry\u0161iu \u012fkraunate telefon\u0105 ir i\u0161 naujo apibr\u0117\u017eiate patogum\u0105 \u0161iuolaikiniam fitneso entuziastui.<\/p>\n<\/div>\n\n\n\n<div class=\"wp-block-column is-vertically-aligned-center is-layout-flow wp-block-column-is-layout-flow\">\n<figure class=\"wp-block-image alignright size-full is-style-default\"><img loading=\"lazy\" decoding=\"async\" width=\"1980\" height=\"1320\" src=\"https:\/\/store.evolve-fitness.eu\/wp-content\/uploads\/2024\/06\/EV-CT-215X-Evolve-Prime-Series-Treadmill-with-full-HD-Console-7.jpg\" alt=\"\" class=\"wp-image-77908\" srcset=\"https:\/\/store.evolve-fitness.eu\/wp-content\/uploads\/2024\/06\/EV-CT-215X-Evolve-Prime-Series-Treadmill-with-full-HD-Console-7.jpg 1980w, https:\/\/store.evolve-fitness.eu\/wp-content\/uploads\/2024\/06\/EV-CT-215X-Evolve-Prime-Series-Treadmill-with-full-HD-Console-7-300x200.jpg 300w, https:\/\/store.evolve-fitness.eu\/wp-content\/uploads\/2024\/06\/EV-CT-215X-Evolve-Prime-Series-Treadmill-with-full-HD-Console-7-1024x683.jpg 1024w, https:\/\/store.evolve-fitness.eu\/wp-content\/uploads\/2024\/06\/EV-CT-215X-Evolve-Prime-Series-Treadmill-with-full-HD-Console-7-768x512.jpg 768w, https:\/\/store.evolve-fitness.eu\/wp-content\/uploads\/2024\/06\/EV-CT-215X-Evolve-Prime-Series-Treadmill-with-full-HD-Console-7-1536x1024.jpg 1536w, https:\/\/store.evolve-fitness.eu\/wp-content\/uploads\/2024\/06\/EV-CT-215X-Evolve-Prime-Series-Treadmill-with-full-HD-Console-7-600x400.jpg 600w\" sizes=\"auto, (max-width: 1980px) 100vw, 1980px\" \/><\/figure>\n<\/div>\n<\/div>\n\n\n\n<div class=\"wp-block-columns alignwide is-layout-flex wp-container-core-columns-is-layout-c45ee707 wp-block-columns-is-layout-flex\" style=\"margin-bottom:var(--wp--preset--spacing--side-padding);padding-top:var(--wp--preset--spacing--side-padding)\">\n<div class=\"wp-block-column is-vertically-aligned-center is-layout-flow wp-block-column-is-layout-flow\">\n<figure class=\"wp-block-video\"><video autoplay=\"\" controls=\"\" loop=\"\" muted=\"\" src=\"https:\/\/evolve.adoras.lt\/wp-content\/uploads\/2023\/08\/215x-Kopa-Gym.mp4\"><\/video><\/figure>\n<\/div>\n\n\n\n<div class=\"wp-block-column is-vertically-aligned-center is-layout-flow wp-block-column-is-layout-flow\">\n<h3 class=\"wp-block-heading\" style=\"margin-bottom:var(--wp--preset--spacing--h-3-bottom)\"><strong><strong>\u012egalinkite fitneso kelion\u0119<\/strong><\/strong><\/h3>\n\n\n\n<p><strong><em><strong><strong>Pilnas fitneso paketas j\u016bs\u0173 \u012fstaigai<\/strong><\/strong><\/em><\/strong><\/p>\n\n\n\n<p style=\"margin-bottom:var(--wp--preset--spacing--tb-section-padding)\">&#8222;Evolve CT 215 X&#8221; komercinis b\u0117gimo takelis yra j\u016bs\u0173 geriausias kardio treniruo\u010di\u0173 s\u0105jungininkas. D\u0117l naujausi\u0173 inovacij\u0173, pritaikom\u0173 funkcij\u0173 ir neabejotino saugumo \u012fsipareigojimo jis si\u016blo visapusi\u0161k\u0105 sprendim\u0105 sporto sali\u0173 savininkams, siekiantiems padidinti savo sporto sal\u0117s patrauklum\u0105 ir na\u0161um\u0105.<\/p>\n<\/div>\n<\/div>\n<\/section>\n","protected":false},"excerpt":{"rendered":"<p>Patirkite pa\u017eangiausi\u0173 fitneso technologij\u0173 vir\u0161\u016bn\u0119 su &#8222;Evolve CT 215 X&#8221; komerciniu b\u0117gimo takeliu. \u0160is b\u0117gimo takelis sukurtas taip, kad i\u0161 naujo apibr\u0117\u017et\u0173 kardio treniruotes, turi galing\u0105 kintamosios srov\u0117s varikl\u012f, naujovi\u0161k\u0105 X stiliaus r\u0117m\u0105 su aliuminio b\u0117geliais ir \u012f \u017emog\u0173 orientuot\u0105 dizain\u0105, kuris optimizuoja komfort\u0105 ir na\u0161um\u0105. \u012etraukite naudotojus \u012f nuostab\u0173 21,5 coli\u0173 FULL HD jutiklinio ekrano pult\u0105, kuriame rasite pramog\u0173, \u012f\u017evalgi\u0173 rodikli\u0173 ir skland\u0173 ry\u0161\u012f su virtualiomis treniruot\u0117mis. I\u0161siskirkite naudodami integruot\u0105 ekrano u\u017eskland\u0105, kuri leid\u017eia pritaikyti skelbimus, reklamuojan\u010dius j\u016bs\u0173 sporto sal\u0117s pasi\u016blymus tiesiogiai naudotojams. Ir tai dar ne viskas &#8211; \u0161is pa\u017eangus b\u0117gimo takelis taip pat turi belaid\u012f mobiliojo telefono \u012fkrovikl\u012f, tod\u0117l treniruot\u0117s tampa patogesn\u0117s ir efektyvesn\u0117s. Padidinkite savo treniruokli\u0173 sal\u0117s patrauklum\u0105 ir na\u0161um\u0105 naudodami treniruokl\u012f &#8222;Evolve CT 215 X&#8221;, kuris yra tikras naujovi\u0173 ir meistri\u0161kumo \u012fsik\u016bnijimas treniruokli\u0173 pasaulyje.<\/p>\n","protected":false},"featured_media":1376,"template":"","meta":{"_acf_changed":false,"inline_featured_image":false},"product_cat":[117,137,138,205],"product_tag":[],"class_list":{"0":"post-8039","1":"product","2":"type-product","3":"status-publish","4":"has-post-thumbnail","6":"product_cat-pagrindinis-puslapis","7":"product_cat-kardio-iranga","8":"product_cat-komercine-kardio-iranga","9":"product_cat-prime-serijos-kardio","11":"first","12":"instock","13":"shipping-taxable","14":"purchasable","15":"product-type-simple"},"acf":[],"_links":{"self":[{"href":"https:\/\/store.evolve-fitness.eu\/lt\/wp-json\/wp\/v2\/product\/8039","targetHints":{"allow":["GET"]}}],"collection":[{"href":"https:\/\/store.evolve-fitness.eu\/lt\/wp-json\/wp\/v2\/product"}],"about":[{"href":"https:\/\/store.evolve-fitness.eu\/lt\/wp-json\/wp\/v2\/types\/product"}],"wp:featuredmedia":[{"embeddable":true,"href":"https:\/\/store.evolve-fitness.eu\/lt\/wp-json\/wp\/v2\/media\/1376"}],"wp:attachment":[{"href":"https:\/\/store.evolve-fitness.eu\/lt\/wp-json\/wp\/v2\/media?parent=8039"}],"wp:term":[{"taxonomy":"product_cat","embeddable":true,"href":"https:\/\/store.evolve-fitness.eu\/lt\/wp-json\/wp\/v2\/product_cat?post=8039"},{"taxonomy":"product_tag","embeddable":true,"href":"https:\/\/store.evolve-fitness.eu\/lt\/wp-json\/wp\/v2\/product_tag?post=8039"}],"curies":[{"name":"wp","href":"https:\/\/api.w.org\/{rel}","templated":true}]}}