{"id":7966,"date":"2023-09-26T11:15:05","date_gmt":"2023-09-26T11:15:05","guid":{"rendered":"https:\/\/store.evolve-fitness.eu\/produktas\/evolve-bodypump-bar-2-kg\/"},"modified":"2024-08-01T06:49:41","modified_gmt":"2024-08-01T06:49:41","slug":"evolve-bodypump-bar-2-kg","status":"publish","type":"product","link":"https:\/\/store.evolve-fitness.eu\/lt\/produktas\/evolve-bodypump-bar-2-kg\/","title":{"rendered":"&#8222;Evolve&#8221; juoda medin\u0117 lazdel\u0117"},"content":{"rendered":"\n<p> <mark style=\"background-color:rgba(0, 0, 0, 0);color:#ffffff\" class=\"has-inline-color\">ASD<\/mark><\/p>\n\n<p><\/p>\n","protected":false},"excerpt":{"rendered":"<p>Pagerinkite savo treniruotes su &#8222;Evolve&#8221; juoda medine lazda &#8211; \u012frankiu j\u0117gai, lankstumui ir pusiausvyrai stiprinti. \u0160i patvari lazda, pagaminta i\u0161 auk\u0161tos kokyb\u0117s med\u017eio, puikiai tinka \u012fvairiems pratimams, \u012fskaitant kovos men\u0173 treniruotes, jog\u0105, pilates\u0105 ir fizin\u0119 terapij\u0105. Komplekte yra auk\u0161\u010diausios kokyb\u0117s juoda mediena, u\u017etikrinanti ilgaam\u017ei\u0161kum\u0105 ir estetik\u0105, lygi apdaila, kad b\u016bt\u0173 patogu laikyti.  <\/p>\n<p>\n","protected":false},"featured_media":89812,"template":"","meta":{"_acf_changed":false,"inline_featured_image":false},"product_cat":[192],"product_tag":[],"class_list":{"0":"post-7966","1":"product","2":"type-product","3":"status-publish","4":"has-post-thumbnail","6":"product_cat-studija","8":"first","9":"instock","10":"shipping-taxable","11":"purchasable","12":"product-type-simple"},"acf":[],"_links":{"self":[{"href":"https:\/\/store.evolve-fitness.eu\/lt\/wp-json\/wp\/v2\/product\/7966","targetHints":{"allow":["GET"]}}],"collection":[{"href":"https:\/\/store.evolve-fitness.eu\/lt\/wp-json\/wp\/v2\/product"}],"about":[{"href":"https:\/\/store.evolve-fitness.eu\/lt\/wp-json\/wp\/v2\/types\/product"}],"wp:featuredmedia":[{"embeddable":true,"href":"https:\/\/store.evolve-fitness.eu\/lt\/wp-json\/wp\/v2\/media\/89812"}],"wp:attachment":[{"href":"https:\/\/store.evolve-fitness.eu\/lt\/wp-json\/wp\/v2\/media?parent=7966"}],"wp:term":[{"taxonomy":"product_cat","embeddable":true,"href":"https:\/\/store.evolve-fitness.eu\/lt\/wp-json\/wp\/v2\/product_cat?post=7966"},{"taxonomy":"product_tag","embeddable":true,"href":"https:\/\/store.evolve-fitness.eu\/lt\/wp-json\/wp\/v2\/product_tag?post=7966"}],"curies":[{"name":"wp","href":"https:\/\/api.w.org\/{rel}","templated":true}]}}