{"id":7844,"date":"2023-09-26T11:18:37","date_gmt":"2023-09-26T11:18:37","guid":{"rendered":"https:\/\/store.evolve-fitness.eu\/produktas\/evolve-econ-serijos-5hp-begimo-takelis-su-lcd-pultu\/"},"modified":"2026-02-20T12:01:14","modified_gmt":"2026-02-20T12:01:14","slug":"evolve-econ-serijos-5hp-begimo-takelis-su-lcd-pultu","status":"publish","type":"product","link":"https:\/\/store.evolve-fitness.eu\/lt\/produktas\/evolve-econ-serijos-5hp-begimo-takelis-su-lcd-pultu\/","title":{"rendered":"&#8222;Evolve Econ&#8221; serijos 5HP b\u0117gimo takelis su LCD pultu"},"content":{"rendered":"\n<section class=\"wp-block-group alignfull black-content has-white-color has-darkgray-background-color has-text-color has-background is-layout-constrained wp-block-group-is-layout-constrained\" style=\"padding-top:var(--wp--preset--spacing--section-bottom);padding-bottom:var(--wp--preset--spacing--section-bottom)\">\n<div class=\"wp-block-columns alignwide mobile-reverse is-layout-flex wp-container-core-columns-is-layout-ca64bf2d wp-block-columns-is-layout-flex\" style=\"margin-bottom:var(--wp--preset--spacing--side-padding)\">\n<div class=\"wp-block-column is-vertically-aligned-center is-layout-flow wp-block-column-is-layout-flow\">\n<h3 class=\"wp-block-heading\" style=\"margin-bottom:var(--wp--preset--spacing--h-3-bottom)\">MAKSIMALUS NAUDOTOJO SVORIS &#8211; 200 KG<\/h3>\n\n\n\n<p><strong><em><strong>Visiems<\/strong><\/em><\/strong><\/p>\n\n\n\n<p style=\"margin-bottom:var(--wp--preset--spacing--tb-section-padding)\">B\u0117gimo takelis &#8222;Evolve CT 500 LCD Treadmill&#8221; sukurtas taip, kad atlaikyt\u0173 iki 200 kg svor\u012f, tod\u0117l u\u017etikrina saugum\u0105 ir ilgalaik\u012f veikim\u0105 \u012fvairiems naudotojams.<\/p>\n\n\n\n<h3 class=\"wp-block-heading\" style=\"margin-bottom:var(--wp--preset--spacing--h-3-bottom)\">B\u0116GIMO PLATFORMA &#8211; 1650 x 600 MM<\/h3>\n\n\n\n<p><strong><em>Komfortas atitinka na\u0161um\u0105<\/em><\/strong><\/p>\n\n\n\n<p>U\u017elipkite ant 1650 x 600 mm b\u0117gimo pavir\u0161iaus, kuriame yra pakankamai vietos patogiems \u017eingsniams. \u0160is b\u0117gimo takelis tinka \u012fvairaus \u016bgio naudotojams, nesvarbu, ar norite ramiai pasivaik\u0161\u010dioti, ar spar\u010diai b\u0117gti.<\/p>\n<\/div>\n\n\n\n<div class=\"wp-block-column is-vertically-aligned-center is-layout-flow wp-block-column-is-layout-flow\">\n<figure class=\"wp-block-video\"><video autoplay=\"\" controls=\"\" loop=\"\" muted=\"\" src=\"https:\/\/evolve-fitness.eu\/wp-content\/uploads\/2023\/08\/Dizainas-be-pavadinimo.mp4\"><\/video><\/figure>\n<\/div>\n<\/div>\n\n\n\n<div class=\"wp-block-columns alignwide is-layout-flex wp-container-core-columns-is-layout-c45ee707 wp-block-columns-is-layout-flex\" style=\"margin-bottom:var(--wp--preset--spacing--side-padding);padding-top:var(--wp--preset--spacing--side-padding)\">\n<div class=\"wp-block-column is-vertically-aligned-center is-layout-flow wp-block-column-is-layout-flow\">\n<figure class=\"wp-block-video\"><video autoplay=\"\" controls=\"\" loop=\"\" muted=\"\" src=\"https:\/\/evolve-fitness.eu\/wp-content\/uploads\/2023\/08\/Dizainas-be-pavadinimo1.mp4\"><\/video><\/figure>\n<\/div>\n\n\n\n<div class=\"wp-block-column is-vertically-aligned-center is-layout-flow wp-block-column-is-layout-flow\">\n<h3 class=\"wp-block-heading\" style=\"margin-bottom:var(--wp--preset--spacing--h-3-bottom)\">0-18 % ELEKTRONINIS NUOLYDIS<\/h3>\n\n\n\n<p><strong><em>I\u0161\u0161\u016bkis ir universalumas<\/em><\/strong><\/p>\n\n\n\n<p style=\"margin-bottom:var(--wp--preset--spacing--tb-section-padding)\">Keiskite savo treniruo\u010di\u0173 re\u017eim\u0105 naudodami 0-18 % elektronin\u012f nuolyd\u012f, kad gal\u0117tum\u0117te pritaikyti treniruot\u0117s intensyvum\u0105. \u0160i funkcija pa\u012fvairina treniruotes, nesvarbu, ar tai b\u016bt\u0173 \u0161velnus nuolydis, ar staigus pakilimas.<\/p>\n\n\n\n<h3 class=\"wp-block-heading\" style=\"margin-bottom:var(--wp--preset--spacing--h-3-bottom)\">MAKSIMALUS GREITIS &#8211; 25 KM\/VAL.<\/h3>\n\n\n\n<p><strong><em>Per\u017eengti ribas ir <strong>pasiekti tikslus<\/strong><\/em><\/strong><\/p>\n\n\n\n<p>I\u0161\u0161\u016bkis sau &#8211; 25 km\/val. greitis. Viename treniruoklyje galima pasiekti \u012fvairi\u0173 fizinio pasirengimo tiksl\u0173 &#8211; nuo tolygaus b\u0117gimo iki intensyvaus sprinto.<\/p>\n<\/div>\n<\/div>\n\n\n\n<div class=\"wp-block-columns alignwide are-vertically-aligned-center mobile-reverse is-layout-flex wp-container-core-columns-is-layout-e8158c2f wp-block-columns-is-layout-flex\" style=\"padding-top:var(--wp--preset--spacing--side-padding)\">\n<div class=\"wp-block-column is-vertically-aligned-center is-layout-flow wp-block-column-is-layout-flow\">\n<h3 class=\"wp-block-heading\" style=\"margin-bottom:var(--wp--preset--spacing--h-3-bottom)\"><strong>Didel\u0117s galios na\u0161umas<\/strong><\/h3>\n\n\n\n<p><strong><em><strong>Padidinkite savo treniruot\u0119<\/strong><\/em><\/strong><\/p>\n\n\n\n<p style=\"margin-bottom:var(--wp--preset--spacing--tb-section-padding)\">I\u0161bandykite \u012fsp\u016bding\u0105 &#8222;Evolve CT 500&#8221; gali\u0105, nes 5 AG nuolatinio veikimo kintamosios srov\u0117s variklis pasi\u017eymi 8 AG maksimalia galia. Pakilkite \u012f auk\u0161tesn\u012f lyg\u012f.<\/p>\n\n\n\n<h3 class=\"wp-block-heading\" style=\"margin-bottom:var(--wp--preset--spacing--h-3-bottom)\">\u0160IRDIES RITMO JUTIKLIAI<\/h3>\n\n\n\n<p><strong><em><strong>Steb\u0117kite savo pa\u017eang\u0105<\/strong><\/em><\/strong><\/p>\n\n\n\n<p>\u017dinokite apie savo k\u016bn\u0105 su integruotais \u0161irdies ritmo jutikliais. \u0160i funkcija padidina saugum\u0105 treniruo\u010di\u0173 metu ir padeda optimizuoti treniruotes, kad pasiektum\u0117te geresni\u0173 rezultat\u0173.<\/p>\n<\/div>\n\n\n\n<div class=\"wp-block-column is-vertically-aligned-center is-layout-flow wp-block-column-is-layout-flow\">\n<figure class=\"wp-block-image alignright size-large is-style-default\"><img decoding=\"async\" src=\"https:\/\/evolve-fitness.eu\/wp-content\/uploads\/2023\/08\/image00001-0-1024x488.jpg\" alt=\"\" class=\"wp-image-1032\"\/><\/figure>\n<\/div>\n<\/div>\n<\/section>\n\n<section class=\"wp-block-group alignfull black-content has-white-color has-darkgray-background-color has-text-color has-background is-layout-constrained wp-block-group-is-layout-constrained\" style=\"padding-top:var(--wp--preset--spacing--section-bottom);padding-bottom:var(--wp--preset--spacing--section-bottom)\">\n<div class=\"wp-block-columns alignwide is-layout-flex wp-container-core-columns-is-layout-ca64bf2d wp-block-columns-is-layout-flex\" style=\"margin-bottom:var(--wp--preset--spacing--side-padding)\">\n<div class=\"wp-block-column is-vertically-aligned-center is-layout-flow wp-block-column-is-layout-flow\">\n<figure class=\"wp-block-video\"><video autoplay=\"\" controls=\"\" loop=\"\" muted=\"\" src=\"https:\/\/evolve-fitness.eu\/wp-content\/uploads\/2023\/08\/Dizainas-be-pavadinimo2.mp4\"><\/video><\/figure>\n<\/div>\n\n\n\n<div class=\"wp-block-column is-vertically-aligned-center is-layout-flow wp-block-column-is-layout-flow\">\n<h3 class=\"wp-block-heading\" style=\"margin-bottom:var(--wp--preset--spacing--h-3-bottom)\"><strong>Interaktyvi LCD konsol\u0117<\/strong><\/h3>\n\n\n\n<p><strong><em><strong>\u012etraukianti patirtis<\/strong><\/em><\/strong><\/p>\n\n\n\n<p style=\"margin-bottom:var(--wp--preset--spacing--tb-section-padding)\">Pasinerkite \u012f savo fizin\u0117s b\u016bkl\u0117s duomenis naudodami interaktyv\u0173 LCD pult\u0105. Gaukite prieig\u0105 prie svarbiausios treniruo\u010di\u0173 informacijos ir m\u0117gaukit\u0117s 15 treniruo\u010di\u0173 program\u0173, sukurt\u0173 individualiam fiziniam pasirengimui.<\/p>\n\n\n\n<h3 class=\"wp-block-heading\" style=\"margin-bottom:var(--wp--preset--spacing--h-3-bottom)\"><strong><strong>\u012evairios treniruo\u010di\u0173 programos<\/strong><\/strong><\/h3>\n\n\n\n<p><strong><em><strong>Pritaikytas fitnesas<\/strong><\/em><\/strong><\/p>\n\n\n\n<p>Pasirinkite vien\u0105 i\u0161 15 treniruo\u010di\u0173 program\u0173, pritaikyt\u0173 j\u016bs\u0173 fitneso tikslams ir pageidavimams. \u0160ie universal\u016bs pratimai palaiko j\u016bs\u0173 motyvacij\u0105 ir u\u017etikrina veiksmingas treniruotes.<\/p>\n<\/div>\n<\/div>\n\n\n\n<div class=\"wp-block-columns alignwide mobile-reverse is-layout-flex wp-container-core-columns-is-layout-c45ee707 wp-block-columns-is-layout-flex\" style=\"margin-bottom:var(--wp--preset--spacing--side-padding);padding-top:var(--wp--preset--spacing--side-padding)\">\n<div class=\"wp-block-column is-vertically-aligned-center is-layout-flow wp-block-column-is-layout-flow\">\n<h3 class=\"wp-block-heading\" style=\"margin-bottom:var(--wp--preset--spacing--h-3-bottom)\"><strong>I\u0161pl\u0117stin\u0117<\/strong> mink\u0161tinimo sistema<\/h3>\n\n\n\n<p><strong><em><strong>Apsaugokite savo s\u0105narius<\/strong><\/em><\/strong><\/p>\n\n\n\n<p style=\"margin-bottom:var(--wp--preset--spacing--tb-section-padding)\">Teikite pirmenyb\u0119 s\u0105nari\u0173 sveikatai, naudodami b\u0117gimo takelio oro amortizacijos sistem\u0105. Puikiai amortizuoja sm\u016bgius, tod\u0117l su kiekvienu \u017eingsniu ma\u017e\u0117ja s\u0105nari\u0173 apkrova.<\/p>\n\n\n\n<h3 class=\"wp-block-heading\" style=\"margin-bottom:var(--wp--preset--spacing--h-3-bottom)\">SAUGIOJI ZONA<\/h3>\n\n\n\n<p><strong><em><strong>Pasitik\u0117jimas kiekvienu judesiu<\/strong><\/em><\/strong><\/p>\n\n\n\n<p>Jauskit\u0117s saug\u016bs d\u0117l b\u0117gimo takelio saugos funkcij\u0173, \u012fskaitant \u0161oninius tur\u0117klus ir neslystant\u012f dugno ra\u0161t\u0105. \u0160ie komponentai suteikia stabilumo ir pasitik\u0117jimo, kai siekiate savo fitneso tiksl\u0173.<\/p>\n<\/div>\n\n\n\n<div class=\"wp-block-column is-vertically-aligned-center is-layout-flow wp-block-column-is-layout-flow\">\n<figure class=\"wp-block-video\"><video autoplay=\"\" controls=\"\" loop=\"\" muted=\"\" src=\"https:\/\/evolve-fitness.eu\/wp-content\/uploads\/2023\/08\/Dizainas-be-pavadinimo-1.mp4\"><\/video><\/figure>\n<\/div>\n<\/div>\n\n\n\n<div class=\"wp-block-columns alignwide are-vertically-aligned-center is-layout-flex wp-container-core-columns-is-layout-e8158c2f wp-block-columns-is-layout-flex\" style=\"padding-top:var(--wp--preset--spacing--side-padding)\">\n<div class=\"wp-block-column is-vertically-aligned-center is-layout-flow wp-block-column-is-layout-flow\">\n<figure class=\"wp-block-image alignright size-large is-style-default\"><img decoding=\"async\" src=\"https:\/\/evolve-fitness.eu\/wp-content\/uploads\/2023\/08\/image00010-1024x768.jpg\" alt=\"\" class=\"wp-image-1035\"\/><\/figure>\n<\/div>\n\n\n\n<div class=\"wp-block-column is-vertically-aligned-center is-layout-flow wp-block-column-is-layout-flow\">\n<h3 class=\"wp-block-heading\" style=\"margin-bottom:var(--wp--preset--spacing--h-3-bottom)\"><strong>Dr\u0117kinimas ir patogumas<\/strong><\/h3>\n\n\n\n<p><strong><em><strong>B\u016bkite \u017eval\u016bs ir pasiruo\u0161\u0119<\/strong><\/em><\/strong><\/p>\n\n\n\n<p style=\"margin-bottom:var(--wp--preset--spacing--tb-section-padding)\">Treniruo\u010di\u0173 metu b\u016bkite apsir\u016bpin\u0119 vandeniu, naudodami patogius vandens buteliuk\u0173 laikiklius, o svarbiausius daiktus laikykite pasiekiamoje vietoje, naudodami pried\u0173 laikiklius.<\/p>\n<\/div>\n<\/div>\n<\/section>\n","protected":false},"excerpt":{"rendered":"<p>Pagerinkite savo treniruokli\u0173 sal\u0119 naudodami &#8222;Evolve CT 500 LCD&#8221; komercin\u012f b\u0117gimo takel\u012f &#8211; tvirt\u0105 pried\u0105, kuris pakeis j\u016bs\u0173 kardio treniruo\u010di\u0173 rutin\u0105. \u0160is ilgaam\u017eis b\u0117gimo takelis gali i\u0161laikyti iki 200 kg svor\u012f, tod\u0117l tinka \u012fvairiems naudotojams. Patirkite dinami\u0161kas treniruotes su reguliuojamais nuolyd\u017eiais ir iki 25 km\/val. grei\u010diu. Interaktyvioje LCD konsol\u0117je rodomi duomenys ir si\u016bloma 15 \u012fvairi\u0173 treniruo\u010di\u0173 program\u0173, pritaikyt\u0173 individualiai fizinei b\u016bklei. Pa\u017eangios amortizacijos ir saugos funkcijos u\u017etikrina patogi\u0105 treniruot\u0119, o virtualios trasos suteikia \u012fsp\u016bd\u017ei\u0173. Suteikite savo nariams galimyb\u0119 naudotis auk\u0161\u010diausios klas\u0117s kardio treniruokliu, kuriame dera na\u0161umas, naujov\u0117s ir \u012fsitraukimas.<\/p>\n","protected":false},"featured_media":5054,"template":"","meta":{"_acf_changed":false,"inline_featured_image":false},"product_cat":[117,137,138,139],"product_tag":[],"class_list":{"0":"post-7844","1":"product","2":"type-product","3":"status-publish","4":"has-post-thumbnail","6":"product_cat-pagrindinis-puslapis","7":"product_cat-kardio-iranga","8":"product_cat-komercine-kardio-iranga","9":"product_cat-econ-series-kardio","11":"first","12":"instock","13":"shipping-taxable","14":"purchasable","15":"product-type-simple"},"acf":[],"_links":{"self":[{"href":"https:\/\/store.evolve-fitness.eu\/lt\/wp-json\/wp\/v2\/product\/7844","targetHints":{"allow":["GET"]}}],"collection":[{"href":"https:\/\/store.evolve-fitness.eu\/lt\/wp-json\/wp\/v2\/product"}],"about":[{"href":"https:\/\/store.evolve-fitness.eu\/lt\/wp-json\/wp\/v2\/types\/product"}],"wp:featuredmedia":[{"embeddable":true,"href":"https:\/\/store.evolve-fitness.eu\/lt\/wp-json\/wp\/v2\/media\/5054"}],"wp:attachment":[{"href":"https:\/\/store.evolve-fitness.eu\/lt\/wp-json\/wp\/v2\/media?parent=7844"}],"wp:term":[{"taxonomy":"product_cat","embeddable":true,"href":"https:\/\/store.evolve-fitness.eu\/lt\/wp-json\/wp\/v2\/product_cat?post=7844"},{"taxonomy":"product_tag","embeddable":true,"href":"https:\/\/store.evolve-fitness.eu\/lt\/wp-json\/wp\/v2\/product_tag?post=7844"}],"curies":[{"name":"wp","href":"https:\/\/api.w.org\/{rel}","templated":true}]}}