{"id":7840,"date":"2023-09-26T10:08:14","date_gmt":"2023-09-26T10:08:14","guid":{"rendered":"https:\/\/store.evolve-fitness.eu\/produktas\/evolve-powerlifting-garso-ir-vibracijos-absorbcijos-platforma-su-trumpu-ideklu-205-x-310-x-10-cm\/"},"modified":"2025-12-04T13:20:33","modified_gmt":"2025-12-04T13:20:33","slug":"evolve-powerlifting-garso-ir-vibracijos-absorbcijos-platforma-su-trumpu-ideklu-205-x-310-x-10-cm","status":"publish","type":"product","link":"https:\/\/store.evolve-fitness.eu\/lt\/produktas\/evolve-powerlifting-garso-ir-vibracijos-absorbcijos-platforma-su-trumpu-ideklu-205-x-310-x-10-cm\/","title":{"rendered":"&#8222;Evolve Powerlifting&#8221; garso ir vibracijos absorbcijos platforma su trumpu \u012fd\u0117klu 205 x 310 x 10 cm"},"content":{"rendered":"\n<section class=\"wp-block-group alignfull black-content has-white-color has-darkgray-background-color has-text-color has-background is-layout-constrained wp-block-group-is-layout-constrained\" style=\"padding-top:var(--wp--preset--spacing--section-bottom);padding-bottom:var(--wp--preset--spacing--section-bottom)\">\n<section class=\"wp-block-group alignfull black-content has-white-color has-darkgray-background-color has-text-color has-background is-layout-constrained wp-block-group-is-layout-constrained\" style=\"padding-top:var(--wp--preset--spacing--section-bottom);padding-bottom:var(--wp--preset--spacing--section-bottom)\">\n<div class=\"wp-block-columns alignwide mobile-reverse is-layout-flex wp-container-core-columns-is-layout-ca64bf2d wp-block-columns-is-layout-flex\" style=\"margin-bottom:var(--wp--preset--spacing--side-padding)\">\n<div class=\"wp-block-column is-vertically-aligned-center is-layout-flow wp-block-column-is-layout-flow\">\n<h3 class=\"wp-block-heading\" style=\"margin-bottom:var(--wp--preset--spacing--h-3-bottom)\">lazeriu i\u0161pjauto logotipo detal\u0117s<\/h3>\n\n\n\n<p><strong><em>Estetika ir auk\u0161\u010diausios kokyb\u0117s meistri\u0161kumas<\/em><\/strong><\/p>\n\n\n\n<p>Pristatome m\u016bs\u0173 nuostabias lazeriu i\u0161pjautas logotipo detales, \u012fk\u016bnijan\u010dias sunkiosios atletikos rafinuotum\u0105. \u0160ios auk\u0161t\u0173j\u0173 technologij\u0173 funkcijos, pagamintos naudojant tiksli\u0105 lazerinio pjaustymo technologij\u0105, pasi\u017eymi \u012fsp\u016bdinga estetika, \u0161variomis ir a\u0161triomis briaunomis, tod\u0117l j\u016bs\u0173 sporto salei suteikia neabejotinos vert\u0117s ir rafinuotumo. J\u0173 i\u0161skirtinis meistri\u0161kumas u\u017etikrina ilgaam\u017ei\u0161kum\u0105 ir padidina bendr\u0105 platformos vientisum\u0105. \u012evertinkite savo klas\u0117s sunkiosios atletikos men\u0105, pagerindami sporto sal\u0117s patirt\u012f neprilygstama estetika ir tikslumu.<\/p>\n<\/div>\n\n\n\n<div class=\"wp-block-column is-vertically-aligned-center is-layout-flow wp-block-column-is-layout-flow\">\n<figure class=\"wp-block-image size-full is-style-rounded\"><img loading=\"lazy\" decoding=\"async\" width=\"680\" height=\"600\" src=\"https:\/\/store.evolve-fitness.eu\/wp-content\/uploads\/2023\/09\/Dizainas-be-pavadinimo-7-4.png\" alt=\"\" class=\"wp-image-124655\" srcset=\"https:\/\/store.evolve-fitness.eu\/wp-content\/uploads\/2023\/09\/Dizainas-be-pavadinimo-7-4.png 680w, https:\/\/store.evolve-fitness.eu\/wp-content\/uploads\/2023\/09\/Dizainas-be-pavadinimo-7-4-300x265.png 300w, https:\/\/store.evolve-fitness.eu\/wp-content\/uploads\/2023\/09\/Dizainas-be-pavadinimo-7-4-600x529.png 600w\" sizes=\"auto, (max-width: 680px) 100vw, 680px\" \/><\/figure>\n<\/div>\n<\/div>\n\n\n\n<div class=\"wp-block-columns alignwide mobile-reverse is-layout-flex wp-container-core-columns-is-layout-ca64bf2d wp-block-columns-is-layout-flex\" style=\"margin-bottom:var(--wp--preset--spacing--side-padding)\">\n<div class=\"wp-block-column is-vertically-aligned-center is-layout-flow wp-block-column-is-layout-flow\">\n<figure class=\"wp-block-image size-full is-style-rounded\"><img loading=\"lazy\" decoding=\"async\" width=\"680\" height=\"600\" src=\"https:\/\/store.evolve-fitness.eu\/wp-content\/uploads\/2023\/09\/Dizainas-be-pavadinimo-8-2.png\" alt=\"\" class=\"wp-image-124680\" srcset=\"https:\/\/store.evolve-fitness.eu\/wp-content\/uploads\/2023\/09\/Dizainas-be-pavadinimo-8-2.png 680w, https:\/\/store.evolve-fitness.eu\/wp-content\/uploads\/2023\/09\/Dizainas-be-pavadinimo-8-2-300x265.png 300w, https:\/\/store.evolve-fitness.eu\/wp-content\/uploads\/2023\/09\/Dizainas-be-pavadinimo-8-2-600x529.png 600w\" sizes=\"auto, (max-width: 680px) 100vw, 680px\" \/><\/figure>\n<\/div>\n\n\n\n<div class=\"wp-block-column is-vertically-aligned-center is-layout-flow wp-block-column-is-layout-flow\">\n<h3 class=\"wp-block-heading\" style=\"margin-bottom:var(--wp--preset--spacing--h-3-bottom)\">SUTVIRTINTI KAMPAI<\/h3>\n\n\n\n<p><strong><em>Patobulintas strukt\u016brinis vientisumas, u\u017etikrinantis maksimal\u0173 stabilum\u0105<\/em><\/strong><\/p>\n\n\n\n<p style=\"margin-bottom:var(--wp--preset--spacing--tb-section-padding)\">Suprantame, kad intensyvaus sunkiosios atletikos u\u017esi\u0117mimo metu reikia nepajudinamo stabilumo. Tod\u0117l m\u016bs\u0173 sunkiosios atletikos platforma turi sutvirtintus kampus, u\u017etikrinan\u010dius maksimal\u0173 konstrukcijos vientisum\u0105 ir atram\u0105. \u0160ie tiksliai suprojektuoti kampai sustiprina r\u0117m\u0105 ir apsaugo j\u012f nuo j\u0117g\u0173, atsirandan\u010di\u0173 keliant sunk\u0173 krovin\u012f. Naudodami \u0161\u012f puik\u0173 dizaino element\u0105 galite dr\u0105siai kelti, nes \u017einote, kad m\u016bs\u0173 platforma susidoros su bet kokiais i\u0161\u0161\u016bkiais. Pasinaudokite sustiprintos j\u0117gos galia ir pagerinkite savo sunkiosios atletikos rezultatus d\u0117l didesnio stabilumo.<\/p>\n<\/div>\n<\/div>\n\n\n\n<div class=\"wp-block-columns alignwide mobile-reverse is-layout-flex wp-container-core-columns-is-layout-ca64bf2d wp-block-columns-is-layout-flex\" style=\"margin-bottom:var(--wp--preset--spacing--side-padding)\">\n<div class=\"wp-block-column is-vertically-aligned-center is-layout-flow wp-block-column-is-layout-flow\">\n<h3 class=\"wp-block-heading\" style=\"margin-bottom:var(--wp--preset--spacing--h-3-bottom)\">\u017daidim\u0105 kei\u010diantis<\/h3>\n\n\n\n<p><strong><em>SILENT FOAM\u2122 technologija<\/em><\/strong><\/p>\n\n\n\n<p>M\u016bs\u0173 platformoje demonstruojama novatori\u0161ka SILENT FOAM\u2122 technologija, nustatanti naujus sunkiosios atletikos platform\u0173 standartus. \u0160is naujovi\u0161kas putplastis, sukurtas siekiant u\u017etikrinti neprilygstam\u0105 komfort\u0105 ir na\u0161um\u0105, sugeria gars\u0105 ir vibracij\u0105, tod\u0117l treniruo\u010di\u0173 aplinka yra rami. Kartu su m\u016bs\u0173 pa\u017eangia kompozicini\u0173 put\u0173 technologija, galite patirti neprilygstam\u0105 sm\u016bgi\u0173 sug\u0117rim\u0105, kuris suma\u017eina \u012ftamp\u0105 per visus pak\u0117limus. Atskleiskite savo tikr\u0105j\u012f sunkiosios atletikos potencial\u0105, nes m\u016bs\u0173 platforma u\u017etikrina tvirt\u0105 atram\u0105 ir stabilum\u0105 sunkiausioms treniruot\u0117ms.<\/p>\n<\/div>\n\n\n\n<div class=\"wp-block-column is-vertically-aligned-center is-layout-flow wp-block-column-is-layout-flow\">\n<figure class=\"wp-block-video\"><video height=\"1200\" style=\"aspect-ratio: 1200 \/ 1200;\" width=\"1200\" autoplay=\"\" controls=\"\" loop=\"\" muted=\"\" src=\"https:\/\/evolve-fitness.eu\/wp-content\/uploads\/2023\/11\/1SILENT-FOAM&#x2122;-Technology.mp4\"><\/video><\/figure>\n<\/div>\n<\/div>\n\n\n\n<div class=\"wp-block-columns alignwide mobile-reverse is-layout-flex wp-container-core-columns-is-layout-ca64bf2d wp-block-columns-is-layout-flex\" style=\"margin-bottom:var(--wp--preset--spacing--side-padding)\">\n<div class=\"wp-block-column is-vertically-aligned-center is-layout-flow wp-block-column-is-layout-flow\">\n<figure class=\"wp-block-image size-full is-resized is-style-rounded\"><img decoding=\"async\" src=\"https:\/\/evolve-fitness.eu\/wp-content\/uploads\/2023\/11\/Evolve-Powerlifting-Sound-Vibration-Absorption-Platform-With-Short-Insert-205-x-310-x-10-cm.png\" alt=\"\" class=\"wp-image-7300\" style=\"object-fit:cover;width:680px;height:600px\"\/><\/figure>\n<\/div>\n\n\n\n<div class=\"wp-block-column is-vertically-aligned-center is-layout-flow wp-block-column-is-layout-flow\">\n<h4 class=\"wp-block-heading\">DILIMUI ATSPARI DAUGIASLUOKSN\u0116 GUMA  <\/h4>\n\n\n\n<p><strong><em>Lengvai valomas, netrupantis pavir\u0161ius<\/em><\/strong><\/p>\n\n\n\n<p>  Atraskite m\u016bs\u0173 i\u0161skirtinio d\u0117v\u0117jimuisi atsparaus daugiasluoksnio gumos pavir\u0161iaus, pasi\u017eymin\u010dio pa\u017eangia laminavimo technologija ir u\u017etikrinan\u010dio neprilygstam\u0105 ilgaam\u017ei\u0161kum\u0105, gali\u0105. Sukurta taip, kad atlaikyt\u0173 grie\u017e\u010diausias sunkiosios atletikos treniruotes, \u0161i pa\u017eangiausia guma yra atspari nusid\u0117v\u0117jimui, tod\u0117l skiriasi nuo \u012fprast\u0173 platform\u0173. Pasinaudokite laminuotos gumos privalumais, nes ji padidina j\u016bs\u0173 treniruo\u010di\u0173 patirt\u012f d\u0117l neprilygstamo tvirtumo ir patikimumo. Daugiau joki\u0173 kompromis\u0173 &#8211; i\u0161bandykite ilgaam\u017e\u0119 platform\u0105, sukurt\u0105 galvojant apie sportinink\u0105.<\/p>\n<\/div>\n<\/div>\n\n\n\n<h3 class=\"wp-block-heading\" style=\"padding-top:var(--wp--preset--spacing--tb-section-padding);padding-bottom:var(--wp--preset--spacing--tb-section-padding)\">Pasirinkite \u012fd\u0117klo tip\u0105<\/h3>\n\n\n\n<div class=\"wp-block-columns is-layout-flex wp-container-core-columns-is-layout-9d6595d7 wp-block-columns-is-layout-flex\">\n<div class=\"wp-block-column is-layout-flow wp-block-column-is-layout-flow\">\n<figure class=\"wp-block-image size-full is-style-rounded\"><img loading=\"lazy\" decoding=\"async\" width=\"2060\" height=\"2060\" src=\"https:\/\/store.evolve-fitness.eu\/wp-content\/uploads\/2023\/09\/A7_01148-2.jpg\" alt=\"\" class=\"wp-image-124730\" srcset=\"https:\/\/store.evolve-fitness.eu\/wp-content\/uploads\/2023\/09\/A7_01148-2.jpg 2060w, https:\/\/store.evolve-fitness.eu\/wp-content\/uploads\/2023\/09\/A7_01148-2-300x300.jpg 300w, https:\/\/store.evolve-fitness.eu\/wp-content\/uploads\/2023\/09\/A7_01148-2-1024x1024.jpg 1024w, https:\/\/store.evolve-fitness.eu\/wp-content\/uploads\/2023\/09\/A7_01148-2-150x150.jpg 150w, https:\/\/store.evolve-fitness.eu\/wp-content\/uploads\/2023\/09\/A7_01148-2-768x768.jpg 768w, https:\/\/store.evolve-fitness.eu\/wp-content\/uploads\/2023\/09\/A7_01148-2-1536x1536.jpg 1536w, https:\/\/store.evolve-fitness.eu\/wp-content\/uploads\/2023\/09\/A7_01148-2-2048x2048.jpg 2048w, https:\/\/store.evolve-fitness.eu\/wp-content\/uploads\/2023\/09\/A7_01148-2-600x600.jpg 600w, https:\/\/store.evolve-fitness.eu\/wp-content\/uploads\/2023\/09\/A7_01148-2-100x100.jpg 100w\" sizes=\"auto, (max-width: 2060px) 100vw, 2060px\" \/><\/figure>\n<\/div>\n\n\n\n<div class=\"wp-block-column is-layout-flow wp-block-column-is-layout-flow\">\n<figure class=\"wp-block-image size-full is-style-rounded\"><img loading=\"lazy\" decoding=\"async\" width=\"2060\" height=\"2060\" src=\"https:\/\/store.evolve-fitness.eu\/wp-content\/uploads\/2023\/09\/A7_01182-4.jpg\" alt=\"\" class=\"wp-image-124755\" srcset=\"https:\/\/store.evolve-fitness.eu\/wp-content\/uploads\/2023\/09\/A7_01182-4.jpg 2060w, https:\/\/store.evolve-fitness.eu\/wp-content\/uploads\/2023\/09\/A7_01182-4-300x300.jpg 300w, https:\/\/store.evolve-fitness.eu\/wp-content\/uploads\/2023\/09\/A7_01182-4-1024x1024.jpg 1024w, https:\/\/store.evolve-fitness.eu\/wp-content\/uploads\/2023\/09\/A7_01182-4-150x150.jpg 150w, https:\/\/store.evolve-fitness.eu\/wp-content\/uploads\/2023\/09\/A7_01182-4-768x768.jpg 768w, https:\/\/store.evolve-fitness.eu\/wp-content\/uploads\/2023\/09\/A7_01182-4-1536x1536.jpg 1536w, https:\/\/store.evolve-fitness.eu\/wp-content\/uploads\/2023\/09\/A7_01182-4-2048x2048.jpg 2048w, https:\/\/store.evolve-fitness.eu\/wp-content\/uploads\/2023\/09\/A7_01182-4-600x600.jpg 600w, https:\/\/store.evolve-fitness.eu\/wp-content\/uploads\/2023\/09\/A7_01182-4-100x100.jpg 100w\" sizes=\"auto, (max-width: 2060px) 100vw, 2060px\" \/><\/figure>\n<\/div>\n\n\n\n<div class=\"wp-block-column is-layout-flow wp-block-column-is-layout-flow\">\n<figure class=\"wp-block-image size-full is-resized is-style-rounded\"><img loading=\"lazy\" decoding=\"async\" width=\"2060\" height=\"2060\" src=\"https:\/\/store.evolve-fitness.eu\/wp-content\/uploads\/2023\/09\/A7_01163-2.jpg\" alt=\"\" class=\"wp-image-124780\" style=\"width:463px;height:auto\" srcset=\"https:\/\/store.evolve-fitness.eu\/wp-content\/uploads\/2023\/09\/A7_01163-2.jpg 2060w, https:\/\/store.evolve-fitness.eu\/wp-content\/uploads\/2023\/09\/A7_01163-2-300x300.jpg 300w, https:\/\/store.evolve-fitness.eu\/wp-content\/uploads\/2023\/09\/A7_01163-2-1024x1024.jpg 1024w, https:\/\/store.evolve-fitness.eu\/wp-content\/uploads\/2023\/09\/A7_01163-2-150x150.jpg 150w, https:\/\/store.evolve-fitness.eu\/wp-content\/uploads\/2023\/09\/A7_01163-2-768x768.jpg 768w, https:\/\/store.evolve-fitness.eu\/wp-content\/uploads\/2023\/09\/A7_01163-2-1536x1536.jpg 1536w, https:\/\/store.evolve-fitness.eu\/wp-content\/uploads\/2023\/09\/A7_01163-2-2048x2048.jpg 2048w, https:\/\/store.evolve-fitness.eu\/wp-content\/uploads\/2023\/09\/A7_01163-2-600x600.jpg 600w, https:\/\/store.evolve-fitness.eu\/wp-content\/uploads\/2023\/09\/A7_01163-2-100x100.jpg 100w\" sizes=\"auto, (max-width: 2060px) 100vw, 2060px\" \/><\/figure>\n<\/div>\n<\/div>\n\n\n\n<div class=\"wp-block-columns is-layout-flex wp-container-core-columns-is-layout-9d6595d7 wp-block-columns-is-layout-flex\">\n<div class=\"wp-block-column is-vertically-aligned-center is-layout-flow wp-block-column-is-layout-flow\">\n<h4 class=\"wp-block-heading\" style=\"margin-bottom:var(--wp--preset--spacing--h-3-bottom)\">VIENTISA FANERA<\/h4>\n\n\n\n<p><strong><em>Su saugia neslystan\u010dia danga<\/em><\/strong><\/p>\n\n\n\n<p>M\u016bs\u0173 sunkiosios atletikos platforma, pagaminta i\u0161 vieno gabalo faneros ir padengta neslystan\u010dia danga, u\u017etikrina saug\u0173 ir elasting\u0105 pavir\u0161i\u0173 kiekvienam k\u0117limui. \u0160i auk\u0161\u010diausios kokyb\u0117s fanera, papildyta neslystan\u010dia rankena, suteikia stabilumo, kurio reikia norint \u012fveikti net sud\u0117tingiausius pak\u0117limus. Pasiekite tobul\u0105 darb\u0105 kojomis, i\u0161laikykite nuosekli\u0105 pad\u0117t\u012f ir atskleiskite tikr\u0105j\u012f k\u0117limo potencial\u0105, naudodami neprilygstam\u0105 m\u016bs\u0173 platformos pavir\u0161iaus dizain\u0105.<\/p>\n<\/div>\n\n\n\n<div class=\"wp-block-column is-vertically-aligned-center is-layout-flow wp-block-column-is-layout-flow\">\n<h4 class=\"wp-block-heading\" style=\"margin-bottom:var(--wp--preset--spacing--h-3-bottom)\">MED\u017dIO IMITACIJOS FANERA<\/h4>\n\n\n\n<p><strong><em>Gamtos estetika<\/em><\/strong><\/p>\n\n\n\n<p>Pasitik\u0117kite nat\u016braliu med\u017eio gro\u017eiu, nesuma\u017eindami eksploatacini\u0173 savybi\u0173. M\u016bs\u0173 med\u017eio imitacijos fanera dvelkia elegancija ir \u017eavesiu, suteikdama j\u016bs\u0173 sporto sal\u0117s aplinkai rafinuotumo. \u0160is variantas yra toks pat esteti\u0161kas, kaip ir tikra mediena, tod\u0117l ilgaam\u017ei\u0161kumas ir nat\u016brali\u0173 med\u017eiag\u0173 \u017eavesys sukuria \u0161ilt\u0105 ir patraukli\u0105 atmosfer\u0105 sporto sal\u0117s lankytojams.<\/p>\n<\/div>\n\n\n\n<div class=\"wp-block-column is-vertically-aligned-center is-layout-flow wp-block-column-is-layout-flow\">\n<h4 class=\"wp-block-heading\" style=\"margin-bottom:var(--wp--preset--spacing--h-3-bottom)\">PREMIUM \u0104\u017dUOLAS<\/h4>\n\n\n\n<p><strong><em>I\u0161 naujo apibr\u0117\u017eta elegancija<\/em><\/strong><\/p>\n\n\n\n<p>Su m\u016bs\u0173 &#8222;Premium&#8221; \u0105\u017euolo stalties\u0117mis pakyl\u0117kite savo sporto sal\u0119 \u012f naujas rafinuotumo auk\u0161tumas. \u0160is auk\u0161\u010diausios kokyb\u0117s variantas, pagamintas i\u0161 nat\u016bralaus \u0105\u017euolo, dvelkia nesenstan\u010dia elegancija ir presti\u017eu. Jos nat\u016bralus gro\u017eis, ry\u0161k\u016bs tekst\u016bros ra\u0161tai ir neprilygstamas tvirtumas sukuria i\u0161ties prabangi\u0105 sporto sal\u0117s erdv\u0119. Naudodami &#8222;Premium Oak&#8221; ne tik investuojate \u012f auk\u0161\u010diausio lygio \u012frang\u0105, bet ir sukuriate aplink\u0105, kuri \u012fkvepia ir motyvuoja sporto entuziastus kuo geriau siekti savo fitneso tiksl\u0173.<\/p>\n<\/div>\n<\/div>\n<\/section>\n<\/section>\n","protected":false},"excerpt":{"rendered":"<p>Atnaujinkite savo sporto sal\u0119 naudodami &#8222;Evolve Powerlifting Platform&#8221; &#8211; moderniausi\u0105 205 x 310 x 10 cm dyd\u017eio \u012frang\u0105, sukurt\u0105 taip, kad puikiai sugert\u0173 gars\u0105 ir vibracij\u0105. Jis pasi\u017eymi eleganti\u0161komis lazeriu pjaustyto logotipo detal\u0117mis, sustiprintais kampais, u\u017etikrinan\u010diais stabilum\u0105, ir naujovi\u0161ka SILENT FOAM\u2122 technologija, u\u017etikrinan\u010dia tylesn\u0119 treniruo\u010di\u0173 aplink\u0105. Patvar\u0173, d\u0117v\u0117jimuisi atspar\u0173 daugiasluoksn\u0117s gumos pavir\u0161i\u0173 lengva valyti ir pri\u017ei\u016br\u0117ti. Rinkit\u0117s stilingus \u012fd\u0117klus, pavyzd\u017eiui, i\u0161 neslid\u017eios faneros, med\u017eio imitacijos arba auk\u0161\u010diausios kokyb\u0117s \u0105\u017euolo, kad jie der\u0117t\u0173 prie j\u016bs\u0173 sporto sal\u0117s aplinkos. 221 kg sverianti ir 2 met\u0173 garantij\u0105 turinti platforma puikiai tinka funkcionaliai ir rafinuotai patobulinti bet koki\u0105 treniruokli\u0173 sal\u0119.<\/p>\n","protected":false},"featured_media":82205,"template":"","meta":{"_acf_changed":false,"inline_featured_image":false},"product_cat":[2405,193,196],"product_tag":[],"class_list":{"0":"post-7840","1":"product","2":"type-product","3":"status-publish","4":"has-post-thumbnail","6":"product_cat-hyrox-gear","7":"product_cat-platformos-ir-grindys","8":"product_cat-platformos","10":"first","11":"outofstock","12":"shipping-taxable","13":"purchasable","14":"product-type-variable"},"acf":[],"_links":{"self":[{"href":"https:\/\/store.evolve-fitness.eu\/lt\/wp-json\/wp\/v2\/product\/7840","targetHints":{"allow":["GET"]}}],"collection":[{"href":"https:\/\/store.evolve-fitness.eu\/lt\/wp-json\/wp\/v2\/product"}],"about":[{"href":"https:\/\/store.evolve-fitness.eu\/lt\/wp-json\/wp\/v2\/types\/product"}],"wp:featuredmedia":[{"embeddable":true,"href":"https:\/\/store.evolve-fitness.eu\/lt\/wp-json\/wp\/v2\/media\/82205"}],"wp:attachment":[{"href":"https:\/\/store.evolve-fitness.eu\/lt\/wp-json\/wp\/v2\/media?parent=7840"}],"wp:term":[{"taxonomy":"product_cat","embeddable":true,"href":"https:\/\/store.evolve-fitness.eu\/lt\/wp-json\/wp\/v2\/product_cat?post=7840"},{"taxonomy":"product_tag","embeddable":true,"href":"https:\/\/store.evolve-fitness.eu\/lt\/wp-json\/wp\/v2\/product_tag?post=7840"}],"curies":[{"name":"wp","href":"https:\/\/api.w.org\/{rel}","templated":true}]}}