{"id":7820,"date":"2023-09-25T07:41:07","date_gmt":"2023-09-25T07:41:07","guid":{"rendered":"https:\/\/store.evolve-fitness.eu\/produktas\/evolve-vidaus-grindu-plyteles-su-grazia-virsutine-apdaila-100-x-100-x-15-cm-5-cm\/"},"modified":"2025-11-07T11:00:39","modified_gmt":"2025-11-07T11:00:39","slug":"evolve-vidaus-grindu-plyteles-su-grazia-virsutine-apdaila-100-x-100-x-15-cm-5-cm","status":"publish","type":"product","link":"https:\/\/store.evolve-fitness.eu\/lt\/produktas\/evolve-vidaus-grindu-plyteles-su-grazia-virsutine-apdaila-100-x-100-x-15-cm-5-cm\/","title":{"rendered":"&#8222;Evolve&#8221; vidaus grind\u0173 plytel\u0117s su gra\u017eia vir\u0161utine apdaila 100 x 100 x 1,5 cm &#8211; 5 cm"},"content":{"rendered":"\n<section class=\"wp-block-group alignfull black-content has-white-color has-darkgray-background-color has-text-color has-background is-layout-constrained wp-block-group-is-layout-constrained\" style=\"padding-top:var(--wp--preset--spacing--section-bottom);padding-bottom:var(--wp--preset--spacing--section-bottom)\">\n<div class=\"wp-block-columns alignwide is-layout-flex wp-container-core-columns-is-layout-c45ee707 wp-block-columns-is-layout-flex\" style=\"margin-bottom:var(--wp--preset--spacing--side-padding);padding-top:var(--wp--preset--spacing--side-padding)\">\n<div class=\"wp-block-column is-vertically-aligned-center is-layout-flow wp-block-column-is-layout-flow\">\n<h3 class=\"wp-block-heading\"><strong>Pa\u017eangi 20 mm vir\u0161utinio sluoksnio technologija<\/strong><\/h3>\n\n\n\n<p><strong><em><strong><em>Sukurta siekiant u\u017etikrinti ypating\u0105 patvarum\u0105 ir saugum\u0105<\/em><\/strong><\/em><\/strong><\/p>\n\n\n\n<p style=\"margin-bottom:var(--wp--preset--spacing--tb-section-padding)\">Inovatyvus 20 mm vir\u0161utinis &#8222;Evolve Indoor Floor&#8221; plyteli\u0173 sluoksnis jas i\u0161skiria, nes u\u017etikrina neprilygstam\u0105 atsparum\u0105 d\u0117v\u0117jimuisi, kur\u012f sukelia sunki \u012franga ir didelio poveikio pratimai. \u0160is pa\u017eangus sluoksnis sugeria sm\u016bgius, ma\u017eina triuk\u0161m\u0105 ir gerina sukibim\u0105, u\u017etikrindamas saugesn\u0119 ir patogesn\u0119 treniruo\u010di\u0173 patirt\u012f. Nesvarbu, ar m\u0117tote svarmenis, ar atliekate dinaminius judesius, \u0161ios plytel\u0117s yra sukurtos taip, kad visk\u0105 lengvai atlaikyt\u0173.  <br\/><br\/>D\u0117l \u0161ios dangos gumos pavir\u0161ius yra visi\u0161kai lygus, tod\u0117l laikui b\u0117gant jis netrupa ir j\u012f lengviau valyti bei pri\u017ei\u016br\u0117ti.<\/p>\n<\/div>\n\n\n\n<div class=\"wp-block-column is-vertically-aligned-center is-layout-flow wp-block-column-is-layout-flow\">\n<figure class=\"wp-block-image size-large\"><img loading=\"lazy\" decoding=\"async\" width=\"1024\" height=\"512\" src=\"https:\/\/store.evolve-fitness.eu\/wp-content\/uploads\/2023\/09\/2-6-1024x512.jpg\" alt=\"\" class=\"wp-image-127026\" srcset=\"https:\/\/store.evolve-fitness.eu\/wp-content\/uploads\/2023\/09\/2-6-1024x512.jpg 1024w, https:\/\/store.evolve-fitness.eu\/wp-content\/uploads\/2023\/09\/2-6-300x150.jpg 300w, https:\/\/store.evolve-fitness.eu\/wp-content\/uploads\/2023\/09\/2-6-768x384.jpg 768w, https:\/\/store.evolve-fitness.eu\/wp-content\/uploads\/2023\/09\/2-6-1536x768.jpg 1536w, https:\/\/store.evolve-fitness.eu\/wp-content\/uploads\/2023\/09\/2-6-2048x1024.jpg 2048w, https:\/\/store.evolve-fitness.eu\/wp-content\/uploads\/2023\/09\/2-6-600x300.jpg 600w\" sizes=\"auto, (max-width: 1024px) 100vw, 1024px\" \/><\/figure>\n<\/div>\n<\/div>\n\n\n\n<div class=\"wp-block-columns alignwide are-vertically-aligned-center mobile-reverse is-layout-flex wp-container-core-columns-is-layout-e8158c2f wp-block-columns-is-layout-flex\" style=\"padding-top:var(--wp--preset--spacing--side-padding)\">\n<div class=\"wp-block-column is-vertically-aligned-center is-layout-flow wp-block-column-is-layout-flow\">\n<figure class=\"wp-block-image size-large\"><img decoding=\"async\" src=\"https:\/\/evolve-fitness.eu\/wp-content\/uploads\/2023\/09\/1-4-576x1024.jpg\" alt=\"\" class=\"wp-image-171242\"\/><\/figure>\n<\/div>\n\n\n\n<div class=\"wp-block-column is-vertically-aligned-center is-layout-flow wp-block-column-is-layout-flow\">\n<h3 class=\"wp-block-heading\" style=\"margin-bottom:var(--wp--preset--spacing--h-3-bottom)\"><strong>Universalus sporto grind\u0173 dangos sprendimas<\/strong><\/h3>\n\n\n\n<p><strong><em><strong><em>Sukurta fitneso ir sporto meistri\u0161kumui<\/em><\/strong><\/em><\/strong><\/p>\n\n\n\n<p style=\"margin-bottom:var(--wp--preset--spacing--tb-section-padding)\">&#8222;Evolve Indoor Floor&#8221; plytel\u0117s yra geriausias pasirinkimas kuriant funkcionali\u0105 ir universali\u0105 sporto aplink\u0105. D\u0117l tvirtos konstrukcijos ir neslystan\u010dio pavir\u0161iaus jos tinka \u012fvairiems u\u017esi\u0117mimams, \u012fskaitant sunki\u0105j\u0105 atletik\u0105, kardio treniruotes, jog\u0105 ir komandines sporto \u0161akas. Lengvai montuojamos ir pri\u017ei\u016brimos, \u0161ios plytel\u0117s yra patikimas grind\u0173 dangos pasirinkimas, padedantis sportuojantiems bet kokio fizinio pasirengimo lygio sportininkams, u\u017etikrinantis komfort\u0105, saugum\u0105 ir na\u0161um\u0105 bet kokioje aplinkoje.  <\/p>\n<\/div>\n<\/div>\n<\/section>\n","protected":false},"excerpt":{"rendered":"<p>&#8222;Evolve Indoor Floor&#8221; plytel\u0117s yra auk\u0161\u010diausios kokyb\u0117s grind\u0173 dangos, sukurtos taip, kad atlaikyt\u0173 sunkiausias sporto sal\u0117s s\u0105lygas ir u\u017etikrint\u0173 saugum\u0105 bei ilgaam\u017ei\u0161kum\u0105 d\u0117l specialaus vir\u0161utinio 20 mm sluoksnio. \u0160ios plytel\u0117s idealiai tinka intensyviam naudojimui, pasi\u017eymi i\u0161skirtiniu atsparumu sm\u016bgiams, triuk\u0161mo ma\u017einimu ir patogumu \u012fvairioms sporto ir sveikatingumo veikloms. Jas labai lengva pri\u017ei\u016br\u0117ti ir valyti.  <\/p>\n","protected":false},"featured_media":88731,"template":"","meta":{"_acf_changed":false,"inline_featured_image":false},"product_cat":[117,193,194],"product_tag":[],"class_list":{"0":"post-7820","1":"product","2":"type-product","3":"status-publish","4":"has-post-thumbnail","6":"product_cat-pagrindinis-puslapis","7":"product_cat-platformos-ir-grindys","8":"product_cat-grindys","10":"first","11":"instock","12":"shipping-taxable","13":"purchasable","14":"product-type-variable"},"acf":[],"_links":{"self":[{"href":"https:\/\/store.evolve-fitness.eu\/lt\/wp-json\/wp\/v2\/product\/7820","targetHints":{"allow":["GET"]}}],"collection":[{"href":"https:\/\/store.evolve-fitness.eu\/lt\/wp-json\/wp\/v2\/product"}],"about":[{"href":"https:\/\/store.evolve-fitness.eu\/lt\/wp-json\/wp\/v2\/types\/product"}],"wp:featuredmedia":[{"embeddable":true,"href":"https:\/\/store.evolve-fitness.eu\/lt\/wp-json\/wp\/v2\/media\/88731"}],"wp:attachment":[{"href":"https:\/\/store.evolve-fitness.eu\/lt\/wp-json\/wp\/v2\/media?parent=7820"}],"wp:term":[{"taxonomy":"product_cat","embeddable":true,"href":"https:\/\/store.evolve-fitness.eu\/lt\/wp-json\/wp\/v2\/product_cat?post=7820"},{"taxonomy":"product_tag","embeddable":true,"href":"https:\/\/store.evolve-fitness.eu\/lt\/wp-json\/wp\/v2\/product_tag?post=7820"}],"curies":[{"name":"wp","href":"https:\/\/api.w.org\/{rel}","templated":true}]}}