{"id":7809,"date":"2023-09-21T14:31:29","date_gmt":"2023-09-21T14:31:29","guid":{"rendered":"https:\/\/store.evolve-fitness.eu\/produktas\/evolve-powerband\/"},"modified":"2026-04-05T12:00:14","modified_gmt":"2026-04-05T12:00:14","slug":"evolve-powerband","status":"publish","type":"product","link":"https:\/\/store.evolve-fitness.eu\/lt\/produktas\/evolve-powerband\/","title":{"rendered":"&#8222;Evolve Powerband"},"content":{"rendered":"\n<section class=\"wp-block-group alignfull has-lightgray-background-color has-background is-layout-constrained wp-block-group-is-layout-constrained\">\n<div class=\"wp-block-columns alignwide is-layout-flex wp-container-core-columns-is-layout-2edb0647 wp-block-columns-is-layout-flex\" style=\"margin-top:0;margin-bottom:0\">\n<div class=\"wp-block-column is-layout-flow wp-block-column-is-layout-flow\" style=\"flex-basis:33.33%\"><\/div>\n\n\n\n<div class=\"wp-block-column is-layout-flow wp-block-column-is-layout-flow\" style=\"flex-basis:66.66%\"><\/div>\n<\/div>\n<\/section>\n\n<section class=\"wp-block-group alignfull black-content has-white-color has-darkgray-background-color has-text-color has-background is-layout-constrained wp-block-group-is-layout-constrained\" style=\"padding-top:var(--wp--preset--spacing--section-bottom);padding-bottom:var(--wp--preset--spacing--section-bottom)\">\n<section class=\"wp-block-group alignfull black-content has-white-color has-darkgray-background-color has-text-color has-background is-layout-constrained wp-block-group-is-layout-constrained\" style=\"margin-bottom:0;padding-top:var(--wp--preset--spacing--tb-padding);padding-bottom:var(--wp--preset--spacing--tb-padding)\">\n<div class=\"wp-block-columns alignwide mobile-reverse is-layout-flex wp-container-core-columns-is-layout-7a02faa9 wp-block-columns-is-layout-flex\" style=\"margin-bottom:var(--wp--preset--spacing--tb-section-padding)\">\n<div class=\"wp-block-column is-vertically-aligned-center is-layout-flow wp-block-column-is-layout-flow\">\n<h3 class=\"wp-block-heading\" style=\"margin-bottom:var(--wp--preset--spacing--h-3-bottom)\"><strong><strong><strong><strong><strong><strong><strong>Padidinkite treniruot\u0119 su &#8222;Evolve Powerbands<\/strong><\/strong><\/strong><\/strong><\/strong><\/strong><\/strong><\/h3>\n\n\n\n<p><strong><em><strong><strong><strong><strong><strong>Universalumas ir ilgaam\u017ei\u0161kumas kiekvienam fizinio pasirengimo lygiui<\/strong><\/strong><\/strong><\/strong><\/strong><\/em><\/strong><\/p>\n\n\n\n<p>Pagerinkite savo treniruo\u010di\u0173 rutin\u0105 naudodami universalias &#8222;Evolve Powerbands&#8221; juostas. \u0160iose daugiafunkcin\u0117se juostose yra \u0161e\u0161i skirtingi pasiprie\u0161inimo lygiai, nuo X-Light iki XX-Heavy, atitinkantys \u012fvairius fitneso poreikius. Pagamintos i\u0161 auk\u0161tos kokyb\u0117s latekso, jos pasi\u017eymi i\u0161skirtiniu elastingumu ir ilgaam\u017ei\u0161kumu, tod\u0117l i\u0161laiko form\u0105 net po ilgo naudojimo. Nesvarbu, ar norite padidinti savo pratim\u0173 pasiprie\u0161inim\u0105, pad\u0117ti atlikti prisitraukimus, ar pagerinti lankstum\u0105, \u0161ios 208 cm ilgio j\u0117gos juostos yra puikus sporto palydovas.<\/p>\n<\/div>\n\n\n\n<div class=\"wp-block-column is-vertically-aligned-center is-layout-flow wp-block-column-is-layout-flow\">\n<figure class=\"wp-block-video\"><video autoplay=\"\" controls=\"\" loop=\"\" muted=\"\" src=\"https:\/\/evolve-fitness.eu\/wp-content\/uploads\/2024\/07\/EV-BD-PB-220-4.mp4\"><\/video><\/figure>\n<\/div>\n<\/div>\n\n\n\n<div class=\"wp-block-columns alignwide mobile-reverse is-layout-flex wp-container-core-columns-is-layout-035fa626 wp-block-columns-is-layout-flex\" style=\"margin-bottom:var(--wp--preset--spacing--side-padding);padding-top:var(--wp--preset--spacing--tb-padding);padding-bottom:var(--wp--preset--spacing--tb-padding)\">\n<div class=\"wp-block-column is-vertically-aligned-center is-layout-flow wp-block-column-is-layout-flow\">\n<figure class=\"wp-block-video\"><video autoplay=\"\" controls=\"\" loop=\"\" muted=\"\" src=\"https:\/\/evolve-fitness.eu\/wp-content\/uploads\/2023\/09\/EV-BD-PB-220-2.mp4\"><\/video><\/figure>\n<\/div>\n\n\n\n<div class=\"wp-block-column is-vertically-aligned-center is-layout-flow wp-block-column-is-layout-flow\">\n<h3 class=\"wp-block-heading\" style=\"margin-bottom:var(--wp--preset--spacing--h-3-bottom)\"><strong><strong><strong><strong><strong><strong><strong><strong><strong>&#8222;Evolve Powerbands<\/strong><\/strong><\/strong><\/strong><\/strong><\/strong><\/strong><\/strong><\/strong><\/h3>\n\n\n\n<p><strong><em><strong><strong><strong><strong><strong><strong>Auk\u0161\u010diausios kokyb\u0117s pasiprie\u0161inimo treniruot\u0117s po ranka<\/strong><\/strong><\/strong><\/strong><\/strong><\/strong><\/em><\/strong><\/p>\n\n\n\n<p>&#8222;Evolve Powerbands&#8221; &#8211; geriausias sporto palydovas, skirtas pagerinti j\u016bs\u0173 treniruo\u010di\u0173 re\u017eim\u0105. \u0160ios juostos yra \u0161e\u0161i\u0173 skirting\u0173 pasiprie\u0161inimo lygi\u0173, nuo X-Light iki XX-Heavy, kad atitikt\u0173 bet kok\u012f fitneso tiksl\u0105. Pagamintos i\u0161 auk\u0161\u010diausios kokyb\u0117s latekso, jos u\u017etikrina puik\u0173 elastingum\u0105 ir ilgaam\u017ei\u0161kum\u0105, i\u0161laiko savo form\u0105 net ir intensyviai naudojant. \u0160ios 208 cm ilgio j\u0117gos juostos idealiai tinka treniruot\u0117ms padidinti pasiprie\u0161inim\u0105, pad\u0117ti atlikti prisitraukimus ar padidinti lankstum\u0105. Pakeiskite savo sveikatingumo kelion\u0119 su patvariomis ir pritaikomomis &#8222;Evolve Powerbands&#8221; juostomis jau \u0161iandien!<\/p>\n<\/div>\n<\/div>\n<\/section>\n<\/section>\n","protected":false},"excerpt":{"rendered":"<p>Pagerinkite savo treniruo\u010di\u0173 rutin\u0105 naudodami universalias &#8222;Evolve Powerbands&#8221; juostas, kurios yra fantasti\u0161ka alternatyva tradiciniams svarmenims. \u0160iose daugiafunkcin\u0117se juostose yra \u0161e\u0161i skirtingi pasiprie\u0161inimo lygiai, nuo X-Light iki XX-Heavy, atitinkantys \u012fvairius fitneso poreikius. Pagamintos i\u0161 auk\u0161tos kokyb\u0117s latekso, jos pasi\u017eymi i\u0161skirtiniu elastingumu ir ilgaam\u017ei\u0161kumu, tod\u0117l i\u0161laiko form\u0105 net po ilgo naudojimo. Nesvarbu, ar norite padidinti savo pratim\u0173 pasiprie\u0161inim\u0105, pad\u0117ti atlikti prisitraukimus, ar pagerinti lankstum\u0105, \u0161ios 208 cm ilgio j\u0117gos juostos yra puikus sporto palydovas. Pagerinkite savo fitneso \u017eaidim\u0105 su &#8222;Evolve Powerbands&#8221; jau \u0161iandien!<\/p>\n","protected":false},"featured_media":89610,"template":"","meta":{"_acf_changed":false,"inline_featured_image":false},"product_cat":[117,119,120,192],"product_tag":[],"class_list":{"0":"post-7809","1":"product","2":"type-product","3":"status-publish","4":"has-post-thumbnail","6":"product_cat-pagrindinis-puslapis","7":"product_cat-kryzminis-ir-funkcinis","8":"product_cat-funkcine-iranga","9":"product_cat-studija","11":"first","12":"instock","13":"shipping-taxable","14":"purchasable","15":"product-type-variable"},"acf":[],"_links":{"self":[{"href":"https:\/\/store.evolve-fitness.eu\/lt\/wp-json\/wp\/v2\/product\/7809","targetHints":{"allow":["GET"]}}],"collection":[{"href":"https:\/\/store.evolve-fitness.eu\/lt\/wp-json\/wp\/v2\/product"}],"about":[{"href":"https:\/\/store.evolve-fitness.eu\/lt\/wp-json\/wp\/v2\/types\/product"}],"wp:featuredmedia":[{"embeddable":true,"href":"https:\/\/store.evolve-fitness.eu\/lt\/wp-json\/wp\/v2\/media\/89610"}],"wp:attachment":[{"href":"https:\/\/store.evolve-fitness.eu\/lt\/wp-json\/wp\/v2\/media?parent=7809"}],"wp:term":[{"taxonomy":"product_cat","embeddable":true,"href":"https:\/\/store.evolve-fitness.eu\/lt\/wp-json\/wp\/v2\/product_cat?post=7809"},{"taxonomy":"product_tag","embeddable":true,"href":"https:\/\/store.evolve-fitness.eu\/lt\/wp-json\/wp\/v2\/product_tag?post=7809"}],"curies":[{"name":"wp","href":"https:\/\/api.w.org\/{rel}","templated":true}]}}