{"id":7791,"date":"2023-09-21T10:56:57","date_gmt":"2023-09-21T10:56:57","guid":{"rendered":"https:\/\/store.evolve-fitness.eu\/produktas\/evolve-carbon-serijos-maitinimo-krepsiai-5-25-kg\/"},"modified":"2026-03-13T12:02:11","modified_gmt":"2026-03-13T12:02:11","slug":"evolve-carbon-serijos-maitinimo-krepsiai-5-25-kg","status":"publish","type":"product","link":"https:\/\/store.evolve-fitness.eu\/lt\/produktas\/evolve-carbon-serijos-maitinimo-krepsiai-5-25-kg\/","title":{"rendered":"&#8222;Evolve Carbon&#8221; serijos maitinimo krep\u0161iai 5-25 kg"},"content":{"rendered":"\n<section class=\"wp-block-group alignfull has-lightgray-background-color has-background is-layout-constrained wp-block-group-is-layout-constrained\">\n<div class=\"wp-block-columns alignwide is-layout-flex wp-container-core-columns-is-layout-2edb0647 wp-block-columns-is-layout-flex\" style=\"margin-top:0;margin-bottom:0\">\n<div class=\"wp-block-column is-layout-flow wp-block-column-is-layout-flow\" style=\"flex-basis:33.33%\"><\/div>\n\n\n\n<div class=\"wp-block-column is-layout-flow wp-block-column-is-layout-flow\" style=\"flex-basis:66.66%\"><\/div>\n<\/div>\n<\/section>\n\n<div class=\"wp-block-columns alignfull mobile-reverse has-black-background-color has-background is-layout-flex wp-container-core-columns-is-layout-ca64bf2d wp-block-columns-is-layout-flex\" style=\"margin-bottom:var(--wp--preset--spacing--side-padding)\">\n<div class=\"wp-block-column is-vertically-aligned-center is-layout-flow wp-block-column-is-layout-flow\">\n<figure class=\"wp-block-video\"><video height=\"1080\" style=\"aspect-ratio: 1920 \/ 1080;\" width=\"1920\" controls=\"\" src=\"https:\/\/store.evolve-fitness.eu\/wp-content\/uploads\/2023\/09\/8.mp4\"><\/video><\/figure>\n<\/div>\n\n\n\n<div class=\"wp-block-column is-vertically-aligned-center is-layout-flow wp-block-column-is-layout-flow\">\n<h3 class=\"wp-block-heading has-white-color has-text-color\" style=\"margin-bottom:var(--wp--preset--spacing--h-3-bottom)\"><strong><strong><strong><strong><strong><strong><strong>KRY\u017dMINIS IR FUNKCINIS<\/strong><\/strong><\/strong><\/strong><\/strong><\/strong><\/strong><\/h3>\n\n\n\n<p>UNIVERSALUS IR PATVARUS<\/p>\n\n\n\n<ul style=\"font-size:1.1rem;letter-spacing:0.02em\" class=\"wp-block-list has-white-color has-text-color\">\n<li><strong>Patvari daugiafunkcin\u0117 \u012franga:<\/strong> M\u016bs\u0173 kruop\u0161\u010diai suprojektuota daugiafunkcin\u0117 \u012franga sukurta taip, kad atlaikyt\u0173 kasdieni\u0173 intensyvi\u0173 treniruo\u010di\u0173 reikalavimus.<\/li>\n\n\n\n<li><strong>Ideali treniruo\u010di\u0173 erdv\u0117:<\/strong> \u012e treniruo\u010di\u0173 erdv\u0119 \u012ftrauk\u0119 m\u016bs\u0173 \u012fvairi\u0173 pried\u0173 asortiment\u0105, pagerinsite savo sveikatingumo kelion\u0119 ir paversite j\u0105 jaudinan\u010di\u0173 viso k\u016bno treniruo\u010di\u0173 centru.<\/li>\n\n\n\n<li><strong>\u012e naudotoj\u0105 orientuotas dizainas:<\/strong> Patirkite skirtum\u0105 su \u012franga, kuri kruop\u0161\u010diai sukurta atsi\u017evelgiant \u012f naudotojo poreikius, u\u017etikrinant, kad treniruot\u0117s b\u016bt\u0173 veiksmingos, patogios ir saugios.<\/li>\n\n\n\n<li><strong>\u012erangos paketai:<\/strong> I\u0161nagrin\u0117kite m\u016bs\u0173 i\u0161samius \u012frangos paketus, kurie palengvina nuosavos sporto sal\u0117s \u012frengimo proces\u0105. Su viskuo, ko reikia kry\u017emin\u0117ms ar funkcin\u0117ms treniruot\u0117ms, dar niekada nebuvo taip lengva pasiekti savo fitneso tiksl\u0173.<\/li>\n<\/ul>\n\n\n\n<p><\/p>\n\n\n\n<p class=\"has-white-color has-text-color\"><strong>Atnaujinkite savo treniruo\u010di\u0173 erdv\u0119 ir pasiekite nauj\u0105 fizinio pasirengimo lyg\u012f su m\u016bs\u0173 patikima ir patogia naudoti daugiafunkcine \u012franga.<\/strong><\/p>\n<\/div>\n<\/div>\n","protected":false},"excerpt":{"rendered":"<p>Pagerinkite savo treniruo\u010di\u0173 rutin\u0105 su &#8222;Evolve Carbon&#8221; serijos &#8222;Powerbags&#8221;, kuri\u0173 svoris gali b\u016bti nuo 5 kg iki 25 kg. \u0160ios &#8222;Powerbags&#8221; krep\u0161iai yra daugiau nei \u012fprasta treniruokli\u0173 sal\u0117s \u012franga; jie sukurti taip, kad j\u016bs\u0173 treniruo\u010di\u0173 re\u017eimas b\u016bt\u0173 stilingas ir funkcionalus. \u0160ie &#8222;Powerbag&#8221; krep\u0161iai su pa\u017eangiausiu PVC &#8222;Carbon&#8221; pavir\u0161iumi, kur\u012f ne tik lengva valyti, bet ir u\u017etikrina saug\u0173 sukibim\u0105, pasi\u017eymi eleganti\u0161ku ir moderniu dizainu, tinkan\u010diu bet kokiai sporto salei. Viduje esantis mink\u0161tas pamu\u0161alas amortizuoja sm\u016bgius atliekant pratimus ir u\u017etikrina saugum\u0105 bei formos i\u0161laikym\u0105. \u0160ios &#8222;Powerbags&#8221; yra universalios, tinkamos intensyviam, komerciniam naudojimui, pritaikytos vis\u0173 fitneso lygi\u0173 naudotojams kardio, funkciniam, crossfit ir kt. treniruot\u0117ms. Su sustiprintomis si\u016bl\u0117mis, neslystan\u010diomis rankenomis ir ventiliacijos angomis, \u0161ie &#8222;Powerbag&#8221; krep\u0161iai yra pagaminti taip, kad tarnaut\u0173 ilgai, tod\u0117l idealiai tinka tiek nam\u0173 naudotojams, tiek profesionalioms sporto sal\u0117ms. Pagerinkite savo fizin\u012f pasirengim\u0105 su &#8222;Evolve Carbon&#8221; serijos treniruokliais &#8222;Powerbags&#8221; ir pajuskite auk\u0161tos kokyb\u0117s, universalios treniruo\u010di\u0173 \u012frangos privalumus.<\/p>\n","protected":false},"featured_media":94560,"template":"","meta":{"_acf_changed":false,"inline_featured_image":false},"product_cat":[2405,117,119,120],"product_tag":[],"class_list":{"0":"post-7791","1":"product","2":"type-product","3":"status-publish","4":"has-post-thumbnail","6":"product_cat-hyrox-gear","7":"product_cat-pagrindinis-puslapis","8":"product_cat-kryzminis-ir-funkcinis","9":"product_cat-funkcine-iranga","11":"first","12":"instock","13":"shipping-taxable","14":"purchasable","15":"product-type-variable"},"acf":[],"_links":{"self":[{"href":"https:\/\/store.evolve-fitness.eu\/lt\/wp-json\/wp\/v2\/product\/7791","targetHints":{"allow":["GET"]}}],"collection":[{"href":"https:\/\/store.evolve-fitness.eu\/lt\/wp-json\/wp\/v2\/product"}],"about":[{"href":"https:\/\/store.evolve-fitness.eu\/lt\/wp-json\/wp\/v2\/types\/product"}],"wp:featuredmedia":[{"embeddable":true,"href":"https:\/\/store.evolve-fitness.eu\/lt\/wp-json\/wp\/v2\/media\/94560"}],"wp:attachment":[{"href":"https:\/\/store.evolve-fitness.eu\/lt\/wp-json\/wp\/v2\/media?parent=7791"}],"wp:term":[{"taxonomy":"product_cat","embeddable":true,"href":"https:\/\/store.evolve-fitness.eu\/lt\/wp-json\/wp\/v2\/product_cat?post=7791"},{"taxonomy":"product_tag","embeddable":true,"href":"https:\/\/store.evolve-fitness.eu\/lt\/wp-json\/wp\/v2\/product_tag?post=7791"}],"curies":[{"name":"wp","href":"https:\/\/api.w.org\/{rel}","templated":true}]}}