{"id":7748,"date":"2024-01-11T13:38:55","date_gmt":"2024-01-11T13:38:55","guid":{"rendered":"https:\/\/store.evolve-fitness.eu\/produktas\/evolve-prime-series-dvigubo-kabelio-kryzminimo-sistema\/"},"modified":"2024-02-27T13:22:37","modified_gmt":"2024-02-27T13:22:37","slug":"evolve-prime-series-dvigubo-kabelio-kryzminimo-sistema","status":"publish","type":"product","link":"https:\/\/store.evolve-fitness.eu\/lt\/produktas\/evolve-prime-series-dvigubo-kabelio-kryzminimo-sistema\/","title":{"rendered":"&#8222;Evolve Prime Series&#8221; dvigubo kabelio kry\u017eminimo sistema"},"content":{"rendered":"\n<section class=\"wp-block-group alignfull black-content has-white-color has-darkgray-background-color has-text-color has-background is-layout-constrained wp-block-group-is-layout-constrained\" style=\"padding-top:var(--wp--preset--spacing--section-bottom);padding-bottom:var(--wp--preset--spacing--section-bottom)\">\n<div class=\"wp-block-columns alignwide is-layout-flex wp-container-core-columns-is-layout-c45ee707 wp-block-columns-is-layout-flex\" style=\"margin-bottom:var(--wp--preset--spacing--side-padding);padding-top:var(--wp--preset--spacing--side-padding)\">\n<div class=\"wp-block-column is-vertically-aligned-center is-layout-flow wp-block-column-is-layout-flow\">\n<figure class=\"wp-block-video\"><video autoplay=\"\" controls=\"\" loop=\"\" muted=\"\" src=\"https:\/\/evolve-fitness.eu\/wp-content\/uploads\/2023\/12\/2-18.mp4\"><\/video><\/figure>\n<\/div>\n\n\n\n<div class=\"wp-block-column is-vertically-aligned-center is-layout-constrained wp-block-column-is-layout-constrained\">\n<h3 class=\"wp-block-heading\" style=\"margin-bottom:var(--wp--preset--spacing--h-3-bottom)\"><strong>Platus pratim\u0173 spektras<\/strong> <\/h3>\n\n\n\n<p><\/p>\n\n\n\n<p style=\"margin-bottom:var(--wp--preset--spacing--tb-section-padding)\">&#8222;Evolve&#8221; kry\u017eminio traukimo treniruoklyje &#8222;cable crossover&#8221; galima atlikti daugyb\u0119 pratim\u0173, skirt\u0173 \u012fvairioms raumen\u0173 grup\u0117ms, taip didinant bendr\u0105 k\u016bno j\u0117g\u0105 ir lankstum\u0105.<\/p>\n<\/div>\n<\/div>\n\n\n\n<div class=\"wp-block-columns alignwide is-layout-flex wp-container-core-columns-is-layout-c45ee707 wp-block-columns-is-layout-flex\" style=\"margin-bottom:var(--wp--preset--spacing--side-padding);padding-top:var(--wp--preset--spacing--side-padding)\">\n<div class=\"wp-block-column is-vertically-aligned-center is-layout-flow wp-block-column-is-layout-flow\">\n<h3 class=\"wp-block-heading\" style=\"margin-bottom:var(--wp--preset--spacing--h-3-bottom)\"><strong><strong>Pritaikomos pasiprie\u0161inimo parinktys<\/strong><\/strong><\/h3>\n\n\n\n<p><\/p>\n\n\n\n<p>Jame galima reguliuoti pasiprie\u0161inimo nustatymus, tod\u0117l naudotojai gali pritaikyti treniruotes konkre\u010diam j\u0117gos lygiui ir tikslams, tod\u0117l jis tinka ir pradedantiesiems, ir pa\u017eengusiems naudotojams.<\/p>\n<\/div>\n\n\n\n<div class=\"wp-block-column is-vertically-aligned-center is-layout-flow wp-block-column-is-layout-flow\">\n<div class=\"wp-block-columns is-layout-flex wp-container-core-columns-is-layout-9d6595d7 wp-block-columns-is-layout-flex\">\n<div class=\"wp-block-column is-layout-flow wp-block-column-is-layout-flow\">\n<figure class=\"wp-block-video\"><video autoplay=\"\" controls=\"\" loop=\"\" muted=\"\" src=\"https:\/\/evolve-fitness.eu\/wp-content\/uploads\/2023\/12\/8.mp4\"><\/video><\/figure>\n<\/div>\n<\/div>\n<\/div>\n<\/div>\n\n\n\n<div class=\"wp-block-columns alignwide is-layout-flex wp-container-core-columns-is-layout-c45ee707 wp-block-columns-is-layout-flex\" style=\"margin-bottom:var(--wp--preset--spacing--side-padding);padding-top:var(--wp--preset--spacing--side-padding)\">\n<div class=\"wp-block-column is-vertically-aligned-center is-layout-flow wp-block-column-is-layout-flow\">\n<figure class=\"wp-block-video\"><video autoplay=\"\" controls=\"\" loop=\"\" muted=\"\" src=\"https:\/\/evolve-fitness.eu\/wp-content\/uploads\/2023\/12\/1-28.mp4\"><\/video><\/figure>\n<\/div>\n\n\n\n<div class=\"wp-block-column is-vertically-aligned-center is-layout-flow wp-block-column-is-layout-flow\">\n<h3 class=\"wp-block-heading\" style=\"margin-bottom:var(--wp--preset--spacing--h-3-bottom)\"><strong><strong><strong>Ilgaam\u017ei\u0161kumas intensyviam naudojimui<\/strong><\/strong><\/strong><\/h3>\n\n\n\n<p><\/p>\n\n\n\n<p>\u0160is treniruoklis sukurtas profesionaliems sporto sal\u0117s \u012frenginiams, tod\u0117l yra atsparus intensyviam naudojimui, u\u017etikrina ilgaam\u017ei\u0161kum\u0105 ir pastov\u0173 veikim\u0105.<\/p>\n<\/div>\n<\/div>\n\n\n\n<div class=\"wp-block-columns alignwide is-layout-flex wp-container-core-columns-is-layout-c45ee707 wp-block-columns-is-layout-flex\" style=\"margin-bottom:var(--wp--preset--spacing--side-padding);padding-top:var(--wp--preset--spacing--side-padding)\">\n<div class=\"wp-block-column is-vertically-aligned-center is-layout-flow wp-block-column-is-layout-flow\">\n<h3 class=\"wp-block-heading\" style=\"margin-bottom:var(--wp--preset--spacing--h-3-bottom)\"><strong><strong>Ergonomi\u0161kas dizainas, u\u017etikrinantis naudotojo patogum\u0105<\/strong><\/strong><\/h3>\n\n\n\n<p><\/p>\n\n\n\n<p>Ergonomi\u0161ka treniruoklio konstrukcija palengvina nat\u016bralius judesius, suma\u017eina traum\u0173 rizik\u0105 ir padidina pratim\u0173 veiksmingum\u0105.<\/p>\n<\/div>\n\n\n\n<div class=\"wp-block-column is-vertically-aligned-center is-layout-flow wp-block-column-is-layout-flow\">\n<div class=\"wp-block-columns is-layout-flex wp-container-core-columns-is-layout-9d6595d7 wp-block-columns-is-layout-flex\">\n<div class=\"wp-block-column is-layout-flow wp-block-column-is-layout-flow\">\n<figure class=\"wp-block-video\"><video height=\"450\" style=\"aspect-ratio: 367 \/ 450;\" width=\"367\" autoplay=\"\" controls=\"\" loop=\"\" muted=\"\" src=\"https:\/\/evolve-fitness.eu\/wp-content\/uploads\/2023\/12\/6-1.mp4\"><\/video><\/figure>\n<\/div>\n<\/div>\n<\/div>\n<\/div>\n<\/section>\n","protected":false},"excerpt":{"rendered":"<p>&#8222;Evolve&#8221; kry\u017eminio traukimo treniruoklis yra auk\u0161\u010diausio lygio profesionalus treniruoklis, skirtas pagrindinei j\u0117gai ir i\u0161tvermei didinti. Rankenas galima reguliuoti vertikaliai ir horizontaliai. \u0160is skersinio traukimo treniruoklis yra specialiai sukurtas tiek sporto sal\u0117je, tiek namuose ir si\u016blo i\u0161skirtin\u0119 pagrindini\u0173 pratim\u0173 \u012fvairov\u0119. Tvirta konstrukcija u\u017etikrina ilgaam\u017ei\u0161kum\u0105, tod\u0117l tai patikima \u012franga intensyvioms treniruot\u0117ms.<\/p>\n","protected":false},"featured_media":4435,"template":"","meta":{"_acf_changed":false,"inline_featured_image":false},"product_cat":[117,166,185],"product_tag":[],"class_list":{"0":"post-7748","1":"product","2":"type-product","3":"status-publish","4":"has-post-thumbnail","6":"product_cat-pagrindinis-puslapis","7":"product_cat-pasirinktines-masinos","8":"product_cat-prime-serijos-selektoriai","10":"first","11":"outofstock","12":"shipping-taxable","13":"purchasable","14":"product-type-simple"},"acf":[],"_links":{"self":[{"href":"https:\/\/store.evolve-fitness.eu\/lt\/wp-json\/wp\/v2\/product\/7748","targetHints":{"allow":["GET"]}}],"collection":[{"href":"https:\/\/store.evolve-fitness.eu\/lt\/wp-json\/wp\/v2\/product"}],"about":[{"href":"https:\/\/store.evolve-fitness.eu\/lt\/wp-json\/wp\/v2\/types\/product"}],"wp:featuredmedia":[{"embeddable":true,"href":"https:\/\/store.evolve-fitness.eu\/lt\/wp-json\/wp\/v2\/media\/4435"}],"wp:attachment":[{"href":"https:\/\/store.evolve-fitness.eu\/lt\/wp-json\/wp\/v2\/media?parent=7748"}],"wp:term":[{"taxonomy":"product_cat","embeddable":true,"href":"https:\/\/store.evolve-fitness.eu\/lt\/wp-json\/wp\/v2\/product_cat?post=7748"},{"taxonomy":"product_tag","embeddable":true,"href":"https:\/\/store.evolve-fitness.eu\/lt\/wp-json\/wp\/v2\/product_tag?post=7748"}],"curies":[{"name":"wp","href":"https:\/\/api.w.org\/{rel}","templated":true}]}}