{"id":7745,"date":"2024-01-11T15:25:29","date_gmt":"2024-01-11T15:25:29","guid":{"rendered":"https:\/\/store.evolve-fitness.eu\/produktas\/evolve-prime-serijos-ab-ir-ranku-kabeliu-masina\/"},"modified":"2024-02-27T13:22:39","modified_gmt":"2024-02-27T13:22:39","slug":"evolve-prime-serijos-ab-ir-ranku-kabeliu-masina","status":"publish","type":"product","link":"https:\/\/store.evolve-fitness.eu\/lt\/produktas\/evolve-prime-serijos-ab-ir-ranku-kabeliu-masina\/","title":{"rendered":"&#8222;Evolve Prime&#8221; serijos AB ir rank\u0173 kabeli\u0173 ma\u0161ina"},"content":{"rendered":"","protected":false},"excerpt":{"rendered":"<p>Optimizuokite pagrindines ir bicepso treniruotes naudodami &#8222;Evolve Cable System&#8221; &#8211; universali\u0105 ir ma\u017eai vietos u\u017eiman\u010di\u0105 nam\u0173 ir komercini\u0173 sporto sali\u0173 \u012frang\u0105. \u0160ioje sistemoje galima reguliuoti pasiprie\u0161inimo lygius, tod\u0117l naudotojai gali pritaikyti treniruo\u010di\u0173 intensyvum\u0105, kad atitikt\u0173 savo fitneso tikslus. Ergonomi\u0161kai suprojektuotas, jis u\u017etikrina taisykling\u0105 laikysen\u0105 ir atram\u0105, maksimaliai padidina pilvo ir bicepso pratim\u0173 poveik\u012f. &#8222;Evolve Cable System&#8221; idealiai tinka tiems, kurie ie\u0161ko kompakti\u0161ko, bet veiksmingo sprendimo \u0161erdies ir biceps\u0173 j\u0117gai stiprinti, tod\u0117l yra geriausias pasirinkimas fitneso entuziastams.<\/p>\n","protected":false},"featured_media":4469,"template":"","meta":{"_acf_changed":false,"inline_featured_image":false},"product_cat":[117,166,185],"product_tag":[],"class_list":{"0":"post-7745","1":"product","2":"type-product","3":"status-publish","4":"has-post-thumbnail","6":"product_cat-pagrindinis-puslapis","7":"product_cat-pasirinktines-masinos","8":"product_cat-prime-serijos-selektoriai","10":"first","11":"outofstock","12":"shipping-taxable","13":"purchasable","14":"product-type-simple"},"acf":[],"_links":{"self":[{"href":"https:\/\/store.evolve-fitness.eu\/lt\/wp-json\/wp\/v2\/product\/7745","targetHints":{"allow":["GET"]}}],"collection":[{"href":"https:\/\/store.evolve-fitness.eu\/lt\/wp-json\/wp\/v2\/product"}],"about":[{"href":"https:\/\/store.evolve-fitness.eu\/lt\/wp-json\/wp\/v2\/types\/product"}],"wp:featuredmedia":[{"embeddable":true,"href":"https:\/\/store.evolve-fitness.eu\/lt\/wp-json\/wp\/v2\/media\/4469"}],"wp:attachment":[{"href":"https:\/\/store.evolve-fitness.eu\/lt\/wp-json\/wp\/v2\/media?parent=7745"}],"wp:term":[{"taxonomy":"product_cat","embeddable":true,"href":"https:\/\/store.evolve-fitness.eu\/lt\/wp-json\/wp\/v2\/product_cat?post=7745"},{"taxonomy":"product_tag","embeddable":true,"href":"https:\/\/store.evolve-fitness.eu\/lt\/wp-json\/wp\/v2\/product_tag?post=7745"}],"curies":[{"name":"wp","href":"https:\/\/api.w.org\/{rel}","templated":true}]}}