{"id":7711,"date":"2024-01-17T12:22:16","date_gmt":"2024-01-17T12:22:16","guid":{"rendered":"https:\/\/store.evolve-fitness.eu\/produktas\/evolve-ultra-series-series-serijos-selektorius-4-kaminu-multifunkcine-treniruokliu-sale-su-2-reguliuojamais-kabeliais\/"},"modified":"2024-12-02T14:49:33","modified_gmt":"2024-12-02T14:49:33","slug":"evolve-ultra-series-series-serijos-selektorius-4-kaminu-multifunkcine-treniruokliu-sale-su-2-reguliuojamais-kabeliais","status":"publish","type":"product","link":"https:\/\/store.evolve-fitness.eu\/lt\/produktas\/evolve-ultra-series-series-serijos-selektorius-4-kaminu-multifunkcine-treniruokliu-sale-su-2-reguliuojamais-kabeliais\/","title":{"rendered":"&#8222;Evolve Ultra Series Series&#8221; serijos selektorius 4 kamin\u0173 multifunkcin\u0117 treniruokli\u0173 sal\u0117 su 2 reguliuojamais kabeliais"},"content":{"rendered":"\n<section class=\"wp-block-group alignfull black-content has-white-color has-darkgray-background-color has-text-color has-background is-layout-constrained wp-block-group-is-layout-constrained\" style=\"padding-top:var(--wp--preset--spacing--section-bottom);padding-bottom:var(--wp--preset--spacing--section-bottom)\">\n<div class=\"wp-block-columns alignwide mobile-reverse is-layout-flex wp-container-core-columns-is-layout-ca64bf2d wp-block-columns-is-layout-flex\" style=\"margin-bottom:var(--wp--preset--spacing--side-padding)\">\n<div class=\"wp-block-column is-vertically-aligned-center is-layout-flow wp-block-column-is-layout-flow\">\n<h3 class=\"wp-block-heading\" style=\"margin-bottom:var(--wp--preset--spacing--h-3-bottom)\">&#8222;Evolve Ultra&#8221; serija<\/h3>\n\n\n\n<p style=\"margin-bottom:var(--wp--preset--spacing--tb-section-padding)\">Sveiki atvyk\u0119 \u012f &#8222;Evolve Ultra&#8221; serij\u0105, kurioje mes i\u0161 naujo apibr\u0117\u017eiame tobulum\u0105. M\u016bs\u0173 &#8222;Ultra&#8221; serijos treniruokliai skirti vis\u0173 dyd\u017ei\u0173 sporto sali\u0173 savininkams, b\u016bsimiems sporto sali\u0173 savininkams ir treniruokli\u0173 centrams, tod\u0117l si\u016blome ekonomi\u0161kus rinktinius treniruoklius, kuriuose pirmenyb\u0117 teikiama kokybei ir na\u0161umui. Panagrin\u0117kime unikalias savybes, d\u0117l kuri\u0173 &#8222;Ultra&#8221; serija yra i\u0161skirtinis pasirinkimas tiems, kurie ie\u0161ko nebrangios, ta\u010diau auk\u0161tos kokyb\u0117s treniruokli\u0173.<\/p>\n<\/div>\n\n\n\n<div class=\"wp-block-column is-vertically-aligned-center is-layout-flow wp-block-column-is-layout-flow\">\n<figure class=\"wp-block-video\"><video autoplay=\"\" controls=\"\" loop=\"\" muted=\"\" src=\"https:\/\/evolve-fitness.eu\/wp-content\/uploads\/2023\/12\/ev-sc-ul-1200-2.mp4\"><\/video><\/figure>\n<\/div>\n<\/div>\n\n\n\n<div class=\"wp-block-columns alignwide is-layout-flex wp-container-core-columns-is-layout-c45ee707 wp-block-columns-is-layout-flex\" style=\"margin-bottom:var(--wp--preset--spacing--side-padding);padding-top:var(--wp--preset--spacing--side-padding)\">\n<div class=\"wp-block-column is-vertically-aligned-center is-layout-flow wp-block-column-is-layout-flow\">\n<figure class=\"wp-block-video\"><video height=\"720\" style=\"aspect-ratio: 1280 \/ 720;\" width=\"1280\" autoplay=\"\" controls=\"\" loop=\"\" muted=\"\" src=\"https:\/\/store.evolve-fitness.eu\/wp-content\/uploads\/2024\/01\/EFBWN5Z.mp4\"><\/video><\/figure>\n<\/div>\n\n\n\n<div class=\"wp-block-column is-vertically-aligned-center is-layout-flow wp-block-column-is-layout-flow\">\n<h3 class=\"wp-block-heading\">SAUGOKITE SAVO ERDV\u0118<\/h3>\n\n\n\n<p><strong><em><strong><em>Gumin\u0117s trinkel\u0117s grindims apsaugoti<\/em><\/strong><\/em><\/strong><\/p>\n\n\n\n<p>Naudodami gumines pagalv\u0117les palaikykite \u0161vari\u0105 ir nepa\u017eeist\u0105 treniruo\u010di\u0173 aplink\u0105. Sporto sali\u0173 savininkai supranta, kaip svarbu saugoti sporto sal\u0117s grindis. M\u016bs\u0173 guma padengtos kojos apsaugo grindis nuo \u012fbr\u0117\u017eim\u0173 ir galim\u0173 pa\u017eeidim\u0173, tod\u0117l &#8222;Ultra&#8221; serij\u0105 renkasi sporto sali\u0173 savininkai, norintys apsaugoti savo erdv\u0119.<\/p>\n<\/div>\n<\/div>\n\n\n\n<div class=\"wp-block-columns alignwide mobile-reverse is-layout-flex wp-container-core-columns-is-layout-ca64bf2d wp-block-columns-is-layout-flex\" style=\"margin-bottom:var(--wp--preset--spacing--side-padding)\">\n<div class=\"wp-block-column is-vertically-aligned-center is-layout-flow wp-block-column-is-layout-flow\">\n<h3 class=\"wp-block-heading\" style=\"margin-bottom:var(--wp--preset--spacing--h-3-bottom)\">Sauga atitinka stili\u0173<\/h3>\n\n\n\n<p><strong><em>Visi\u0161kai u\u017edengtas svorio kamino gaubtas<\/em><\/strong><\/p>\n\n\n\n<p>Sporto sali\u0173 savininkams ir fitneso verslininkams svarbiausia &#8211; saugumas ir estetika. &#8222;Evolve Ultra&#8221; serijoje yra visi\u0161kai u\u017edengtas svori\u0173 kr\u016bvos gaubtas, kuriame skland\u017eiai derinamas saugumas ir stilius. \u0160is gaubtas, didinantis saugum\u0105 ir apsaugantis nuo nelaiming\u0173 atsitikim\u0173, o kartu palaikantis \u0161var\u0105 sporto sal\u0117je, yra b\u016btinas bet kurios treniruokli\u0173 sal\u0117s priedas. Padidinkite savo sporto sal\u0117s vizualin\u012f patrauklum\u0105, kartu teikdami pirmenyb\u0119 klient\u0173 saugumui kiekvienos treniruot\u0117s metu.<\/p>\n<\/div>\n\n\n\n<div class=\"wp-block-column is-vertically-aligned-center is-layout-flow wp-block-column-is-layout-flow\">\n<figure class=\"wp-block-image size-large\"><img decoding=\"async\" src=\"https:\/\/evolve-fitness.eu\/wp-content\/uploads\/2023\/12\/EV-SC-UL-1200-2-683x1024.jpg\" alt=\"\" class=\"wp-image-166054\"\/><\/figure>\n<\/div>\n<\/div>\n\n\n\n<div class=\"wp-block-columns alignwide is-layout-flex wp-container-core-columns-is-layout-c45ee707 wp-block-columns-is-layout-flex\" style=\"margin-bottom:var(--wp--preset--spacing--side-padding);padding-top:var(--wp--preset--spacing--side-padding)\">\n<div class=\"wp-block-column is-vertically-aligned-center is-layout-flow wp-block-column-is-layout-flow\">\n<figure class=\"wp-block-image size-large\"><img decoding=\"async\" src=\"https:\/\/evolve-fitness.eu\/wp-content\/uploads\/2023\/12\/EV-SC-UL-1200-5-683x1024.jpg\" alt=\"\" class=\"wp-image-166105\"\/><\/figure>\n<\/div>\n\n\n\n<div class=\"wp-block-column is-vertically-aligned-center is-layout-flow wp-block-column-is-layout-flow\">\n<h3 class=\"wp-block-heading\" style=\"margin-bottom:var(--wp--preset--spacing--h-3-bottom)\">Sauga atitinka stili\u0173<\/h3>\n\n\n\n<p><strong><em>Visi\u0161kai u\u017edengtas svorio kamino gaubtas<\/em><\/strong><\/p>\n\n\n\n<p>Sporto sali\u0173 savininkams ir fitneso verslininkams svarbiausia &#8211; saugumas ir estetika. &#8222;Evolve Ultra&#8221; serijoje yra visi\u0161kai u\u017edengtas svori\u0173 kr\u016bvos gaubtas, kuriame skland\u017eiai derinamas saugumas ir stilius. \u0160is gaubtas, didinantis saugum\u0105 ir apsaugantis nuo nelaiming\u0173 atsitikim\u0173, o kartu palaikantis \u0161var\u0105 sporto sal\u0117je, yra b\u016btinas bet kurios treniruokli\u0173 sal\u0117s priedas. Padidinkite savo sporto sal\u0117s vizualin\u012f patrauklum\u0105, kartu teikdami pirmenyb\u0119 klient\u0173 saugumui kiekvienos treniruot\u0117s metu.<\/p>\n<\/div>\n<\/div>\n\n\n\n<div class=\"wp-block-columns alignwide are-vertically-aligned-center mobile-reverse is-layout-flex wp-container-core-columns-is-layout-e8158c2f wp-block-columns-is-layout-flex\" style=\"padding-top:var(--wp--preset--spacing--side-padding)\">\n<div class=\"wp-block-column is-vertically-aligned-center is-layout-flow wp-block-column-is-layout-flow\">\n<h3 class=\"wp-block-heading\" style=\"margin-bottom:var(--wp--preset--spacing--h-3-bottom)\"><strong>Optimal\u016bs rank\u0173 su\u0117mimai<\/strong><\/h3>\n\n\n\n<p><strong><em><strong><em>Fitneso patirties gerinimas<\/em><\/strong><\/em><\/strong><\/p>\n\n\n\n<p style=\"margin-bottom:var(--wp--preset--spacing--tb-section-padding)\">Sporto sali\u0173 savininkams ir sporto klub\u0173 vadovams labai svarbu pritraukti ir i\u0161laikyti klientus. &#8222;Evolve Ultra&#8221; serija si\u016blo optimalias rank\u0173 rankenas, kruop\u0161\u010diai suprojektuotas taip, kad b\u016bt\u0173 patogu ir saugu. Pagerinkite savo klient\u0173 treniruo\u010di\u0173 patirt\u012f, kad jie b\u016bt\u0173 \u012fsitrauk\u0119 ir motyvuoti siekti fitneso tiksl\u0173 j\u016bs\u0173 \u012fstaigoje.<\/p>\n<\/div>\n\n\n\n<div class=\"wp-block-column is-vertically-aligned-center is-layout-flow wp-block-column-is-layout-flow\">\n<figure class=\"wp-block-image size-large\"><img decoding=\"async\" src=\"https:\/\/evolve-fitness.eu\/wp-content\/uploads\/2023\/12\/EV-SC-UL-1200-4-1024x683.jpg\" alt=\"\" class=\"wp-image-166080\"\/><\/figure>\n<\/div>\n<\/div>\n\n\n\n<div class=\"wp-block-columns alignwide are-vertically-aligned-center mobile-reverse is-layout-flex wp-container-core-columns-is-layout-e8158c2f wp-block-columns-is-layout-flex\" style=\"padding-top:var(--wp--preset--spacing--side-padding)\">\n<div class=\"wp-block-column is-vertically-aligned-center is-layout-flow wp-block-column-is-layout-flow\">\n<figure class=\"wp-block-image size-large\"><img decoding=\"async\" src=\"https:\/\/evolve-fitness.eu\/wp-content\/uploads\/2023\/12\/EV-SC-UL-1200-7-1024x683.jpg\" alt=\"\" class=\"wp-image-166130\"\/><\/figure>\n<\/div>\n\n\n\n<div class=\"wp-block-column is-vertically-aligned-center is-layout-flow wp-block-column-is-layout-flow\">\n<h3 class=\"wp-block-heading\" style=\"margin-bottom:var(--wp--preset--spacing--h-3-bottom)\"><strong>DENGTAS DVIGUBU MILTELINIU B\u016aDU<\/strong><\/h3>\n\n\n\n<p><strong><em><strong><em>Elektrostatiniu milteliniu b\u016bdu dengtas<\/em><\/strong><\/em><\/strong><\/p>\n\n\n\n<p style=\"margin-bottom:var(--wp--preset--spacing--tb-section-padding)\">&#8222;Evolve Ultra&#8221; serijos j\u0117gos ma\u0161inos su elektrostatiniu milteliniu b\u016bdu dengtu perlamutrin\u0117s juodos matin\u0117s spalvos r\u0117mu yra ir formos, ir funkcijos pavyzdys. Jos estetin\u012f patrauklum\u0105 didina juoda matin\u0117 apdaila, o praktin\u0117s savyb\u0117s, \u012fskaitant atsparum\u0105 trin\u010diai, antikorozines savybes ir atsparum\u0105 \u012fbr\u0117\u017eimams, u\u017etikrina, kad ji b\u016bt\u0173 patikimas ir ilgaam\u017eis treniruo\u010di\u0173 palydovas.<\/p>\n<\/div>\n<\/div>\n<\/section>\n","protected":false},"excerpt":{"rendered":"<p>Atraskite &#8222;Evolve Ultra Series&#8221; selektorizuot\u0105 &#8222;4 Stack Multigym&#8221; treniruokl\u012f, kuris yra auk\u0161\u010diausio lygio pasirinkimas sporto sali\u0173 savininkams ir fitneso entuziastams. \u0160i daugiafunkcin\u0117 treniruokli\u0173 sal\u0117 suderina saugum\u0105 ir stili\u0173, nes turi visi\u0161kai u\u017edengt\u0105 svori\u0173 kr\u016bvos gaubt\u0105 ir eleganti\u0161k\u0105, patvar\u0173 elektrostatiniu milteliniu b\u016bdu dengt\u0105 juod\u0105 matin\u012f r\u0117m\u0105. Jos gumin\u0117s pagalv\u0117l\u0117s apsaugo sporto sal\u0117s grindis, o optimalios ranken\u0117l\u0117s u\u017etikrina patogi\u0105 ir saugi\u0105 treniruot\u0119. 770 kg sverian\u010di\u0105 ir 2 met\u0173 garantij\u0105 turin\u010di\u0105 ma\u0161in\u0105 sudaro apsauga nuo korozijos, instrukcin\u0117s lentel\u0117s ir grind\u0173 apsaugos. Pagerinkite savo sporto sal\u0119 naudodami \u0161\u012f auk\u0161tos kokyb\u0117s, biud\u017eetui palank\u0173 fitneso sprendim\u0105.<\/p>\n","protected":false},"featured_media":4513,"template":"","meta":{"_acf_changed":false,"inline_featured_image":false},"product_cat":[117,166,167],"product_tag":[],"class_list":{"0":"post-7711","1":"product","2":"type-product","3":"status-publish","4":"has-post-thumbnail","6":"product_cat-pagrindinis-puslapis","7":"product_cat-pasirinktines-masinos","8":"product_cat-ultra-series-selektorizuoti-treniruokliai","10":"first","11":"instock","12":"shipping-taxable","13":"purchasable","14":"product-type-simple"},"acf":[],"_links":{"self":[{"href":"https:\/\/store.evolve-fitness.eu\/lt\/wp-json\/wp\/v2\/product\/7711","targetHints":{"allow":["GET"]}}],"collection":[{"href":"https:\/\/store.evolve-fitness.eu\/lt\/wp-json\/wp\/v2\/product"}],"about":[{"href":"https:\/\/store.evolve-fitness.eu\/lt\/wp-json\/wp\/v2\/types\/product"}],"wp:featuredmedia":[{"embeddable":true,"href":"https:\/\/store.evolve-fitness.eu\/lt\/wp-json\/wp\/v2\/media\/4513"}],"wp:attachment":[{"href":"https:\/\/store.evolve-fitness.eu\/lt\/wp-json\/wp\/v2\/media?parent=7711"}],"wp:term":[{"taxonomy":"product_cat","embeddable":true,"href":"https:\/\/store.evolve-fitness.eu\/lt\/wp-json\/wp\/v2\/product_cat?post=7711"},{"taxonomy":"product_tag","embeddable":true,"href":"https:\/\/store.evolve-fitness.eu\/lt\/wp-json\/wp\/v2\/product_tag?post=7711"}],"curies":[{"name":"wp","href":"https:\/\/api.w.org\/{rel}","templated":true}]}}