{"id":7665,"date":"2024-01-11T14:08:56","date_gmt":"2024-01-11T14:08:56","guid":{"rendered":"https:\/\/store.evolve-fitness.eu\/produktas\/evolve-prime-series-lat-pull-and-row-cable-machine\/"},"modified":"2024-02-27T13:22:36","modified_gmt":"2024-02-27T13:22:36","slug":"evolve-prime-series-lat-pull-and-row-cable-machine","status":"publish","type":"product","link":"https:\/\/store.evolve-fitness.eu\/lt\/produktas\/evolve-prime-series-lat-pull-and-row-cable-machine\/","title":{"rendered":"&#8222;Evolve Prime Series Lat Pull and Row Cable Machine"},"content":{"rendered":"\n<section class=\"wp-block-group alignfull black-content has-white-color has-darkgray-background-color has-text-color has-background is-layout-constrained wp-block-group-is-layout-constrained\" style=\"padding-top:var(--wp--preset--spacing--section-bottom);padding-bottom:var(--wp--preset--spacing--section-bottom)\">\n<div class=\"wp-block-columns is-layout-flex wp-container-core-columns-is-layout-9d6595d7 wp-block-columns-is-layout-flex\">\n<div class=\"wp-block-column is-layout-flow wp-block-column-is-layout-flow\">\n<figure class=\"wp-block-image size-full\"><img loading=\"lazy\" decoding=\"async\" width=\"614\" height=\"768\" src=\"https:\/\/store.evolve-fitness.eu\/wp-content\/uploads\/2024\/01\/Lat-Pull-Row-Trainer-7.png\" alt=\"\" class=\"wp-image-4461\" srcset=\"https:\/\/store.evolve-fitness.eu\/wp-content\/uploads\/2024\/01\/Lat-Pull-Row-Trainer-7.png 614w, https:\/\/store.evolve-fitness.eu\/wp-content\/uploads\/2024\/01\/Lat-Pull-Row-Trainer-7-240x300.png 240w, https:\/\/store.evolve-fitness.eu\/wp-content\/uploads\/2024\/01\/Lat-Pull-Row-Trainer-7-600x750.png 600w\" sizes=\"auto, (max-width: 614px) 100vw, 614px\" \/><\/figure>\n<\/div>\n\n\n\n<div class=\"wp-block-column is-layout-flow wp-block-column-is-layout-flow\" style=\"padding-top:var(--wp--preset--spacing--tb-section-padding);padding-bottom:var(--wp--preset--spacing--tb-section-padding)\">\n<p class=\"has-big-title-font-size\">Lat Pull ir Row Cable Machine<\/p>\n\n\n\n<p><\/p>\n\n\n\n<p>1. I\u0161skirtinis dizainas: \u012eranga: kasdien\u0117s veiklos modeliavimas, aliuminio slankikliai, auk\u0161tos kokyb\u0117s kabeliai ir dvi ranken\u0173 poros \u012fvairioms vir\u0161utin\u0117s k\u016bno dalies treniruot\u0117ms.  <\/p>\n\n\n\n<p>2. Universalumas: Pritaikytas s\u0117dimiems ir stovimiems pratimams, prieinamas \u012fvairaus fizinio pasirengimo lygio asmenims ir asmenims su jud\u0117jimo sutrikimais, \u012fskaitant ne\u012fgali\u0173j\u0173 ve\u017eim\u0117li\u0173 naudotojus.  <\/p>\n\n\n\n<p>3. Patvarus r\u0117mas: Metalas, padengtas milteliniu b\u016bdu, kad b\u016bt\u0173 apsaugotas nuo r\u016bd\u017ei\u0173 ir ilgai i\u0161likt\u0173 spalva.  <\/p>\n\n\n\n<p>4. Neribota pratyb\u0173 laisv\u0117: Nepriklausomas ranken\u0173 jud\u0117jimas subalansuotai treniruotei, pritaikomas individualiems poreikiams, su transportavimo ratukais, kad b\u016bt\u0173 lengva perkelti.  <\/p>\n\n\n\n<p>5. Ergonomi\u0161kas pamink\u0161tinimas: Patogum\u0105 u\u017etikrina pramonin\u0117s kokyb\u0117s, deformacijai atsparus putplas\u010dio pamink\u0161tinimas, padengtas patvaria sintetine oda.  <\/p>\n\n\n\n<p>6. Saugumas ir paprastas naudojimas: stilingos, nuo su\u017ealojim\u0173 apsaugan\u010dios dengtos svori\u0173 kr\u016bvos, kuri\u0173 pasiprie\u0161inim\u0105 lengva reguliuoti raudonu spalvotu kai\u0161\u010diu, ir r\u016bdims atsparios svori\u0173 plok\u0161t\u0117s.<\/p>\n<\/div>\n<\/div>\n<\/section>\n","protected":false},"excerpt":{"rendered":"<p>Atraskite &#8222;Evolve&#8221; vertikalaus virv\u0117s traukimo treniruokl\u012f &#8211; universal\u0173 vir\u0161utin\u0117s k\u016bno dalies treniruo\u010di\u0173 sprendim\u0105, tinkant\u012f visiems fizinio pasirengimo lygiams. Unikalios konstrukcijos treniruoklis si\u016blo daugyb\u0119 pratim\u0173, kuriuos galima atlikti skland\u017eiai, nepertraukiamai judant ir reguliuojant pasiprie\u0161inim\u0105. Jis idealiai tinka tiek s\u0117dimoms, tiek stovimoms treniruot\u0117ms ir yra pritaikytas \u012fvairi\u0173 geb\u0117jim\u0173 naudotojams, taip pat ne\u012fgali\u0173j\u0173 ve\u017eim\u0117liams. Patvarus, milteliniu b\u016bdu dengtas r\u0117mas ir ergonomi\u0161kas pamink\u0161tinimas u\u017etikrina patogum\u0105 ir ilgaam\u017ei\u0161kum\u0105. D\u0117l nepriklausom\u0173 rankenos judesi\u0173 ir lengvai reguliuojamo pasiprie\u0161inimo jis puikiai tinka subalansuotai raumen\u0173 treniruotei ir visapusi\u0161kai fitneso rutinai.<\/p>\n","protected":false},"featured_media":4446,"template":"","meta":{"_acf_changed":false,"inline_featured_image":false},"product_cat":[117,166,185],"product_tag":[],"class_list":{"0":"post-7665","1":"product","2":"type-product","3":"status-publish","4":"has-post-thumbnail","6":"product_cat-pagrindinis-puslapis","7":"product_cat-pasirinktines-masinos","8":"product_cat-prime-serijos-selektoriai","10":"first","11":"outofstock","12":"shipping-taxable","13":"purchasable","14":"product-type-simple"},"acf":[],"_links":{"self":[{"href":"https:\/\/store.evolve-fitness.eu\/lt\/wp-json\/wp\/v2\/product\/7665","targetHints":{"allow":["GET"]}}],"collection":[{"href":"https:\/\/store.evolve-fitness.eu\/lt\/wp-json\/wp\/v2\/product"}],"about":[{"href":"https:\/\/store.evolve-fitness.eu\/lt\/wp-json\/wp\/v2\/types\/product"}],"wp:featuredmedia":[{"embeddable":true,"href":"https:\/\/store.evolve-fitness.eu\/lt\/wp-json\/wp\/v2\/media\/4446"}],"wp:attachment":[{"href":"https:\/\/store.evolve-fitness.eu\/lt\/wp-json\/wp\/v2\/media?parent=7665"}],"wp:term":[{"taxonomy":"product_cat","embeddable":true,"href":"https:\/\/store.evolve-fitness.eu\/lt\/wp-json\/wp\/v2\/product_cat?post=7665"},{"taxonomy":"product_tag","embeddable":true,"href":"https:\/\/store.evolve-fitness.eu\/lt\/wp-json\/wp\/v2\/product_tag?post=7665"}],"curies":[{"name":"wp","href":"https:\/\/api.w.org\/{rel}","templated":true}]}}