{"id":7650,"date":"2023-09-21T14:10:38","date_gmt":"2023-09-21T14:10:38","guid":{"rendered":"https:\/\/store.evolve-fitness.eu\/produktas\/evolve-soft-drop-pad-rinkinys\/"},"modified":"2025-09-25T18:06:40","modified_gmt":"2025-09-25T18:06:40","slug":"evolve-soft-drop-pad-rinkinys","status":"publish","type":"product","link":"https:\/\/store.evolve-fitness.eu\/lt\/produktas\/evolve-soft-drop-pad-rinkinys\/","title":{"rendered":"&#8222;Evolve Soft Drop Pad&#8221; rinkinys"},"content":{"rendered":"\n<section class=\"wp-block-group alignfull black-content has-white-color has-darkgray-background-color has-text-color has-background is-layout-constrained wp-block-group-is-layout-constrained\" style=\"padding-top:var(--wp--preset--spacing--section-bottom);padding-bottom:var(--wp--preset--spacing--section-bottom)\">\n<div class=\"wp-block-columns alignwide mobile-reverse is-layout-flex wp-container-core-columns-is-layout-ca64bf2d wp-block-columns-is-layout-flex\" style=\"margin-bottom:var(--wp--preset--spacing--side-padding)\">\n<div class=\"wp-block-column is-vertically-aligned-center is-layout-flow wp-block-column-is-layout-flow\">\n<h3 class=\"wp-block-heading\" style=\"margin-bottom:var(--wp--preset--spacing--h-3-bottom)\"><strong><strong>Maksimaliai padidinkite savo treniruot\u0119 naudodami mobilum\u0105<\/strong><\/strong><\/h3>\n\n\n\n<p><strong><em><em>Ne\u0161iojamoji apsauga<\/em><\/em><\/strong><\/p>\n\n\n\n<p style=\"margin-bottom:var(--wp--preset--spacing--tb-section-padding)\">&#8222;Evolve Soft Drop Pad Set&#8221; yra mobilus ir efektyvus sprendimas sportininkams, norintiems suma\u017einti triuk\u0161m\u0105 ir sm\u016bgius sunkum\u0173 kilnojimo treniruo\u010di\u0173 metu. \u0160ios ne\u0161iojamosios trinkel\u0117s u\u017etikrina grind\u0173 ir \u012frangos apsaug\u0105, tod\u0117l puikiai tinka tiek nam\u0173, tiek komercin\u0117ms sporto sal\u0117ms, kuriose b\u016btina optimizuoti erdv\u0119 ir kontroliuoti triuk\u0161m\u0105. <\/p>\n<\/div>\n\n\n\n<div class=\"wp-block-column is-vertically-aligned-center is-layout-flow wp-block-column-is-layout-flow\">\n<figure class=\"wp-block-video\"><video autoplay=\"\" controls=\"\" loop=\"\" muted=\"\" src=\"https:\/\/evolve-fitness.eu\/wp-content\/uploads\/2023\/09\/Evolve-Soft-Drop-Pad-Set-Video.mp4\"><\/video><\/figure>\n<\/div>\n<\/div>\n\n\n\n<div class=\"wp-block-columns alignwide is-layout-flex wp-container-core-columns-is-layout-c45ee707 wp-block-columns-is-layout-flex\" style=\"margin-bottom:var(--wp--preset--spacing--side-padding);padding-top:var(--wp--preset--spacing--side-padding)\">\n<div class=\"wp-block-column is-vertically-aligned-center is-layout-flow wp-block-column-is-layout-flow\">\n<figure class=\"wp-block-image size-large\"><img decoding=\"async\" src=\"https:\/\/evolve-fitness.eu\/wp-content\/uploads\/2023\/09\/Evolve-Soft-Drop-Pad-Set-EV-PF-DP-100-1024x683.jpg\" alt=\"EV-PF-DP-100\" class=\"wp-image-10846\"\/><\/figure>\n<\/div>\n\n\n\n<div class=\"wp-block-column is-vertically-aligned-center is-layout-flow wp-block-column-is-layout-flow\">\n<h3 class=\"wp-block-heading\" style=\"margin-bottom:var(--wp--preset--spacing--h-3-bottom)\"><strong><strong><strong>Naujovi\u0161kos med\u017eiagos: Stiprumas ir stilius<\/strong><\/strong><\/strong><\/h3>\n\n\n\n<p><strong><em><em><em>Auk\u0161\u010diausios kokyb\u0117s anglies dizainas<\/em><\/em><\/em><\/strong><\/p>\n\n\n\n<p>&#8222;Evolve Soft Drop Pad Set&#8221; pagamintas i\u0161 naujovi\u0161k\u0173 med\u017eiag\u0173, pasi\u017eymi stilingu anglies dizainu, kuris ne tik padidina ilgaam\u017ei\u0161kum\u0105, bet ir suteikia treniruo\u010di\u0173 erdvei modernios estetikos. \u0160ios med\u017eiagos pasirinktos d\u0117l j\u0173 geb\u0117jimo veiksmingai sugerti sm\u016bgius, u\u017etikrinant trinkeli\u0173 ilgaam\u017ei\u0161kum\u0105 ir j\u016bs\u0173 \u012frangos saugum\u0105. <\/p>\n<\/div>\n<\/div>\n\n\n\n<div class=\"wp-block-columns alignwide is-layout-flex wp-container-core-columns-is-layout-c45ee707 wp-block-columns-is-layout-flex\" style=\"margin-bottom:var(--wp--preset--spacing--side-padding);padding-top:var(--wp--preset--spacing--side-padding)\">\n<div class=\"wp-block-column is-vertically-aligned-center is-layout-flow wp-block-column-is-layout-flow\">\n<h3 class=\"wp-block-heading\" style=\"margin-bottom:var(--wp--preset--spacing--h-3-bottom)\"><strong><strong>Sukurta, kad tarnaut\u0173 ilgai: patvarumas atitinka dizain\u0105<\/strong><\/strong><\/h3>\n\n\n\n<p><strong><em><em>Sukurtas i\u0161tvermei<\/em><\/em><\/strong><\/p>\n\n\n\n<p>&#8222;Evolve Soft Drop Pad Set&#8221; i\u0161siskiria i\u0161skirtiniu patvarumu ir yra sukurtas taip, kad atlaikyt\u0173 sunk\u0173 naudojim\u0105 bet kokioje sporto sal\u0117je. \u0160ios pagalv\u0117l\u0117s, pagamintos i\u0161 auk\u0161tos kokyb\u0117s med\u017eiag\u0173, skirtos atlaikyti intensyvi\u0173 treniruo\u010di\u0173 poveik\u012f ir u\u017etikrina ilgalaik\u012f veikim\u0105 bei patikimum\u0105. Idealiai tinka tiems, kurie ie\u0161ko patvaraus grind\u0173 ir \u012frangos apsaugos sprendimo.  <\/p>\n<\/div>\n\n\n\n<div class=\"wp-block-column is-vertically-aligned-center is-layout-flow wp-block-column-is-layout-flow\">\n<figure class=\"wp-block-video\"><video height=\"1200\" style=\"aspect-ratio: 1600 \/ 1200;\" width=\"1600\" autoplay=\"\" controls=\"\" loop=\"\" muted=\"\" src=\"https:\/\/evolve-fitness.eu\/wp-content\/uploads\/2024\/01\/Evolve-Soft-Drop-Pad-Set-2.mp4\"><\/video><\/figure>\n<\/div>\n<\/div>\n\n\n\n<div class=\"wp-block-columns alignwide is-layout-flex wp-container-core-columns-is-layout-c45ee707 wp-block-columns-is-layout-flex\" style=\"margin-bottom:var(--wp--preset--spacing--side-padding);padding-top:var(--wp--preset--spacing--side-padding)\">\n<div class=\"wp-block-column is-vertically-aligned-center is-layout-flow wp-block-column-is-layout-flow\">\n<figure class=\"wp-block-image size-large\"><img decoding=\"async\" src=\"https:\/\/evolve-fitness.eu\/wp-content\/uploads\/2023\/09\/Evolve-Soft-Drop-Pad-Set-Plate-EV-PF-DP-100-1024x683.jpg\" alt=\"EV-PF-DP-100\" class=\"wp-image-10850\"\/><\/figure>\n<\/div>\n\n\n\n<div class=\"wp-block-column is-vertically-aligned-center is-layout-flow wp-block-column-is-layout-flow\">\n<h3 class=\"wp-block-heading\" style=\"margin-bottom:var(--wp--preset--spacing--h-3-bottom)\"><strong><strong><strong><strong><strong>Sklandi integracija<\/strong><\/strong><\/strong><\/strong><\/strong><\/h3>\n\n\n\n<p><strong><em><strong><strong><strong><strong><strong><strong>Estetinis ir funkcinis<\/strong><\/strong><\/strong><\/strong><\/strong><\/strong><em>derantis su &#8222;Evolve&#8221; &#8222;Carbon&#8221; serija<\/em><\/em><\/strong><\/p>\n\n\n\n<p>Kad &#8222;Evolve Soft Drop Pad Set&#8221; skland\u017eiai \u012fsiliet\u0173 \u012f j\u016bs\u0173 treniruokli\u0173 sistem\u0105, jis sukurtas taip, kad papildyt\u0173 kit\u0105 &#8222;Evolve&#8221; \u012frang\u0105, \u012fskaitant \u0161tangas, laisvuosius svorius ir anglies serijos gaminius. D\u0117l vientiso dizaino treniruo\u010di\u0173 erdv\u0117je sukuriama vieninga i\u0161vaizda ir \u012fsp\u016bdis, tod\u0117l ji tampa funkcionalesn\u0117 ir esteti\u0161kesn\u0117. <\/p>\n<\/div>\n<\/div>\n<\/section>\n","protected":false},"excerpt":{"rendered":"<p>Pristatome &#8222;Evolve Soft Drop Pad Set&#8221; &#8211; geriausias sprendimas triuk\u0161mo ir grind\u0173 apsaugai<\/p>\n<p>Ar pavargote nuo nuolatinio bar\u0161k\u0117jimo ir grind\u0173 pa\u017eeidim\u0173, kuriuos sukelia krentantys svarmenys ir \u0161tangos sporto sal\u0117je? Ie\u0161kokite tik &#8222;Evolve Soft Drop Pad Set&#8221;. \u0160ios trinkel\u0117s sukurtos taip, kad i\u0161 esm\u0117s pakeist\u0173 j\u016bs\u0173 treniruo\u010di\u0173 erdv\u0119 &#8211; jos suma\u017eina triuk\u0161m\u0105, apsaugo grind\u0173 dang\u0105 ir suteikia sporto salei modernaus stiliaus akcent\u0105.<\/p>\n","protected":false},"featured_media":5502,"template":"","meta":{"_acf_changed":false,"inline_featured_image":false},"product_cat":[119,120],"product_tag":[],"class_list":{"0":"post-7650","1":"product","2":"type-product","3":"status-publish","4":"has-post-thumbnail","6":"product_cat-kryzminis-ir-funkcinis","7":"product_cat-funkcine-iranga","9":"first","10":"instock","11":"shipping-taxable","12":"purchasable","13":"product-type-simple"},"acf":[],"_links":{"self":[{"href":"https:\/\/store.evolve-fitness.eu\/lt\/wp-json\/wp\/v2\/product\/7650","targetHints":{"allow":["GET"]}}],"collection":[{"href":"https:\/\/store.evolve-fitness.eu\/lt\/wp-json\/wp\/v2\/product"}],"about":[{"href":"https:\/\/store.evolve-fitness.eu\/lt\/wp-json\/wp\/v2\/types\/product"}],"wp:featuredmedia":[{"embeddable":true,"href":"https:\/\/store.evolve-fitness.eu\/lt\/wp-json\/wp\/v2\/media\/5502"}],"wp:attachment":[{"href":"https:\/\/store.evolve-fitness.eu\/lt\/wp-json\/wp\/v2\/media?parent=7650"}],"wp:term":[{"taxonomy":"product_cat","embeddable":true,"href":"https:\/\/store.evolve-fitness.eu\/lt\/wp-json\/wp\/v2\/product_cat?post=7650"},{"taxonomy":"product_tag","embeddable":true,"href":"https:\/\/store.evolve-fitness.eu\/lt\/wp-json\/wp\/v2\/product_tag?post=7650"}],"curies":[{"name":"wp","href":"https:\/\/api.w.org\/{rel}","templated":true}]}}