{"id":7635,"date":"2024-01-12T08:41:08","date_gmt":"2024-01-12T08:41:08","guid":{"rendered":"https:\/\/store.evolve-fitness.eu\/produktas\/evolve-ultra-series-cpu-urethane-weight-plate-125-25-kg\/"},"modified":"2026-04-07T05:57:20","modified_gmt":"2026-04-07T05:57:20","slug":"evolve-ultra-series-cpu-urethane-weight-plate-125-25-kg","status":"publish","type":"product","link":"https:\/\/store.evolve-fitness.eu\/lt\/produktas\/evolve-ultra-series-cpu-urethane-weight-plate-125-25-kg\/","title":{"rendered":"&#8222;Evolve Ultra Series CPU Urethane Weight Plate&#8221; 1,25-25 kg"},"content":{"rendered":"\n<section class=\"wp-block-group alignfull black-content has-white-color has-darkgray-background-color has-text-color has-background is-layout-constrained wp-block-group-is-layout-constrained\" style=\"padding-top:var(--wp--preset--spacing--section-bottom);padding-bottom:var(--wp--preset--spacing--section-bottom)\">\n<div class=\"wp-block-columns alignwide is-layout-flex wp-container-core-columns-is-layout-c45ee707 wp-block-columns-is-layout-flex\" style=\"margin-bottom:var(--wp--preset--spacing--side-padding);padding-top:var(--wp--preset--spacing--side-padding)\">\n<div class=\"wp-block-column is-vertically-aligned-center is-layout-flow wp-block-column-is-layout-flow\">\n<figure class=\"wp-block-video\"><video height=\"2560\" style=\"aspect-ratio: 1920 \/ 2560;\" width=\"1920\" autoplay=\"\" controls=\"\" loop=\"\" muted=\"\" src=\"https:\/\/evolve-fitness.eu\/wp-content\/uploads\/2024\/01\/EV-WP-CP-1.25-25-3D-WEB.mp4\"><\/video><\/figure>\n<\/div>\n\n\n\n<div class=\"wp-block-column is-vertically-aligned-center is-layout-constrained wp-block-column-is-layout-constrained\">\n<h3 class=\"wp-block-heading\" style=\"margin-bottom:var(--wp--preset--spacing--h-3-bottom)\">Pritaikykite, kad atitikt\u0173 j\u016bs\u0173 prek\u0117s \u017eenkl\u0105<\/h3>\n\n\n\n<p><strong><em><strong><em>sporto sal\u0117s prek\u0117s \u017eenklo ir estetinio patrauklumo stiprinimas<\/em><\/strong><\/em><\/strong><\/p>\n\n\n\n<p style=\"margin-bottom:var(--wp--preset--spacing--tb-section-padding)\">Viena i\u0161 i\u0161skirtini\u0173 \u0161i\u0173 svorio plok\u0161\u010di\u0173 savybi\u0173 yra j\u0173 pritaikomasis aspektas. Sporto sali\u0173 savininkai turi galimyb\u0119 pritaikyti \u012frang\u0105 prie savo prek\u0117s \u017eenklo \u012fvaizd\u017eio. Tai apima spalv\u0173 derinimo ir lazeriu i\u0161pjaut\u0173, uretanu u\u017epildyt\u0173 logotip\u0173 parinktis, o tai rei\u0161kia, kad plok\u0161t\u0117s gali b\u016bti pritaikytos sporto sal\u0117s logotipams arba tam tikroms spalv\u0173 schemoms. Toks pritaikymas ne tik padidina estetin\u012f \u012frangos patrauklum\u0105, bet ir padeda sukurti unikal\u0173 sporto sal\u0117s prek\u0117s \u017eenklo identitet\u0105.<\/p>\n<\/div>\n<\/div>\n\n\n\n<div class=\"wp-block-columns alignwide is-layout-flex wp-container-core-columns-is-layout-c45ee707 wp-block-columns-is-layout-flex\" style=\"margin-bottom:var(--wp--preset--spacing--side-padding);padding-top:var(--wp--preset--spacing--side-padding)\">\n<div class=\"wp-block-column is-vertically-aligned-center is-layout-flow wp-block-column-is-layout-flow\">\n<h3 class=\"wp-block-heading\" style=\"margin-bottom:var(--wp--preset--spacing--h-3-bottom)\">patvarus sporto sali\u0173 pasirinkimas<\/h3>\n\n\n\n<p><em><strong>Patvarumo, estetikos ir pritaikymo derinys<\/strong><\/em><\/p>\n\n\n\n<p>&#8222;Evolve Ultra Series&#8221; CPU uretano svori\u0173 plok\u0161t\u0117s yra \u017einomos d\u0117l auk\u0161tos kokyb\u0117s TPU uretano dangos, kuri u\u017etikrina maksimal\u0173 patvarum\u0105 ir atsparum\u0105 \u012fskilimams, \u012ftr\u016bkimams ir plei\u0161\u0117jimui &#8211; \u012fprastoms gumini\u0173 dang\u0173 problemoms. D\u0117l to jie yra ilgalaik\u0117 investicija, ypa\u010d profesionaliose \u012fstaigose, kur \u012franga da\u017enai ir intensyviai naudojama.<\/p>\n<\/div>\n\n\n\n<div class=\"wp-block-column is-vertically-aligned-center is-layout-flow wp-block-column-is-layout-flow\">\n<div class=\"wp-block-columns is-layout-flex wp-container-core-columns-is-layout-9d6595d7 wp-block-columns-is-layout-flex\">\n<div class=\"wp-block-column is-layout-flow wp-block-column-is-layout-flow\">\n<figure class=\"wp-block-image size-large\"><img decoding=\"async\" src=\"https:\/\/evolve-fitness.eu\/wp-content\/uploads\/2024\/01\/New-Weight-Plate-DesignV2-1024x576.png\" alt=\"EV-WP-CP-1.25-25\" class=\"wp-image-10092\"\/><\/figure>\n<\/div>\n<\/div>\n<\/div>\n<\/div>\n\n\n\n<div class=\"wp-block-columns alignwide is-layout-flex wp-container-core-columns-is-layout-c45ee707 wp-block-columns-is-layout-flex\" style=\"margin-bottom:var(--wp--preset--spacing--side-padding);padding-top:var(--wp--preset--spacing--side-padding)\">\n<div class=\"wp-block-column is-vertically-aligned-center is-layout-flow wp-block-column-is-layout-flow\">\n<figure class=\"wp-block-image size-large\"><img decoding=\"async\" src=\"https:\/\/evolve-fitness.eu\/wp-content\/uploads\/2024\/01\/EV-WP-CP-1-25-Evolve-Ultra-Series-CPU-Urethane-Weight-plates-1024x576.jpg\" alt=\"EV-WP-CP-1-25\" class=\"wp-image-10103\"\/><\/figure>\n<\/div>\n\n\n\n<div class=\"wp-block-column is-vertically-aligned-center is-layout-flow wp-block-column-is-layout-flow\">\n<h3 class=\"wp-block-heading\" style=\"margin-bottom:var(--wp--preset--spacing--h-3-bottom)\"><strong>&#8222;Precision Perfected<\/strong><\/h3>\n\n\n\n<p><strong><em>Naujausios technologijos<\/em><\/strong><\/p>\n\n\n\n<p>&#8222;Evolve&#8221; svorio plok\u0161t\u0117s turi keturias rankenas ir suapvalintus \u012fvor\u0117s antgalius, tod\u0117l jas lengva valdyti ir u\u017ekelti ant stryp\u0173. Ergonomi\u0161ka j\u0173 konstrukcija u\u017etikrina saug\u0173 laikym\u0105 ir lengv\u0105 svori\u0173 keitim\u0105, o tai ypa\u010d naudinga dinami\u0161k\u0173 ir sunki\u0173 svori\u0173 k\u0117limo sesij\u0173 metu. Plok\u0161tel\u0117s taip pat pritaikytos prie vis\u0173 olimpini\u0173 50 mm skersmens \u0161tang\u0173, o tai dar labiau padidina j\u0173 universalum\u0105.<br\/><br\/>Be to, precizi\u0161kas \u0161i\u0173 plok\u0161\u010di\u0173 liejimas u\u017etikrina maksimal\u0173 balans\u0105 ir matmen\u0173 tikslum\u0105, o tai lemia i\u0161skirtin\u012f j\u0173 ilgaam\u017ei\u0161kum\u0105. \u0160i funkcija ypa\u010d svarbi siekiant u\u017etikrinti pastov\u0173 ir subalansuot\u0105 svor\u012f treniruo\u010di\u0173 metu.<\/p>\n<\/div>\n<\/div>\n<\/section>\n","protected":false},"excerpt":{"rendered":"<p>&#8222;Evolve Ultra Series CPU Urethane Weight Plates&#8221;. \u0160ios auk\u0161\u010diausios kokyb\u0117s plok\u0161t\u0117s pasi\u017eymi i\u0161skirtiniu patvarumu, padengtos UV spinduliams ir dilimui atsparia uretano danga. Tiksliai sukalibruoti, kad b\u016bt\u0173 tiksl\u016bs, juose yra lazeriu i\u0161pjauti svorio skai\u010diai ir logotipai, i\u0161tepti uretanu, kad i\u0161likt\u0173 ilgai gyvi. &#8222;Evolve CPU Urethane Weight Plates&#8221; idealiai tinka tiek nam\u0173, tiek komercin\u0117ms sporto sal\u0117ms, tod\u0117l tai ekonomi\u0161ka, ilgalaik\u0117 investicija \u012f na\u0161um\u0105 ir ilgaam\u017ei\u0161kum\u0105.<\/p>\n","protected":false},"featured_media":4479,"template":"","meta":{"_acf_changed":false,"inline_featured_image":false},"product_cat":[117,188],"product_tag":[],"class_list":{"0":"post-7635","1":"product","2":"type-product","3":"status-publish","4":"has-post-thumbnail","6":"product_cat-pagrindinis-puslapis","7":"product_cat-svorio-plokstes","9":"first","10":"instock","11":"shipping-taxable","12":"purchasable","13":"product-type-variable"},"acf":[],"_links":{"self":[{"href":"https:\/\/store.evolve-fitness.eu\/lt\/wp-json\/wp\/v2\/product\/7635","targetHints":{"allow":["GET"]}}],"collection":[{"href":"https:\/\/store.evolve-fitness.eu\/lt\/wp-json\/wp\/v2\/product"}],"about":[{"href":"https:\/\/store.evolve-fitness.eu\/lt\/wp-json\/wp\/v2\/types\/product"}],"wp:featuredmedia":[{"embeddable":true,"href":"https:\/\/store.evolve-fitness.eu\/lt\/wp-json\/wp\/v2\/media\/4479"}],"wp:attachment":[{"href":"https:\/\/store.evolve-fitness.eu\/lt\/wp-json\/wp\/v2\/media?parent=7635"}],"wp:term":[{"taxonomy":"product_cat","embeddable":true,"href":"https:\/\/store.evolve-fitness.eu\/lt\/wp-json\/wp\/v2\/product_cat?post=7635"},{"taxonomy":"product_tag","embeddable":true,"href":"https:\/\/store.evolve-fitness.eu\/lt\/wp-json\/wp\/v2\/product_tag?post=7635"}],"curies":[{"name":"wp","href":"https:\/\/api.w.org\/{rel}","templated":true}]}}