{"id":7632,"date":"2023-09-21T12:05:19","date_gmt":"2023-09-21T12:05:19","guid":{"rendered":"https:\/\/store.evolve-fitness.eu\/produktas\/evolve-carbon-series-soft-plyo-box-set\/"},"modified":"2025-09-25T18:06:04","modified_gmt":"2025-09-25T18:06:04","slug":"evolve-carbon-series-soft-plyo-box-set","status":"publish","type":"product","link":"https:\/\/store.evolve-fitness.eu\/lt\/produktas\/evolve-carbon-series-soft-plyo-box-set\/","title":{"rendered":"&#8222;Evolve Carbon Series Soft Plyo Box Set"},"content":{"rendered":"\n<section class=\"wp-block-group alignfull black-content has-white-color has-darkgray-background-color has-text-color has-background is-layout-constrained wp-block-group-is-layout-constrained\" style=\"padding-top:var(--wp--preset--spacing--section-bottom);padding-bottom:var(--wp--preset--spacing--section-bottom)\">\n<div class=\"wp-block-columns alignwide mobile-reverse is-layout-flex wp-container-core-columns-is-layout-ca64bf2d wp-block-columns-is-layout-flex\" style=\"margin-bottom:var(--wp--preset--spacing--side-padding)\">\n<div class=\"wp-block-column is-vertically-aligned-center is-layout-flow wp-block-column-is-layout-flow\">\n<h3 class=\"wp-block-heading\" style=\"margin-bottom:var(--wp--preset--spacing--h-3-bottom)\"><strong>Neprilygstama kokyb\u0117, neprilygstamas na\u0161umas<\/strong><\/h3>\n\n\n\n<p><strong><em>Pristatome &#8222;Evolve Carbon&#8221; serijos &#8222;Soft Plyo Box&#8221; rinkin\u012f<\/em><\/strong><\/p>\n\n\n\n<p style=\"margin-bottom:var(--wp--preset--spacing--tb-section-padding)\">Geriausias j\u016bs\u0173 treniruo\u010di\u0173 arsenalo papildymas! \u0160is sportininkams ir fitneso entuziastams skirtas rinkinys sukurtas taip, kad treniruo\u010di\u0173 rutina pasiekt\u0173 nauj\u0173 auk\u0161tum\u0173.<\/p>\n\n\n\n<h3 class=\"wp-block-heading\" style=\"margin-bottom:var(--wp--preset--spacing--h-3-bottom)\"><strong>Saugus, mink\u0161tas ir tvirtas<\/strong><\/h3>\n\n\n\n<p><a href=\"https:\/\/www.merriam-webster.com\/dictionary\/down%20to%20the%20smallest\/last\/tiniest%20detail\" target=\"_blank\" rel=\"noreferrer noopener\">Iki smulkiausi\u0173 detali\u0173<\/a><\/p>\n\n\n\n<p>M\u016bs\u0173 &#8222;Plyo Box&#8221; d\u0117\u017e\u0117s su unikaliu mink\u0161to putplas\u010dio \u0161erdimi u\u017etikrina maksimal\u0173 saugum\u0105 atliekant didelio intensyvumo pratimus. Atsisveikinkite su \u012fbr\u0117\u017eim\u0173 ir su\u017eeidim\u0173 baime!<\/p>\n<\/div>\n\n\n\n<div class=\"wp-block-column is-vertically-aligned-center is-layout-flow wp-block-column-is-layout-flow\">\n<figure class=\"wp-block-video\"><video autoplay=\"\" controls=\"\" loop=\"\" muted=\"\" src=\"https:\/\/evolve-fitness.eu\/wp-content\/uploads\/2023\/12\/1-17.mp4\"><\/video><\/figure>\n<\/div>\n<\/div>\n\n\n\n<div class=\"wp-block-columns alignwide is-layout-flex wp-container-core-columns-is-layout-c45ee707 wp-block-columns-is-layout-flex\" style=\"margin-bottom:var(--wp--preset--spacing--side-padding);padding-top:var(--wp--preset--spacing--side-padding)\">\n<div class=\"wp-block-column is-vertically-aligned-center is-layout-flow wp-block-column-is-layout-flow\">\n<figure class=\"wp-block-video\"><video autoplay=\"\" controls=\"\" loop=\"\" muted=\"\" src=\"https:\/\/evolve-fitness.eu\/wp-content\/uploads\/2023\/12\/3-4.mp4\"><\/video><\/figure>\n<\/div>\n\n\n\n<div class=\"wp-block-column is-vertically-aligned-center is-layout-flow wp-block-column-is-layout-flow\">\n<h3 class=\"wp-block-heading\" style=\"margin-bottom:var(--wp--preset--spacing--h-3-bottom)\"><strong>Universalus ir funkcionalus<\/strong><\/h3>\n\n\n\n<p><strong><em>\u012fvairaus auk\u0161\u010dio<\/em><\/strong><\/p>\n\n\n\n<p style=\"margin-bottom:var(--wp--preset--spacing--tb-section-padding)\">\u0160is rinkinys puikiai tinka \u012fvairiems pratimams atlikti, tiek pradedantiesiems, tiek profesionalams. Nesvarbu, ar tai b\u016bt\u0173 \u0161uoliai su kartimi, \u017eingsniai auk\u0161tyn, ar plyometriniai pratimai, \u0161ios d\u0117\u017e\u0117s jums pad\u0117s.<\/p>\n\n\n\n<h3 class=\"wp-block-heading\" style=\"margin-bottom:var(--wp--preset--spacing--h-3-bottom)\"><strong>Patvari anglies apdaila<\/strong><\/h3>\n\n\n\n<p><strong><em><strong><em>Sukurtas atlaikyti sunkiausias treniruotes<\/em><\/strong><\/em><\/strong><\/p>\n\n\n\n<p>I\u0161bandykite eleganti\u0161k\u0105 ir stiling\u0105 anglies apdail\u0105, kuri ne tik puikiai atrodo, bet ir u\u017etikrina neprilygstam\u0105 patvarum\u0105.<\/p>\n<\/div>\n<\/div>\n\n\n\n<div class=\"wp-block-columns alignwide are-vertically-aligned-center mobile-reverse is-layout-flex wp-container-core-columns-is-layout-e8158c2f wp-block-columns-is-layout-flex\" style=\"padding-top:var(--wp--preset--spacing--side-padding)\">\n<div class=\"wp-block-column is-vertically-aligned-center is-layout-flow wp-block-column-is-layout-flow\">\n<h3 class=\"wp-block-heading\" style=\"margin-bottom:var(--wp--preset--spacing--h-3-bottom)\"><strong>Lengva valyti ir pri\u017ei\u016br\u0117ti<\/strong><\/h3>\n\n\n\n<p><strong><em>Kompakti\u0161ko korpuso dizainas<\/em><\/strong><\/p>\n\n\n\n<p style=\"margin-bottom:var(--wp--preset--spacing--tb-section-padding)\">Lengvai valomas pavir\u0161ius u\u017etikrina, kad rinkinys i\u0161likt\u0173 higieni\u0161kas ir nepriekai\u0161tingos kokyb\u0117s, net ir intensyviausiai naudojamas. Kompakti\u0161ki ir lengvai sudedami &#8222;Evolve Carbon&#8221; serijos treniruokliai puikiai dera nam\u0173 sporto sal\u0117je ar profesionalioje treniruo\u010di\u0173 sal\u0117je, neu\u017eimdami nereikalingos vietos.<\/p>\n<\/div>\n\n\n\n<div class=\"wp-block-column is-vertically-aligned-center is-layout-flow wp-block-column-is-layout-flow\">\n<figure class=\"wp-block-video\"><video autoplay=\"\" controls=\"\" loop=\"\" muted=\"\" src=\"https:\/\/evolve-fitness.eu\/wp-content\/uploads\/2023\/12\/4-2.mp4\"><\/video><\/figure>\n<\/div>\n<\/div>\n\n\n\n<div class=\"wp-block-columns alignwide are-vertically-aligned-center mobile-reverse is-layout-flex wp-container-core-columns-is-layout-e8158c2f wp-block-columns-is-layout-flex\" style=\"padding-top:var(--wp--preset--spacing--side-padding)\">\n<div class=\"wp-block-column is-vertically-aligned-center is-layout-flow wp-block-column-is-layout-flow\">\n<figure class=\"wp-block-video\"><video autoplay=\"\" controls=\"\" loop=\"\" muted=\"\" src=\"https:\/\/evolve-fitness.eu\/wp-content\/uploads\/2023\/12\/2-11.mp4\"><\/video><\/figure>\n<\/div>\n\n\n\n<div class=\"wp-block-column is-vertically-aligned-center is-layout-flow wp-block-column-is-layout-flow\">\n<h3 class=\"wp-block-heading\" style=\"margin-bottom:var(--wp--preset--spacing--h-3-bottom)\">Pagerinkite savo \u017eaidim\u0105<\/h3>\n\n\n\n<p><strong><em><strong><em>su &#8221; <strong>Evolve Carbon Series Soft Plyo Box&#8221; rinkiniu<\/strong><\/em><\/strong><\/em><\/strong><\/p>\n\n\n\n<p style=\"margin-bottom:var(--wp--preset--spacing--tb-section-padding)\">Puikiai tinka CrossFit, HIIT, j\u0117gos treniruot\u0117ms ir kt. U\u017esisakykite dabar ir \u017eenkite pirm\u0105j\u012f \u017eingsn\u012f link savo sveikatingumo kelion\u0117s!<\/p>\n<\/div>\n<\/div>\n<\/section>\n","protected":false},"excerpt":{"rendered":"<p>Atnaujinkite savo treniruo\u010di\u0173 rutin\u0105 su &#8222;Evolve Carbon&#8221; serijos mink\u0161t\u0173j\u0173 plyo treniruokli\u0173 rinkiniu. \u0160ios eleganti\u0161kos PVC anglies dizaino d\u0117\u017e\u0117s yra patvarios ir lengvai pri\u017ei\u016brimos. Mink\u0161tas vidinis pamu\u0161alas suma\u017eina sm\u016bg\u012f atliekant pratimus, o auk\u0161tis gali b\u016bti nuo 7,5 cm iki 157,5 cm, tod\u0117l puikiai tinka dinami\u0161koms treniruot\u0117ms ir fizioterapijai. Saugumui u\u017etikrinti jie pagaminti i\u0161 didelio tankio putplas\u010dio, kad b\u016bt\u0173 u\u017etikrintas saugus nusileidimo pavir\u0161ius, turi sustiprintas si\u016bles, neslystan\u010dius pavir\u0161ius ir sukraunamus &#8222;Velcro&#8221; dir\u017eelius. Nesvarbu, ar naudojat\u0117s namuose, ar profesionaliai dirbate sporto sal\u0117je, \u0161ios plyo d\u0117\u017e\u0117s suteiks j\u016bs\u0173 treniruokli\u0173 salei universalumo ir stiliaus. Pagerinkite savo treniruotes su &#8222;Evolve&#8221;.<\/p>\n","protected":false},"featured_media":96517,"template":"","meta":{"_acf_changed":false,"inline_featured_image":false},"product_cat":[117,119,120],"product_tag":[],"class_list":{"0":"post-7632","1":"product","2":"type-product","3":"status-publish","4":"has-post-thumbnail","6":"product_cat-pagrindinis-puslapis","7":"product_cat-kryzminis-ir-funkcinis","8":"product_cat-funkcine-iranga","10":"first","11":"instock","12":"shipping-taxable","13":"purchasable","14":"product-type-simple"},"acf":[],"_links":{"self":[{"href":"https:\/\/store.evolve-fitness.eu\/lt\/wp-json\/wp\/v2\/product\/7632","targetHints":{"allow":["GET"]}}],"collection":[{"href":"https:\/\/store.evolve-fitness.eu\/lt\/wp-json\/wp\/v2\/product"}],"about":[{"href":"https:\/\/store.evolve-fitness.eu\/lt\/wp-json\/wp\/v2\/types\/product"}],"wp:featuredmedia":[{"embeddable":true,"href":"https:\/\/store.evolve-fitness.eu\/lt\/wp-json\/wp\/v2\/media\/96517"}],"wp:attachment":[{"href":"https:\/\/store.evolve-fitness.eu\/lt\/wp-json\/wp\/v2\/media?parent=7632"}],"wp:term":[{"taxonomy":"product_cat","embeddable":true,"href":"https:\/\/store.evolve-fitness.eu\/lt\/wp-json\/wp\/v2\/product_cat?post=7632"},{"taxonomy":"product_tag","embeddable":true,"href":"https:\/\/store.evolve-fitness.eu\/lt\/wp-json\/wp\/v2\/product_tag?post=7632"}],"curies":[{"name":"wp","href":"https:\/\/api.w.org\/{rel}","templated":true}]}}