{"id":76119,"date":"2024-06-06T06:00:45","date_gmt":"2024-06-06T06:00:45","guid":{"rendered":"https:\/\/store.evolve-fitness.eu\/?post_type=product&#038;p=76119"},"modified":"2025-12-03T13:29:33","modified_gmt":"2025-12-03T13:29:33","slug":"evolve-ultra-series-lat-pull-down-10","status":"publish","type":"product","link":"https:\/\/store.evolve-fitness.eu\/lt\/produktas\/evolve-ultra-series-lat-pull-down-10\/","title":{"rendered":"&#8222;Evolve Ultra Series Lat Pull Down"},"content":{"rendered":"\n<section class=\"wp-block-group alignfull black-content has-white-color has-darkgray-background-color has-text-color has-background is-layout-constrained wp-block-group-is-layout-constrained\" style=\"padding-top:var(--wp--preset--spacing--section-bottom);padding-bottom:var(--wp--preset--spacing--section-bottom)\">\n<section class=\"wp-block-group alignfull black-content has-white-color has-darkgray-background-color has-text-color has-background is-layout-constrained wp-block-group-is-layout-constrained\" style=\"padding-top:var(--wp--preset--spacing--section-bottom);padding-bottom:var(--wp--preset--spacing--section-bottom)\">\n<div class=\"wp-block-columns alignwide mobile-reverse is-layout-flex wp-container-core-columns-is-layout-ca64bf2d wp-block-columns-is-layout-flex\" style=\"margin-bottom:var(--wp--preset--spacing--side-padding)\">\n<div class=\"wp-block-column is-vertically-aligned-center is-layout-flow wp-block-column-is-layout-flow\">\n<h3 class=\"wp-block-heading\" style=\"margin-bottom:var(--wp--preset--spacing--h-3-bottom)\"><strong>VIR\u0160UTIN\u0116 SVORIO PLOK\u0160T\u0116<\/strong><\/h3>\n\n\n\n<p><strong><em><strong><em>I\u0161ple\u010diamas maksimalus atsparumas<\/em><\/strong><\/em><\/strong><\/p>\n\n\n\n<p>&#8222;Evolve Ultra Series&#8221; selektorinis pe\u010di\u0173 presas turi dvi papildomas 2,5 kg vir\u0161utines svorio plok\u0161tes, kurios atlieka dvejop\u0105 funkcij\u0105 &#8211; pagerina treniruoklio veikim\u0105. Pirma, jis padidina did\u017eiausi\u0105 galim\u0105 treniruoklio pasiprie\u0161inim\u0105, tod\u0117l naudotojai gali dar labiau padidinti treniruo\u010di\u0173 kr\u016bv\u012f.<br\/>Be to, \u0161ios papildomos svorio plok\u0161t\u0117s suteikia unikal\u0173 prana\u0161um\u0105, nes leid\u017eia naudotojams ma\u017eesniais ir tikslesniais \u017eingsniais reguliuoti pasiprie\u0161inim\u0105 &#8211; kiekviena plok\u0161t\u0117 padidina pasiprie\u0161inim\u0105 2,5 kg. Toks tikslus pasiprie\u0161inimo parinkimas leid\u017eia \u017emon\u0117ms tiksliai sureguliuoti treniruotes, kad jos atitikt\u0173 j\u0173 konkre\u010dius poreikius ir tikslus, u\u017etikrinant, kad kiekviena treniruot\u0117 b\u016bt\u0173 pritaikyta optimaliems rezultatams pasiekti.<\/p>\n<\/div>\n\n\n\n<div class=\"wp-block-column is-vertically-aligned-center is-layout-flow wp-block-column-is-layout-flow\">\n<figure class=\"wp-block-image size-full is-resized\"><img loading=\"lazy\" decoding=\"async\" width=\"600\" height=\"609\" src=\"https:\/\/store.evolve-fitness.eu\/wp-content\/uploads\/2024\/06\/plate-600x609-1.webp\" alt=\"\" class=\"wp-image-76131\" style=\"width:857px;height:auto\" srcset=\"https:\/\/store.evolve-fitness.eu\/wp-content\/uploads\/2024\/06\/plate-600x609-1.webp 600w, https:\/\/store.evolve-fitness.eu\/wp-content\/uploads\/2024\/06\/plate-600x609-1-296x300.webp 296w\" sizes=\"auto, (max-width: 600px) 100vw, 600px\" \/><\/figure>\n<\/div>\n<\/div>\n\n\n\n<div class=\"wp-block-columns alignwide mobile-reverse is-layout-flex wp-container-core-columns-is-layout-ca64bf2d wp-block-columns-is-layout-flex\" style=\"margin-bottom:var(--wp--preset--spacing--side-padding)\">\n<div class=\"wp-block-column is-vertically-aligned-center is-layout-flow wp-block-column-is-layout-flow\">\n<figure class=\"wp-block-video\"><video height=\"1080\" style=\"aspect-ratio: 1920 \/ 1080;\" width=\"1920\" controls=\"\" src=\"https:\/\/store.evolve-fitness.eu\/wp-content\/uploads\/2024\/06\/UL-040-Weight-Stack.mp4\"><\/video><\/figure>\n<\/div>\n\n\n\n<div class=\"wp-block-column is-vertically-aligned-center is-layout-flow wp-block-column-is-layout-flow\">\n<h3 class=\"wp-block-heading\" style=\"margin-bottom:var(--wp--preset--spacing--h-3-bottom)\"><strong>SVORIO KR\u016aVA<\/strong><\/h3>\n\n\n\n<p><strong><em><strong><em>Pritaikykite ir prid\u0117kite<\/em><\/strong><\/em><\/strong><\/p>\n\n\n\n<p>&#8222;Evolve Ultra Series&#8221; selektorinis pe\u010di\u0173 spaudimo treniruoklis turi 85 kg pasiprie\u0161inimo lyg\u012f, ta\u010diau taip pat galite j\u012f pritaikyti ir prid\u0117ti iki 122,5 kg, kad treniruot\u0117 b\u016bt\u0173 dar sud\u0117tingesn\u0117. Jis gali pasigirti visi\u0161kai u\u017edara svori\u0173 kr\u016bva, u\u017etikrinan\u010dia pratim\u0173 saugum\u0105.<\/p>\n<\/div>\n<\/div>\n\n\n\n<div class=\"wp-block-columns alignwide mobile-reverse is-layout-flex wp-container-core-columns-is-layout-ca64bf2d wp-block-columns-is-layout-flex\" style=\"margin-bottom:var(--wp--preset--spacing--side-padding)\">\n<div class=\"wp-block-column is-vertically-aligned-center is-layout-flow wp-block-column-is-layout-flow\">\n<h3 class=\"wp-block-heading\" style=\"margin-bottom:var(--wp--preset--spacing--h-3-bottom)\"><strong>KABELIS<\/strong><\/h3>\n\n\n\n<p><strong><em><strong><em>Auk\u0161\u010diausia kokyb\u0117<\/em><\/strong><\/em><\/strong><\/p>\n\n\n\n<p>&#8222;Evolve Ultra Series&#8221; ma\u0161inose naudojami auk\u0161\u010diausios kokyb\u0117s kabeliai, yra \u0161e\u0161ios pagrindin\u0117s gijos, o kiekvien\u0105 gij\u0105 sudaro 19 kartu susukt\u0173 laid\u0173, poliamido 12 (PA12) med\u017eiaga ir 5 mm skersmuo. \u0160ie trosai sukurti siekiant u\u017etikrinti tvirtum\u0105 ir ilgaam\u017ei\u0161kum\u0105, o j\u0173 atsparumas tr\u016bkiui siekia 9000 kN, tod\u0117l juos verta rinktis tais atvejais, kai reikia i\u0161skirtinio patikimumo, ilgaam\u017ei\u0161kumo ir na\u0161umo.Kai pereinate nuo vieno pratimo prie kito, nesvarbu, ar tai b\u016bt\u0173 bicepso lenkimas, kr\u016btin\u0117s paspaudimai, lat\u0117s pritraukimai, ar bet koks kitas j\u0117gos stiprinimo pratimas, i\u0161skirtinis &#8222;Evolve Ultra&#8221; serijos troso na\u0161umas u\u017etikrina, kad judesiai b\u016bt\u0173 skland\u016bs, o pasiprie\u0161inimas &#8211; pastovus, tod\u0117l treniruot\u0117 bus ir veiksminga, ir maloni.<\/p>\n<\/div>\n\n\n\n<div class=\"wp-block-column is-vertically-aligned-center is-layout-flow wp-block-column-is-layout-flow\">\n<figure class=\"wp-block-video\"><video height=\"720\" style=\"aspect-ratio: 1280 \/ 720;\" width=\"1280\" controls=\"\" src=\"https:\/\/store.evolve-fitness.eu\/wp-content\/uploads\/2024\/06\/Evolve-cable.mp4\"><\/video><\/figure>\n<\/div>\n<\/div>\n\n\n\n<div class=\"wp-block-columns alignwide mobile-reverse is-layout-flex wp-container-core-columns-is-layout-ca64bf2d wp-block-columns-is-layout-flex\" style=\"margin-bottom:var(--wp--preset--spacing--side-padding)\">\n<div class=\"wp-block-column is-vertically-aligned-center is-layout-flow wp-block-column-is-layout-flow\">\n<figure class=\"wp-block-video\"><video height=\"720\" style=\"aspect-ratio: 1280 \/ 720;\" width=\"1280\" controls=\"\" src=\"https:\/\/store.evolve-fitness.eu\/wp-content\/uploads\/2024\/06\/Evolve-Double-powder-coated-Frame.mp4\"><\/video><\/figure>\n<\/div>\n\n\n\n<div class=\"wp-block-column is-vertically-aligned-center is-layout-flow wp-block-column-is-layout-flow\">\n<h3 class=\"wp-block-heading\" style=\"margin-bottom:var(--wp--preset--spacing--h-3-bottom)\"><strong>DENGTAS DVIGUBU MILTELINIU B\u016aDU<\/strong><\/h3>\n\n\n\n<p><strong><em><strong><em>Elektrostatiniu milteliniu b\u016bdu dengtas<\/em><\/strong><\/em><\/strong><\/p>\n\n\n\n<p style=\"margin-bottom:var(--wp--preset--spacing--tb-section-padding)\">&#8222;Evolve Ultra&#8221; serijos j\u0117gos ma\u0161inos su elektrostatiniu milteliniu b\u016bdu dengtu perlamutrin\u0117s juodos matin\u0117s spalvos r\u0117mu yra ir formos, ir funkcijos pavyzdys. Jos estetin\u012f patrauklum\u0105 didina juoda matin\u0117 apdaila, o praktin\u0117s savyb\u0117s, \u012fskaitant atsparum\u0105 trin\u010diai, antikorozines savybes ir atsparum\u0105 \u012fbr\u0117\u017eimams, u\u017etikrina, kad ji b\u016bt\u0173 patikimas ir ilgaam\u017eis treniruo\u010di\u0173 palydovas.<\/p>\n\n\n\n<p><strong><em>Didelio atsparumo gumin\u0117s liejamos grind\u0173 apsaugos<\/em><\/strong><\/p>\n\n\n\n<p>Tvirtos gumin\u0117s &#8222;Evolve Ultra Series&#8221; koj\u0173 kojel\u0117s tarnauja kaip apsauginiai skydai, kad b\u016bt\u0173 i\u0161vengta galim\u0173 grind\u0173 pa\u017eeidim\u0173. \u0160ios tvirtos gumin\u0117s kojel\u0117s sukurtos taip, kad apsaugot\u0173 grind\u0173 pavir\u0161i\u0173 nuo bet kokios \u017ealos, kuri gali atsirasti naudojant. Be to, \u0161ios gumin\u0117s kojel\u0117s ne tik apsaugo, bet ir padeda u\u017etikrinti stabilum\u0105.<\/p>\n<\/div>\n<\/div>\n<\/section>\n<\/section>\n","protected":false},"excerpt":{"rendered":"<p>Pagerinkite kr\u016btin\u0117s treniruotes naudodami &#8222;Evolve Ultra Series&#8221; selektorin\u012f kr\u016btin\u0117s pres\u0105, UL-010. Suprojektuotas taip, kad b\u016bt\u0173 patogus ir na\u0161us, jis turi profiliuotas s\u0117dynes, nepriklausom\u0105 rank\u0173 judes\u012f ir u\u017edengt\u0105 svorio kr\u016bvio gaubt\u0105. UL-010 su eleganti\u0161ka matine apdaila, optimaliomis rankenomis ir lengvai reguliuojama s\u0117dyne &#8211; tai inovacij\u0173 vir\u0161\u016bn\u0117 j\u016bs\u0173 sporto sal\u0117je.<\/p>\n","protected":false},"featured_media":81254,"template":"","meta":{"_acf_changed":false,"inline_featured_image":false},"product_cat":[117,166,167],"product_tag":[],"class_list":{"0":"post-76119","1":"product","2":"type-product","3":"status-publish","4":"has-post-thumbnail","6":"product_cat-pagrindinis-puslapis","7":"product_cat-pasirinktines-masinos","8":"product_cat-ultra-series-selektorizuoti-treniruokliai","10":"first","11":"instock","12":"shipping-taxable","13":"purchasable","14":"product-type-simple"},"acf":[],"_links":{"self":[{"href":"https:\/\/store.evolve-fitness.eu\/lt\/wp-json\/wp\/v2\/product\/76119","targetHints":{"allow":["GET"]}}],"collection":[{"href":"https:\/\/store.evolve-fitness.eu\/lt\/wp-json\/wp\/v2\/product"}],"about":[{"href":"https:\/\/store.evolve-fitness.eu\/lt\/wp-json\/wp\/v2\/types\/product"}],"wp:featuredmedia":[{"embeddable":true,"href":"https:\/\/store.evolve-fitness.eu\/lt\/wp-json\/wp\/v2\/media\/81254"}],"wp:attachment":[{"href":"https:\/\/store.evolve-fitness.eu\/lt\/wp-json\/wp\/v2\/media?parent=76119"}],"wp:term":[{"taxonomy":"product_cat","embeddable":true,"href":"https:\/\/store.evolve-fitness.eu\/lt\/wp-json\/wp\/v2\/product_cat?post=76119"},{"taxonomy":"product_tag","embeddable":true,"href":"https:\/\/store.evolve-fitness.eu\/lt\/wp-json\/wp\/v2\/product_tag?post=76119"}],"curies":[{"name":"wp","href":"https:\/\/api.w.org\/{rel}","templated":true}]}}