{"id":7585,"date":"2023-09-20T11:47:37","date_gmt":"2023-09-20T11:47:37","guid":{"rendered":"https:\/\/store.evolve-fitness.eu\/produktas\/evolve-carbon-serijos-sieniniai-kamuoliai-3-12-kg\/"},"modified":"2026-03-13T12:03:01","modified_gmt":"2026-03-13T12:03:01","slug":"evolve-carbon-serijos-sieniniai-kamuoliai-3-12-kg","status":"publish","type":"product","link":"https:\/\/store.evolve-fitness.eu\/lt\/produktas\/evolve-carbon-serijos-sieniniai-kamuoliai-3-12-kg\/","title":{"rendered":"&#8222;Evolve Carbon&#8221; serijos sieniniai kamuoliai 3-12 kg"},"content":{"rendered":"\n<section class=\"wp-block-group alignfull black-content has-white-color has-darkgray-background-color has-text-color has-background is-layout-constrained wp-block-group-is-layout-constrained\" style=\"padding-top:var(--wp--preset--spacing--section-bottom);padding-bottom:var(--wp--preset--spacing--section-bottom)\">\n<section class=\"wp-block-group alignfull black-content has-white-color has-darkgray-background-color has-text-color has-background is-layout-constrained wp-block-group-is-layout-constrained\" style=\"margin-bottom:0;padding-top:var(--wp--preset--spacing--tb-padding);padding-bottom:var(--wp--preset--spacing--tb-padding)\">\n<div class=\"wp-block-columns alignwide mobile-reverse is-layout-flex wp-container-core-columns-is-layout-7a02faa9 wp-block-columns-is-layout-flex\" style=\"margin-bottom:var(--wp--preset--spacing--tb-section-padding)\">\n<div class=\"wp-block-column is-vertically-aligned-center is-layout-flow wp-block-column-is-layout-flow\">\n<h3 class=\"wp-block-heading\" style=\"margin-bottom:var(--wp--preset--spacing--h-3-bottom)\"><strong><strong><strong><strong><strong><strong><strong><strong><strong><strong><strong><strong><strong><strong><strong>KRY\u017dMINIS IR FUNKCINIS<\/strong><\/strong><\/strong><\/strong><\/strong><\/strong><\/strong><\/strong><\/strong><\/strong><\/strong><\/strong><\/strong><\/strong><\/strong><\/h3>\n\n\n\n<p><strong><em><strong><strong><strong><strong><strong>UNIVERSALUS IR PATVARUS<\/strong><\/strong><\/strong><\/strong><\/strong><\/em><\/strong><\/p>\n\n\n\n<p style=\"margin-bottom:var(--wp--preset--spacing--tb-section-padding)\"><strong>Patvari daugiafunkcin\u0117 \u012franga:<\/strong> M\u016bs\u0173 kruop\u0161\u010diai suprojektuota daugiafunkcin\u0117 \u012franga sukurta taip, kad atlaikyt\u0173 kasdieni\u0173 intensyvi\u0173 treniruo\u010di\u0173 reikalavimus.<\/p>\n<\/div>\n\n\n\n<div class=\"wp-block-column is-vertically-aligned-center is-layout-flow wp-block-column-is-layout-flow\">\n<figure class=\"wp-block-video\"><video height=\"1255\" style=\"aspect-ratio: 1365 \/ 1255;\" width=\"1365\" autoplay=\"\" controls=\"\" loop=\"\" src=\"https:\/\/evolve-fitness.eu\/wp-content\/uploads\/2023\/09\/1.mp4\"><\/video><\/figure>\n<\/div>\n<\/div>\n\n\n\n<div class=\"wp-block-columns alignwide mobile-reverse is-layout-flex wp-container-core-columns-is-layout-7a02faa9 wp-block-columns-is-layout-flex\" style=\"margin-bottom:var(--wp--preset--spacing--tb-section-padding)\">\n<div class=\"wp-block-column is-vertically-aligned-center is-layout-flow wp-block-column-is-layout-flow\">\n<figure class=\"wp-block-video\"><video autoplay=\"\" controls=\"\" loop=\"\" muted=\"\" src=\"https:\/\/evolve-fitness.eu\/wp-content\/uploads\/2023\/12\/1-27.mp4\"><\/video><\/figure>\n<\/div>\n\n\n\n<div class=\"wp-block-column is-vertically-aligned-center is-layout-flow wp-block-column-is-layout-flow\">\n<h3 class=\"wp-block-heading\" style=\"margin-bottom:var(--wp--preset--spacing--h-3-bottom)\"><strong><strong><strong><strong><strong>Ideali treniruo\u010di\u0173 erdv\u0117<\/strong><\/strong><\/strong><\/strong><\/strong><\/h3>\n\n\n\n<p style=\"margin-bottom:var(--wp--preset--spacing--tb-section-padding)\">Pagerinkite savo sveikatingumo kelion\u0119 \u012f treniruo\u010di\u0173 erdv\u0119 \u012ftraukdami \u012fvairius priedus, kad ji tapt\u0173 jaudinan\u010di\u0173 viso k\u016bno treniruo\u010di\u0173 centru.<\/p>\n<\/div>\n<\/div>\n\n\n\n<div class=\"wp-block-columns alignwide mobile-reverse is-layout-flex wp-container-core-columns-is-layout-035fa626 wp-block-columns-is-layout-flex\" style=\"margin-bottom:var(--wp--preset--spacing--side-padding);padding-top:var(--wp--preset--spacing--tb-padding);padding-bottom:var(--wp--preset--spacing--tb-padding)\">\n<div class=\"wp-block-column is-vertically-aligned-center is-layout-flow wp-block-column-is-layout-flow\">\n<h3 class=\"wp-block-heading\" style=\"margin-bottom:var(--wp--preset--spacing--h-3-bottom)\"><strong><strong><strong><strong><strong><strong><strong><strong>\u012e naudotoj\u0105 orientuotas dizainas<\/strong><\/strong><\/strong><\/strong><\/strong><\/strong><\/strong><\/strong><\/h3>\n\n\n\n<p style=\"margin-bottom:var(--wp--preset--spacing--tb-section-padding)\">Patirkite skirtum\u0105 su \u012franga, kuri kruop\u0161\u010diai sukurta atsi\u017evelgiant \u012f naudotojo poreikius ir u\u017etikrina, kad treniruot\u0117s b\u016bt\u0173 veiksmingos, patogios ir saugios.<\/p>\n<\/div>\n\n\n\n<div class=\"wp-block-column is-vertically-aligned-center is-layout-flow wp-block-column-is-layout-flow\">\n<figure class=\"wp-block-video\"><video autoplay=\"\" controls=\"\" loop=\"\" muted=\"\" src=\"https:\/\/evolve-fitness.eu\/wp-content\/uploads\/2023\/12\/2-16.mp4\"><\/video><\/figure>\n<\/div>\n<\/div>\n\n\n\n<div class=\"wp-block-columns alignwide mobile-reverse is-layout-flex wp-container-core-columns-is-layout-7a02faa9 wp-block-columns-is-layout-flex\" style=\"margin-bottom:var(--wp--preset--spacing--tb-section-padding)\">\n<div class=\"wp-block-column is-vertically-aligned-center is-layout-flow wp-block-column-is-layout-flow\">\n<figure class=\"wp-block-image size-large\"><img decoding=\"async\" src=\"https:\/\/evolve-fitness.eu\/wp-content\/uploads\/2023\/12\/A7_05656-1-1024x683.jpg\" alt=\"\" class=\"wp-image-8476\"\/><\/figure>\n<\/div>\n\n\n\n<div class=\"wp-block-column is-vertically-aligned-center is-layout-flow wp-block-column-is-layout-flow\">\n<h3 class=\"wp-block-heading\" style=\"margin-bottom:var(--wp--preset--spacing--h-3-bottom)\"><strong><strong><strong><strong><strong><strong>\u012erangos paketai<\/strong><\/strong><\/strong><\/strong><\/strong><\/strong><\/h3>\n\n\n\n<p style=\"margin-bottom:var(--wp--preset--spacing--tb-section-padding)\">I\u0161nagrin\u0117kite m\u016bs\u0173 i\u0161samius \u012frangos paketus, kurie supaprastina nuosavos sporto sal\u0117s \u012frengimo proces\u0105. Su viskuo, ko reikia kry\u017emin\u0117ms ar funkcin\u0117ms treniruot\u0117ms, dar niekada nebuvo taip lengva pasiekti savo fitneso tiksl\u0173.<\/p>\n<\/div>\n<\/div>\n\n\n\n<p class=\"has-text-align-center\"><strong>Atnaujinkite savo treniruo\u010di\u0173 erdv\u0119 ir pasiekite nauj\u0105 fizinio pasirengimo lyg\u012f su m\u016bs\u0173 patikima ir patogia naudoti daugiafunkcine \u012franga.<\/strong><\/p>\n<\/section>\n<\/section>\n\n<section class=\"wp-block-group alignfull has-lightgray-background-color has-background is-layout-constrained wp-block-group-is-layout-constrained\">\n<div class=\"wp-block-columns alignwide is-layout-flex wp-container-core-columns-is-layout-2edb0647 wp-block-columns-is-layout-flex\" style=\"margin-top:0;margin-bottom:0\">\n<div class=\"wp-block-column is-layout-flow wp-block-column-is-layout-flow\" style=\"flex-basis:33.33%\"><\/div>\n\n\n\n<div class=\"wp-block-column is-layout-flow wp-block-column-is-layout-flow\" style=\"flex-basis:66.66%\"><\/div>\n<\/div>\n<\/section>\n","protected":false},"excerpt":{"rendered":"<p>Pagerinkite savo treniruo\u010di\u0173 \u017eaidim\u0105 su &#8222;Evolve Carbon Wall Balls&#8221;, kuri\u0173 svoris gali b\u016bti nuo 3 iki 12 kg. \u0160ie kamuoliukai pagaminti i\u0161 auk\u0161t\u0173j\u0173 technologij\u0173 PVC Carbon, kad b\u016bt\u0173 patikimai suimti ir atrodyt\u0173 eleganti\u0161kai bei moderniai. Mink\u0161tas u\u017epildas u\u017etikrina saugum\u0105 atliekant metimo ir gaudymo pratimus, tod\u0117l jie idealiai tinka tiek komercin\u0117ms, tiek intensyvioms treniruot\u0117ms. Tvirtas anglies i\u0161vaizdos pavir\u0161ius yra atsparus ply\u0161imui, j\u012f lengva valyti ir jis tinka bet kokiai sporto salei. \u0160ie universal\u016bs treniruo\u010di\u0173 \u012frankiai skirti j\u0117gai ir koordinacijai stiprinti, tinka vis\u0173 fizinio pasirengimo lygi\u0173 naudotojams. Nesvarbu, ar naudojate namuose, ar profesionaliai, &#8222;Evolve Wall Balls&#8221; yra j\u016bs\u0173 raktas \u012f raumen\u0173 mas\u0117s, \u0161irdies ir koordinacijos gerinim\u0105.<\/p>\n","protected":false},"featured_media":5568,"template":"","meta":{"_acf_changed":false,"inline_featured_image":false},"product_cat":[2405,117,119,120],"product_tag":[],"class_list":{"0":"post-7585","1":"product","2":"type-product","3":"status-publish","4":"has-post-thumbnail","6":"product_cat-hyrox-gear","7":"product_cat-pagrindinis-puslapis","8":"product_cat-kryzminis-ir-funkcinis","9":"product_cat-funkcine-iranga","11":"first","12":"instock","13":"shipping-taxable","14":"purchasable","15":"product-type-variable"},"acf":[],"_links":{"self":[{"href":"https:\/\/store.evolve-fitness.eu\/lt\/wp-json\/wp\/v2\/product\/7585","targetHints":{"allow":["GET"]}}],"collection":[{"href":"https:\/\/store.evolve-fitness.eu\/lt\/wp-json\/wp\/v2\/product"}],"about":[{"href":"https:\/\/store.evolve-fitness.eu\/lt\/wp-json\/wp\/v2\/types\/product"}],"wp:featuredmedia":[{"embeddable":true,"href":"https:\/\/store.evolve-fitness.eu\/lt\/wp-json\/wp\/v2\/media\/5568"}],"wp:attachment":[{"href":"https:\/\/store.evolve-fitness.eu\/lt\/wp-json\/wp\/v2\/media?parent=7585"}],"wp:term":[{"taxonomy":"product_cat","embeddable":true,"href":"https:\/\/store.evolve-fitness.eu\/lt\/wp-json\/wp\/v2\/product_cat?post=7585"},{"taxonomy":"product_tag","embeddable":true,"href":"https:\/\/store.evolve-fitness.eu\/lt\/wp-json\/wp\/v2\/product_tag?post=7585"}],"curies":[{"name":"wp","href":"https:\/\/api.w.org\/{rel}","templated":true}]}}