{"id":7584,"date":"2024-01-17T15:02:10","date_gmt":"2024-01-17T15:02:10","guid":{"rendered":"https:\/\/store.evolve-fitness.eu\/produktas\/evolve-ultra-series-selektorinis-klubu-traukos-irenginys\/"},"modified":"2024-06-20T13:40:57","modified_gmt":"2024-06-20T13:40:57","slug":"evolve-ultra-series-selektorinis-klubu-traukos-irenginys","status":"publish","type":"product","link":"https:\/\/store.evolve-fitness.eu\/lt\/produktas\/evolve-ultra-series-selektorinis-klubu-traukos-irenginys\/","title":{"rendered":"&#8222;Evolve Ultra Series&#8221; selektorinis klub\u0173 traukos \u012frenginys"},"content":{"rendered":"\n<section class=\"wp-block-group alignfull black-content has-white-color has-darkgray-background-color has-text-color has-background is-layout-constrained wp-block-group-is-layout-constrained\" style=\"padding-top:var(--wp--preset--spacing--section-bottom);padding-bottom:var(--wp--preset--spacing--section-bottom)\">\n<div class=\"wp-block-columns alignwide mobile-reverse is-layout-flex wp-container-core-columns-is-layout-ca64bf2d wp-block-columns-is-layout-flex\" style=\"margin-bottom:var(--wp--preset--spacing--side-padding)\">\n<div class=\"wp-block-column is-vertically-aligned-center is-layout-flow wp-block-column-is-layout-flow\">\n<h3 class=\"wp-block-heading\">Sveiki atvyk\u0119 \u012f &#8222;Ultra&#8221; serij\u0105<\/h3>\n\n\n\n<p><strong><em>Susipa\u017einkite su m\u016bs\u0173 &#8222;Ultra Series&#8221; \u012franga naudodamiesi moderniausia 3D 360 ekskursija<\/em><\/strong><\/p>\n\n\n\n<p>&#8222;Evolve Ultra Series&#8221; pasirenkamasis treniruoklis &#8222;Evolve Ultra Series&#8221;, kuris yra &#8222;Evolve Ultra Series&#8221; dalis, sukurtas taip, kad b\u016bt\u0173 patogus ir na\u0161us. Treniruoklis sukurtas taip, kad j\u012f b\u016bt\u0173 galima pritaikyti \u012fvairiems naudotoj\u0173 dyd\u017eiams, jis b\u016bt\u0173 ergonomi\u0161kas ir lengvai pritaikomas. Dizainas yra esteti\u0161kas, o patvari, milteliniu b\u016bdu dengta apdaila ir naudojami auk\u0161tos kokyb\u0117s kabeliai u\u017etikrina skland\u0173 veikim\u0105.<\/p>\n<\/div>\n\n\n\n<div class=\"wp-block-column is-vertically-aligned-center is-layout-flow wp-block-column-is-layout-flow\">\n<figure class=\"wp-block-video\"><video height=\"1154\" style=\"aspect-ratio: 864 \/ 1154;\" width=\"864\" autoplay=\"\" controls=\"\" loop=\"\" muted=\"\" src=\"https:\/\/evolve-fitness.eu\/wp-content\/uploads\/2023\/08\/Abduction-Adduction-Evolve-Ultra-Series-Selectorized-3.mp4\"><\/video><\/figure>\n<\/div>\n<\/div>\n\n\n\n<div class=\"wp-block-columns alignwide mobile-reverse is-layout-flex wp-container-core-columns-is-layout-ca64bf2d wp-block-columns-is-layout-flex\" style=\"margin-bottom:var(--wp--preset--spacing--side-padding)\">\n<div class=\"wp-block-column is-vertically-aligned-center is-layout-flow wp-block-column-is-layout-flow\">\n<figure class=\"wp-block-video\"><video height=\"2560\" style=\"aspect-ratio: 2560 \/ 2560;\" width=\"2560\" autoplay=\"\" controls=\"\" loop=\"\" muted=\"\" src=\"https:\/\/evolve-fitness.eu\/wp-content\/uploads\/2023\/08\/EV-SC-UL-220-Full.mp4\"><\/video><\/figure>\n<\/div>\n\n\n\n<div class=\"wp-block-column is-vertically-aligned-center is-layout-flow wp-block-column-is-layout-flow\">\n<h3 class=\"wp-block-heading\">Sveiki atvyk\u0119 \u012f &#8222;Ultra&#8221; serij\u0105<\/h3>\n\n\n\n<p><strong><em>Susipa\u017einkite su m\u016bs\u0173 &#8222;Ultra Series&#8221; \u012franga naudodamiesi moderniausia 3D 360 ekskursija<\/em><\/strong><\/p>\n\n\n\n<p>&#8222;Evolve Ultra Series&#8221; pasirenkamasis treniruoklis &#8222;Evolve Ultra Series&#8221;, kuris yra &#8222;Evolve Ultra Series&#8221; dalis, sukurtas taip, kad b\u016bt\u0173 patogus ir na\u0161us. Treniruoklis sukurtas taip, kad j\u012f b\u016bt\u0173 galima pritaikyti \u012fvairiems naudotoj\u0173 dyd\u017eiams, jis b\u016bt\u0173 ergonomi\u0161kas ir lengvai pritaikomas. Dizainas yra esteti\u0161kas, o patvari, milteliniu b\u016bdu dengta apdaila ir naudojami auk\u0161tos kokyb\u0117s kabeliai u\u017etikrina skland\u0173 veikim\u0105.<\/p>\n<\/div>\n<\/div>\n\n\n\n<div class=\"wp-block-columns alignwide mobile-reverse is-layout-flex wp-container-core-columns-is-layout-ca64bf2d wp-block-columns-is-layout-flex\" style=\"margin-bottom:var(--wp--preset--spacing--side-padding)\">\n<div class=\"wp-block-column is-vertically-aligned-center is-layout-flow wp-block-column-is-layout-flow\">\n<h3 class=\"wp-block-heading\" style=\"margin-bottom:var(--wp--preset--spacing--h-3-bottom)\">Did\u017eiausias komfortas<\/h3>\n\n\n\n<p><em><strong>Formuotos s\u0117dyn\u0117s sporto sal\u0117s entuziastams<\/strong><\/em><\/p>\n\n\n\n<p style=\"margin-bottom:var(--wp--preset--spacing--tb-section-padding)\">Sporto sali\u0173 savininkams ir fitneso entuziastams svarbiausia &#8211; patogumas. Su m\u016bs\u0173 profiliuotomis s\u0117dyn\u0117mis sporto sal\u0117s entuziastams j\u016bs\u0173 klientai treniruo\u010di\u0173 metu patirs neprilygstam\u0105 atram\u0105 ir komfort\u0105. \u0160ios s\u0117dyn\u0117s u\u017etikrina ne tik patogum\u0105, bet ir ilgaam\u017ei\u0161kum\u0105, tod\u0117l kiekviena treniruot\u0117 bus veiksminga ir ne\u012ftik\u0117tinai patogi.<\/p>\n<\/div>\n\n\n\n<div class=\"wp-block-column is-vertically-aligned-center is-layout-flow wp-block-column-is-layout-flow\">\n<figure class=\"wp-block-video\"><video height=\"2560\" style=\"aspect-ratio: 1920 \/ 2560;\" width=\"1920\" autoplay=\"\" controls=\"\" loop=\"\" muted=\"\" src=\"https:\/\/evolve-fitness.eu\/wp-content\/uploads\/2024\/01\/EV-SC-UL-220-Seat.mp4\"><\/video><\/figure>\n<\/div>\n<\/div>\n\n\n\n<div class=\"wp-block-columns alignwide is-layout-flex wp-container-core-columns-is-layout-c45ee707 wp-block-columns-is-layout-flex\" style=\"margin-bottom:var(--wp--preset--spacing--side-padding);padding-top:var(--wp--preset--spacing--side-padding)\">\n<div class=\"wp-block-column is-vertically-aligned-center is-layout-flow wp-block-column-is-layout-flow\">\n<figure class=\"wp-block-video\"><video height=\"2560\" style=\"aspect-ratio: 1920 \/ 2560;\" width=\"1920\" autoplay=\"\" controls=\"\" loop=\"\" muted=\"\" src=\"https:\/\/evolve-fitness.eu\/wp-content\/uploads\/2023\/08\/EV-SC-UL-220-Stickers-Storage.mp4\"><\/video><\/figure>\n<\/div>\n\n\n\n<div class=\"wp-block-column is-vertically-aligned-center is-layout-flow wp-block-column-is-layout-flow\">\n<h3 class=\"wp-block-heading\"><strong>Pried\u0173 saugykla<\/strong><\/h3>\n\n\n\n<p><strong><em><strong><em>Saugus ir lengvai pasiekiamas<\/em><\/strong><\/em><\/strong><\/p>\n\n\n\n<p>Treniruodamiesi galite patogiai laikyti vandens buteliuk\u0105, telefon\u0105 ir asmeninius daiktus &#8222;Evolve Ultra&#8221; serijos treniruokliuose \u012frengtuose laikikliuose, kurie skirti j\u016bs\u0173 patogumui. \u0160ie specialiai suprojektuoti skyriai skirti tam, kad treniruo\u010di\u0173 metu tur\u0117tum\u0117te saugi\u0105 ir lengvai pasiekiam\u0105 viet\u0105 savo daiktams laikyti.<\/p>\n\n\n\n<p><strong>\n  <em>\n    <strong>\n      <em>Pratimai<\/em>\n    <\/strong>\n  <\/em>\n<\/strong> lipdukas <strong>\n  <em>\n    <strong>\n      <em>j\u016bs\u0173 vaizdin\u0117 priemon\u0117<\/em>\n    <\/strong>\n  <\/em>\n<\/strong><\/p>\n\n\n\n<p>&#8222;Evolve Ultra&#8221; serijos treniruokliai turi informatyvius lipdukus, kurie padeda lengviau orientuotis treniruoklio funkcijose ir savyb\u0117se, o tai pagerina j\u016bs\u0173 treniruo\u010di\u0173 patirt\u012f. Be to, jame pateikiama verting\u0173 \u012f\u017evalg\u0173 apie \u012fvairias raumen\u0173 grupes, kurios gali b\u016bti efektyviai treniruojamos treniruokliu, tod\u0117l gal\u0117site maksimaliai i\u0161naudoti savo treniruo\u010di\u0173 rutin\u0105, orientuodamiesi \u012f konkre\u010dias dominan\u010dias sritis.<\/p>\n<\/div>\n<\/div>\n\n\n\n<div class=\"wp-block-columns alignwide are-vertically-aligned-center mobile-reverse is-layout-flex wp-container-core-columns-is-layout-9369c7e6 wp-block-columns-is-layout-flex\" style=\"margin-bottom:var(--wp--preset--spacing--tb-section-padding);padding-top:var(--wp--preset--spacing--side-padding)\">\n<div class=\"wp-block-column is-vertically-aligned-center is-layout-flow wp-block-column-is-layout-flow\">\n<h3 class=\"wp-block-heading\" style=\"margin-bottom:var(--wp--preset--spacing--h-3-bottom)\"><strong>Optimal\u016bs rank\u0173 su\u0117mimai<\/strong><\/h3>\n\n\n\n<p><strong><em><strong><em>Fitneso patirties gerinimas<\/em><\/strong><\/em><\/strong><\/p>\n\n\n\n<p style=\"margin-bottom:var(--wp--preset--spacing--tb-section-padding)\">Sporto sali\u0173 savininkams ir sporto klub\u0173 vadovams labai svarbu pritraukti ir i\u0161laikyti klientus. Kruop\u0161\u010diai suprojektuota taip, kad b\u016bt\u0173 patogu ir saugu. Pagerinkite savo klient\u0173 treniruo\u010di\u0173 patirt\u012f, kad jie b\u016bt\u0173 \u012fsitrauk\u0119 ir motyvuoti siekti fitneso tiksl\u0173 j\u016bs\u0173 \u012fstaigoje.<\/p>\n<\/div>\n\n\n\n<div class=\"wp-block-column is-vertically-aligned-center is-layout-flow wp-block-column-is-layout-flow\">\n<figure class=\"wp-block-video\"><video height=\"2560\" style=\"aspect-ratio: 1920 \/ 2560;\" width=\"1920\" autoplay=\"\" controls=\"\" loop=\"\" muted=\"\" src=\"https:\/\/evolve-fitness.eu\/wp-content\/uploads\/2023\/08\/EV-SC-UL-220Easy-Staart.mp4\"><\/video><\/figure>\n<\/div>\n<\/div>\n<\/section>\n","protected":false},"excerpt":{"rendered":"<p>Pagerinkite apatin\u0117s k\u016bno dalies treniruotes naudodami &#8222;Evolve Ultra Series&#8221; selektorin\u012f klub\u0173 traukos treniruokl\u012f (UL-220). M\u0117gaukit\u0117s did\u017eiausiu patogumu su profiliuotomis s\u0117dyn\u0117mis, \u012fdarbinkite raumenis nepriklausomai judindami rankas ir u\u017etikrinkite saugum\u0105 su u\u017edengtu svorio kr\u016bvio gaubtu. \u0160iame treniruoklyje, kuriame s\u0117dyn\u0117 reguliuojama viena ranka, kad b\u016bt\u0173 galima skland\u017eiai pereiti nuo vieno pratimo prie kito, skland\u017eiai derinamos inovacijos ir fitnesas.<\/p>\n","protected":false},"featured_media":81204,"template":"","meta":{"_acf_changed":false,"inline_featured_image":false},"product_cat":[117,166,167],"product_tag":[],"class_list":{"0":"post-7584","1":"product","2":"type-product","3":"status-publish","4":"has-post-thumbnail","6":"product_cat-pagrindinis-puslapis","7":"product_cat-pasirinktines-masinos","8":"product_cat-ultra-series-selektorizuoti-treniruokliai","10":"first","11":"instock","12":"shipping-taxable","13":"purchasable","14":"product-type-simple"},"acf":[],"_links":{"self":[{"href":"https:\/\/store.evolve-fitness.eu\/lt\/wp-json\/wp\/v2\/product\/7584","targetHints":{"allow":["GET"]}}],"collection":[{"href":"https:\/\/store.evolve-fitness.eu\/lt\/wp-json\/wp\/v2\/product"}],"about":[{"href":"https:\/\/store.evolve-fitness.eu\/lt\/wp-json\/wp\/v2\/types\/product"}],"wp:featuredmedia":[{"embeddable":true,"href":"https:\/\/store.evolve-fitness.eu\/lt\/wp-json\/wp\/v2\/media\/81204"}],"wp:attachment":[{"href":"https:\/\/store.evolve-fitness.eu\/lt\/wp-json\/wp\/v2\/media?parent=7584"}],"wp:term":[{"taxonomy":"product_cat","embeddable":true,"href":"https:\/\/store.evolve-fitness.eu\/lt\/wp-json\/wp\/v2\/product_cat?post=7584"},{"taxonomy":"product_tag","embeddable":true,"href":"https:\/\/store.evolve-fitness.eu\/lt\/wp-json\/wp\/v2\/product_tag?post=7584"}],"curies":[{"name":"wp","href":"https:\/\/api.w.org\/{rel}","templated":true}]}}