{"id":7583,"date":"2024-01-17T12:42:22","date_gmt":"2024-01-17T12:42:22","guid":{"rendered":"https:\/\/store.evolve-fitness.eu\/produktas\/evolve-ultra-series-selektorinis-soninis-kelimas-stovincio-pec-fly\/"},"modified":"2025-11-03T08:13:21","modified_gmt":"2025-11-03T08:13:21","slug":"evolve-ultra-series-selektorinis-soninis-kelimas-stovincio-pec-fly","status":"publish","type":"product","link":"https:\/\/store.evolve-fitness.eu\/lt\/produktas\/evolve-ultra-series-selektorinis-soninis-kelimas-stovincio-pec-fly\/","title":{"rendered":"&#8222;Evolve Ultra Series&#8221; selektorinis \u0161oninis k\u0117limas \/ stovin\u010dio kr\u016btin\u0117s l\u0105stos skraidymas (UL-340)"},"content":{"rendered":"\n<section class=\"wp-block-group alignfull black-content has-white-color has-darkgray-background-color has-text-color has-background is-layout-constrained wp-block-group-is-layout-constrained\" style=\"padding-top:var(--wp--preset--spacing--section-bottom);padding-bottom:var(--wp--preset--spacing--section-bottom)\">\n<div class=\"wp-block-columns alignwide mobile-reverse is-layout-flex wp-container-core-columns-is-layout-ca64bf2d wp-block-columns-is-layout-flex\" style=\"margin-bottom:var(--wp--preset--spacing--side-padding)\">\n<div class=\"wp-block-column is-vertically-aligned-center is-layout-flow wp-block-column-is-layout-flow\">\n<h3 class=\"wp-block-heading\">Sveiki atvyk\u0119 \u012f &#8222;Ultra&#8221; serij\u0105<\/h3>\n\n\n\n<p><\/p>\n\n\n\n<p><strong><em>Susipa\u017einkite su m\u016bs\u0173 &#8222;Ultra Series&#8221; \u012franga naudodamiesi moderniausia 3D 360 ekskursija<\/em><\/strong><\/p>\n\n\n\n<p>&#8222;Evolve Ultra&#8221; serijos selektorinis \u0161oninis k\u0117limas \/ stovin\u010dio kr\u016btin\u0117s l\u0105stos liemens mank\u0161ta, &#8222;Evolve Ultra&#8221; serijos dalis, yra sukurta ir patogumui, ir na\u0161umui u\u017etikrinti. Treniruoklis sukurtas taip, kad j\u012f b\u016bt\u0173 galima pritaikyti \u012fvairiems naudotoj\u0173 dyd\u017eiams, jis b\u016bt\u0173 ergonomi\u0161kas ir lengvai pritaikomas. Dizainas yra esteti\u0161kas, o patvari, milteliniu b\u016bdu dengta apdaila ir naudojami auk\u0161tos kokyb\u0117s kabeliai u\u017etikrina skland\u0173 veikim\u0105.<\/p>\n<\/div>\n\n\n\n<div class=\"wp-block-column is-vertically-aligned-center is-layout-flow wp-block-column-is-layout-flow\">\n<figure class=\"wp-block-video\"><video height=\"954\" style=\"aspect-ratio: 2016 \/ 954;\" width=\"2016\" autoplay=\"\" controls=\"\" loop=\"\" muted=\"\" src=\"https:\/\/evolve-fitness.eu\/wp-content\/uploads\/2023\/08\/Evolve-Ultra-Series-Selectorized-Lateral-Raise-Standing-Pec-Fly.mp4\"><\/video><\/figure>\n<\/div>\n<\/div>\n\n\n\n<div class=\"wp-block-columns alignwide mobile-reverse is-layout-flex wp-container-core-columns-is-layout-ca64bf2d wp-block-columns-is-layout-flex\" style=\"margin-bottom:var(--wp--preset--spacing--side-padding)\">\n<div class=\"wp-block-column is-vertically-aligned-center is-layout-flow wp-block-column-is-layout-flow\">\n<figure class=\"wp-block-video\"><video height=\"2048\" style=\"aspect-ratio: 1536 \/ 2048;\" width=\"1536\" autoplay=\"\" controls=\"\" loop=\"\" muted=\"\" src=\"https:\/\/evolve-fitness.eu\/wp-content\/uploads\/2023\/08\/EV-SC-UL-340-Main.mp4\"><\/video><\/figure>\n<\/div>\n\n\n\n<div class=\"wp-block-column is-vertically-aligned-center is-layout-flow wp-block-column-is-layout-flow\">\n<h3 class=\"wp-block-heading\" style=\"margin-bottom:var(--wp--preset--spacing--h-3-bottom)\">Raumenys<\/h3>\n\n\n\n<p><em><strong>Dviej\u0173 funkcij\u0173 ma\u0161ina si\u016blo visapusi\u0161k\u0105 po\u017ei\u016br\u012f \u012f vir\u0161utin\u0117s k\u016bno dalies treniruotes<\/strong><\/em><\/p>\n\n\n\n<p>&#8222;Evolve Ultra Series&#8221; selektorizuotas \u0161oninio pak\u0117limo \/ stovin\u010dio &#8222;Pec Fly&#8221; treniruoklis skirtas dviem pagrindin\u0117ms raumen\u0173 grup\u0117ms: <strong>Lateral Raise:<\/strong> \u0160is judesys vis\u0173 pirma veikia pe\u010di\u0173 deltinius raumenis, ypa\u010d vidurinius (\u0161oninius) deltinius raumenis. Tai veiksmingas pratimas pe\u010di\u0173 raumenims stiprinti ir pe\u010di\u0173 plo\u010diui didinti; &#8221; <strong>Standing Pec Fly<\/strong> &#8222;: \u0161is pratimas skirtas kr\u016btin\u0117s raumenims. Jis puikiai tinka kr\u016btin\u0117s l\u0105stos vystymuisi, skirtas did\u017eiajam kr\u016btin\u0117s raumeniui, padeda pagerinti bendr\u0105 kr\u016btin\u0117s i\u0161vaizd\u0105 ir stiprum\u0105.<\/p>\n<\/div>\n<\/div>\n\n\n\n<div class=\"wp-block-columns alignwide mobile-reverse is-layout-flex wp-container-core-columns-is-layout-ca64bf2d wp-block-columns-is-layout-flex\" style=\"margin-bottom:var(--wp--preset--spacing--side-padding)\">\n<div class=\"wp-block-column is-vertically-aligned-center is-layout-flow wp-block-column-is-layout-flow\">\n<h3 class=\"wp-block-heading\" style=\"margin-bottom:var(--wp--preset--spacing--h-3-bottom)\">Sauga atitinka stili\u0173<\/h3>\n\n\n\n<p><strong><em>Visi\u0161kai u\u017edengtas svorio kamino gaubtas<\/em><\/strong><\/p>\n\n\n\n<p>Sporto sali\u0173 savininkams ir fitneso verslininkams svarbiausia &#8211; saugumas ir estetika. &#8222;Evolve Ultra&#8221; serijoje yra visi\u0161kai u\u017edengtas svori\u0173 kr\u016bvos gaubtas, kuriame skland\u017eiai derinamas saugumas ir stilius. \u0160is gaubtas, didinantis saugum\u0105 ir apsaugantis nuo nelaiming\u0173 atsitikim\u0173, o kartu palaikantis \u0161var\u0105 sporto sal\u0117je, yra b\u016btinas bet kurios treniruokli\u0173 sal\u0117s priedas. Padidinkite savo sporto sal\u0117s vizualin\u012f patrauklum\u0105, kartu teikdami pirmenyb\u0119 klient\u0173 saugumui kiekvienos treniruot\u0117s metu.<\/p>\n<\/div>\n\n\n\n<div class=\"wp-block-column is-vertically-aligned-center is-layout-flow wp-block-column-is-layout-flow\">\n<figure class=\"wp-block-image size-large\"><img decoding=\"async\" src=\"https:\/\/evolve-fitness.eu\/wp-content\/uploads\/2023\/08\/A7_08509-683x1024.jpg\" alt=\"\" class=\"wp-image-8741\"\/><\/figure>\n<\/div>\n<\/div>\n\n\n\n<div class=\"wp-block-columns alignwide is-layout-flex wp-container-core-columns-is-layout-c45ee707 wp-block-columns-is-layout-flex\" style=\"margin-bottom:var(--wp--preset--spacing--side-padding);padding-top:var(--wp--preset--spacing--side-padding)\">\n<div class=\"wp-block-column is-vertically-aligned-center is-layout-flow wp-block-column-is-layout-flow\">\n<figure class=\"wp-block-image size-large\"><img decoding=\"async\" src=\"https:\/\/evolve-fitness.eu\/wp-content\/uploads\/2023\/08\/A7_08524-1024x685.jpg\" alt=\"\" class=\"wp-image-8737\"\/><\/figure>\n<\/div>\n\n\n\n<div class=\"wp-block-column is-vertically-aligned-center is-layout-flow wp-block-column-is-layout-flow\">\n<h3 class=\"wp-block-heading\" style=\"margin-bottom:var(--wp--preset--spacing--h-3-bottom)\">Eleganti\u0161kas ir patvarus<\/h3>\n\n\n\n<p><strong><em>Unikali matini\u0173 da\u017e\u0173 apdaila<\/em><\/strong><\/p>\n\n\n\n<p style=\"margin-bottom:var(--wp--preset--spacing--tb-section-padding)\">&#8222;Ultra&#8221; serija &#8211; tai saugumo ir stiliaus derinys, kur\u012f u\u017etikrina gaubti svori\u0173 kaminai. Nepermatomi plastikiniai dang\u010diai u\u017etikrina treniruo\u010di\u0173 saugum\u0105 ir kartu suteikia elegancijos j\u016bs\u0173 treniruo\u010di\u0173 erdvei. Nesvarbu, ar esate sporto sal\u0117s savininkas, ar fitneso entuziastas, \u012fvertinsite vizualin\u012f patrauklum\u0105 ir saugum\u0105, kur\u012f \u0161ie gaubtai suteikia j\u016bs\u0173 sporto salei.<\/p>\n<\/div>\n<\/div>\n\n\n\n<div class=\"wp-block-columns alignwide are-vertically-aligned-center mobile-reverse is-layout-flex wp-container-core-columns-is-layout-e8158c2f wp-block-columns-is-layout-flex\" style=\"padding-top:var(--wp--preset--spacing--side-padding)\">\n<div class=\"wp-block-column is-vertically-aligned-center is-layout-flow wp-block-column-is-layout-flow\">\n<h3 class=\"wp-block-heading\" style=\"margin-bottom:var(--wp--preset--spacing--h-3-bottom)\"><strong>Optimal\u016bs rank\u0173 su\u0117mimai<\/strong><\/h3>\n\n\n\n<p><strong><em><strong><em>Fitneso patirties gerinimas<\/em><\/strong><\/em><\/strong><\/p>\n\n\n\n<p style=\"margin-bottom:var(--wp--preset--spacing--tb-section-padding)\">Sporto sali\u0173 savininkams ir sporto klub\u0173 vadovams labai svarbu pritraukti ir i\u0161laikyti klientus. &#8222;Evolve Ultra&#8221; serija si\u016blo optimalias rank\u0173 rankenas, kruop\u0161\u010diai suprojektuotas taip, kad b\u016bt\u0173 patogu ir saugu. Pagerinkite savo klient\u0173 treniruo\u010di\u0173 patirt\u012f, kad jie b\u016bt\u0173 \u012fsitrauk\u0119 ir motyvuoti siekti fitneso tiksl\u0173 j\u016bs\u0173 \u012fstaigoje.<\/p>\n<\/div>\n\n\n\n<div class=\"wp-block-column is-vertically-aligned-center is-layout-flow wp-block-column-is-layout-flow\">\n<figure class=\"wp-block-image size-large\"><img decoding=\"async\" src=\"https:\/\/evolve-fitness.eu\/wp-content\/uploads\/2023\/08\/A7_08527-1024x683.jpg\" alt=\"\" class=\"wp-image-8739\"\/><\/figure>\n<\/div>\n<\/div>\n\n\n\n<div class=\"wp-block-columns alignwide are-vertically-aligned-center mobile-reverse is-layout-flex wp-container-core-columns-is-layout-e8158c2f wp-block-columns-is-layout-flex\" style=\"padding-top:var(--wp--preset--spacing--side-padding)\">\n<div class=\"wp-block-column is-vertically-aligned-center is-layout-flow wp-block-column-is-layout-flow\">\n<figure class=\"wp-block-image size-large\"><img decoding=\"async\" src=\"https:\/\/evolve-fitness.eu\/wp-content\/uploads\/2023\/08\/A7_08545-1024x683.jpg\" alt=\"\" class=\"wp-image-8734\"\/><\/figure>\n<\/div>\n\n\n\n<div class=\"wp-block-column is-vertically-aligned-center is-layout-flow wp-block-column-is-layout-flow\">\n<h3 class=\"wp-block-heading\">Nepriklausomas rankos jud\u0117jimas<\/h3>\n\n\n\n<p><\/p>\n\n\n\n<p><strong><em>Kei\u010dia universalum\u0105<\/em><\/strong><\/p>\n\n\n\n<p>Sporto sali\u0173 savininkai ir treniruokli\u0173 centr\u0173 vadovai supranta, kad reikia universalios \u012frangos. M\u016bs\u0173 &#8222;Evolve Ultra&#8221; serijoje pristatomas nepriklausomas rank\u0173 judesys &#8211; naujov\u0117, suteikianti naudotojams platesn\u012f judesi\u0173 diapazon\u0105. \u0160is naujovi\u0161kas priedas skatina puik\u0173 raumen\u0173 \u012fsitraukim\u0105 ir simetrij\u0105, tod\u0117l j\u012f privalo tur\u0117ti fitneso entuziastai, ie\u0161kantys dinami\u0161k\u0173 treniruo\u010di\u0173. Pagerinkite savo sporto sal\u0117s reputacij\u0105 naudodami \u012frang\u0105, kuri leid\u017eia klientams veiksmingai ir efektyviai siekti savo fitneso tiksl\u0173.<\/p>\n<\/div>\n<\/div>\n<\/section>\n","protected":false},"excerpt":{"rendered":"<p>Pristatome &#8222;Evolve Ultra Series UL-340&#8221; selektorizuot\u0105 \u0161oninio k\u0117limo \/ stovin\u010dio &#8222;Pec Fly&#8221; treniruokl\u012f &#8211; treniruokli\u0173 \u012frangos naujovi\u0173 vir\u0161\u016bn\u0119. Su \u0161iuo pa\u017eangiu treniruokliu, skirtu efektyviai treniruoti \u0161oninius deltinius raumenis, pagerinsite savo patirt\u012f sporto sal\u0117je. \u012e naudotoj\u0105 orientuota konstrukcija, nepriklausomas rank\u0173 judesys ir nepriekai\u0161tingas komfortas u\u017etikrina neprilygstam\u0105 treniruot\u0119. Eleganti\u0161ka matin\u0117 apdaila, s\u0117dyn\u0117s reguliavimas viena ranka ir optimalios rankenos daro j\u012f privalom\u0105 sporto sal\u0117s savininkams ir fitneso entuziastams. Susipa\u017einkite su &#8222;Evolve Ultra Series UL-340&#8221; ir i\u0161 naujo apibr\u0117\u017ekite savo sveikatingumo kelion\u0119, naudodami pa\u017eangiausi\u0173 technologij\u0173 ir i\u0161skirtinio komforto derin\u012f.<\/p>\n","protected":false},"featured_media":76095,"template":"","meta":{"_acf_changed":false,"inline_featured_image":false},"product_cat":[117,166,167],"product_tag":[],"class_list":{"0":"post-7583","1":"product","2":"type-product","3":"status-publish","4":"has-post-thumbnail","6":"product_cat-pagrindinis-puslapis","7":"product_cat-pasirinktines-masinos","8":"product_cat-ultra-series-selektorizuoti-treniruokliai","10":"first","11":"instock","12":"shipping-taxable","13":"purchasable","14":"product-type-simple"},"acf":[],"_links":{"self":[{"href":"https:\/\/store.evolve-fitness.eu\/lt\/wp-json\/wp\/v2\/product\/7583","targetHints":{"allow":["GET"]}}],"collection":[{"href":"https:\/\/store.evolve-fitness.eu\/lt\/wp-json\/wp\/v2\/product"}],"about":[{"href":"https:\/\/store.evolve-fitness.eu\/lt\/wp-json\/wp\/v2\/types\/product"}],"wp:featuredmedia":[{"embeddable":true,"href":"https:\/\/store.evolve-fitness.eu\/lt\/wp-json\/wp\/v2\/media\/76095"}],"wp:attachment":[{"href":"https:\/\/store.evolve-fitness.eu\/lt\/wp-json\/wp\/v2\/media?parent=7583"}],"wp:term":[{"taxonomy":"product_cat","embeddable":true,"href":"https:\/\/store.evolve-fitness.eu\/lt\/wp-json\/wp\/v2\/product_cat?post=7583"},{"taxonomy":"product_tag","embeddable":true,"href":"https:\/\/store.evolve-fitness.eu\/lt\/wp-json\/wp\/v2\/product_tag?post=7583"}],"curies":[{"name":"wp","href":"https:\/\/api.w.org\/{rel}","templated":true}]}}