{"id":7581,"date":"2024-01-17T11:54:16","date_gmt":"2024-01-17T11:54:16","guid":{"rendered":"https:\/\/store.evolve-fitness.eu\/produktas\/evolve-ultra-series-selektorinis-kabeliu-kryzminimas\/"},"modified":"2024-12-02T15:50:44","modified_gmt":"2024-12-02T15:50:44","slug":"evolve-ultra-series-selektorinis-kabeliu-kryzminimas","status":"publish","type":"product","link":"https:\/\/store.evolve-fitness.eu\/lt\/produktas\/evolve-ultra-series-selektorinis-kabeliu-kryzminimas\/","title":{"rendered":"&#8222;Evolve Ultra Series&#8221; selektorinis kabeli\u0173 kry\u017eminimas"},"content":{"rendered":"\n<section class=\"wp-block-group alignfull black-content has-white-color has-darkgray-background-color has-text-color has-background is-layout-constrained wp-block-group-is-layout-constrained\" style=\"padding-top:var(--wp--preset--spacing--section-bottom);padding-bottom:var(--wp--preset--spacing--section-bottom)\">\n<div class=\"wp-block-columns alignwide mobile-reverse is-layout-flex wp-container-core-columns-is-layout-ca64bf2d wp-block-columns-is-layout-flex\" style=\"margin-bottom:var(--wp--preset--spacing--side-padding)\">\n<div class=\"wp-block-column is-vertically-aligned-center is-layout-flow wp-block-column-is-layout-flow\">\n<h3 class=\"wp-block-heading\">Sveiki atvyk\u0119 \u012f &#8222;Ultra&#8221; serij\u0105<\/h3>\n\n\n\n<p><\/p>\n\n\n\n<p><strong><em>Susipa\u017einkite su m\u016bs\u0173 &#8222;Ultra Series&#8221; \u012franga naudodamiesi moderniausia 3D 360 ekskursija<\/em><\/strong><\/p>\n\n\n\n<p>&#8222;Evolve Ultra Series&#8221; pasirenkamasis kabeli\u0173 krosoveris, priklausantis &#8222;Evolve Ultra Series&#8221;, sukurtas siekiant u\u017etikrinti ir patogum\u0105, ir na\u0161um\u0105. Treniruoklis sukurtas taip, kad j\u012f b\u016bt\u0173 galima pritaikyti \u012fvairiems naudotoj\u0173 dyd\u017eiams, jis b\u016bt\u0173 ergonomi\u0161kas ir lengvai pritaikomas. Dizainas yra esteti\u0161kas, o patvari, milteliniu b\u016bdu dengta apdaila ir naudojami auk\u0161tos kokyb\u0117s kabeliai u\u017etikrina skland\u0173 veikim\u0105.<\/p>\n<\/div>\n\n\n\n<div class=\"wp-block-column is-vertically-aligned-center is-layout-flow wp-block-column-is-layout-flow\">\n<figure class=\"wp-block-video\"><video autoplay=\"\" controls=\"\" loop=\"\" muted=\"\" src=\"https:\/\/evolve-fitness.eu\/wp-content\/uploads\/2023\/08\/Cable-Crossover-Evolve-Ultra-Series-Selectorized.mp4\"><\/video><\/figure>\n<\/div>\n<\/div>\n\n\n\n<div class=\"wp-block-columns alignwide is-layout-flex wp-container-core-columns-is-layout-c45ee707 wp-block-columns-is-layout-flex\" style=\"margin-bottom:var(--wp--preset--spacing--side-padding);padding-top:var(--wp--preset--spacing--side-padding)\">\n<div class=\"wp-block-column is-vertically-aligned-center is-layout-flow wp-block-column-is-layout-flow\">\n<figure class=\"wp-block-image size-large\"><img decoding=\"async\" src=\"https:\/\/evolve-fitness.eu\/wp-content\/uploads\/2023\/08\/EV-SC-UL-240-14-683x1024.jpg\" alt=\"\" class=\"wp-image-167371\"\/><\/figure>\n<\/div>\n\n\n\n<div class=\"wp-block-column is-vertically-aligned-center is-layout-flow wp-block-column-is-layout-flow\">\n<h3 class=\"wp-block-heading\"><strong>DENGTAS DVIGUBU MILTELINIU B\u016aDU<\/strong><\/h3>\n\n\n\n<p><\/p>\n\n\n\n<p><strong><em><strong><em>Elektrostatiniu milteliniu b\u016bdu dengtas<\/em><\/strong><\/em><\/strong><\/p>\n\n\n\n<p style=\"margin-bottom:var(--wp--preset--spacing--tb-section-padding)\">&#8222;Evolve Ultra&#8221; serijos j\u0117gos ma\u0161inos su elektrostatiniu milteliniu b\u016bdu dengtu perlamutrin\u0117s juodos matin\u0117s spalvos r\u0117mu yra ir formos, ir funkcijos pavyzdys. Jos estetin\u012f patrauklum\u0105 didina juoda matin\u0117 apdaila, o praktin\u0117s savyb\u0117s, \u012fskaitant atsparum\u0105 trin\u010diai, antikorozines savybes ir atsparum\u0105 \u012fbr\u0117\u017eimams, u\u017etikrina, kad ji b\u016bt\u0173 patikimas ir ilgaam\u017eis treniruo\u010di\u0173 palydovas.<\/p>\n\n\n\n<h3 class=\"wp-block-heading\" style=\"margin-bottom:var(--wp--preset--spacing--h-3-bottom)\">SAUGOKITE SAVO ERDV\u0118<\/h3>\n\n\n\n<p><strong><em><strong><em>Gumin\u0117s trinkel\u0117s grindims apsaugoti<\/em><\/strong><\/em><\/strong><\/p>\n\n\n\n<p>Naudodami gumines pagalv\u0117les palaikykite \u0161vari\u0105 ir nepa\u017eeist\u0105 treniruo\u010di\u0173 aplink\u0105. Sporto sali\u0173 savininkai supranta, kaip svarbu saugoti sporto sal\u0117s grindis. M\u016bs\u0173 guma padengtos kojos apsaugo grindis nuo \u012fbr\u0117\u017eim\u0173 ir galim\u0173 pa\u017eeidim\u0173, tod\u0117l &#8222;Ultra&#8221; serij\u0105 renkasi sporto sali\u0173 savininkai, norintys apsaugoti savo erdv\u0119.<\/p>\n<\/div>\n<\/div>\n\n\n\n<div class=\"wp-block-columns alignwide are-vertically-aligned-center mobile-reverse is-layout-flex wp-container-core-columns-is-layout-e8158c2f wp-block-columns-is-layout-flex\" style=\"padding-top:var(--wp--preset--spacing--side-padding)\">\n<div class=\"wp-block-column is-vertically-aligned-center is-layout-flow wp-block-column-is-layout-flow\">\n<h3 class=\"wp-block-heading\" style=\"margin-bottom:var(--wp--preset--spacing--h-3-bottom)\"><strong>Optimal\u016bs rank\u0173 su\u0117mimai<\/strong><\/h3>\n\n\n\n<p><strong><em><strong><em>Fitneso patirties gerinimas<\/em><\/strong><\/em><\/strong><\/p>\n\n\n\n<p style=\"margin-bottom:var(--wp--preset--spacing--tb-section-padding)\">Sporto sali\u0173 savininkams ir sporto klub\u0173 vadovams labai svarbu pritraukti ir i\u0161laikyti klientus. &#8222;Evolve Ultra&#8221; serija si\u016blo optimalias rank\u0173 rankenas, kruop\u0161\u010diai suprojektuotas taip, kad b\u016bt\u0173 patogu ir saugu. Pagerinkite savo klient\u0173 treniruo\u010di\u0173 patirt\u012f, kad jie b\u016bt\u0173 \u012fsitrauk\u0119 ir motyvuoti siekti fitneso tiksl\u0173 j\u016bs\u0173 \u012fstaigoje.<\/p>\n\n\n\n<h3 class=\"wp-block-heading\" style=\"margin-bottom:var(--wp--preset--spacing--h-3-bottom)\">Sauga atitinka stili\u0173<\/h3>\n\n\n\n<p><strong><em>Visi\u0161kai u\u017edengtas svorio kamino gaubtas<\/em><\/strong><\/p>\n\n\n\n<p>Sporto sali\u0173 savininkams ir fitneso verslininkams svarbiausia &#8211; saugumas ir estetika. &#8222;Evolve Ultra&#8221; serijoje yra visi\u0161kai u\u017edengtas svori\u0173 kr\u016bvos gaubtas, kuriame skland\u017eiai derinamas saugumas ir stilius. \u0160is gaubtas, didinantis saugum\u0105 ir apsaugantis nuo nelaiming\u0173 atsitikim\u0173, o kartu palaikantis \u0161var\u0105 sporto sal\u0117je, yra b\u016btinas bet kurios treniruokli\u0173 sal\u0117s priedas. Padidinkite savo sporto sal\u0117s vizualin\u012f patrauklum\u0105, kartu teikdami pirmenyb\u0119 klient\u0173 saugumui kiekvienos treniruot\u0117s metu.<\/p>\n<\/div>\n\n\n\n<div class=\"wp-block-column is-vertically-aligned-center is-layout-flow wp-block-column-is-layout-flow\">\n<figure class=\"wp-block-image size-large\"><img decoding=\"async\" src=\"https:\/\/evolve-fitness.eu\/wp-content\/uploads\/2023\/08\/ev-sc-ul-240-1-1024x683.jpg\" alt=\"\" class=\"wp-image-167346\"\/><\/figure>\n<\/div>\n<\/div>\n<\/section>\n","protected":false},"excerpt":{"rendered":"<p>Patirkite neprilygstam\u0105 universalum\u0105 ir patogum\u0105 su &#8222;Evolve Ultra Series UL-240&#8221; pasirenkamuoju kabeli\u0173 krosoveriu.<br \/>\nPagerinkite savo sporto sal\u0119 su \u0161iuo naujovi\u0161ku treniruokliu, pasi\u017eymin\u010diu nepriklausomu rank\u0173 jud\u0117jimu, kuris optimizuoja raumen\u0173 \u012fsitraukim\u0105 ir simetrij\u0105 dinami\u0161koms treniruot\u0117ms.<br \/>\nVisi\u0161kai u\u017edengtas svori\u0173 kr\u016bvos gaubtas u\u017etikrina saugum\u0105, ta\u010diau nekei\u010dia stiliaus, o unikali matini\u0173 da\u017e\u0173 apdaila suderina patvarum\u0105 ir estetik\u0105.<br \/>\n\u0160is treniruoklis su viena ranka reguliuojama s\u0117dyne ir optimaliomis rankenomis suteikia i\u0161skirtin\u0119 treniruo\u010di\u0173 patirt\u012f.   <\/p>\n","protected":false},"featured_media":4508,"template":"","meta":{"_acf_changed":false,"inline_featured_image":false},"product_cat":[117,166,167],"product_tag":[],"class_list":{"0":"post-7581","1":"product","2":"type-product","3":"status-publish","4":"has-post-thumbnail","6":"product_cat-pagrindinis-puslapis","7":"product_cat-pasirinktines-masinos","8":"product_cat-ultra-series-selektorizuoti-treniruokliai","10":"first","11":"outofstock","12":"shipping-taxable","13":"purchasable","14":"product-type-simple"},"acf":[],"_links":{"self":[{"href":"https:\/\/store.evolve-fitness.eu\/lt\/wp-json\/wp\/v2\/product\/7581","targetHints":{"allow":["GET"]}}],"collection":[{"href":"https:\/\/store.evolve-fitness.eu\/lt\/wp-json\/wp\/v2\/product"}],"about":[{"href":"https:\/\/store.evolve-fitness.eu\/lt\/wp-json\/wp\/v2\/types\/product"}],"wp:featuredmedia":[{"embeddable":true,"href":"https:\/\/store.evolve-fitness.eu\/lt\/wp-json\/wp\/v2\/media\/4508"}],"wp:attachment":[{"href":"https:\/\/store.evolve-fitness.eu\/lt\/wp-json\/wp\/v2\/media?parent=7581"}],"wp:term":[{"taxonomy":"product_cat","embeddable":true,"href":"https:\/\/store.evolve-fitness.eu\/lt\/wp-json\/wp\/v2\/product_cat?post=7581"},{"taxonomy":"product_tag","embeddable":true,"href":"https:\/\/store.evolve-fitness.eu\/lt\/wp-json\/wp\/v2\/product_tag?post=7581"}],"curies":[{"name":"wp","href":"https:\/\/api.w.org\/{rel}","templated":true}]}}