{"id":7579,"date":"2024-01-11T15:07:09","date_gmt":"2024-01-11T15:07:09","guid":{"rendered":"https:\/\/store.evolve-fitness.eu\/produktas\/evolve-prime-series-krutines-ir-peciu-lynu-masina\/"},"modified":"2024-02-27T13:22:35","modified_gmt":"2024-02-27T13:22:35","slug":"evolve-prime-series-krutines-ir-peciu-lynu-masina","status":"publish","type":"product","link":"https:\/\/store.evolve-fitness.eu\/lt\/produktas\/evolve-prime-series-krutines-ir-peciu-lynu-masina\/","title":{"rendered":"&#8222;Evolve Prime Series&#8221; kr\u016btin\u0117s ir pe\u010di\u0173 lyn\u0173 ma\u0161ina"},"content":{"rendered":"\n<section class=\"wp-block-group alignfull black-content has-white-color has-darkgray-background-color has-text-color has-background is-layout-constrained wp-block-group-is-layout-constrained\" style=\"padding-top:var(--wp--preset--spacing--section-bottom);padding-bottom:var(--wp--preset--spacing--section-bottom)\">\n<div class=\"wp-block-columns is-layout-flex wp-container-core-columns-is-layout-9d6595d7 wp-block-columns-is-layout-flex\">\n<div class=\"wp-block-column is-layout-flow wp-block-column-is-layout-flow\">\n<figure class=\"wp-block-image size-full\"><img loading=\"lazy\" decoding=\"async\" width=\"1080\" height=\"1080\" src=\"https:\/\/store.evolve-fitness.eu\/wp-content\/uploads\/2024\/01\/Evolve-Shoulder-and-Chest-Cable-System.png\" alt=\"\" class=\"wp-image-4465\" srcset=\"https:\/\/store.evolve-fitness.eu\/wp-content\/uploads\/2024\/01\/Evolve-Shoulder-and-Chest-Cable-System.png 1080w, https:\/\/store.evolve-fitness.eu\/wp-content\/uploads\/2024\/01\/Evolve-Shoulder-and-Chest-Cable-System-300x300.png 300w, https:\/\/store.evolve-fitness.eu\/wp-content\/uploads\/2024\/01\/Evolve-Shoulder-and-Chest-Cable-System-1024x1024.png 1024w, https:\/\/store.evolve-fitness.eu\/wp-content\/uploads\/2024\/01\/Evolve-Shoulder-and-Chest-Cable-System-150x150.png 150w, https:\/\/store.evolve-fitness.eu\/wp-content\/uploads\/2024\/01\/Evolve-Shoulder-and-Chest-Cable-System-768x768.png 768w, https:\/\/store.evolve-fitness.eu\/wp-content\/uploads\/2024\/01\/Evolve-Shoulder-and-Chest-Cable-System-600x600.png 600w, https:\/\/store.evolve-fitness.eu\/wp-content\/uploads\/2024\/01\/Evolve-Shoulder-and-Chest-Cable-System-100x100.png 100w\" sizes=\"auto, (max-width: 1080px) 100vw, 1080px\" \/><\/figure>\n<\/div>\n\n\n\n<div class=\"wp-block-column is-layout-flow wp-block-column-is-layout-flow\" style=\"padding-top:var(--wp--preset--spacing--tb-section-padding);padding-bottom:var(--wp--preset--spacing--tb-section-padding)\">\n<p class=\"has-big-title-font-size\">Kr\u016btin\u0117s ir pe\u010di\u0173 kabelin\u0117 ma\u0161ina<\/p>\n\n\n\n<p>1. I\u0161skirtinis dizainas: Dviguba ranken\u0173 pora skirta \u012fvairiems vir\u0161utin\u0117s k\u016bno dalies raumenims.<\/p>\n\n\n\n<p>2. Universalus naudojimas: tinka s\u0117dintiems ir stovintiems pratimams, pritaikytas visiems fizinio pasirengimo lygiams, taip pat ir ne\u012fgali\u0173j\u0173 ve\u017eim\u0117liuose s\u0117dintiems asmenims.<\/p>\n\n\n\n<p>3. Patvarus r\u0117mas: Tvirtas, milteliniu b\u016bdu dengtas metalinis r\u0117mas, u\u017etikrinantis didesn\u012f patvarum\u0105 ir apsaug\u0105 nuo r\u016bd\u017ei\u0173.<\/p>\n\n\n\n<p>4. Lanks\u010dios vykdymo galimyb\u0117s: Nepriklausomas rankenos jud\u0117jimas leid\u017eia subalansuotai treniruoti abi k\u016bno puses; yra transportavimo ratukai, kad b\u016bt\u0173 lengva jud\u0117ti ir atlikti \u012fvairius pratimus.<\/p>\n\n\n\n<p>5. Ergonomi\u0161kas pamink\u0161tinimas: Pramonin\u0117s kokyb\u0117s pamink\u0161tinimas: tankus, atsparus deformacijai putplastis ir patvari sintetin\u0117s odos danga.<\/p>\n\n\n\n<p>6. Sauga ir naudojimo paprastumas: Svorio plok\u0161t\u0117s padengtos r\u016bd\u017ei\u0173 ir pa\u017eeidim\u0173 prevencijai ir lengvai reguliuojamas pasiprie\u0161inimas raudonos spalvos kai\u0161\u010diu; svori\u0173 plok\u0161t\u0117s padengtos r\u016bd\u017ei\u0173 ir pa\u017eeidim\u0173 prevencijai.<\/p>\n<\/div>\n<\/div>\n<\/section>\n","protected":false},"excerpt":{"rendered":"<p>&#8222;Evolve&#8221; pe\u010di\u0173 ir kr\u016btin\u0117s lyn\u0173 sistema yra universalus, patogus naudoti treniruoklis, puikiai tinkantis pe\u010di\u0173 ir kr\u016btin\u0117s treniruot\u0117ms gerinti. Unikalios konstrukcijos treniruoklis pasi\u017eymi skland\u017eiu, nevar\u017eomu jud\u0117jimu, reguliuojamu pasiprie\u0161inimu ir yra tinkamas \u012fvairaus fizinio pasirengimo lygmens \u017emon\u0117ms, \u012fskaitant turin\u010dius jud\u0117jimo problem\u0173. Patvarus, milteliniu b\u016bdu dengtas r\u0117mas ir ergonomi\u0161kas pamink\u0161tinimas u\u017etikrina patogum\u0105 ir ilgaam\u017ei\u0161kum\u0105. \u0160i kabeli\u0173 sistema, idealiai tinkanti tiek s\u0117dimiems, tiek stovimiems pratimams, si\u016blo specialiai pritaikyt\u0105 treniruo\u010di\u0173 patirt\u012f ir patenkina visus j\u016bs\u0173 vir\u0161utin\u0117s k\u016bno dalies stiprinimo poreikius.<\/p>\n","protected":false},"featured_media":4466,"template":"","meta":{"_acf_changed":false,"inline_featured_image":false},"product_cat":[117,166,185],"product_tag":[],"class_list":{"0":"post-7579","1":"product","2":"type-product","3":"status-publish","4":"has-post-thumbnail","6":"product_cat-pagrindinis-puslapis","7":"product_cat-pasirinktines-masinos","8":"product_cat-prime-serijos-selektoriai","10":"first","11":"outofstock","12":"shipping-taxable","13":"purchasable","14":"product-type-simple"},"acf":[],"_links":{"self":[{"href":"https:\/\/store.evolve-fitness.eu\/lt\/wp-json\/wp\/v2\/product\/7579","targetHints":{"allow":["GET"]}}],"collection":[{"href":"https:\/\/store.evolve-fitness.eu\/lt\/wp-json\/wp\/v2\/product"}],"about":[{"href":"https:\/\/store.evolve-fitness.eu\/lt\/wp-json\/wp\/v2\/types\/product"}],"wp:featuredmedia":[{"embeddable":true,"href":"https:\/\/store.evolve-fitness.eu\/lt\/wp-json\/wp\/v2\/media\/4466"}],"wp:attachment":[{"href":"https:\/\/store.evolve-fitness.eu\/lt\/wp-json\/wp\/v2\/media?parent=7579"}],"wp:term":[{"taxonomy":"product_cat","embeddable":true,"href":"https:\/\/store.evolve-fitness.eu\/lt\/wp-json\/wp\/v2\/product_cat?post=7579"},{"taxonomy":"product_tag","embeddable":true,"href":"https:\/\/store.evolve-fitness.eu\/lt\/wp-json\/wp\/v2\/product_tag?post=7579"}],"curies":[{"name":"wp","href":"https:\/\/api.w.org\/{rel}","templated":true}]}}