{"id":7497,"date":"2024-01-17T12:31:39","date_gmt":"2024-01-17T12:31:39","guid":{"rendered":"https:\/\/store.evolve-fitness.eu\/produktas\/evolve-ultra-series-selektorinis-dvigubas-reguliuojamas-skriemulys\/"},"modified":"2024-02-27T12:46:48","modified_gmt":"2024-02-27T12:46:48","slug":"evolve-ultra-series-selektorinis-dvigubas-reguliuojamas-skriemulys","status":"publish","type":"product","link":"https:\/\/store.evolve-fitness.eu\/lt\/produktas\/evolve-ultra-series-selektorinis-dvigubas-reguliuojamas-skriemulys\/","title":{"rendered":"&#8222;Evolve Ultra Series&#8221; selektorinis dvigubas reguliuojamas skriemulys"},"content":{"rendered":"\n<section class=\"wp-block-group alignfull black-content has-white-color has-darkgray-background-color has-text-color has-background is-layout-constrained wp-block-group-is-layout-constrained\" style=\"padding-top:var(--wp--preset--spacing--section-bottom);padding-bottom:var(--wp--preset--spacing--section-bottom)\">\n<div class=\"wp-block-columns alignwide mobile-reverse is-layout-flex wp-container-core-columns-is-layout-ca64bf2d wp-block-columns-is-layout-flex\" style=\"margin-bottom:var(--wp--preset--spacing--side-padding)\">\n<div class=\"wp-block-column is-vertically-aligned-center is-layout-flow wp-block-column-is-layout-flow\">\n<h3 class=\"wp-block-heading\">Sveiki atvyk\u0119 \u012f &#8222;Ultra&#8221; serij\u0105<\/h3>\n\n\n\n<p><\/p>\n\n\n\n<p><strong><em>Susipa\u017einkite su m\u016bs\u0173 &#8222;Ultra Series&#8221; \u012franga naudodamiesi moderniausia 3D 360 ekskursija<\/em><\/strong><\/p>\n\n\n\n<p>&#8222;Evolve Ultra Series&#8221; pasirenkamasis dvigubas reguliuojamas skriemulys, priklausantis &#8222;Evolve Ultra Series&#8221;, sukurtas siekiant u\u017etikrinti ir patogum\u0105, ir na\u0161um\u0105. Treniruoklis sukurtas taip, kad j\u012f b\u016bt\u0173 galima pritaikyti \u012fvairiems naudotoj\u0173 dyd\u017eiams, jis b\u016bt\u0173 ergonomi\u0161kas ir lengvai pritaikomas. Dizainas yra esteti\u0161kas, o patvari, milteliniu b\u016bdu dengta apdaila ir naudojami auk\u0161tos kokyb\u0117s kabeliai u\u017etikrina skland\u0173 veikim\u0105.<\/p>\n<\/div>\n\n\n\n<div class=\"wp-block-column is-vertically-aligned-center is-layout-flow wp-block-column-is-layout-flow\">\n<figure class=\"wp-block-video\"><video height=\"600\" style=\"aspect-ratio: 680 \/ 600;\" width=\"680\" autoplay=\"\" controls=\"\" loop=\"\" muted=\"\" src=\"https:\/\/evolve-fitness.eu\/wp-content\/uploads\/2023\/08\/Abduction-Adduction-Evolve-Ultra-Series-Selectorized-2.mp4\"><\/video><\/figure>\n<\/div>\n<\/div>\n\n\n\n<div class=\"wp-block-columns alignwide is-layout-flex wp-container-core-columns-is-layout-c45ee707 wp-block-columns-is-layout-flex\" style=\"margin-bottom:var(--wp--preset--spacing--side-padding);padding-top:var(--wp--preset--spacing--side-padding)\">\n<div class=\"wp-block-column is-vertically-aligned-center is-layout-flow wp-block-column-is-layout-flow\">\n<figure class=\"wp-block-image size-large\"><img decoding=\"async\" src=\"https:\/\/evolve-fitness.eu\/wp-content\/uploads\/2023\/08\/Dual-Adjustable-Pulley-Evolve-Ultra-Series-Selectorize_PNG-1-1024x907.png\" alt=\"EV-SC-UL-210\" class=\"wp-image-10154\"\/><\/figure>\n<\/div>\n\n\n\n<div class=\"wp-block-column is-vertically-aligned-center is-layout-flow wp-block-column-is-layout-flow\">\n<h3 class=\"wp-block-heading\"><strong>DENGTAS DVIGUBA MILTELINE DANGA<\/strong><\/h3>\n\n\n\n<p><strong><em><strong><em>Elektrostatiniu milteliniu b\u016bdu dengtas<\/em><\/strong><\/em><\/strong><\/p>\n\n\n\n<p style=\"margin-bottom:var(--wp--preset--spacing--tb-section-padding)\">&#8222;Evolve Ultra&#8221; serijos j\u0117gos ma\u0161inos su elektrostatiniu milteliniu b\u016bdu dengtu perlamutrin\u0117s juodos matin\u0117s spalvos r\u0117mu yra ir formos, ir funkcijos pavyzdys. Jos estetin\u012f patrauklum\u0105 sustiprina juoda matin\u0117 apdaila, o praktin\u0117s savyb\u0117s, \u012fskaitant atsparum\u0105 trin\u010diai, antikorozines savybes ir atsparum\u0105 \u012fbr\u0117\u017eimams, u\u017etikrina, kad ji b\u016bt\u0173 patikimas ir ilgaam\u017eis treniruo\u010di\u0173 palydovas.<\/p>\n<\/div>\n<\/div>\n\n\n\n<div class=\"wp-block-columns alignwide are-vertically-aligned-center mobile-reverse is-layout-flex wp-container-core-columns-is-layout-e8158c2f wp-block-columns-is-layout-flex\" style=\"padding-top:var(--wp--preset--spacing--side-padding)\">\n<div class=\"wp-block-column is-vertically-aligned-center is-layout-flow wp-block-column-is-layout-flow\">\n<h3 class=\"wp-block-heading\" style=\"margin-bottom:var(--wp--preset--spacing--h-3-bottom)\"><strong>Optimal\u016bs rank\u0173 su\u0117mimai<\/strong><\/h3>\n\n\n\n<p><strong><em><strong><em>Fitneso patirties gerinimas<\/em><\/strong><\/em><\/strong><\/p>\n\n\n\n<p style=\"margin-bottom:var(--wp--preset--spacing--tb-section-padding)\">Sporto sali\u0173 savininkams ir sporto klub\u0173 vadovams labai svarbu pritraukti ir i\u0161laikyti klientus. &#8222;Evolve Ultra&#8221; serija si\u016blo optimalias rank\u0173 rankenas, kruop\u0161\u010diai suprojektuotas taip, kad b\u016bt\u0173 patogu ir saugu. Pagerinkite savo klient\u0173 treniruo\u010di\u0173 patirt\u012f, kad jie b\u016bt\u0173 \u012fsitrauk\u0119 ir motyvuoti siekti fitneso tiksl\u0173 j\u016bs\u0173 \u012fstaigoje.<\/p>\n<\/div>\n\n\n\n<div class=\"wp-block-column is-vertically-aligned-center is-layout-flow wp-block-column-is-layout-flow\">\n<figure class=\"wp-block-image size-large\"><img decoding=\"async\" src=\"https:\/\/evolve-fitness.eu\/wp-content\/uploads\/2023\/08\/Dual-Adjustable-Pulley-Evolve-Ultra-Series-Selectorized_PNG_front-1024x1024.png\" alt=\"EV-SC-UL-210\" class=\"wp-image-10149\"\/><\/figure>\n<\/div>\n<\/div>\n<\/section>\n","protected":false},"excerpt":{"rendered":"<p>Atraskite did\u017eiausi\u0105 universalum\u0105 ir naujoves su &#8222;Evolve Ultra Series Ul-210&#8221; selektoriniu dvigubu reguliuojamu skriemuliu. Pagerinkite savo fitneso patirt\u012f d\u0117l nepriklausomo rank\u0173 judesio, u\u017edengtos svori\u0173 kr\u016bvos, u\u017etikrinan\u010dios saugum\u0105 ir stili\u0173, ir \u012f naudotoj\u0105 orientuoto dizaino. Padarykite revoliucij\u0105 savo sporto sal\u0117je su &#8222;Ul-210&#8221; i\u0161 &#8222;Evolve Ultra&#8221; serijos.<\/p>\n","protected":false},"featured_media":4518,"template":"","meta":{"_acf_changed":false,"inline_featured_image":false},"product_cat":[117,166,167],"product_tag":[],"class_list":{"0":"post-7497","1":"product","2":"type-product","3":"status-publish","4":"has-post-thumbnail","6":"product_cat-pagrindinis-puslapis","7":"product_cat-pasirinktines-masinos","8":"product_cat-ultra-series-selektorizuoti-treniruokliai","10":"first","11":"instock","12":"shipping-taxable","13":"purchasable","14":"product-type-simple"},"acf":[],"_links":{"self":[{"href":"https:\/\/store.evolve-fitness.eu\/lt\/wp-json\/wp\/v2\/product\/7497","targetHints":{"allow":["GET"]}}],"collection":[{"href":"https:\/\/store.evolve-fitness.eu\/lt\/wp-json\/wp\/v2\/product"}],"about":[{"href":"https:\/\/store.evolve-fitness.eu\/lt\/wp-json\/wp\/v2\/types\/product"}],"wp:featuredmedia":[{"embeddable":true,"href":"https:\/\/store.evolve-fitness.eu\/lt\/wp-json\/wp\/v2\/media\/4518"}],"wp:attachment":[{"href":"https:\/\/store.evolve-fitness.eu\/lt\/wp-json\/wp\/v2\/media?parent=7497"}],"wp:term":[{"taxonomy":"product_cat","embeddable":true,"href":"https:\/\/store.evolve-fitness.eu\/lt\/wp-json\/wp\/v2\/product_cat?post=7497"},{"taxonomy":"product_tag","embeddable":true,"href":"https:\/\/store.evolve-fitness.eu\/lt\/wp-json\/wp\/v2\/product_tag?post=7497"}],"curies":[{"name":"wp","href":"https:\/\/api.w.org\/{rel}","templated":true}]}}