{"id":7494,"date":"2024-01-18T07:14:23","date_gmt":"2024-01-18T07:14:23","guid":{"rendered":"https:\/\/store.evolve-fitness.eu\/produktas\/evolve-ultra-series-selektorinis-koju-lenkimas\/"},"modified":"2024-06-05T12:51:19","modified_gmt":"2024-06-05T12:51:19","slug":"evolve-ultra-series-selektorinis-koju-lenkimas","status":"publish","type":"product","link":"https:\/\/store.evolve-fitness.eu\/lt\/produktas\/evolve-ultra-series-selektorinis-koju-lenkimas\/","title":{"rendered":"&#8222;Evolve Ultra Series&#8221; selektorinis koj\u0173 lenkimas"},"content":{"rendered":"\n<section class=\"wp-block-group alignfull black-content has-white-color has-darkgray-background-color has-text-color has-background is-layout-constrained wp-block-group-is-layout-constrained\" style=\"padding-top:var(--wp--preset--spacing--section-bottom);padding-bottom:var(--wp--preset--spacing--section-bottom)\">\n<div class=\"wp-block-columns alignwide is-layout-flex wp-container-core-columns-is-layout-c45ee707 wp-block-columns-is-layout-flex\" style=\"margin-bottom:var(--wp--preset--spacing--side-padding);padding-top:var(--wp--preset--spacing--side-padding)\">\n<div class=\"wp-block-column is-vertically-aligned-center is-layout-flow wp-block-column-is-layout-flow\">\n<h3 class=\"wp-block-heading\">Sveiki atvyk\u0119 \u012f &#8222;Ultra&#8221; serij\u0105<\/h3>\n\n\n\n<p><strong><em>Susipa\u017einkite su m\u016bs\u0173 &#8222;Ultra Series&#8221; \u012franga naudodamiesi moderniausia 3D 360 ekskursija<\/em><\/strong><\/p>\n\n\n\n<p>&#8222;Evolve Ultra Series&#8221; selektorinis kr\u016btin\u0117s presas, priklausantis &#8222;Evolve Ultra Series&#8221; serijai, sukurtas taip, kad b\u016bt\u0173 patogus ir na\u0161us. Treniruoklis sukurtas taip, kad j\u012f b\u016bt\u0173 galima pritaikyti \u012fvairiems naudotoj\u0173 dyd\u017eiams, jis b\u016bt\u0173 ergonomi\u0161kas ir lengvai pritaikomas. Dizainas yra esteti\u0161kas, o patvari, milteliniu b\u016bdu dengta apdaila ir naudojami auk\u0161tos kokyb\u0117s kabeliai u\u017etikrina skland\u0173 veikim\u0105.<\/p>\n<\/div>\n\n\n\n<div class=\"wp-block-column is-vertically-aligned-center is-layout-flow wp-block-column-is-layout-flow\">\n<figure class=\"wp-block-video\"><video autoplay=\"\" controls=\"\" loop=\"\" muted=\"\" src=\"https:\/\/evolve-fitness.eu\/wp-content\/uploads\/2023\/08\/Leg-Curl-Evolve-Ultra-Series-Selectorized.mp4\"><\/video><\/figure>\n<\/div>\n<\/div>\n\n\n\n<div class=\"wp-block-columns alignwide mobile-reverse is-layout-flex wp-container-core-columns-is-layout-ca64bf2d wp-block-columns-is-layout-flex\" style=\"margin-bottom:var(--wp--preset--spacing--side-padding)\">\n<div class=\"wp-block-column is-vertically-aligned-center is-layout-flow wp-block-column-is-layout-flow\">\n<figure class=\"wp-block-video\"><video height=\"1920\" style=\"aspect-ratio: 1920 \/ 1920;\" width=\"1920\" autoplay=\"\" controls=\"\" loop=\"\" muted=\"\" src=\"https:\/\/evolve-fitness.eu\/wp-content\/uploads\/2023\/08\/Evolve-Ultra-Series-Selectorized-Leg-Extension-Ul-140-2.mp4\"><\/video><\/figure>\n<\/div>\n\n\n\n<div class=\"wp-block-column is-vertically-aligned-center is-layout-flow wp-block-column-is-layout-flow\">\n<h3 class=\"wp-block-heading\" style=\"margin-bottom:var(--wp--preset--spacing--h-3-bottom)\">Raumenys<\/h3>\n\n\n\n<p><\/p>\n\n\n\n<p>&#8222;Evolve Ultra Series Lying Leg Curl Machine&#8221; pirmiausia skirtas \u0161iems raumenims ir juos \u012fdarbina:<br\/><br\/><strong>Hamstringai<\/strong>: \u0160launies raumenys, kuriuos sudaro \u0161launies dvigalvis \u0161launies raumuo, pusiau \u0161launies raumuo ir pusiau \u0161launies raumuo, yra pagrindiniai raumenys, kurie dirba koj\u0173 lenkimo metu. Atliekant \u0161\u012f pratim\u0105 veiksmingai izoliuojami ir stiprinami sprando raumenys, ypa\u010d raumenys, esantys \u0161launies u\u017epakalin\u0117je dalyje; <strong>blauzdos raumenys,<\/strong> \u012fskaitant gastrocnemius ir soleus, yra \u012ftraukiami kaip stabilizatoriai ir antriniai raumenys atliekant koj\u0173 lenkimo judes\u012f, ypa\u010d kai atliekant pratim\u0105 nukreipiami koj\u0173 pir\u0161tai.<br\/><br\/>Nors pagrindinis d\u0117mesys \u0161ioje treniruoklyje skiriamas hamstringams, netiesiogiai \u012fdarbinami ir blauzd\u0173 raumenys. Tinkama forma ir kontroliuojami judesiai yra labai svarb\u016bs, norint padidinti koj\u0173 lenkimo veiksmingum\u0105 ir suma\u017einti traum\u0173 rizik\u0105.<\/p>\n<\/div>\n<\/div>\n\n\n\n<div class=\"wp-block-columns alignwide is-layout-flex wp-container-core-columns-is-layout-c45ee707 wp-block-columns-is-layout-flex\" style=\"margin-bottom:var(--wp--preset--spacing--side-padding);padding-top:var(--wp--preset--spacing--side-padding)\">\n<div class=\"wp-block-column is-vertically-aligned-center is-layout-flow wp-block-column-is-layout-flow\">\n<h3 class=\"wp-block-heading\" style=\"margin-bottom:var(--wp--preset--spacing--h-3-bottom)\">Reguliuojamas pradin\u0117s pad\u0117ties kampas<\/h3>\n\n\n\n<p><strong><em>Skirtingo auk\u0161\u010dio ir dyd\u017eio<\/em><\/strong><\/p>\n\n\n\n<p style=\"margin-bottom:var(--wp--preset--spacing--tb-section-padding)\">Reguliuojamas &#8222;Evolve Ultra Series&#8221; gulint\u012f koj\u0173 lenkim\u0105 pradedan\u010dios pad\u0117ties kampas leid\u017eia naudotojams pritaikyti koj\u0173 lenkimo pratimus pagal individualius poreikius. Galite rinktis i\u0161 \u0161e\u0161i\u0173 skirting\u0173 pad\u0117\u010di\u0173, tod\u0117l \u012fvairaus k\u016bno sud\u0117jimo ir lankstumo asmenys gali pasirinkti geriausiai jiems tinkan\u010di\u0105 pad\u0117t\u012f ir judesi\u0173 diapazon\u0105. \u0160i funkcija padeda naudotojams taisyklingai nustatyti pad\u0117t\u012f ir laikysen\u0105, nes prisitaiko prie j\u0173 unikali\u0173 anatomini\u0173 savybi\u0173, tod\u0117l suma\u017e\u0117ja pavojus \u012fsitempti ar susi\u017eeisti.<\/p>\n<\/div>\n\n\n\n<div class=\"wp-block-column is-vertically-aligned-center is-layout-flow wp-block-column-is-layout-flow\">\n<figure class=\"wp-block-video\"><video autoplay=\"\" controls=\"\" loop=\"\" muted=\"\" src=\"https:\/\/evolve-fitness.eu\/wp-content\/uploads\/2023\/08\/Adjustable-angle-of-starting-position-UL-150.mp4\"><\/video><\/figure>\n<\/div>\n<\/div>\n\n\n\n<div class=\"wp-block-columns alignwide mobile-reverse is-layout-flex wp-container-core-columns-is-layout-ca64bf2d wp-block-columns-is-layout-flex\" style=\"margin-bottom:var(--wp--preset--spacing--side-padding)\">\n<div class=\"wp-block-column is-vertically-aligned-center is-layout-flow wp-block-column-is-layout-flow\">\n<figure class=\"wp-block-video\"><video autoplay=\"\" controls=\"\" loop=\"\" muted=\"\" src=\"https:\/\/evolve-fitness.eu\/wp-content\/uploads\/2023\/08\/Evolve-UL-150-Anatomically-Contoured.mp4\"><\/video><\/figure>\n<\/div>\n\n\n\n<div class=\"wp-block-column is-vertically-aligned-center is-layout-flow wp-block-column-is-layout-flow\">\n<h3 class=\"wp-block-heading\" style=\"margin-bottom:var(--wp--preset--spacing--h-3-bottom)\">Anatomi\u0161kai profiliuotas<\/h3>\n\n\n\n<p><strong><em>  8 reguliavimo pad\u0117tys<\/em><\/strong><\/p>\n\n\n\n<p style=\"margin-bottom:var(--wp--preset--spacing--tb-section-padding)\">&#8222;Evolve Ultra Series&#8221; gulint\u012f koj\u0173 lenkimo treniruokl\u012f suprojektuota atsi\u017evelgiant \u012f nat\u016bralias k\u016bno formas ir i\u0161linkimus, tod\u0117l jis patogiai priglunda. Atramos yra su gausiais pamink\u0161tinimais, kurie padidina naudotojo komfort\u0105 ir suma\u017eina diskomforto ar \u012fsitempimo rizik\u0105 atliekant pratimus. Treniruokliu galima atlikti nat\u016bralius judesius, tod\u0117l naudotojai gali atlikti koj\u0173 lenkimus judesiais, kurie atkartoja nat\u016brali\u0105 k\u016bno biomechanik\u0105.<\/p>\n<\/div>\n<\/div>\n\n\n\n<div class=\"wp-block-columns alignwide is-layout-flex wp-container-core-columns-is-layout-c45ee707 wp-block-columns-is-layout-flex\" style=\"margin-bottom:var(--wp--preset--spacing--side-padding);padding-top:var(--wp--preset--spacing--side-padding)\">\n<div class=\"wp-block-column is-vertically-aligned-center is-layout-flow wp-block-column-is-layout-flow\">\n<h3 class=\"wp-block-heading\" style=\"margin-bottom:var(--wp--preset--spacing--h-3-bottom)\">Svorio kr\u016bva<\/h3>\n\n\n\n<p><strong><em>Pritaikyti ir prid\u0117ti<\/em><\/strong><\/p>\n\n\n\n<p style=\"margin-bottom:var(--wp--preset--spacing--tb-section-padding)\">&#8222;Evolve Ultra Series&#8221; selektorinis koj\u0173 lenkimo treniruoklis su 2 x 2,5 kg vir\u0161utin\u0117mis svorio plok\u0161t\u0117mis turi 110 kg svorio kr\u016bv\u012f, ta\u010diau taip pat galite j\u012f pritaikyti ir prid\u0117ti iki 122,5 kg, kad treniruot\u0117 b\u016bt\u0173 dar sud\u0117tingesn\u0117. Jis gali pasigirti visi\u0161kai u\u017edara svori\u0173 kr\u016bva, u\u017etikrinan\u010dia pratim\u0173 saugum\u0105.<\/p>\n<\/div>\n\n\n\n<div class=\"wp-block-column is-vertically-aligned-center is-layout-flow wp-block-column-is-layout-flow\">\n<figure class=\"wp-block-image size-full\"><img decoding=\"async\" src=\"https:\/\/evolve-fitness.eu\/wp-content\/uploads\/2024\/01\/stack.webp\" alt=\"\" class=\"wp-image-9940\"\/><\/figure>\n<\/div>\n<\/div>\n\n\n\n<div class=\"wp-block-columns alignwide are-vertically-aligned-center mobile-reverse is-layout-flex wp-container-core-columns-is-layout-e8158c2f wp-block-columns-is-layout-flex\" style=\"padding-top:var(--wp--preset--spacing--side-padding)\">\n<div class=\"wp-block-column is-vertically-aligned-center is-layout-flow wp-block-column-is-layout-flow\">\n<figure class=\"wp-block-video\"><video autoplay=\"\" controls=\"\" loop=\"\" muted=\"\" src=\"https:\/\/evolve-fitness.eu\/wp-content\/uploads\/2023\/08\/Evolve-UL-150-Adjustable-ankle-support.mp4\"><\/video><\/figure>\n<\/div>\n\n\n\n<div class=\"wp-block-column is-vertically-aligned-center is-layout-flow wp-block-column-is-layout-flow\">\n<h3 class=\"wp-block-heading\" style=\"margin-bottom:var(--wp--preset--spacing--h-3-bottom)\"><strong>Reguliuojama kulk\u0161nies atrama<\/strong><\/h3>\n\n\n\n<p><strong><em><strong><em>Saugus ir veiksmingas<\/em><\/strong><\/em><\/strong><\/p>\n\n\n\n<p style=\"margin-bottom:var(--wp--preset--spacing--tb-section-padding)\">Reguliuojama kulk\u0161nies atrama gali b\u016bti \u012fvairiose pad\u0117tyse, tod\u0117l naudotojai gali pritaikyti koj\u0173 lenkimo pratimus pagal savo individualius poreikius. Naudodami septynis skirtingus nustatymus, \u012fvairaus k\u016bno sud\u0117jimo ir lankstumo asmenys gali pasirinkti tiksl\u0173 kamp\u0105, kuris geriausiai atitinka j\u0173 patogum\u0105 ir judesi\u0173 amplitud\u0119. \u0160i savyb\u0117 skatina visapusi\u0161kum\u0105, tod\u0117l treniruoklio koj\u0173 lenkimo pratimai gali b\u016bti naudingi skirtingo k\u016bno sud\u0117jimo, judrumo lygio ir fitneso tiksl\u0173 siekiantiems asmenims.<\/p>\n<\/div>\n<\/div>\n\n\n\n<div class=\"wp-block-columns alignwide is-layout-flex wp-container-core-columns-is-layout-c45ee707 wp-block-columns-is-layout-flex\" style=\"margin-bottom:var(--wp--preset--spacing--side-padding);padding-top:var(--wp--preset--spacing--side-padding)\">\n<div class=\"wp-block-column is-vertically-aligned-center is-layout-flow wp-block-column-is-layout-flow\">\n<h3 class=\"wp-block-heading\" style=\"margin-bottom:var(--wp--preset--spacing--h-3-bottom)\">Dvigubas milteliniu b\u016bdu dengtas r\u0117mas<\/h3>\n\n\n\n<p><strong><em>\u017dalos prevencija<\/em><\/strong><\/p>\n\n\n\n<p style=\"margin-bottom:var(--wp--preset--spacing--tb-section-padding)\">&#8222;Evolve Ultra&#8221; serijos j\u0117gos ma\u0161inos su elektrostatiniu milteliniu b\u016bdu dengtu perlamutrin\u0117s juodos matin\u0117s spalvos r\u0117mu yra ir formos, ir funkcijos pavyzdys. Jos estetin\u012f patrauklum\u0105 sustiprina juoda matin\u0117 apdaila, o praktin\u0117s savyb\u0117s, \u012fskaitant atsparum\u0105 trin\u010diai, antikorozines savybes ir atsparum\u0105 \u012fbr\u0117\u017eimams, u\u017etikrina, kad ji b\u016bt\u0173 patikimas ir ilgaam\u017eis treniruo\u010di\u0173 palydovas.<\/p>\n<\/div>\n\n\n\n<div class=\"wp-block-column is-vertically-aligned-center is-layout-flow wp-block-column-is-layout-flow\">\n<figure class=\"wp-block-video\"><video height=\"1920\" style=\"aspect-ratio: 1920 \/ 1920;\" width=\"1920\" autoplay=\"\" controls=\"\" loop=\"\" muted=\"\" src=\"https:\/\/evolve-fitness.eu\/wp-content\/uploads\/2023\/10\/Evolve-Double-powder-coated-Frame.mp4\"><\/video><\/figure>\n<\/div>\n<\/div>\n\n\n\n<div class=\"wp-block-columns alignwide is-layout-flex wp-container-core-columns-is-layout-c45ee707 wp-block-columns-is-layout-flex\" style=\"margin-bottom:var(--wp--preset--spacing--side-padding);padding-top:var(--wp--preset--spacing--side-padding)\">\n<div class=\"wp-block-column is-vertically-aligned-center is-layout-flow wp-block-column-is-layout-flow\">\n<figure class=\"wp-block-image size-full\"><img decoding=\"async\" src=\"https:\/\/evolve-fitness.eu\/wp-content\/uploads\/2024\/01\/plate.webp\" alt=\"\" class=\"wp-image-9942\"\/><\/figure>\n<\/div>\n\n\n\n<div class=\"wp-block-column is-vertically-aligned-center is-layout-flow wp-block-column-is-layout-flow\">\n<h3 class=\"wp-block-heading\" style=\"margin-bottom:var(--wp--preset--spacing--h-3-bottom)\">Vir\u0161utin\u0117 svorio plok\u0161t\u0117<\/h3>\n\n\n\n<p><strong><em>Geresniam veikimui<\/em><\/strong> <\/p>\n\n\n\n<p style=\"margin-bottom:var(--wp--preset--spacing--tb-section-padding)\">&#8222;Evolve Ultra Series&#8221; selektorinis koj\u0173 lenkimo treniruoklis turi dvi papildomas 2,5 kg vir\u0161utinio svorio plok\u0161teles, kurios atlieka dvejop\u0105 funkcij\u0105 &#8211; pagerina treniruoklio na\u0161um\u0105. Pirma, jis padidina did\u017eiausi\u0105 galim\u0105 treniruoklio pasiprie\u0161inim\u0105, tod\u0117l naudotojai gali dar labiau padidinti treniruo\u010di\u0173 kr\u016bv\u012f. Be to, \u0161ios papildomos svorio plok\u0161t\u0117s suteikia unikal\u0173 prana\u0161um\u0105, nes leid\u017eia naudotojams ma\u017eesniais ir tikslesniais \u017eingsniais reguliuoti pasiprie\u0161inim\u0105 &#8211; kiekviena plok\u0161t\u0117 padidina pasiprie\u0161inim\u0105 2,5 kg. Toks tikslus pasiprie\u0161inimo parinkimas leid\u017eia \u017emon\u0117ms tiksliai sureguliuoti treniruotes, kad jos atitikt\u0173 j\u0173 konkre\u010dius poreikius ir tikslus, u\u017etikrinant, kad kiekviena treniruot\u0117 b\u016bt\u0173 pritaikyta optimaliems rezultatams pasiekti.<\/p>\n<\/div>\n<\/div>\n\n\n\n<div class=\"wp-block-columns alignwide is-layout-flex wp-container-core-columns-is-layout-c45ee707 wp-block-columns-is-layout-flex\" style=\"margin-bottom:var(--wp--preset--spacing--side-padding);padding-top:var(--wp--preset--spacing--side-padding)\">\n<div class=\"wp-block-column is-vertically-aligned-center is-layout-flow wp-block-column-is-layout-flow\">\n<h3 class=\"wp-block-heading\" style=\"margin-bottom:var(--wp--preset--spacing--h-3-bottom)\">Kabelis<\/h3>\n\n\n\n<p><strong><em>Auk\u0161\u010diausia kokyb\u0117<\/em><\/strong><\/p>\n\n\n\n<p style=\"margin-bottom:var(--wp--preset--spacing--tb-section-padding)\">&#8222;Evolve Ultra Series&#8221; ma\u0161inose naudojami auk\u0161\u010diausios kokyb\u0117s kabeliai, yra \u0161e\u0161ios pagrindin\u0117s gijos, o kiekvien\u0105 gij\u0105 sudaro 19 kartu susukt\u0173 laid\u0173, poliamido 12 (PA12) med\u017eiaga ir 5 mm skersmuo. \u0160ie trosai sukurti siekiant u\u017etikrinti tvirtum\u0105 ir ilgaam\u017ei\u0161kum\u0105, o j\u0173 atsparumo j\u0117ga siekia 9000 kN, tod\u0117l juos verta rinktis tais atvejais, kai reikia i\u0161skirtinio patikimumo, ilgaam\u017ei\u0161kumo ir na\u0161umo.Kai pereinate nuo vieno pratimo prie kito, nesvarbu, ar tai b\u016bt\u0173 bicepso lenkimas, kr\u016btin\u0117s spaudimas, lat\u0117s pritraukimas, ar bet koks kitas j\u0117gos stiprinimo pratimas, i\u0161skirtinis &#8222;Evolve Ultra&#8221; serijos troso na\u0161umas u\u017etikrina, kad judesiai b\u016bt\u0173 skland\u016bs, o pasiprie\u0161inimas &#8211; pastovus, tod\u0117l treniruot\u0117s bus ir veiksmingos, ir malonios.<\/p>\n<\/div>\n\n\n\n<div class=\"wp-block-column is-vertically-aligned-center is-layout-flow wp-block-column-is-layout-flow\">\n<figure class=\"wp-block-video\"><video height=\"600\" style=\"aspect-ratio: 680 \/ 600;\" width=\"680\" autoplay=\"\" controls=\"\" loop=\"\" muted=\"\" src=\"https:\/\/evolve-fitness.eu\/wp-content\/uploads\/2023\/10\/Evolve-cable.mp4\"><\/video><\/figure>\n<\/div>\n<\/div>\n<\/section>\n","protected":false},"excerpt":{"rendered":"<p>Pagerinkite koj\u0173 treniruotes naudodami &#8222;Evolve Ultra Series&#8221; selektorin\u012f koj\u0173 lenkimo treniruokl\u012f UL-150. \u0160is naujovi\u0161kas \u012frenginys u\u017etikrina puik\u0173 komfort\u0105 d\u0117l profiliuotos s\u0117dyn\u0117s, vientis\u0105 saugum\u0105 d\u0117l u\u017edengto svorio kr\u016bvos gaubto ir lengv\u0105 reguliavim\u0105 viena ranka. I\u0161bandykite fitneso ateit\u012f jau \u0161iandien.<\/p>\n","protected":false},"featured_media":75920,"template":"","meta":{"_acf_changed":false,"inline_featured_image":false},"product_cat":[117,166,167],"product_tag":[],"class_list":{"0":"post-7494","1":"product","2":"type-product","3":"status-publish","4":"has-post-thumbnail","6":"product_cat-pagrindinis-puslapis","7":"product_cat-pasirinktines-masinos","8":"product_cat-ultra-series-selektorizuoti-treniruokliai","10":"first","11":"instock","12":"shipping-taxable","13":"purchasable","14":"product-type-simple"},"acf":[],"_links":{"self":[{"href":"https:\/\/store.evolve-fitness.eu\/lt\/wp-json\/wp\/v2\/product\/7494","targetHints":{"allow":["GET"]}}],"collection":[{"href":"https:\/\/store.evolve-fitness.eu\/lt\/wp-json\/wp\/v2\/product"}],"about":[{"href":"https:\/\/store.evolve-fitness.eu\/lt\/wp-json\/wp\/v2\/types\/product"}],"wp:featuredmedia":[{"embeddable":true,"href":"https:\/\/store.evolve-fitness.eu\/lt\/wp-json\/wp\/v2\/media\/75920"}],"wp:attachment":[{"href":"https:\/\/store.evolve-fitness.eu\/lt\/wp-json\/wp\/v2\/media?parent=7494"}],"wp:term":[{"taxonomy":"product_cat","embeddable":true,"href":"https:\/\/store.evolve-fitness.eu\/lt\/wp-json\/wp\/v2\/product_cat?post=7494"},{"taxonomy":"product_tag","embeddable":true,"href":"https:\/\/store.evolve-fitness.eu\/lt\/wp-json\/wp\/v2\/product_tag?post=7494"}],"curies":[{"name":"wp","href":"https:\/\/api.w.org\/{rel}","templated":true}]}}