{"id":7491,"date":"2024-01-18T08:17:49","date_gmt":"2024-01-18T08:17:49","guid":{"rendered":"https:\/\/store.evolve-fitness.eu\/produktas\/evolve-ultra-serijos-selektoriniai-zemos-eiles-traktoriai\/"},"modified":"2024-06-05T12:42:39","modified_gmt":"2024-06-05T12:42:39","slug":"evolve-ultra-serijos-selektoriniai-zemos-eiles-traktoriai","status":"publish","type":"product","link":"https:\/\/store.evolve-fitness.eu\/lt\/produktas\/evolve-ultra-serijos-selektoriniai-zemos-eiles-traktoriai\/","title":{"rendered":"&#8222;Evolve Ultra&#8221; serijos selektoriniai \u017eemos eil\u0117s traktoriai"},"content":{"rendered":"\n<section class=\"wp-block-group alignfull black-content has-white-color has-darkgray-background-color has-text-color has-background is-layout-constrained wp-block-group-is-layout-constrained\" style=\"padding-top:var(--wp--preset--spacing--section-bottom);padding-bottom:var(--wp--preset--spacing--section-bottom)\">\n<div class=\"wp-block-columns alignwide mobile-reverse is-layout-flex wp-container-core-columns-is-layout-ca64bf2d wp-block-columns-is-layout-flex\" style=\"margin-bottom:var(--wp--preset--spacing--side-padding)\">\n<div class=\"wp-block-column is-vertically-aligned-center is-layout-flow wp-block-column-is-layout-flow\">\n<h3 class=\"wp-block-heading\">Sveiki atvyk\u0119 \u012f &#8222;Ultra&#8221; serij\u0105<\/h3>\n\n\n\n<p><strong><em>Susipa\u017einkite su m\u016bs\u0173 &#8222;Ultra Series&#8221; \u012franga naudodamiesi moderniausia 3D 360 ekskursija<\/em><\/strong><\/p>\n\n\n\n<p>&#8222;Evolve Ultra Series&#8221; selektorin\u0117 \u017eemagrind\u0117 s\u0117jamoji &#8222;Evolve Ultra Series&#8221;, priklausanti &#8222;Evolve Ultra Series&#8221;, sukurta siekiant u\u017etikrinti patogum\u0105 ir na\u0161um\u0105. Treniruoklis sukurtas taip, kad j\u012f b\u016bt\u0173 galima pritaikyti \u012fvairiems naudotoj\u0173 dyd\u017eiams, jis b\u016bt\u0173 ergonomi\u0161kas ir lengvai pritaikomas. Dizainas yra esteti\u0161kas, o patvari, milteliniu b\u016bdu dengta apdaila ir naudojami auk\u0161tos kokyb\u0117s kabeliai u\u017etikrina skland\u0173 veikim\u0105.<\/p>\n<\/div>\n\n\n\n<div class=\"wp-block-column is-vertically-aligned-center is-layout-flow wp-block-column-is-layout-flow\">\n<figure class=\"wp-block-video\"><video autoplay=\"\" controls=\"\" loop=\"\" muted=\"\" src=\"https:\/\/evolve-fitness.eu\/wp-content\/uploads\/2023\/08\/Low-Row-Evolve-Ultra-Series-Selectorized.mp4\"><\/video><\/figure>\n<\/div>\n<\/div>\n\n\n\n<div class=\"wp-block-columns alignwide are-vertically-aligned-center mobile-reverse is-layout-flex wp-container-core-columns-is-layout-e8158c2f wp-block-columns-is-layout-flex\" style=\"padding-top:var(--wp--preset--spacing--side-padding)\">\n<div class=\"wp-block-column is-vertically-aligned-center is-layout-flow wp-block-column-is-layout-flow\">\n<figure class=\"wp-block-video\"><video autoplay=\"\" controls=\"\" loop=\"\" muted=\"\" src=\"https:\/\/evolve-fitness.eu\/wp-content\/uploads\/2023\/08\/Evolve-Ultra-Series-Selectorized-Low-Row-Ul-050.mp4\"><\/video><\/figure>\n<\/div>\n\n\n\n<div class=\"wp-block-column is-vertically-aligned-center is-layout-flow wp-block-column-is-layout-flow\">\n<h3 class=\"wp-block-heading\" style=\"margin-bottom:var(--wp--preset--spacing--h-3-bottom)\"><strong>Raumenys<\/strong><\/h3>\n\n\n\n<p><strong><em>Auk\u0161\u010diausia kokyb\u0117<\/em><\/strong><\/p>\n\n\n\n<p>&#8222;Evolve Ultra Series&#8221; selektorinis pe\u010di\u0173 spaudimo \u012frenginys yra labai rekomenduojamas asmenims, norintiems padidinti nugaros j\u0117g\u0105 ir raumen\u0173 apibr\u0117\u017etum\u0105. \u0160is treniruoklis skirtas nugaros raumenims efektyviai treniruoti ir stiprinti. &#8222;Evolve Ultra&#8221; serijos \u017eem\u0173 eili\u0173 treniruoklis vis\u0173 pirma skirtas \u0161ioms raumen\u0173 grup\u0117ms treniruoti:<br\/><br\/><strong>Latissimus Dorsi (Latissimus Dorsi<\/strong>): Tai did\u017eiausi nugaros raumenys, kurie labai svarb\u016bs irklavimo judesiuose. Jie yra atsakingi u\u017e rankenos traukimo judes\u012f link apatin\u0117s kr\u016btin\u0117s dalies;  <strong>Romboidai<\/strong>: Didieji ir ma\u017eieji rombiniai raumenys, esantys tarp men\u010di\u0173, yra aktyvuoti, kad irklavimo judesio metu pad\u0117t\u0173 atitraukti ir stabilizuoti ment\u0119;  <strong>Brachialinis dvigalvis raumuo (Bicepsas)<\/strong>: J\u016bs\u0173 bicepsas yra susij\u0119s su alk\u016bn\u0117s lenkimu, kai traukiate ranken\u0105 link liemens;  <strong>U\u017epakaliniai deltiniai raumenys<\/strong>: U\u017epakaliniai deltiniai raumenys, esantys pe\u010di\u0173 u\u017epakalin\u0117je dalyje, \u012fsitraukia, kai irklavimo judesio pabaigoje suspaud\u017eiate mentes;  <strong>Apatinis trapecinis raumuo<\/strong>: Apatiniai trapeciniai raumenys dalyvauja irklavimo judesio \u017eemyn faz\u0117je ir padeda \u012ftempti ment\u0119;  <strong>Dilbio raumenys<\/strong>: Suimdami ir laikydami V formos strypo ranken\u0105, \u012fjungiate dilbio lenkiamuosius raumenis;  <strong>Antriniai raumenys<\/strong>: \u012evair\u016bs stabilizuojantys raumenys taip pat dalyvauja, kad palaikyt\u0173 j\u016bs\u0173 laikysen\u0105 ir pusiausvyr\u0105 pratimo metu.<\/p>\n<\/div>\n<\/div>\n\n\n\n<div class=\"wp-block-columns alignwide mobile-reverse is-layout-flex wp-container-core-columns-is-layout-ca64bf2d wp-block-columns-is-layout-flex\" style=\"margin-bottom:var(--wp--preset--spacing--side-padding)\">\n<div class=\"wp-block-column is-vertically-aligned-center is-layout-flow wp-block-column-is-layout-flow\">\n<h3 class=\"wp-block-heading\" style=\"margin-bottom:var(--wp--preset--spacing--h-3-bottom)\">Reguliuojamas ranken\u0173 auk\u0161tis<\/h3>\n\n\n\n<p><em><strong>Sukurta i\u0161samiai nugaros treniruotei<\/strong><\/em><\/p>\n\n\n\n<p style=\"margin-bottom:var(--wp--preset--spacing--tb-section-padding)\">&#8222;Evolve Ultra Series Low Row&#8221; treniruoklis yra universalus treniruoklis, skirtas visapusi\u0161kai nugaros treniruotei. \u0160is treniruoklis, kuriame galima perjungti \u012fvairias traukimo treniruo\u010di\u0173 rankenas, leid\u017eia naudotojams \u012fvairinti treniruo\u010di\u0173 programas ir efektyviai treniruoti \u012fvairias raumen\u0173 grupes. Viena i\u0161 i\u0161skirtini\u0173 \u0161ios ma\u0161inos savybi\u0173 &#8211; reguliuojamas rankenos auk\u0161tis, kuris gali b\u016bti 10 skirting\u0173 pad\u0117\u010di\u0173.<br\/><br\/>\u0160i pritaikymo galimyb\u0117 leid\u017eia naudotojams atlikti nugaros eilutes \u012fvairiais kampais, atsi\u017evelgiant \u012f konkre\u010dius fitneso tikslus ir treniruojant \u012fvairias nugaros sritis. \u0160is treniruoklis suteikia lankstumo, kurio reikia norintiems \u012fvairiapusi\u0161kai treniruotis, nesvarbu, ar jie daugiausia d\u0117mesio skiria vir\u0161utinei, ar apatinei nugaros daliai, ar ie\u0161ko treniruo\u010di\u0173 \u012fvairov\u0117s.  <br\/><br\/>\u017demiausias skriemulio nustatymas tinka pratimams, skirtiems vir\u0161utinei nugaros daliai, ypa\u010d trapeciniams ir rombiniams raumenims, stiprinti ir vystyti \u0161ias raumen\u0173 grupes. Ir atvirk\u0161\u010diai, auk\u0161\u010diausias skriemulio nustatymas idealiai tinka pratimams, kuri\u0173 metu virv\u0117 traukiama link deltini\u0173 raumen\u0173 u\u017epakalin\u0117s dalies. \u0160is specifinis mokymo metodas padeda padidinti deltini\u0173 raumen\u0173 j\u0117g\u0105 ir apibr\u0117\u017etum\u0105. Reguliavimo sistema turi ry\u0161kiai gelton\u0105 auk\u0161\u010dio keitimo kai\u0161t\u012f. \u0160is kai\u0161tis yra gerai matomas ir lengvai naudojamas, tod\u0117l naudotojai gali greitai ir tiksliai pasirinkti norim\u0105 rankenos auk\u0161t\u012f.<\/p>\n<\/div>\n\n\n\n<div class=\"wp-block-column is-vertically-aligned-center is-layout-flow wp-block-column-is-layout-flow\">\n<figure class=\"wp-block-video\"><video autoplay=\"\" controls=\"\" loop=\"\" muted=\"\" src=\"https:\/\/evolve-fitness.eu\/wp-content\/uploads\/2023\/08\/Evolve-UL-050-Adjustable-height-of-handles.mp4\"><\/video><\/figure>\n<\/div>\n<\/div>\n\n\n\n<div class=\"wp-block-columns alignwide is-layout-flex wp-container-core-columns-is-layout-c45ee707 wp-block-columns-is-layout-flex\" style=\"margin-bottom:var(--wp--preset--spacing--side-padding);padding-top:var(--wp--preset--spacing--side-padding)\">\n<div class=\"wp-block-column is-vertically-aligned-center is-layout-flow wp-block-column-is-layout-flow\">\n<figure class=\"wp-block-video\"><video autoplay=\"\" controls=\"\" loop=\"\" muted=\"\" src=\"https:\/\/evolve-fitness.eu\/wp-content\/uploads\/2023\/08\/Evolve-UL-050-Moulded-Seats-Precise-Seat-Adjustments.mp4\"><\/video><\/figure>\n<\/div>\n\n\n\n<div class=\"wp-block-column is-vertically-aligned-center is-layout-flow wp-block-column-is-layout-flow\">\n<h3 class=\"wp-block-heading\" style=\"margin-bottom:var(--wp--preset--spacing--h-3-bottom)\">Formuotos s\u0117dyn\u0117s ir tikslus s\u0117dyn\u0117s reguliavimas<\/h3>\n\n\n\n<p><strong><em>Dvigubai susi\u016bti apmu\u0161alai<\/em><\/strong><\/p>\n\n\n\n<p style=\"margin-bottom:var(--wp--preset--spacing--tb-section-padding)\">&#8222;Evolve Ultra Series&#8221; selektorin\u0117s \u017eem\u0173 eili\u0173 poliuretano s\u0117dyn\u0117s, pagamintos i\u0161 profiliuotos konstrukcijos ir dvigubai susi\u016bto apmu\u0161alo, u\u017etikrina i\u0161skirtin\u012f patvarum\u0105 ir komfort\u0105. Jie sukurti taip, kad suteikt\u0173 ergonomi\u0161k\u0105 atram\u0105. Be to, i\u0161 poliuretano pagamintos pagalv\u0117l\u0117s yra puikus pasirinkimas d\u0117l j\u0173 ilgaam\u017ei\u0161kumo, patogumo, paprastos prie\u017ei\u016bros ir ekonomi\u0161kumo. Jie gali atlaikyti j\u0117gos treniruo\u010di\u0173 reikalavimus ir kartu u\u017etikrinti patog\u0173 ir higieni\u0161k\u0105 treniruo\u010di\u0173 pavir\u0161i\u0173.<\/p>\n<\/div>\n<\/div>\n\n\n\n<div class=\"wp-block-columns alignwide are-vertically-aligned-center mobile-reverse is-layout-flex wp-container-core-columns-is-layout-e8158c2f wp-block-columns-is-layout-flex\" style=\"padding-top:var(--wp--preset--spacing--side-padding)\">\n<div class=\"wp-block-column is-vertically-aligned-center is-layout-flow wp-block-column-is-layout-flow\">\n<h3 class=\"wp-block-heading\" style=\"margin-bottom:var(--wp--preset--spacing--h-3-bottom)\"><strong>Ner\u016bdijan\u010dio plieno kojos atrama<\/strong><\/h3>\n\n\n\n<p><strong><em>Ner\u016bdijan\u010dio plieno kojos atrama<\/em><\/strong><\/p>\n\n\n\n<p style=\"margin-bottom:var(--wp--preset--spacing--tb-section-padding)\">&#8222;Evolve Ultra Series Low Row&#8221; treniruoklis pasi\u017eymi ner\u016bdijan\u010diojo plieno p\u0117d\u0173 atrama, kuri padidina saugum\u0105 ir stabilum\u0105 treniruot\u0117s metu. \u0160i atrama p\u0117dai suteikia stabili\u0105 platform\u0105, kuri yra labai svarbi norint i\u0161laikyti tinkam\u0105 form\u0105 ir suma\u017einti traum\u0173 rizik\u0105. Jos neslidus pavir\u0161ius apsaugo nuo atsitiktinio paslydimo ir u\u017etikrina, kad treniruot\u0117s b\u016bt\u0173 tikslingos ir saugios. Be funkcionalumo, ner\u016bdijan\u010dio plieno kojeli\u0173 atrama pagerina bendr\u0105 ma\u0161inos i\u0161vaizd\u0105. Blizgantis ner\u016bdijantis plienas ne tik atrodo patraukliai, bet ir suteikia \u012frangai \u0161iuolaiki\u0161kumo, tod\u0117l ji vizualiai papildo bet kuri\u0105 sporto sal\u0119 ar treniruokli\u0173 sal\u0119.<\/p>\n<\/div>\n\n\n\n<div class=\"wp-block-column is-vertically-aligned-center is-layout-flow wp-block-column-is-layout-flow\">\n<figure class=\"wp-block-video\"><video autoplay=\"\" controls=\"\" loop=\"\" muted=\"\" src=\"https:\/\/evolve-fitness.eu\/wp-content\/uploads\/2023\/08\/Evolve-UL-050-Stainless-steel-foot-support.mp4\"><\/video><\/figure>\n<\/div>\n<\/div>\n\n\n\n<div class=\"wp-block-columns alignwide are-vertically-aligned-center mobile-reverse is-layout-flex wp-container-core-columns-is-layout-e8158c2f wp-block-columns-is-layout-flex\" style=\"padding-top:var(--wp--preset--spacing--side-padding)\">\n<div class=\"wp-block-column is-vertically-aligned-center is-layout-flow wp-block-column-is-layout-flow\">\n<figure class=\"wp-block-video\"><video autoplay=\"\" controls=\"\" loop=\"\" muted=\"\" src=\"https:\/\/evolve-fitness.eu\/wp-content\/uploads\/2023\/08\/Evolve-UL-050-Handles-holder.mp4\"><\/video><\/figure>\n<\/div>\n\n\n\n<div class=\"wp-block-column is-vertically-aligned-center is-layout-flow wp-block-column-is-layout-flow\">\n<h3 class=\"wp-block-heading\" style=\"margin-bottom:var(--wp--preset--spacing--h-3-bottom)\"><strong>Ranken\u0173 laikiklis<\/strong><\/h3>\n\n\n\n<p><strong><em>Patogus ir organizuotas sprendimas<\/em><\/strong><\/p>\n\n\n\n<p style=\"margin-bottom:var(--wp--preset--spacing--tb-section-padding)\">&#8222;Evolve Ultra Series Low Row&#8221; treniruoklyje \u012frengtas 4 pad\u0117\u010di\u0173 treniruokli\u0173 pried\u0173 laikymo kablys, tod\u0117l treniruokli\u0173 rankenas ir priedus galima patogiai ir tvarkingai laikyti. \u0160i funkcija u\u017etikrina greit\u0105 ir lengv\u0105 prieig\u0105 prie \u012fvairi\u0173 ranken\u0173 treniruo\u010di\u0173 metu. Organizuota saugykla taip pat atlieka svarb\u0173 vaidmen\u012f palaikant \u0161vari\u0105 ir netvarking\u0105 mokymosi viet\u0105. Tai apsaugo rankenas nuo netinkamo j\u0173 pad\u0117jimo ir prisideda prie saugios ir vizualiai patrauklios treniruo\u010di\u0173 aplinkos k\u016brimo.<\/p>\n<\/div>\n<\/div>\n\n\n\n<div class=\"wp-block-columns alignwide are-vertically-aligned-center mobile-reverse is-layout-flex wp-container-core-columns-is-layout-e8158c2f wp-block-columns-is-layout-flex\" style=\"padding-top:var(--wp--preset--spacing--side-padding)\">\n<div class=\"wp-block-column is-vertically-aligned-center is-layout-flow wp-block-column-is-layout-flow\">\n<h3 class=\"wp-block-heading\" style=\"margin-bottom:var(--wp--preset--spacing--h-3-bottom)\"><strong>Vir\u0161utin\u0117 svorio plok\u0161t\u0117<\/strong><\/h3>\n\n\n\n<p><strong><em>I\u0161\u0161\u016bkis sau<\/em><\/strong><\/p>\n\n\n\n<p>&#8222;Evolve Ultra Series&#8221; selektorinis pe\u010di\u0173 presas turi dvi papildomas 2,5 kg vir\u0161utinio svorio plok\u0161tes, kurios atlieka dvejop\u0105 funkcij\u0105 &#8211; pagerina treniruoklio veikim\u0105. Pirma, jis padidina did\u017eiausi\u0105 galim\u0105 treniruoklio pasiprie\u0161inim\u0105, tod\u0117l naudotojai gali dar labiau padidinti treniruo\u010di\u0173 kr\u016bv\u012f.<br\/>Be to, \u0161ios papildomos svorio plok\u0161t\u0117s suteikia unikal\u0173 prana\u0161um\u0105, nes leid\u017eia naudotojams ma\u017eesniais ir tikslesniais \u017eingsniais reguliuoti pasiprie\u0161inim\u0105 &#8211; kiekviena plok\u0161t\u0117 padidina pasiprie\u0161inim\u0105 2,5 kg. Toks tikslus pasiprie\u0161inimo parinkimas leid\u017eia \u017emon\u0117ms tiksliai sureguliuoti treniruotes, kad jos atitikt\u0173 j\u0173 konkre\u010dius poreikius ir tikslus, u\u017etikrinant, kad kiekviena treniruot\u0117 b\u016bt\u0173 pritaikyta optimaliems rezultatams pasiekti.<\/p>\n<\/div>\n\n\n\n<div class=\"wp-block-column is-vertically-aligned-center is-layout-flow wp-block-column-is-layout-flow\">\n<figure class=\"wp-block-image size-full\"><img decoding=\"async\" src=\"https:\/\/evolve-fitness.eu\/wp-content\/uploads\/2024\/01\/plate.webp\" alt=\"\" class=\"wp-image-9942\"\/><\/figure>\n<\/div>\n<\/div>\n\n\n\n<div class=\"wp-block-columns alignwide are-vertically-aligned-center mobile-reverse is-layout-flex wp-container-core-columns-is-layout-e8158c2f wp-block-columns-is-layout-flex\" style=\"padding-top:var(--wp--preset--spacing--side-padding)\">\n<div class=\"wp-block-column is-vertically-aligned-center is-layout-flow wp-block-column-is-layout-flow\">\n<figure class=\"wp-block-video\"><video height=\"493\" style=\"aspect-ratio: 922 \/ 493;\" width=\"922\" autoplay=\"\" controls=\"\" loop=\"\" muted=\"\" src=\"https:\/\/evolve-fitness.eu\/wp-content\/uploads\/2023\/08\/Evolve-UL-050-Weight-Stack.mp4\"><\/video><\/figure>\n<\/div>\n\n\n\n<div class=\"wp-block-column is-vertically-aligned-center is-layout-flow wp-block-column-is-layout-flow\">\n<h3 class=\"wp-block-heading\" style=\"margin-bottom:var(--wp--preset--spacing--h-3-bottom)\"><strong>Svorio kr\u016bva<\/strong><\/h3>\n\n\n\n<p><strong><em>Sud\u0117tingesn\u0117 treniruot\u0117<\/em><\/strong><\/p>\n\n\n\n<p>&#8222;Evolve Ultra Series&#8221; selektorinis pe\u010di\u0173 spaudimo treniruoklis turi 110 kg pasiprie\u0161inimo lyg\u012f, ta\u010diau taip pat galite j\u012f pritaikyti ir padidinti iki 122,5 kg, kad treniruot\u0117 b\u016bt\u0173 dar sud\u0117tingesn\u0117. Jis gali pasigirti visi\u0161kai u\u017edara svori\u0173 kr\u016bva, u\u017etikrinan\u010dia pratim\u0173 saugum\u0105.<\/p>\n\n\n\n<p><strong><em>Pratimai klijuoti m\u016bs\u0173 vaizdin\u0119 priemon\u0119<\/em><\/strong><\/p>\n\n\n\n<p>&#8222;Evolve Ultra&#8221; serijos treniruokliai turi informatyvius lipdukus, kurie padeda lengviau orientuotis treniruoklio funkcijose ir savyb\u0117se, o tai pagerina j\u016bs\u0173 treniruo\u010di\u0173 patirt\u012f. Be to, jame pateikiama verting\u0173 \u012f\u017evalg\u0173 apie \u012fvairias raumen\u0173 grupes, kurios gali b\u016bti efektyviai treniruojamos treniruokliu, tod\u0117l gal\u0117site maksimaliai i\u0161naudoti savo treniruo\u010di\u0173 rutin\u0105, orientuodamiesi \u012f konkre\u010dias dominan\u010dias sritis.<\/p>\n<\/div>\n<\/div>\n\n\n\n<div class=\"wp-block-columns alignwide are-vertically-aligned-center mobile-reverse is-layout-flex wp-container-core-columns-is-layout-e8158c2f wp-block-columns-is-layout-flex\" style=\"padding-top:var(--wp--preset--spacing--side-padding)\">\n<div class=\"wp-block-column is-vertically-aligned-center is-layout-flow wp-block-column-is-layout-flow\">\n<h3 class=\"wp-block-heading\" style=\"margin-bottom:var(--wp--preset--spacing--h-3-bottom)\"><strong>Kabelis<\/strong><\/h3>\n\n\n\n<p><strong><em>Auk\u0161\u010diausia kokyb\u0117<\/em><\/strong><\/p>\n\n\n\n<p>&#8222;Evolve Ultra Series&#8221; ma\u0161inose naudojami auk\u0161\u010diausios kokyb\u0117s kabeliai, yra \u0161e\u0161ios pagrindin\u0117s gijos, o kiekvien\u0105 gij\u0105 sudaro 19 kartu susukt\u0173 laid\u0173, poliamido 12 (PA12) med\u017eiaga ir 5 mm skersmuo. \u0160ie trosai sukurti siekiant u\u017etikrinti tvirtum\u0105 ir ilgaam\u017ei\u0161kum\u0105, o j\u0173 atsparumo j\u0117ga siekia 9000 kN, tod\u0117l juos verta rinktis tais atvejais, kai reikia i\u0161skirtinio patikimumo, ilgaam\u017ei\u0161kumo ir na\u0161umo.Kai pereinate nuo vieno pratimo prie kito, nesvarbu, ar tai b\u016bt\u0173 bicepso lenkimas, kr\u016btin\u0117s spaudimas, lat\u0117s pritraukimas, ar bet koks kitas j\u0117gos stiprinimo pratimas, i\u0161skirtinis &#8222;Evolve Ultra&#8221; serijos troso na\u0161umas u\u017etikrina, kad judesiai b\u016bt\u0173 skland\u016bs, o pasiprie\u0161inimas &#8211; pastovus, tod\u0117l treniruot\u0117s bus ir veiksmingos, ir malonios.<\/p>\n<\/div>\n\n\n\n<div class=\"wp-block-column is-vertically-aligned-center is-layout-flow wp-block-column-is-layout-flow\">\n<figure class=\"wp-block-video\"><video height=\"600\" style=\"aspect-ratio: 680 \/ 600;\" width=\"680\" autoplay=\"\" controls=\"\" loop=\"\" muted=\"\" src=\"https:\/\/evolve-fitness.eu\/wp-content\/uploads\/2023\/10\/Evolve-cable.mp4\"><\/video><\/figure>\n<\/div>\n<\/div>\n\n\n\n<div class=\"wp-block-columns alignwide are-vertically-aligned-center mobile-reverse is-layout-flex wp-container-core-columns-is-layout-e8158c2f wp-block-columns-is-layout-flex\" style=\"padding-top:var(--wp--preset--spacing--side-padding)\">\n<div class=\"wp-block-column is-vertically-aligned-center is-layout-flow wp-block-column-is-layout-flow\">\n<figure class=\"wp-block-video\"><video height=\"1920\" style=\"aspect-ratio: 1920 \/ 1920;\" width=\"1920\" autoplay=\"\" controls=\"\" loop=\"\" muted=\"\" src=\"https:\/\/evolve-fitness.eu\/wp-content\/uploads\/2023\/10\/Evolve-Double-powder-coated-Frame.mp4\"><\/video><\/figure>\n<\/div>\n\n\n\n<div class=\"wp-block-column is-vertically-aligned-center is-layout-flow wp-block-column-is-layout-flow\">\n<h3 class=\"wp-block-heading\" style=\"margin-bottom:var(--wp--preset--spacing--h-3-bottom)\"><strong>Dvigubas miltelinis padengimas<\/strong><\/h3>\n\n\n\n<p><strong><em>Elektrostatiniu milteliniu b\u016bdu dengtas<\/em><\/strong><\/p>\n\n\n\n<p>&#8222;Evolve Ultra&#8221; serijos j\u0117gos ma\u0161inos su elektrostatiniu milteliniu b\u016bdu dengtu perlamutrin\u0117s juodos matin\u0117s spalvos r\u0117mu yra ir formos, ir funkcijos pavyzdys. Jos estetin\u012f patrauklum\u0105 sustiprina juoda matin\u0117 apdaila, o praktin\u0117s savyb\u0117s, \u012fskaitant atsparum\u0105 trin\u010diai, antikorozines savybes ir atsparum\u0105 \u012fbr\u0117\u017eimams, u\u017etikrina, kad ji b\u016bt\u0173 patikimas ir ilgaam\u017eis treniruo\u010di\u0173 palydovas.<\/p>\n<\/div>\n<\/div>\n<\/section>\n","protected":false},"excerpt":{"rendered":"<p>Patirkite neprilygstam\u0105 universalum\u0105 ir patogum\u0105 su &#8222;Evolve Ultra Series&#8221; selektorine \u017eemagrind\u0117 s\u0117jam\u0105ja (UL-050). Pagerinkite savo treniruo\u010di\u0173 rutin\u0105 atlikdami dinami\u0161kus pratimus su nepriklausomais rank\u0173 judesiais, skatinan\u010diais simetri\u0161k\u0105 raumen\u0173 vystym\u0105si. Visi\u0161kai u\u017edengtas svori\u0173 kr\u016bvos gaubtas u\u017etikrina saugum\u0105 ir kartu suteikia j\u016bs\u0173 treniruokli\u0173 erdvei stili\u0173. \u0160is treniruoklis, pasi\u017eymintis eleganti\u0161ka matini\u0173 da\u017e\u0173 apdaila, optimaliomis rankenomis ir \u012f naudotoj\u0105 orientuota konstrukcija, kurioje s\u0117dyn\u0117 reguliuojama viena ranka, u\u017etikrina skland\u017ei\u0105 ir efektyvi\u0105 treniruo\u010di\u0173 patirt\u012f. Susipa\u017einkite su UL-050 ir pakelkite savo sveikatingumo kelion\u0119 \u012f naujas auk\u0161tumas.<\/p>\n","protected":false},"featured_media":75794,"template":"","meta":{"_acf_changed":false,"inline_featured_image":false},"product_cat":[166,167],"product_tag":[],"class_list":{"0":"post-7491","1":"product","2":"type-product","3":"status-publish","4":"has-post-thumbnail","6":"product_cat-pasirinktines-masinos","7":"product_cat-ultra-series-selektorizuoti-treniruokliai","9":"first","10":"instock","11":"sale","12":"shipping-taxable","13":"purchasable","14":"product-type-simple"},"acf":[],"_links":{"self":[{"href":"https:\/\/store.evolve-fitness.eu\/lt\/wp-json\/wp\/v2\/product\/7491","targetHints":{"allow":["GET"]}}],"collection":[{"href":"https:\/\/store.evolve-fitness.eu\/lt\/wp-json\/wp\/v2\/product"}],"about":[{"href":"https:\/\/store.evolve-fitness.eu\/lt\/wp-json\/wp\/v2\/types\/product"}],"wp:featuredmedia":[{"embeddable":true,"href":"https:\/\/store.evolve-fitness.eu\/lt\/wp-json\/wp\/v2\/media\/75794"}],"wp:attachment":[{"href":"https:\/\/store.evolve-fitness.eu\/lt\/wp-json\/wp\/v2\/media?parent=7491"}],"wp:term":[{"taxonomy":"product_cat","embeddable":true,"href":"https:\/\/store.evolve-fitness.eu\/lt\/wp-json\/wp\/v2\/product_cat?post=7491"},{"taxonomy":"product_tag","embeddable":true,"href":"https:\/\/store.evolve-fitness.eu\/lt\/wp-json\/wp\/v2\/product_tag?post=7491"}],"curies":[{"name":"wp","href":"https:\/\/api.w.org\/{rel}","templated":true}]}}