{"id":7469,"date":"2024-01-18T07:23:22","date_gmt":"2024-01-18T07:23:22","guid":{"rendered":"https:\/\/store.evolve-fitness.eu\/produktas\/evolve-ultra-series-selektorinis-koju-ilgintuvas\/"},"modified":"2024-06-05T12:48:58","modified_gmt":"2024-06-05T12:48:58","slug":"evolve-ultra-series-selektorinis-koju-ilgintuvas","status":"publish","type":"product","link":"https:\/\/store.evolve-fitness.eu\/lt\/produktas\/evolve-ultra-series-selektorinis-koju-ilgintuvas\/","title":{"rendered":"&#8222;Evolve Ultra Series&#8221; selektorinis koj\u0173 ilgintuvas"},"content":{"rendered":"\n<section class=\"wp-block-group alignfull black-content has-white-color has-darkgray-background-color has-text-color has-background is-layout-constrained wp-block-group-is-layout-constrained\" style=\"padding-top:var(--wp--preset--spacing--section-bottom);padding-bottom:var(--wp--preset--spacing--section-bottom)\">\n<div class=\"wp-block-columns alignwide is-layout-flex wp-container-core-columns-is-layout-c45ee707 wp-block-columns-is-layout-flex\" style=\"margin-bottom:var(--wp--preset--spacing--side-padding);padding-top:var(--wp--preset--spacing--side-padding)\">\n<div class=\"wp-block-column is-vertically-aligned-center is-layout-flow wp-block-column-is-layout-flow\">\n<h3 class=\"wp-block-heading\">Sveiki atvyk\u0119 \u012f &#8222;Ultra&#8221; serij\u0105<\/h3>\n\n\n\n<p><strong><em>Susipa\u017einkite su m\u016bs\u0173 &#8222;Ultra Series&#8221; \u012franga naudodamiesi moderniausia 3D 360 ekskursija<\/em><\/strong><\/p>\n\n\n\n<p>&#8222;Evolve Ultra Series&#8221; selektorinis kr\u016btin\u0117s presas, priklausantis &#8222;Evolve Ultra Series&#8221; serijai, sukurtas taip, kad b\u016bt\u0173 patogus ir na\u0161us. Treniruoklis sukurtas taip, kad j\u012f b\u016bt\u0173 galima pritaikyti \u012fvairiems naudotoj\u0173 dyd\u017eiams, jis b\u016bt\u0173 ergonomi\u0161kas ir lengvai pritaikomas. Dizainas yra esteti\u0161kas, o patvari, milteliniu b\u016bdu dengta apdaila ir naudojami auk\u0161tos kokyb\u0117s kabeliai u\u017etikrina skland\u0173 veikim\u0105.<\/p>\n<\/div>\n\n\n\n<div class=\"wp-block-column is-vertically-aligned-center is-layout-flow wp-block-column-is-layout-flow\">\n<figure class=\"wp-block-video\"><video height=\"1899\" style=\"aspect-ratio: 1500 \/ 1899;\" width=\"1500\" autoplay=\"\" controls=\"\" loop=\"\" muted=\"\" src=\"https:\/\/evolve-fitness.eu\/wp-content\/uploads\/2023\/08\/Evolve-Ultra-Series-Selectorized-Leg-Extension.mp4\"><\/video><\/figure>\n<\/div>\n<\/div>\n\n\n\n<div class=\"wp-block-columns alignwide mobile-reverse is-layout-flex wp-container-core-columns-is-layout-ca64bf2d wp-block-columns-is-layout-flex\" style=\"margin-bottom:var(--wp--preset--spacing--side-padding)\">\n<div class=\"wp-block-column is-vertically-aligned-center is-layout-flow wp-block-column-is-layout-flow\">\n<figure class=\"wp-block-video\"><video height=\"1920\" style=\"aspect-ratio: 1920 \/ 1920;\" width=\"1920\" autoplay=\"\" controls=\"\" loop=\"\" muted=\"\" src=\"https:\/\/evolve-fitness.eu\/wp-content\/uploads\/2023\/08\/Evolve-Ultra-Series-Selectorized-Leg-Extension-Ul-140-2.mp4\"><\/video><\/figure>\n<\/div>\n\n\n\n<div class=\"wp-block-column is-vertically-aligned-center is-layout-flow wp-block-column-is-layout-flow\">\n<h3 class=\"wp-block-heading\" style=\"margin-bottom:var(--wp--preset--spacing--h-3-bottom)\">Raumenys<\/h3>\n\n\n\n<p>&#8222;Evolve Ultra Series&#8221; selektorinis koj\u0173 tiesimo \u012frenginys pirmiausia skirtas \u0161iems raumenims ir juos \u012fdarbina:<br\/><br\/><strong>Keturgalviai (priekiniai \u0161laun\u0173 raumenys<\/strong>): Keturgalviai raumenys yra pagrindiniai raumenys, kurie dirba koj\u0173 tempimo metu. \u0160is pratimas veiksmingai izoliuoja ir stiprina keturgalvius keturgalvius raumenis: did\u012fj\u012f vidurin\u012f, did\u012fj\u012f \u0161onin\u012f, did\u012fj\u012f tarpin\u012f ir tiesi\u0105j\u012f \u0161launies raumen\u012f; <strong>Sartorius<\/strong>: Koj\u0173 tiesimo metu taip pat \u012fdarbinamas ilgiausias k\u016bno raumuo sartorius. Jis eina \u012fstri\u017eai per priekin\u0119 \u0161launies dal\u012f ir padeda sulenkti klub\u0105 ir kel\u012f; <strong>Tensor Fasciae Latae (TFL<\/strong>): TFL raumuo, einantis i\u0161ilgai \u0161onin\u0117s (i\u0161orin\u0117s) \u0161launies dalies, padeda sulenkti klub\u0105 ir abdukcij\u0105 bei atlieka atramin\u012f vaidmen\u012f koj\u0173 tempimo metu.<br\/><br\/>Nors koj\u0173 tiesimo pratimai pirmiausia skirti \u0161iems raumenims, kiti antriniai stabilizuojantys raumenys, pavyzd\u017eiui, klubo lenkiamieji raumenys, \u0161erdies raumenys ir stabilizatoriai aplink kelio s\u0105nar\u012f, taip pat yra svarb\u016bs, kad pratimo metu b\u016bt\u0173 u\u017etikrinta parama ir palaikoma tinkama forma.<\/p>\n<\/div>\n<\/div>\n\n\n\n<div class=\"wp-block-columns alignwide is-layout-flex wp-container-core-columns-is-layout-c45ee707 wp-block-columns-is-layout-flex\" style=\"margin-bottom:var(--wp--preset--spacing--side-padding);padding-top:var(--wp--preset--spacing--side-padding)\">\n<div class=\"wp-block-column is-vertically-aligned-center is-layout-flow wp-block-column-is-layout-flow\">\n<h3 class=\"wp-block-heading\" style=\"margin-bottom:var(--wp--preset--spacing--h-3-bottom)\">Svorio kr\u016bva<\/h3>\n\n\n\n<p><strong><em>Pritaikyti ir prid\u0117ti<\/em><\/strong><\/p>\n\n\n\n<p style=\"margin-bottom:var(--wp--preset--spacing--tb-section-padding)\">&#8222;Evolve Ultra Series&#8221; selektorizuotame koj\u0173 tiesimo treniruoklyje su 2 x 2,5 kg vir\u0161utin\u0117mis svorio plok\u0161t\u0117mis yra 110 kg svorio kr\u016bvis, ta\u010diau taip pat turite galimyb\u0119 j\u012f pritaikyti ir prid\u0117ti iki 122,5 kg, kad treniruot\u0117 b\u016bt\u0173 dar sud\u0117tingesn\u0117. Jis gali pasigirti visi\u0161kai u\u017edara svori\u0173 kr\u016bva, u\u017etikrinan\u010dia pratim\u0173 saugum\u0105.<\/p>\n<\/div>\n\n\n\n<div class=\"wp-block-column is-vertically-aligned-center is-layout-flow wp-block-column-is-layout-flow\">\n<figure class=\"wp-block-image size-full\"><img decoding=\"async\" src=\"https:\/\/evolve-fitness.eu\/wp-content\/uploads\/2024\/01\/stack.webp\" alt=\"\" class=\"wp-image-9940\"\/><\/figure>\n<\/div>\n<\/div>\n\n\n\n<div class=\"wp-block-columns alignwide mobile-reverse is-layout-flex wp-container-core-columns-is-layout-ca64bf2d wp-block-columns-is-layout-flex\" style=\"margin-bottom:var(--wp--preset--spacing--side-padding)\">\n<div class=\"wp-block-column is-vertically-aligned-center is-layout-flow wp-block-column-is-layout-flow\">\n<figure class=\"wp-block-video\"><video autoplay=\"\" controls=\"\" loop=\"\" muted=\"\" src=\"https:\/\/evolve-fitness.eu\/wp-content\/uploads\/2023\/08\/Evolve-UL-140-Adjustable-back-rest.mp4\"><\/video><\/figure>\n<\/div>\n\n\n\n<div class=\"wp-block-column is-vertically-aligned-center is-layout-flow wp-block-column-is-layout-flow\">\n<h3 class=\"wp-block-heading\" style=\"margin-bottom:var(--wp--preset--spacing--h-3-bottom)\">Reguliuojamas atlo\u0161as<\/h3>\n\n\n\n<p><strong><em>  8 reguliavimo pad\u0117tys<\/em><\/strong><\/p>\n\n\n\n<p style=\"margin-bottom:var(--wp--preset--spacing--tb-section-padding)\">&#8222;Evolve Ultra Series&#8221; selektorinio koj\u0173 tiesimo treniruoklio reguliuojamas atlo\u0161as su 8 reguliavimo pad\u0117timis leid\u017eia naudotojams rasti savo k\u016bnui patogiausi\u0105 pad\u0117t\u012f. \u0160is pritaikymas ypa\u010d naudingas skirtingo \u016bgio ir k\u016bno proporcij\u0173 \u017emon\u0117ms. Jis u\u017etikrina, kad naudotojai gal\u0117t\u0173 atlikti koj\u0173 tiesimo pratimus laikydamiesi tinkamos laikysenos ir nejausdami diskomforto, tod\u0117l suma\u017e\u0117ja pervargimo ar susi\u017eeidimo rizika.<\/p>\n\n\n\n<p><strong><em><strong><em>  Dvigubai susi\u016bti apmu\u0161alai<\/em><\/strong><\/em><\/strong><\/p>\n\n\n\n<p style=\"margin-bottom:var(--wp--preset--spacing--tb-section-padding)\">&#8222;Evolve Ultra&#8221; serijos selektorini\u0173 koj\u0173 ilginimo ma\u0161in\u0173 poliuretano s\u0117dyn\u0117s, pagamintos i\u0161 profiliuotos konstrukcijos ir su dvigubai susi\u016btais apmu\u0161alais, u\u017etikrina i\u0161skirtin\u012f patvarum\u0105 ir komfort\u0105. Jie sukurti taip, kad suteikt\u0173 ergonomi\u0161k\u0105 atram\u0105. Be to, i\u0161 poliuretano pagamintos pagalv\u0117l\u0117s yra puikus pasirinkimas d\u0117l j\u0173 ilgaam\u017ei\u0161kumo, patogumo, paprastos prie\u017ei\u016bros ir ekonomi\u0161kumo. Jie gali atlaikyti j\u0117gos treniruo\u010di\u0173 reikalavimus ir kartu u\u017etikrinti patog\u0173 ir higieni\u0161k\u0105 treniruo\u010di\u0173 pavir\u0161i\u0173.<\/p>\n<\/div>\n<\/div>\n\n\n\n<div class=\"wp-block-columns alignwide is-layout-flex wp-container-core-columns-is-layout-c45ee707 wp-block-columns-is-layout-flex\" style=\"margin-bottom:var(--wp--preset--spacing--side-padding);padding-top:var(--wp--preset--spacing--side-padding)\">\n<div class=\"wp-block-column is-vertically-aligned-center is-layout-flow wp-block-column-is-layout-flow\">\n<h3 class=\"wp-block-heading\" style=\"margin-bottom:var(--wp--preset--spacing--h-3-bottom)\">Reguliuojamas pradin\u0117s pad\u0117ties kampas<\/h3>\n\n\n\n<p><strong><em>Skirtingo auk\u0161\u010dio ir dyd\u017eio<\/em><\/strong><\/p>\n\n\n\n<p style=\"margin-bottom:var(--wp--preset--spacing--tb-section-padding)\">Reguliuojamas &#8222;Evolve Ultra Series&#8221; selektorin\u0117s koj\u0173 tiesimo ma\u0161inos pradin\u0117s pad\u0117ties kampas yra vertinga funkcija, kuri labai padidina \u0161ios \u012frangos efektyvum\u0105 ir universalum\u0105. Reguliuojamas kampas su 4 skirtingomis pad\u0117timis leid\u017eia naudotojams nustatyti pradin\u0119 pad\u0117t\u012f, atitinkan\u010di\u0105 j\u0173 individual\u0173 lankstum\u0105 ir judesi\u0173 amplitud\u0119. Tai rei\u0161kia, kad skirtingo lankstumo ar judrumo asmenys gali pritaikyti ma\u0161in\u0105 pagal savo poreikius. Tai ypa\u010d naudinga norint pritaikyti skirtingo k\u016bno dyd\u017eio ir fizinio paj\u0117gumo naudotojams.<\/p>\n<\/div>\n\n\n\n<div class=\"wp-block-column is-vertically-aligned-center is-layout-flow wp-block-column-is-layout-flow\">\n<figure class=\"wp-block-video\"><video autoplay=\"\" controls=\"\" loop=\"\" muted=\"\" src=\"https:\/\/evolve-fitness.eu\/wp-content\/uploads\/2023\/08\/EV-SC-UL-140-Angle.mp4\"><\/video><\/figure>\n<\/div>\n<\/div>\n\n\n\n<div class=\"wp-block-columns alignwide are-vertically-aligned-center mobile-reverse is-layout-flex wp-container-core-columns-is-layout-e8158c2f wp-block-columns-is-layout-flex\" style=\"padding-top:var(--wp--preset--spacing--side-padding)\">\n<div class=\"wp-block-column is-vertically-aligned-center is-layout-flow wp-block-column-is-layout-flow\">\n<figure class=\"wp-block-video\"><video autoplay=\"\" controls=\"\" loop=\"\" muted=\"\" src=\"https:\/\/evolve-fitness.eu\/wp-content\/uploads\/2023\/08\/Evolve-UL-140-Adjustable-ankle-support.mp4\"><\/video><\/figure>\n<\/div>\n\n\n\n<div class=\"wp-block-column is-vertically-aligned-center is-layout-flow wp-block-column-is-layout-flow\">\n<h3 class=\"wp-block-heading\" style=\"margin-bottom:var(--wp--preset--spacing--h-3-bottom)\"><strong>Reguliuojama kulk\u0161nies atrama<\/strong><\/h3>\n\n\n\n<p><strong><em><strong><em>Saugus ir veiksmingas<\/em><\/strong><\/em><\/strong><\/p>\n\n\n\n<p style=\"margin-bottom:var(--wp--preset--spacing--tb-section-padding)\">Norint atlikti saugius ir veiksmingus koj\u0173 tiesimo pratimus, labai svarbu i\u0161laikyti tinkam\u0105 k\u016bno pad\u0117t\u012f. Reguliuojama kulk\u0161ni\u0173 atrama su 7 skirtingomis reguliavimo pad\u0117timis skatina taisykling\u0105 pad\u0117t\u012f, nes pritvirtina kulk\u0161nis taip, kad stabilizuot\u0173 kelius ir klubus. Taip suma\u017einama traum\u0173 rizika, nes i\u0161vengiama nenat\u016brali\u0173 judesi\u0173 ir u\u017etikrinama, kad pratimas pirmiausia b\u016bt\u0173 skirtas keturgalviams raumenims (priekiniams \u0161laun\u0173 raumenims).<\/p>\n<\/div>\n<\/div>\n\n\n\n<div class=\"wp-block-columns alignwide is-layout-flex wp-container-core-columns-is-layout-c45ee707 wp-block-columns-is-layout-flex\" style=\"margin-bottom:var(--wp--preset--spacing--side-padding);padding-top:var(--wp--preset--spacing--side-padding)\">\n<div class=\"wp-block-column is-vertically-aligned-center is-layout-flow wp-block-column-is-layout-flow\">\n<h3 class=\"wp-block-heading\" style=\"margin-bottom:var(--wp--preset--spacing--h-3-bottom)\">Dvigubas milteliniu b\u016bdu dengtas r\u0117mas<\/h3>\n\n\n\n<p><strong><em>\u017dalos prevencija<\/em><\/strong><\/p>\n\n\n\n<p style=\"margin-bottom:var(--wp--preset--spacing--tb-section-padding)\">&#8222;Evolve Ultra&#8221; serijos j\u0117gos ma\u0161inos su elektrostatiniu milteliniu b\u016bdu dengtu perlamutrin\u0117s juodos matin\u0117s spalvos r\u0117mu yra ir formos, ir funkcijos pavyzdys. Jos estetin\u012f patrauklum\u0105 sustiprina juoda matin\u0117 apdaila, o praktin\u0117s savyb\u0117s, \u012fskaitant atsparum\u0105 trin\u010diai, antikorozines savybes ir atsparum\u0105 \u012fbr\u0117\u017eimams, u\u017etikrina, kad ji b\u016bt\u0173 patikimas ir ilgaam\u017eis treniruo\u010di\u0173 palydovas.<\/p>\n<\/div>\n\n\n\n<div class=\"wp-block-column is-vertically-aligned-center is-layout-flow wp-block-column-is-layout-flow\">\n<figure class=\"wp-block-video\"><video height=\"1920\" style=\"aspect-ratio: 1920 \/ 1920;\" width=\"1920\" autoplay=\"\" controls=\"\" loop=\"\" muted=\"\" src=\"https:\/\/evolve-fitness.eu\/wp-content\/uploads\/2023\/10\/Evolve-Double-powder-coated-Frame.mp4\"><\/video><\/figure>\n<\/div>\n<\/div>\n\n\n\n<div class=\"wp-block-columns alignwide is-layout-flex wp-container-core-columns-is-layout-c45ee707 wp-block-columns-is-layout-flex\" style=\"margin-bottom:var(--wp--preset--spacing--side-padding);padding-top:var(--wp--preset--spacing--side-padding)\">\n<div class=\"wp-block-column is-vertically-aligned-center is-layout-flow wp-block-column-is-layout-flow\">\n<figure class=\"wp-block-video\"><video height=\"2560\" style=\"aspect-ratio: 1920 \/ 2560;\" width=\"1920\" autoplay=\"\" controls=\"\" loop=\"\" muted=\"\" src=\"https:\/\/evolve-fitness.eu\/wp-content\/uploads\/2023\/08\/EV-SC-UL-140-Storage-and-Stickers.mp4\"><\/video><\/figure>\n<\/div>\n\n\n\n<div class=\"wp-block-column is-vertically-aligned-center is-layout-flow wp-block-column-is-layout-flow\">\n<h3 class=\"wp-block-heading\" style=\"margin-bottom:var(--wp--preset--spacing--h-3-bottom)\">Pratimai lipdukas<\/h3>\n\n\n\n<p><strong><em>Puikiai tinka lengvesnei navigacijai<\/em><\/strong><\/p>\n\n\n\n<p style=\"margin-bottom:var(--wp--preset--spacing--tb-section-padding)\">&#8222;Evolve Ultra&#8221; serijos treniruokliai turi informatyvius lipdukus, kurie padeda lengviau orientuotis treniruoklio funkcijose ir savyb\u0117se, o tai pagerina j\u016bs\u0173 treniruo\u010di\u0173 patirt\u012f. Be to, jame pateikiama verting\u0173 \u012f\u017evalg\u0173 apie \u012fvairias raumen\u0173 grupes, kurios gali b\u016bti efektyviai treniruojamos treniruokliu, tod\u0117l gal\u0117site maksimaliai i\u0161naudoti savo treniruo\u010di\u0173 rutin\u0105, orientuodamiesi \u012f konkre\u010dias dominan\u010dias sritis.<\/p>\n\n\n\n<p><strong><em>Patogi ir prakti\u0161ka pried\u0173 saugykla<\/em><\/strong><\/p>\n\n\n\n<p style=\"margin-bottom:var(--wp--preset--spacing--tb-section-padding)\">Treniruo\u010di\u0173 metu vandens buteliuk\u0105, telefon\u0105 ir asmeninius daiktus galite patogiai laikyti &#8222;Evolve Ultra&#8221; serijos treniruokliuose \u012frengtuose laikikliuose, kurie skirti j\u016bs\u0173 patogumui. \u0160ie specialiai suprojektuoti skyriai skirti tam, kad treniruo\u010di\u0173 metu tur\u0117tum\u0117te saugi\u0105 ir lengvai pasiekiam\u0105 viet\u0105 savo daiktams laikyti.<\/p>\n<\/div>\n<\/div>\n\n\n\n<div class=\"wp-block-columns alignwide is-layout-flex wp-container-core-columns-is-layout-c45ee707 wp-block-columns-is-layout-flex\" style=\"margin-bottom:var(--wp--preset--spacing--side-padding);padding-top:var(--wp--preset--spacing--side-padding)\">\n<div class=\"wp-block-column is-vertically-aligned-center is-layout-flow wp-block-column-is-layout-flow\">\n<h3 class=\"wp-block-heading\" style=\"margin-bottom:var(--wp--preset--spacing--h-3-bottom)\">Kabelis<\/h3>\n\n\n\n<p><strong><em>Auk\u0161\u010diausia kokyb\u0117<\/em><\/strong><\/p>\n\n\n\n<p style=\"margin-bottom:var(--wp--preset--spacing--tb-section-padding)\">&#8222;Evolve Ultra Series&#8221; ma\u0161inose naudojami auk\u0161\u010diausios kokyb\u0117s kabeliai, yra \u0161e\u0161ios pagrindin\u0117s gijos, o kiekvien\u0105 gij\u0105 sudaro 19 kartu susukt\u0173 laid\u0173, poliamido 12 (PA12) med\u017eiaga ir 5 mm skersmuo. \u0160ie trosai sukurti siekiant u\u017etikrinti tvirtum\u0105 ir ilgaam\u017ei\u0161kum\u0105, o j\u0173 atsparumo j\u0117ga siekia 9000 kN, tod\u0117l juos verta rinktis tais atvejais, kai reikia i\u0161skirtinio patikimumo, ilgaam\u017ei\u0161kumo ir na\u0161umo.Kai pereinate nuo vieno pratimo prie kito, nesvarbu, ar tai b\u016bt\u0173 bicepso lenkimas, kr\u016btin\u0117s spaudimas, lat\u0117s pritraukimas, ar bet koks kitas j\u0117gos stiprinimo pratimas, i\u0161skirtinis &#8222;Evolve Ultra&#8221; serijos troso na\u0161umas u\u017etikrina, kad judesiai b\u016bt\u0173 skland\u016bs, o pasiprie\u0161inimas &#8211; pastovus, tod\u0117l treniruot\u0117s bus ir veiksmingos, ir malonios.<\/p>\n<\/div>\n\n\n\n<div class=\"wp-block-column is-vertically-aligned-center is-layout-flow wp-block-column-is-layout-flow\">\n<figure class=\"wp-block-video\"><video height=\"600\" style=\"aspect-ratio: 680 \/ 600;\" width=\"680\" autoplay=\"\" controls=\"\" loop=\"\" muted=\"\" src=\"https:\/\/evolve-fitness.eu\/wp-content\/uploads\/2023\/10\/Evolve-cable.mp4\"><\/video><\/figure>\n<\/div>\n<\/div>\n\n\n\n<div class=\"wp-block-columns alignwide is-layout-flex wp-container-core-columns-is-layout-c45ee707 wp-block-columns-is-layout-flex\" style=\"margin-bottom:var(--wp--preset--spacing--side-padding);padding-top:var(--wp--preset--spacing--side-padding)\">\n<div class=\"wp-block-column is-vertically-aligned-center is-layout-flow wp-block-column-is-layout-flow\">\n<figure class=\"wp-block-image size-full\"><img decoding=\"async\" src=\"https:\/\/evolve-fitness.eu\/wp-content\/uploads\/2024\/01\/plate.webp\" alt=\"\" class=\"wp-image-9942\"\/><\/figure>\n<\/div>\n\n\n\n<div class=\"wp-block-column is-vertically-aligned-center is-layout-flow wp-block-column-is-layout-flow\">\n<h3 class=\"wp-block-heading\" style=\"margin-bottom:var(--wp--preset--spacing--h-3-bottom)\">Vir\u0161utin\u0117 svorio plok\u0161t\u0117<\/h3>\n\n\n\n<p><strong><em>Geresniam veikimui<\/em><\/strong> <\/p>\n\n\n\n<p style=\"margin-bottom:var(--wp--preset--spacing--tb-section-padding)\">&#8222;Evolve Ultra Series&#8221; selektorinis koj\u0173 tiesimo treniruoklis turi dvi papildomas 2,5 kg vir\u0161utinio svorio plok\u0161teles, kurios atlieka dvejop\u0105 funkcij\u0105 &#8211; pagerina treniruoklio veikim\u0105. Pirma, jis padidina did\u017eiausi\u0105 galim\u0105 treniruoklio pasiprie\u0161inim\u0105, tod\u0117l naudotojai gali dar labiau padidinti treniruo\u010di\u0173 kr\u016bv\u012f. Be to, \u0161ios papildomos svorio plok\u0161t\u0117s suteikia unikal\u0173 prana\u0161um\u0105, nes leid\u017eia naudotojams ma\u017eesniais ir tikslesniais \u017eingsniais reguliuoti pasiprie\u0161inim\u0105 &#8211; kiekviena plok\u0161t\u0117 padidina pasiprie\u0161inim\u0105 2,5 kg. Toks tikslus pasiprie\u0161inimo parinkimas leid\u017eia \u017emon\u0117ms tiksliai sureguliuoti treniruotes, kad jos atitikt\u0173 j\u0173 konkre\u010dius poreikius ir tikslus, u\u017etikrinant, kad kiekviena treniruot\u0117 b\u016bt\u0173 pritaikyta optimaliems rezultatams pasiekti.<\/p>\n<\/div>\n<\/div>\n<\/section>\n","protected":false},"excerpt":{"rendered":"<p>Pagerinkite koj\u0173 treniruotes su &#8222;Evolve Ultra Series UL-140&#8221; selektoriniu koj\u0173 ilgintuvu. M\u0117gaukit\u0117s patogumu ir saugumu d\u0117l toki\u0173 funkcij\u0173 kaip profiliuotos s\u0117dyn\u0117s ir eleganti\u0161ka matin\u0117 apdaila. Patirkite universalum\u0105 su s\u0117dyn\u0117s reguliavimu viena ranka ir optimaliomis rankenomis. Atnaujinkite savo treniruokli\u0173 sal\u0119 naudodami \u0161i\u0105 naujovi\u0161k\u0105 ir stiling\u0105 \u012frang\u0105.<\/p>\n","protected":false},"featured_media":75895,"template":"","meta":{"_acf_changed":false,"inline_featured_image":false},"product_cat":[117,166,167],"product_tag":[],"class_list":{"0":"post-7469","1":"product","2":"type-product","3":"status-publish","4":"has-post-thumbnail","6":"product_cat-pagrindinis-puslapis","7":"product_cat-pasirinktines-masinos","8":"product_cat-ultra-series-selektorizuoti-treniruokliai","10":"first","11":"instock","12":"shipping-taxable","13":"purchasable","14":"product-type-simple"},"acf":[],"_links":{"self":[{"href":"https:\/\/store.evolve-fitness.eu\/lt\/wp-json\/wp\/v2\/product\/7469","targetHints":{"allow":["GET"]}}],"collection":[{"href":"https:\/\/store.evolve-fitness.eu\/lt\/wp-json\/wp\/v2\/product"}],"about":[{"href":"https:\/\/store.evolve-fitness.eu\/lt\/wp-json\/wp\/v2\/types\/product"}],"wp:featuredmedia":[{"embeddable":true,"href":"https:\/\/store.evolve-fitness.eu\/lt\/wp-json\/wp\/v2\/media\/75895"}],"wp:attachment":[{"href":"https:\/\/store.evolve-fitness.eu\/lt\/wp-json\/wp\/v2\/media?parent=7469"}],"wp:term":[{"taxonomy":"product_cat","embeddable":true,"href":"https:\/\/store.evolve-fitness.eu\/lt\/wp-json\/wp\/v2\/product_cat?post=7469"},{"taxonomy":"product_tag","embeddable":true,"href":"https:\/\/store.evolve-fitness.eu\/lt\/wp-json\/wp\/v2\/product_tag?post=7469"}],"curies":[{"name":"wp","href":"https:\/\/api.w.org\/{rel}","templated":true}]}}