{"id":7467,"date":"2024-01-17T13:59:24","date_gmt":"2024-01-17T13:59:24","guid":{"rendered":"https:\/\/store.evolve-fitness.eu\/produktas\/evolve-ultra-series-pasirenkamasis-pulldown-row\/"},"modified":"2024-02-27T12:46:47","modified_gmt":"2024-02-27T12:46:47","slug":"evolve-ultra-series-pasirenkamasis-pulldown-row","status":"publish","type":"product","link":"https:\/\/store.evolve-fitness.eu\/lt\/produktas\/evolve-ultra-series-pasirenkamasis-pulldown-row\/","title":{"rendered":"&#8222;Evolve Ultra Series&#8221; pasirenkamasis pulldown \/ Row"},"content":{"rendered":"\n<section class=\"wp-block-group alignfull black-content has-white-color has-darkgray-background-color has-text-color has-background is-layout-constrained wp-block-group-is-layout-constrained\" style=\"padding-top:var(--wp--preset--spacing--section-bottom);padding-bottom:var(--wp--preset--spacing--section-bottom)\">\n<div class=\"wp-block-columns alignwide mobile-reverse is-layout-flex wp-container-core-columns-is-layout-ca64bf2d wp-block-columns-is-layout-flex\" style=\"margin-bottom:var(--wp--preset--spacing--side-padding)\">\n<div class=\"wp-block-column is-vertically-aligned-center is-layout-flow wp-block-column-is-layout-flow\">\n<h3 class=\"wp-block-heading\">Sveiki atvyk\u0119 \u012f &#8222;Ultra&#8221; serij\u0105<\/h3>\n\n\n\n<p><\/p>\n\n\n\n<p><strong><em>Susipa\u017einkite su m\u016bs\u0173 &#8222;Ultra Series&#8221; \u012franga naudodamiesi moderniausia 3D 360 ekskursija<\/em><\/strong><\/p>\n\n\n\n<p>&#8222;Evolve Ultra Series&#8221; pasirenkamasis treniruoklis &#8222;Evolve Ultra Series&#8221;, kuris yra &#8222;Evolve Ultra Series&#8221; dalis, yra sukurtas patogumui ir na\u0161umui u\u017etikrinti. Treniruoklis sukurtas taip, kad j\u012f b\u016bt\u0173 galima pritaikyti \u012fvairiems naudotoj\u0173 dyd\u017eiams, jis b\u016bt\u0173 ergonomi\u0161kas ir lengvai pritaikomas. Dizainas yra esteti\u0161kas, o patvari, milteliniu b\u016bdu dengta apdaila ir naudojami auk\u0161tos kokyb\u0117s kabeliai u\u017etikrina skland\u0173 veikim\u0105.<\/p>\n<\/div>\n\n\n\n<div class=\"wp-block-column is-vertically-aligned-center is-layout-flow wp-block-column-is-layout-flow\">\n<figure class=\"wp-block-video\"><video height=\"954\" style=\"aspect-ratio: 2016 \/ 954;\" width=\"2016\" autoplay=\"\" controls=\"\" loop=\"\" muted=\"\" src=\"https:\/\/evolve-fitness.eu\/wp-content\/uploads\/2023\/08\/Evolve-Ultra-Series-Selectorized-Pulldown-Row.mp4\"><\/video><\/figure>\n<\/div>\n<\/div>\n\n\n\n<div class=\"wp-block-columns alignwide mobile-reverse is-layout-flex wp-container-core-columns-is-layout-ca64bf2d wp-block-columns-is-layout-flex\" style=\"margin-bottom:var(--wp--preset--spacing--side-padding)\">\n<div class=\"wp-block-column is-vertically-aligned-center is-layout-flow wp-block-column-is-layout-flow\">\n<figure class=\"wp-block-image size-large\"><img decoding=\"async\" src=\"https:\/\/evolve-fitness.eu\/wp-content\/uploads\/2023\/08\/EV-SC-UL-260-Evolve-Ultra-Series-Selectorized-Pulldown-Row_PNG-1024x1024.png\" alt=\"EV-SC-UL-260\" class=\"wp-image-10170\"\/><\/figure>\n<\/div>\n\n\n\n<div class=\"wp-block-column is-vertically-aligned-center is-layout-flow wp-block-column-is-layout-flow\">\n<h3 class=\"wp-block-heading\" style=\"margin-bottom:var(--wp--preset--spacing--h-3-bottom)\">Sauga atitinka stili\u0173<\/h3>\n\n\n\n<p><strong><em>Visi\u0161kai u\u017edengtas svorio kamino gaubtas<\/em><\/strong><\/p>\n\n\n\n<p>Sporto sali\u0173 savininkams ir fitneso verslininkams svarbiausia &#8211; saugumas ir estetika. &#8222;Evolve Ultra&#8221; serijoje yra visi\u0161kai u\u017edengtas svori\u0173 kr\u016bvos gaubtas, kuriame skland\u017eiai derinamas saugumas ir stilius. \u0160is gaubtas, didinantis saugum\u0105 ir apsaugantis nuo nelaiming\u0173 atsitikim\u0173, o kartu palaikantis \u0161var\u0105 sporto sal\u0117je, yra b\u016btinas bet kurios treniruokli\u0173 sal\u0117s priedas. Padidinkite savo sporto sal\u0117s vizualin\u012f patrauklum\u0105, kartu teikdami pirmenyb\u0119 klient\u0173 saugumui kiekvienos treniruot\u0117s metu.<\/p>\n<\/div>\n<\/div>\n\n\n\n<div class=\"wp-block-columns alignwide is-layout-flex wp-container-core-columns-is-layout-c45ee707 wp-block-columns-is-layout-flex\" style=\"margin-bottom:var(--wp--preset--spacing--side-padding);padding-top:var(--wp--preset--spacing--side-padding)\">\n<div class=\"wp-block-column is-vertically-aligned-center is-layout-flow wp-block-column-is-layout-flow\">\n<h3 class=\"wp-block-heading\" style=\"margin-bottom:var(--wp--preset--spacing--h-3-bottom)\">Eleganti\u0161kas ir patvarus<\/h3>\n\n\n\n<p><strong><em>Unikali matini\u0173 da\u017e\u0173 apdaila<\/em><\/strong><\/p>\n\n\n\n<p style=\"margin-bottom:var(--wp--preset--spacing--tb-section-padding)\">&#8222;Ultra&#8221; serija &#8211; tai saugumo ir stiliaus derinys, kur\u012f u\u017etikrina gaubti svori\u0173 kaminai. Nepermatomi plastikiniai dang\u010diai u\u017etikrina treniruo\u010di\u0173 saugum\u0105 ir kartu suteikia elegancijos j\u016bs\u0173 treniruo\u010di\u0173 erdvei. Nesvarbu, ar esate sporto sal\u0117s savininkas, ar fitneso entuziastas, \u012fvertinsite vizualin\u012f patrauklum\u0105 ir saugum\u0105, kur\u012f \u0161ie gaubtai suteikia j\u016bs\u0173 sporto salei.<\/p>\n<\/div>\n\n\n\n<div class=\"wp-block-column is-vertically-aligned-center is-layout-flow wp-block-column-is-layout-flow\">\n<figure class=\"wp-block-image size-large\"><img decoding=\"async\" src=\"https:\/\/evolve-fitness.eu\/wp-content\/uploads\/2023\/08\/EV-SC-UL-260-Evolve-Ultra-Series-Selectorized-Pulldown-Row_PNG4-1024x1024.png\" alt=\"EV-SC-UL-260\" class=\"wp-image-10172\"\/><\/figure>\n<\/div>\n<\/div>\n\n\n\n<div class=\"wp-block-columns alignwide are-vertically-aligned-center mobile-reverse is-layout-flex wp-container-core-columns-is-layout-e8158c2f wp-block-columns-is-layout-flex\" style=\"padding-top:var(--wp--preset--spacing--side-padding)\">\n<div class=\"wp-block-column is-vertically-aligned-center is-layout-flow wp-block-column-is-layout-flow\">\n<figure class=\"wp-block-image size-large\"><img decoding=\"async\" src=\"https:\/\/evolve-fitness.eu\/wp-content\/uploads\/2023\/08\/EV-SC-UL-260-Evolve-Ultra-Series-Selectorized-Pulldown-Row_PNG2-1024x1024.png\" alt=\"EV-SC-UL-260\" class=\"wp-image-10174\"\/><\/figure>\n<\/div>\n\n\n\n<div class=\"wp-block-column is-vertically-aligned-center is-layout-flow wp-block-column-is-layout-flow\">\n<h3 class=\"wp-block-heading\" style=\"margin-bottom:var(--wp--preset--spacing--h-3-bottom)\"><strong>Optimal\u016bs rank\u0173 su\u0117mimai<\/strong><\/h3>\n\n\n\n<p><strong><em><strong><em>Fitneso patirties gerinimas<\/em><\/strong><\/em><\/strong><\/p>\n\n\n\n<p style=\"margin-bottom:var(--wp--preset--spacing--tb-section-padding)\">Sporto sali\u0173 savininkams ir sporto klub\u0173 vadovams labai svarbu pritraukti ir i\u0161laikyti klientus. &#8222;Evolve Ultra&#8221; serija si\u016blo optimalias rank\u0173 rankenas, kruop\u0161\u010diai suprojektuotas taip, kad b\u016bt\u0173 patogu ir saugu. Pagerinkite savo klient\u0173 treniruo\u010di\u0173 patirt\u012f, kad jie b\u016bt\u0173 \u012fsitrauk\u0119 ir motyvuoti siekti fitneso tiksl\u0173 j\u016bs\u0173 \u012fstaigoje.<\/p>\n<\/div>\n<\/div>\n<\/section>\n","protected":false},"excerpt":{"rendered":"<p>Pagerinkite savo sporto sal\u0117s patirt\u012f su &#8222;Evolve Ultra Series&#8221; selektoriniu treniruokliu UL-260. M\u0117gaukit\u0117s nepriklausomais rank\u0173 judesiais dinami\u0161koms treniruot\u0117ms, o u\u017edengtas svori\u0173 kr\u016bvos gaubtas u\u017etikrina saugum\u0105 ir stili\u0173. UL-260 pasi\u017eymi \u012f naudotojo poreikius orientuotomis funkcijomis, pavyzd\u017eiui, s\u0117dyn\u0117s reguliavimu viena ranka ir optimaliomis rankenomis, tod\u0117l jis yra patogus ir efektyvus. Pakeiskite savo treniruokli\u0173 sal\u0119 naudodami \u0161\u012f eleganti\u0161k\u0105, naujovi\u0161k\u0105 treniruokl\u012f.<\/p>\n","protected":false},"featured_media":4556,"template":"","meta":{"_acf_changed":false,"inline_featured_image":false},"product_cat":[117,166,167],"product_tag":[],"class_list":{"0":"post-7467","1":"product","2":"type-product","3":"status-publish","4":"has-post-thumbnail","6":"product_cat-pagrindinis-puslapis","7":"product_cat-pasirinktines-masinos","8":"product_cat-ultra-series-selektorizuoti-treniruokliai","10":"first","11":"instock","12":"shipping-taxable","13":"purchasable","14":"product-type-simple"},"acf":[],"_links":{"self":[{"href":"https:\/\/store.evolve-fitness.eu\/lt\/wp-json\/wp\/v2\/product\/7467","targetHints":{"allow":["GET"]}}],"collection":[{"href":"https:\/\/store.evolve-fitness.eu\/lt\/wp-json\/wp\/v2\/product"}],"about":[{"href":"https:\/\/store.evolve-fitness.eu\/lt\/wp-json\/wp\/v2\/types\/product"}],"wp:featuredmedia":[{"embeddable":true,"href":"https:\/\/store.evolve-fitness.eu\/lt\/wp-json\/wp\/v2\/media\/4556"}],"wp:attachment":[{"href":"https:\/\/store.evolve-fitness.eu\/lt\/wp-json\/wp\/v2\/media?parent=7467"}],"wp:term":[{"taxonomy":"product_cat","embeddable":true,"href":"https:\/\/store.evolve-fitness.eu\/lt\/wp-json\/wp\/v2\/product_cat?post=7467"},{"taxonomy":"product_tag","embeddable":true,"href":"https:\/\/store.evolve-fitness.eu\/lt\/wp-json\/wp\/v2\/product_tag?post=7467"}],"curies":[{"name":"wp","href":"https:\/\/api.w.org\/{rel}","templated":true}]}}