{"id":7464,"date":"2024-01-18T08:26:02","date_gmt":"2024-01-18T08:26:02","guid":{"rendered":"https:\/\/store.evolve-fitness.eu\/produktas\/evolve-ultra-series-selektorinis-peciu-presas\/"},"modified":"2024-06-05T12:43:38","modified_gmt":"2024-06-05T12:43:38","slug":"evolve-ultra-series-selektorinis-peciu-presas","status":"publish","type":"product","link":"https:\/\/store.evolve-fitness.eu\/lt\/produktas\/evolve-ultra-series-selektorinis-peciu-presas\/","title":{"rendered":"&#8222;Evolve Ultra Series&#8221; selektorinis pe\u010di\u0173 presas"},"content":{"rendered":"\n<section class=\"wp-block-group alignfull black-content has-white-color has-darkgray-background-color has-text-color has-background is-layout-constrained wp-block-group-is-layout-constrained\" style=\"padding-top:var(--wp--preset--spacing--section-bottom);padding-bottom:var(--wp--preset--spacing--section-bottom)\">\n<div class=\"wp-block-columns alignwide mobile-reverse is-layout-flex wp-container-core-columns-is-layout-ca64bf2d wp-block-columns-is-layout-flex\" style=\"margin-bottom:var(--wp--preset--spacing--side-padding)\">\n<div class=\"wp-block-column is-vertically-aligned-center is-layout-flow wp-block-column-is-layout-flow\">\n<h3 class=\"wp-block-heading\">Sveiki atvyk\u0119 \u012f &#8222;Ultra&#8221; serij\u0105<\/h3>\n\n\n\n<p><strong><em>Susipa\u017einkite su m\u016bs\u0173 &#8222;Ultra Series&#8221; \u012franga naudodamiesi moderniausia 3D 360 ekskursija<\/em><\/strong><\/p>\n\n\n\n<p>&#8222;Evolve Ultra Series&#8221; selektorinis pe\u010di\u0173 presas, &#8222;Evolve Ultra Series&#8221; dalis, sukurtas taip, kad b\u016bt\u0173 patogus ir na\u0161us. Treniruoklis sukurtas taip, kad j\u012f b\u016bt\u0173 galima pritaikyti \u012fvairiems naudotoj\u0173 dyd\u017eiams, jis b\u016bt\u0173 ergonomi\u0161kas ir lengvai pritaikomas. Dizainas yra esteti\u0161kas, o patvari, milteliniu b\u016bdu dengta apdaila ir naudojami auk\u0161tos kokyb\u0117s kabeliai u\u017etikrina skland\u0173 veikim\u0105.<\/p>\n<\/div>\n\n\n\n<div class=\"wp-block-column is-vertically-aligned-center is-layout-flow wp-block-column-is-layout-flow\">\n<figure class=\"wp-block-video\"><video autoplay=\"\" controls=\"\" loop=\"\" muted=\"\" src=\"https:\/\/evolve-fitness.eu\/wp-content\/uploads\/2023\/08\/Shoulder-Press-Evolve-Ultra-Series-Selectorized.mp4\"><\/video><\/figure>\n<\/div>\n<\/div>\n\n\n\n<div class=\"wp-block-columns alignwide are-vertically-aligned-center mobile-reverse is-layout-flex wp-container-core-columns-is-layout-e8158c2f wp-block-columns-is-layout-flex\" style=\"padding-top:var(--wp--preset--spacing--side-padding)\">\n<div class=\"wp-block-column is-vertically-aligned-center is-layout-flow wp-block-column-is-layout-flow\">\n<figure class=\"wp-block-video\"><video autoplay=\"\" controls=\"\" loop=\"\" muted=\"\" src=\"https:\/\/evolve-fitness.eu\/wp-content\/uploads\/2023\/08\/Evolve-Ultra-Series-Selectorized-Shoulder-Press-Ul-040.mp4\"><\/video><\/figure>\n<\/div>\n\n\n\n<div class=\"wp-block-column is-vertically-aligned-center is-layout-flow wp-block-column-is-layout-flow\">\n<h3 class=\"wp-block-heading\" style=\"margin-bottom:var(--wp--preset--spacing--h-3-bottom)\"><strong>Raumenys<\/strong><\/h3>\n\n\n\n<p><strong><em><strong><em>Auk\u0161\u010diausia kokyb\u0117<\/em><\/strong><\/em><\/strong><\/p>\n\n\n\n<p>&#8222;Evolve Ultra Series&#8221; selektorinis pe\u010di\u0173 spaudimo treniruoklis yra puikus pasirinkimas siekiant ugdyti pe\u010di\u0173 j\u0117g\u0105 ir raumen\u0173 apibr\u0117\u017etum\u0105, daugiausia d\u0117mesio skiriant priekiniam deltiniam raumeniui. Tai gali b\u016bti vertingas vir\u0161utin\u0117s k\u016bno dalies treniruo\u010di\u0173 priedas. Pe\u010di\u0173 spaudimo aparatas vis\u0173 pirma skirtas ir leid\u017eia treniruoti \u0161ias raumen\u0173 grupes &#8211; <strong>priekinius deltinius raumen<\/strong>is: atliekant pe\u010di\u0173 spaudimo pratimus labai \u012fdarbinama priekin\u0117 deltini\u0173 raumen\u0173 dalis. Ji atsakinga u\u017e svorio k\u0117lim\u0105 vir\u0161 galvos;  <strong>\u0160oninis deltinis raumuo<\/strong>: Taip pat dalyvauja vidurin\u0117 deltini\u0173 raumen\u0173 dalis, padedanti abdukuoti arba pakelti rankas \u012f \u0161onus;  <strong>U\u017epakalinis deltinis raumuo<\/strong>: U\u017epakalinis deltinis raumuo \u012fdarbinamas ma\u017eiau, ypa\u010d stabilizuojant ir kontroliuojant svor\u012f pratimo metu;  <strong>Tricepsas Brachii (Tricepsas)<\/strong>: Tricepsai \u012fjungiami, kai i\u0161tiesiate rankas ir stumiate svor\u012f vir\u0161 galvos;  <strong>Trapecijos (vir\u0161utin\u0117 nugaros ir kaklo dalis)<\/strong>: Trapeciniai raumenys, ypa\u010d vir\u0161utiniai trapeciniai raumenys, atlieka svarb\u0173 vaidmen\u012f stabilizuojant pe\u010dius ir kakl\u0105 pe\u010di\u0173 spaudimo metu.  <strong>Serratus Anterior<\/strong>: \u0160is raumuo padeda stabilizuoti mentes judesio metu.<\/p>\n<\/div>\n<\/div>\n\n\n\n<div class=\"wp-block-columns alignwide mobile-reverse is-layout-flex wp-container-core-columns-is-layout-ca64bf2d wp-block-columns-is-layout-flex\" style=\"margin-bottom:var(--wp--preset--spacing--side-padding)\">\n<div class=\"wp-block-column is-vertically-aligned-center is-layout-flow wp-block-column-is-layout-flow\">\n<h3 class=\"wp-block-heading\" style=\"margin-bottom:var(--wp--preset--spacing--h-3-bottom)\">Keli\u0173 ranken\u0173 rankenos<\/h3>\n\n\n\n<p><em><strong>I\u0161ple\u010dia treniruo\u010di\u0173 galimybes<\/strong><\/em><\/p>\n\n\n\n<p style=\"margin-bottom:var(--wp--preset--spacing--tb-section-padding)\">&#8222;Evolve Ultra Series&#8221; selektorinio pe\u010di\u0173 spaudimo treniruoklio &#8222;Evolve Ultra Series&#8221; rankenos su \u012fvairiomis rankenomis labai i\u0161ple\u010dia treniruo\u010di\u0173 galimybes. Vairas suprojektuotas su nuolyd\u017eiu \u012f vir\u0161\u0173, kad alk\u016bn\u0117 nesisukt\u0173 per daug \u012f i\u0161or\u0119. \u0160i konstrukcija atitinka nat\u016brali\u0105 peties s\u0105nario form\u0105, tod\u0117l suma\u017e\u0117ja nereikalingo peties rai\u0161\u010di\u0173 \u012ftempimo rizika. Jis taip pat padeda i\u0161vengti traum\u0173, kurias sukelia sm\u016bgis ar suspaudimas auk\u0161\u010diausiame peties ta\u0161ke, ir kartu skatina trigalvio raumens raumen\u0173 stimuliavim\u0105 vertikalia, u\u017epakaline kryptimi. Be to, yra plaktuko formos bloko pad\u0117tis, specialiai pritaikyta tricepsams efektyviai \u012ftraukti ir treniruoti atliekant st\u016bmimo pratimus.<\/p>\n<\/div>\n\n\n\n<div class=\"wp-block-column is-vertically-aligned-center is-layout-flow wp-block-column-is-layout-flow\">\n<figure class=\"wp-block-video\"><video autoplay=\"\" controls=\"\" loop=\"\" muted=\"\" src=\"https:\/\/evolve-fitness.eu\/wp-content\/uploads\/2023\/08\/UL-040-Multi-grip-Handles.mp4\"><\/video><\/figure>\n<\/div>\n<\/div>\n\n\n\n<div class=\"wp-block-columns alignwide is-layout-flex wp-container-core-columns-is-layout-c45ee707 wp-block-columns-is-layout-flex\" style=\"margin-bottom:var(--wp--preset--spacing--side-padding);padding-top:var(--wp--preset--spacing--side-padding)\">\n<div class=\"wp-block-column is-vertically-aligned-center is-layout-flow wp-block-column-is-layout-flow\">\n<figure class=\"wp-block-video\"><video autoplay=\"\" controls=\"\" loop=\"\" muted=\"\" src=\"https:\/\/evolve-fitness.eu\/wp-content\/uploads\/2023\/08\/UL-040-Moulded-Seats-Precise-Seat-Adjustments.mp4\"><\/video><\/figure>\n<\/div>\n\n\n\n<div class=\"wp-block-column is-vertically-aligned-center is-layout-flow wp-block-column-is-layout-flow\">\n<h3 class=\"wp-block-heading\" style=\"margin-bottom:var(--wp--preset--spacing--h-3-bottom)\">Formuotos s\u0117dyn\u0117s ir tikslus s\u0117dyn\u0117s reguliavimas<\/h3>\n\n\n\n<p><strong><em>Dvigubai susi\u016bti apmu\u0161alai<\/em><\/strong><\/p>\n\n\n\n<p style=\"margin-bottom:var(--wp--preset--spacing--tb-section-padding)\">&#8222;Evolve Ultra&#8221; serijos poliuretano s\u0117dyn\u0117s, pagamintos i\u0161 profiliuotos konstrukcijos ir dvigubai susi\u016bt\u0173 apmu\u0161al\u0173, u\u017etikrina i\u0161skirtin\u012f patvarum\u0105 ir patogum\u0105. Jie sukurti taip, kad u\u017etikrint\u0173 ergonomi\u0161k\u0105 stuburo atram\u0105, ir gali b\u016bti pritaikyti \u012fvairaus dyd\u017eio naudotojams. Be to, i\u0161 poliuretano pagamintos pagalv\u0117l\u0117s yra puikus pasirinkimas d\u0117l j\u0173 ilgaam\u017ei\u0161kumo, patogumo, paprastos prie\u017ei\u016bros ir ekonomi\u0161kumo. Jie gali atlaikyti j\u0117gos treniruo\u010di\u0173 reikalavimus ir kartu u\u017etikrinti patog\u0173 ir higieni\u0161k\u0105 treniruo\u010di\u0173 pavir\u0161i\u0173. Kadangi s\u0117dyn\u0117 paremta hidrauliniu strypu, s\u0117dyn\u0117s auk\u0161t\u012f reguliuoti paprasta ir tai galima atlikti tik viena ranka. S\u0117dyn\u0117 turi 18 reguliavimo pad\u0117\u010di\u0173.<\/p>\n<\/div>\n<\/div>\n\n\n\n<div class=\"wp-block-columns alignwide are-vertically-aligned-center mobile-reverse is-layout-flex wp-container-core-columns-is-layout-e8158c2f wp-block-columns-is-layout-flex\" style=\"padding-top:var(--wp--preset--spacing--side-padding)\">\n<div class=\"wp-block-column is-vertically-aligned-center is-layout-flow wp-block-column-is-layout-flow\">\n<h3 class=\"wp-block-heading\" style=\"margin-bottom:var(--wp--preset--spacing--h-3-bottom)\"><strong>Vir\u0161utin\u0117 svorio plok\u0161t\u0117<\/strong><\/h3>\n\n\n\n<p><strong><em><strong><em>I\u0161ple\u010diamas did\u017eiausias pasiprie\u0161inimas<\/em><\/strong><\/em><\/strong><\/p>\n\n\n\n<p>&#8222;Evolve Ultra Series&#8221; selektorinis pe\u010di\u0173 presas turi dvi papildomas 2,5 kg vir\u0161utinio svorio plok\u0161tes, kurios atlieka dvejop\u0105 funkcij\u0105 &#8211; pagerina treniruoklio veikim\u0105. Pirma, jis padidina did\u017eiausi\u0105 galim\u0105 treniruoklio pasiprie\u0161inim\u0105, tod\u0117l naudotojai gali dar labiau padidinti treniruo\u010di\u0173 kr\u016bv\u012f.<br\/>Be to, \u0161ios papildomos svorio plok\u0161t\u0117s suteikia unikal\u0173 prana\u0161um\u0105, nes leid\u017eia naudotojams ma\u017eesniais ir tikslesniais \u017eingsniais reguliuoti pasiprie\u0161inim\u0105 &#8211; kiekviena plok\u0161t\u0117 padidina pasiprie\u0161inim\u0105 2,5 kg. Toks tikslus pasiprie\u0161inimo parinkimas leid\u017eia \u017emon\u0117ms tiksliai sureguliuoti treniruotes, kad jos atitikt\u0173 j\u0173 konkre\u010dius poreikius ir tikslus, u\u017etikrinant, kad kiekviena treniruot\u0117 b\u016bt\u0173 pritaikyta optimaliems rezultatams pasiekti.<\/p>\n<\/div>\n\n\n\n<div class=\"wp-block-column is-vertically-aligned-center is-layout-flow wp-block-column-is-layout-flow\">\n<figure class=\"wp-block-image size-full\"><img decoding=\"async\" src=\"https:\/\/evolve-fitness.eu\/wp-content\/uploads\/2024\/01\/plate.webp\" alt=\"\" class=\"wp-image-9942\"\/><\/figure>\n<\/div>\n<\/div>\n\n\n\n<div class=\"wp-block-columns alignwide are-vertically-aligned-center mobile-reverse is-layout-flex wp-container-core-columns-is-layout-e8158c2f wp-block-columns-is-layout-flex\" style=\"padding-top:var(--wp--preset--spacing--side-padding)\">\n<div class=\"wp-block-column is-vertically-aligned-center is-layout-flow wp-block-column-is-layout-flow\">\n<div class=\"wp-block-columns alignwide are-vertically-aligned-center mobile-reverse is-layout-flex wp-container-core-columns-is-layout-e8158c2f wp-block-columns-is-layout-flex\" style=\"padding-top:var(--wp--preset--spacing--side-padding)\">\n<div class=\"wp-block-column is-vertically-aligned-center is-layout-flow wp-block-column-is-layout-flow\">\n<figure class=\"wp-block-video\"><video autoplay=\"\" controls=\"\" loop=\"\" muted=\"\" src=\"https:\/\/evolve-fitness.eu\/wp-content\/uploads\/2023\/08\/UL-040-Weight-Stack.mp4\"><\/video><\/figure>\n<\/div>\n\n\n\n<div class=\"wp-block-column is-vertically-aligned-center is-layout-flow wp-block-column-is-layout-flow\">\n<h3 class=\"wp-block-heading\" style=\"margin-bottom:var(--wp--preset--spacing--h-3-bottom)\"><strong>Svorio kr\u016bva<\/strong><\/h3>\n\n\n\n<p><strong><em><strong><em>Pritaikykite ir prid\u0117kite<\/em><\/strong><\/em><\/strong><\/p>\n\n\n\n<p>&#8222;Evolve Ultra Series&#8221; selektorinis pe\u010di\u0173 spaudimo treniruoklis turi 85 kg pasiprie\u0161inimo lyg\u012f, ta\u010diau taip pat galite j\u012f pritaikyti ir prid\u0117ti iki 122,5 kg, kad treniruot\u0117 b\u016bt\u0173 dar sud\u0117tingesn\u0117. Jis gali pasigirti visi\u0161kai u\u017edara svori\u0173 kr\u016bva, u\u017etikrinan\u010dia pratim\u0173 saugum\u0105.<\/p>\n<\/div>\n<\/div>\n<\/div>\n<\/div>\n\n\n\n<div class=\"wp-block-columns alignwide are-vertically-aligned-center mobile-reverse is-layout-flex wp-container-core-columns-is-layout-e8158c2f wp-block-columns-is-layout-flex\" style=\"padding-top:var(--wp--preset--spacing--side-padding)\">\n<div class=\"wp-block-column is-vertically-aligned-center is-layout-flow wp-block-column-is-layout-flow\">\n<h3 class=\"wp-block-heading\" style=\"margin-bottom:var(--wp--preset--spacing--h-3-bottom)\"><strong>Reguliuojamas nugaros atramos kampas<\/strong><\/h3>\n\n\n\n<p><strong><em><strong><em>Labai veiksminga treniruo\u010di\u0173 patirtis<\/em><\/strong><\/em><\/strong><\/p>\n\n\n\n<p style=\"margin-bottom:var(--wp--preset--spacing--tb-section-padding)\">&#8222;Evolve Ultra Series&#8221; selektorinis pe\u010di\u0173 spaudimo treniruoklis sukurtas patogiai ir labai efektyviai treniruotei. Jame yra 5 skirtingos nugaros atlo\u0161o reguliavimo pad\u0117tys, tod\u0117l galite pritaikyti treniruokl\u012f pagal savo k\u016bno proporcijas, kamp\u0105 ir pageidavimus. Toks reguliavimo lygis u\u017etikrina, kad gal\u0117tum\u0117te rasti tobul\u0105 pad\u0117t\u012f, kurioje b\u016bt\u0173 patogiau ir efektyviau treniruoti pe\u010di\u0173 raumenis.<\/p>\n<\/div>\n\n\n\n<div class=\"wp-block-column is-vertically-aligned-center is-layout-flow wp-block-column-is-layout-flow\">\n<figure class=\"wp-block-video\"><video autoplay=\"\" controls=\"\" loop=\"\" muted=\"\" src=\"https:\/\/evolve-fitness.eu\/wp-content\/uploads\/2023\/08\/UL-040-Adjustable-Back-rest-angle.mp4\"><\/video><\/figure>\n<\/div>\n<\/div>\n\n\n\n<div class=\"wp-block-columns alignwide are-vertically-aligned-center mobile-reverse is-layout-flex wp-container-core-columns-is-layout-e8158c2f wp-block-columns-is-layout-flex\" style=\"padding-top:var(--wp--preset--spacing--side-padding)\">\n<div class=\"wp-block-column is-vertically-aligned-center is-layout-flow wp-block-column-is-layout-flow\">\n<figure class=\"wp-block-image size-large\"><img decoding=\"async\" src=\"https:\/\/evolve-fitness.eu\/wp-content\/uploads\/2024\/01\/EV-SC-UL-030-Shoulder-1024x576.jpg\" alt=\"\" class=\"wp-image-9966\"\/><\/figure>\n<\/div>\n\n\n\n<div class=\"wp-block-column is-vertically-aligned-center is-layout-flow wp-block-column-is-layout-flow\">\n<h3 class=\"wp-block-heading\" style=\"margin-bottom:var(--wp--preset--spacing--h-3-bottom)\"><strong>Pried\u0173 saugykla<\/strong><\/h3>\n\n\n\n<p><strong><em><strong><em>Saugus ir lengvai pasiekiamas<\/em><\/strong><\/em><\/strong><\/p>\n\n\n\n<p>Treniruo\u010di\u0173 metu vandens buteliuk\u0105, telefon\u0105 ir asmeninius daiktus galite patogiai laikyti &#8222;Evolve Ultra&#8221; serijos treniruokliuose \u012frengtuose laikikliuose, kurie skirti j\u016bs\u0173 patogumui. \u0160ie specialiai suprojektuoti skyriai skirti tam, kad treniruo\u010di\u0173 metu tur\u0117tum\u0117te saugi\u0105 ir lengvai pasiekiam\u0105 viet\u0105 savo daiktams laikyti.<\/p>\n\n\n\n<p><strong>\n  <em>\n    <strong>\n      <em>Pratimai<\/em>\n    <\/strong>\n  <\/em>\n<\/strong> lipdukas <strong>\n  <em>\n    <strong>\n      <em>j\u016bs\u0173 vaizdin\u0117 priemon\u0117<\/em>\n    <\/strong>\n  <\/em>\n<\/strong><\/p>\n\n\n\n<p>&#8222;Evolve Ultra&#8221; serijos treniruokliai turi informatyvius lipdukus, kurie padeda lengviau orientuotis treniruoklio funkcijose ir savyb\u0117se, o tai pagerina j\u016bs\u0173 treniruo\u010di\u0173 patirt\u012f. Be to, jame pateikiama verting\u0173 \u012f\u017evalg\u0173 apie \u012fvairias raumen\u0173 grupes, kurios gali b\u016bti efektyviai treniruojamos treniruokliu, tod\u0117l gal\u0117site maksimaliai i\u0161naudoti savo treniruo\u010di\u0173 rutin\u0105, orientuodamiesi \u012f konkre\u010dias dominan\u010dias sritis.<\/p>\n<\/div>\n<\/div>\n\n\n\n<div class=\"wp-block-columns alignwide are-vertically-aligned-center mobile-reverse is-layout-flex wp-container-core-columns-is-layout-e8158c2f wp-block-columns-is-layout-flex\" style=\"padding-top:var(--wp--preset--spacing--side-padding)\">\n<div class=\"wp-block-column is-vertically-aligned-center is-layout-flow wp-block-column-is-layout-flow\">\n<h3 class=\"wp-block-heading\" style=\"margin-bottom:var(--wp--preset--spacing--h-3-bottom)\"><strong>Kabelis<\/strong><\/h3>\n\n\n\n<p><strong><em><strong><em>Auk\u0161\u010diausia kokyb\u0117<\/em><\/strong><\/em><\/strong><\/p>\n\n\n\n<p>&#8222;Evolve Ultra Series&#8221; ma\u0161inose naudojami auk\u0161\u010diausios kokyb\u0117s kabeliai, yra \u0161e\u0161ios pagrindin\u0117s gijos, o kiekvien\u0105 gij\u0105 sudaro 19 kartu susukt\u0173 laid\u0173, poliamido 12 (PA12) med\u017eiaga ir 5 mm skersmuo. \u0160ie trosai sukurti siekiant u\u017etikrinti tvirtum\u0105 ir ilgaam\u017ei\u0161kum\u0105, o j\u0173 atsparumas tr\u016bkiui siekia 9000 kN, tod\u0117l juos verta rinktis tais atvejais, kai reikia i\u0161skirtinio patikimumo, ilgaam\u017ei\u0161kumo ir na\u0161umo.Kai pereinate nuo vieno pratimo prie kito, nesvarbu, ar tai b\u016bt\u0173 bicepso lenkimas, kr\u016btin\u0117s paspaudimai, lat\u0117s pritraukimai, ar bet koks kitas j\u0117gos stiprinimo pratimas, i\u0161skirtinis &#8222;Evolve Ultra&#8221; serijos troso na\u0161umas u\u017etikrina, kad judesiai b\u016bt\u0173 skland\u016bs, o pasiprie\u0161inimas &#8211; pastovus, tod\u0117l treniruot\u0117 bus ir veiksminga, ir maloni.<\/p>\n<\/div>\n\n\n\n<div class=\"wp-block-column is-vertically-aligned-center is-layout-flow wp-block-column-is-layout-flow\">\n<figure class=\"wp-block-video\"><video height=\"600\" style=\"aspect-ratio: 680 \/ 600;\" width=\"680\" autoplay=\"\" controls=\"\" loop=\"\" muted=\"\" src=\"https:\/\/evolve-fitness.eu\/wp-content\/uploads\/2023\/10\/Evolve-cable.mp4\"><\/video><\/figure>\n<\/div>\n<\/div>\n\n\n\n<div class=\"wp-block-columns alignwide are-vertically-aligned-center mobile-reverse is-layout-flex wp-container-core-columns-is-layout-e8158c2f wp-block-columns-is-layout-flex\" style=\"padding-top:var(--wp--preset--spacing--side-padding)\">\n<div class=\"wp-block-column is-vertically-aligned-center is-layout-flow wp-block-column-is-layout-flow\">\n<figure class=\"wp-block-video\"><video height=\"1920\" style=\"aspect-ratio: 1920 \/ 1920;\" width=\"1920\" autoplay=\"\" controls=\"\" loop=\"\" muted=\"\" src=\"https:\/\/evolve-fitness.eu\/wp-content\/uploads\/2023\/10\/Evolve-Double-powder-coated-Frame.mp4\"><\/video><\/figure>\n<\/div>\n\n\n\n<div class=\"wp-block-column is-vertically-aligned-center is-layout-flow wp-block-column-is-layout-flow\">\n<h3 class=\"wp-block-heading\" style=\"margin-bottom:var(--wp--preset--spacing--h-3-bottom)\"><strong>Dvigubas miltelinis padengimas<\/strong><\/h3>\n\n\n\n<p><strong><em><strong><em>Elektrostatiniu milteliniu b\u016bdu dengtas<\/em><\/strong><\/em><\/strong><\/p>\n\n\n\n<p>&#8222;Evolve Ultra&#8221; serijos j\u0117gos ma\u0161inos su elektrostatiniu milteliniu b\u016bdu dengtu perlamutrin\u0117s juodos matin\u0117s spalvos r\u0117mu yra ir formos, ir funkcijos pavyzdys. Jos estetin\u012f patrauklum\u0105 sustiprina juoda matin\u0117 apdaila, o praktin\u0117s savyb\u0117s, \u012fskaitant atsparum\u0105 trin\u010diai, antikorozines savybes ir atsparum\u0105 \u012fbr\u0117\u017eimams, u\u017etikrina, kad ji b\u016bt\u0173 patikimas ir ilgaam\u017eis treniruo\u010di\u0173 palydovas.<\/p>\n\n\n\n<p><strong><em>Didelio atsparumo gumin\u0117s liejamos grind\u0173 apsaugos<\/em><\/strong><\/p>\n\n\n\n<p>Tvirtos gumin\u0117s &#8222;Evolve Ultra Series&#8221; koj\u0173 kojel\u0117s tarnauja kaip apsauginiai skydai, kad b\u016bt\u0173 i\u0161vengta galim\u0173 grind\u0173 pa\u017eeidim\u0173. \u0160ios tvirtos gumin\u0117s kojel\u0117s sukurtos taip, kad apsaugot\u0173 grind\u0173 pavir\u0161i\u0173 nuo bet kokios \u017ealos, kuri gali atsirasti naudojant. Be to, \u0161ios gumin\u0117s kojel\u0117s ne tik apsaugo, bet ir padeda u\u017etikrinti stabilum\u0105.<\/p>\n<\/div>\n<\/div>\n<\/section>\n","protected":false},"excerpt":{"rendered":"<p>Pagerinkite pe\u010di\u0173 treniruotes naudodami &#8222;Evolve Ultra Series Ul-040&#8221; selektorin\u012f pe\u010di\u0173 pres\u0105. Patirkite komfort\u0105 ir naujoves, naudodami profiliuotas s\u0117dynes, nepriklausom\u0105 rank\u0173 jud\u0117jim\u0105 ir s\u0117dyn\u0117s reguliavim\u0105 viena ranka. Saugumas yra svarbiausia su dengtu svori\u0173 kamino gaubtu, o matin\u0117 da\u017e\u0173 apdaila suteikia stili\u0173. Pakeiskite savo sporto sal\u0119, naudodami \u0161i\u0105 i\u0161skirtin\u0119 \u012frang\u0105, kad pasiektum\u0117te maksimali\u0173 rezultat\u0173 ir pritrauktum\u0117te klientus.<\/p>\n","protected":false},"featured_media":128453,"template":"","meta":{"_acf_changed":false,"inline_featured_image":false},"product_cat":[166,167],"product_tag":[],"class_list":{"0":"post-7464","1":"product","2":"type-product","3":"status-publish","4":"has-post-thumbnail","6":"product_cat-pasirinktines-masinos","7":"product_cat-ultra-series-selektorizuoti-treniruokliai","9":"first","10":"instock","11":"shipping-taxable","12":"purchasable","13":"product-type-simple"},"acf":[],"_links":{"self":[{"href":"https:\/\/store.evolve-fitness.eu\/lt\/wp-json\/wp\/v2\/product\/7464","targetHints":{"allow":["GET"]}}],"collection":[{"href":"https:\/\/store.evolve-fitness.eu\/lt\/wp-json\/wp\/v2\/product"}],"about":[{"href":"https:\/\/store.evolve-fitness.eu\/lt\/wp-json\/wp\/v2\/types\/product"}],"wp:featuredmedia":[{"embeddable":true,"href":"https:\/\/store.evolve-fitness.eu\/lt\/wp-json\/wp\/v2\/media\/128453"}],"wp:attachment":[{"href":"https:\/\/store.evolve-fitness.eu\/lt\/wp-json\/wp\/v2\/media?parent=7464"}],"wp:term":[{"taxonomy":"product_cat","embeddable":true,"href":"https:\/\/store.evolve-fitness.eu\/lt\/wp-json\/wp\/v2\/product_cat?post=7464"},{"taxonomy":"product_tag","embeddable":true,"href":"https:\/\/store.evolve-fitness.eu\/lt\/wp-json\/wp\/v2\/product_tag?post=7464"}],"curies":[{"name":"wp","href":"https:\/\/api.w.org\/{rel}","templated":true}]}}