{"id":74540,"date":"2023-09-21T13:03:11","date_gmt":"2023-09-21T13:03:11","guid":{"rendered":"https:\/\/store.evolve-fitness.eu\/product\/evolve-pilateso-kamuolys-25-cm\/"},"modified":"2025-03-07T09:40:06","modified_gmt":"2025-03-07T09:40:06","slug":"evolve-pilateso-kamuolys-25-cm","status":"publish","type":"product","link":"https:\/\/store.evolve-fitness.eu\/lt\/produktas\/evolve-pilateso-kamuolys-25-cm\/","title":{"rendered":"&#8222;Evolve&#8221; pilateso kamuolys &#8211; 25 cm"},"content":{"rendered":"\n<section class=\"wp-block-group alignfull has-lightgray-background-color has-background is-layout-constrained wp-block-group-is-layout-constrained\">\n<div class=\"wp-block-columns alignwide is-layout-flex wp-container-core-columns-is-layout-2edb0647 wp-block-columns-is-layout-flex\" style=\"margin-top:0;margin-bottom:0\">\n<div class=\"wp-block-column is-layout-flow wp-block-column-is-layout-flow\" style=\"flex-basis:33.33%\"><\/div>\n\n\n\n<div class=\"wp-block-column is-layout-flow wp-block-column-is-layout-flow\" style=\"flex-basis:66.66%\"><\/div>\n<\/div>\n<\/section>\n","protected":false},"excerpt":{"rendered":"<p>Pagerinkite savo fizin\u012f pasirengim\u0105 su &#8222;Evolve&#8221; pilateso kamuoliu &#8211; 25 cm. Atraskite geriausi\u0105 treniruo\u010di\u0173 palydov\u0105 &#8211; m\u016bs\u0173 25 cm pilateso kamuol\u012f. Stiprinkite pagrind\u0105, gerinkite pusiausvyr\u0105 ir lankstum\u0105. Pagamintas i\u0161 patvaraus PVC, jis puikiai tinka visiems fizinio pasirengimo lygiams. Kompakti\u0161kas, universalus ir sukurtas taip, kad b\u016bt\u0173 s\u0117kmingas. Pagerinkite savo treniruotes \u0161iandien su &#8222;Evolve&#8221;.<\/p>\n","protected":false},"featured_media":90216,"template":"","meta":{"_acf_changed":false,"inline_featured_image":false},"product_cat":[192],"product_tag":[],"class_list":{"0":"post-74540","1":"product","2":"type-product","3":"status-publish","4":"has-post-thumbnail","6":"product_cat-studija","8":"first","9":"instock","10":"shipping-taxable","11":"purchasable","12":"product-type-simple"},"acf":[],"_links":{"self":[{"href":"https:\/\/store.evolve-fitness.eu\/lt\/wp-json\/wp\/v2\/product\/74540","targetHints":{"allow":["GET"]}}],"collection":[{"href":"https:\/\/store.evolve-fitness.eu\/lt\/wp-json\/wp\/v2\/product"}],"about":[{"href":"https:\/\/store.evolve-fitness.eu\/lt\/wp-json\/wp\/v2\/types\/product"}],"wp:featuredmedia":[{"embeddable":true,"href":"https:\/\/store.evolve-fitness.eu\/lt\/wp-json\/wp\/v2\/media\/90216"}],"wp:attachment":[{"href":"https:\/\/store.evolve-fitness.eu\/lt\/wp-json\/wp\/v2\/media?parent=74540"}],"wp:term":[{"taxonomy":"product_cat","embeddable":true,"href":"https:\/\/store.evolve-fitness.eu\/lt\/wp-json\/wp\/v2\/product_cat?post=74540"},{"taxonomy":"product_tag","embeddable":true,"href":"https:\/\/store.evolve-fitness.eu\/lt\/wp-json\/wp\/v2\/product_tag?post=74540"}],"curies":[{"name":"wp","href":"https:\/\/api.w.org\/{rel}","templated":true}]}}