{"id":74534,"date":"2023-09-20T06:33:43","date_gmt":"2023-09-20T06:33:43","guid":{"rendered":"https:\/\/store.evolve-fitness.eu\/product\/evolve-balance-pad-balanso-padas\/"},"modified":"2026-02-02T12:00:09","modified_gmt":"2026-02-02T12:00:09","slug":"evolve-balance-pad-balanso-padas","status":"publish","type":"product","link":"https:\/\/store.evolve-fitness.eu\/lt\/produktas\/evolve-balance-pad-balanso-padas\/","title":{"rendered":"&#8222;Evolve Balance Pad&#8221; balanso padas"},"content":{"rendered":"\n<section class=\"wp-block-group alignfull has-darkgray-background-color has-background is-layout-constrained wp-block-group-is-layout-constrained\">\n<div class=\"wp-block-columns alignwide is-layout-flex wp-container-core-columns-is-layout-2edb0647 wp-block-columns-is-layout-flex\" style=\"margin-top:0;margin-bottom:0\">\n<div class=\"wp-block-column is-layout-flow wp-block-column-is-layout-flow\" style=\"flex-basis:33.33%\"><\/div>\n\n\n\n<div class=\"wp-block-column is-layout-flow wp-block-column-is-layout-flow\" style=\"flex-basis:66.66%\"><\/div>\n<\/div>\n\n\n\n<section class=\"wp-block-group alignfull black-content has-white-color has-darkgray-background-color has-text-color has-background is-layout-constrained wp-block-group-is-layout-constrained\" style=\"padding-top:var(--wp--preset--spacing--section-bottom);padding-bottom:var(--wp--preset--spacing--section-bottom)\">\n<section class=\"wp-block-group alignfull black-content has-white-color has-darkgray-background-color has-text-color has-background is-layout-constrained wp-block-group-is-layout-constrained\" style=\"margin-bottom:0;padding-top:var(--wp--preset--spacing--tb-padding);padding-bottom:var(--wp--preset--spacing--tb-padding)\">\n<div class=\"wp-block-columns alignwide mobile-reverse is-layout-flex wp-container-core-columns-is-layout-7a02faa9 wp-block-columns-is-layout-flex\" style=\"margin-bottom:var(--wp--preset--spacing--tb-section-padding)\">\n<div class=\"wp-block-column is-vertically-aligned-center is-layout-flow wp-block-column-is-layout-flow\">\n<h3 class=\"wp-block-heading\" style=\"margin-bottom:var(--wp--preset--spacing--h-3-bottom)\"><strong><strong><strong><strong><strong><strong><strong>Auk\u0161tos kokyb\u0117s konstrukcija u\u017etikrina ilgaam\u017ei\u0161kum\u0105<\/strong><\/strong><\/strong><\/strong><\/strong><\/strong><\/strong><\/h3>\n\n\n\n<p>&#8222;Evolve Balance Pad&#8221; med\u017eiagos u\u017etikrina patvar\u0173 ir ilgaam\u017e\u012f gamin\u012f. \u0160is balansinis kilim\u0117lis yra tvirtas ir patikimas, nes jo svoris yra 7 kg, o did\u017eiausia apkrova &#8211; 200 kg. 63 cm skersmens treniruoklyje yra pakankamai vietos \u012fvairiems pratimams atlikti, tod\u0117l jis tinka ir pradedantiesiems, ir patyrusiems naudotojams. Pado konstrukcija ne tik padidina jo patvarum\u0105, bet ir u\u017etikrina patog\u0173 pavir\u0161i\u0173 visiems j\u016bs\u0173 treniruo\u010di\u0173 poreikiams.<\/p>\n<\/div>\n\n\n\n<div class=\"wp-block-column is-vertically-aligned-center is-layout-flow wp-block-column-is-layout-flow\">\n<figure class=\"wp-block-video\"><video height=\"1200\" style=\"aspect-ratio: 1200 \/ 1200;\" width=\"1200\" autoplay=\"\" controls=\"\" loop=\"\" muted=\"\" src=\"https:\/\/evolve-fitness.eu\/wp-content\/uploads\/2024\/07\/1.mp4\"><\/video><\/figure>\n<\/div>\n<\/div>\n\n\n\n<div class=\"wp-block-columns alignwide mobile-reverse is-layout-flex wp-container-core-columns-is-layout-035fa626 wp-block-columns-is-layout-flex\" style=\"margin-bottom:var(--wp--preset--spacing--side-padding);padding-top:var(--wp--preset--spacing--tb-padding);padding-bottom:var(--wp--preset--spacing--tb-padding)\">\n<div class=\"wp-block-column is-vertically-aligned-center is-layout-flow wp-block-column-is-layout-flow\">\n<figure class=\"wp-block-video\"><video autoplay=\"\" controls=\"\" loop=\"\" muted=\"\" src=\"https:\/\/evolve-fitness.eu\/wp-content\/uploads\/2024\/07\/2.mp4\"><\/video><\/figure>\n<\/div>\n\n\n\n<div class=\"wp-block-column is-vertically-aligned-center is-layout-flow wp-block-column-is-layout-flow\">\n<h3 class=\"wp-block-heading\" style=\"margin-bottom:var(--wp--preset--spacing--h-3-bottom)\"><strong><strong><strong><strong><strong><strong><strong><strong><strong>Pagerinkite savo fitneso rutin\u0105<\/strong><\/strong><\/strong><\/strong><\/strong><\/strong><\/strong><\/strong><\/strong><\/h3>\n\n\n\n<p>&#8222;Evolve Balance Pad&#8221; yra pagrindin\u0117 pusiausvyros ir stabilumo gerinimo priemon\u0117. D\u0117l universalios konstrukcijos jis puikiai tinka \u012fvairioms treniruot\u0117ms &#8211; nuo \u0161erd\u012f stiprinan\u010di\u0173 pratim\u0173 iki s\u0105nari\u0173 stabilumo treniruo\u010di\u0173. Dinami\u0161kas trinkel\u0117s pavir\u0161ius padeda i\u0161laikyti pusiausvyr\u0105, \u012fdarbinti daugiau raumen\u0173 ir pagerinti bendr\u0105 k\u016bno suvokim\u0105. D\u0117l jo ne\u0161iojamumo galite lengvai \u012ftraukti j\u012f \u012f bet koki\u0105 treniruo\u010di\u0173 rutin\u0105 &#8211; tiek namuose, tiek sporto sal\u0117je, tiek terapijos metu. \u0160is balansinis kilim\u0117lis yra vertingas priedas prie bet kokio treniruo\u010di\u0173 re\u017eimo, nes suteikia didel\u0119 naud\u0105 tiek fizinei sveikatai, tiek darbingumui.<\/p>\n<\/div>\n<\/div>\n\n\n\n<div class=\"wp-block-columns alignwide mobile-reverse is-layout-flex wp-container-core-columns-is-layout-7a02faa9 wp-block-columns-is-layout-flex\" style=\"margin-bottom:var(--wp--preset--spacing--tb-section-padding)\">\n<div class=\"wp-block-column is-vertically-aligned-center is-layout-flow wp-block-column-is-layout-flow\">\n<h3 class=\"wp-block-heading\" style=\"margin-bottom:var(--wp--preset--spacing--h-3-bottom)\"><strong><strong><strong><strong><strong><strong><strong><strong><strong>Idealiai tinka pagrindin\u0117ms ir pusiausvyros treniruot\u0117ms<\/strong><\/strong><\/strong><\/strong><\/strong><\/strong><\/strong><\/strong><\/strong><\/h3>\n\n\n\n<p>&#8222;Evolve Balance Pad&#8221; puikiai tinka atliekant pratimus, skirtus pagrindinei j\u0117gai ir pusiausvyrai gerinti. Jis ypa\u010d veiksmingas atliekant tokius pratimus kaip stov\u0117jimas ant vienos kojos, prit\u016bpimai, atsilenkimai ir lent\u0173 variacijos. \u012etrauk\u0119 \u0161i\u0105 pagalv\u0117l\u0119 \u012f \u0161iuos pratimus, galite padidinti j\u0173 sud\u0117tingum\u0105 ir veiksmingum\u0105, tod\u0117l labiau \u012fsitrauks raumenys ir pager\u0117s stabilumas. Be to, \u0161i pagalv\u0117l\u0117 puikiai tinka reabilitacijai, nes padeda atsigauti po s\u0105nari\u0173 traum\u0173, skatindama laipsni\u0161k\u0105 stipr\u0117jim\u0105 ir propriocepcij\u0105.<\/p>\n<\/div>\n\n\n\n<div class=\"wp-block-column is-vertically-aligned-center is-layout-flow wp-block-column-is-layout-flow\">\n<figure class=\"wp-block-video\"><video autoplay=\"\" controls=\"\" loop=\"\" muted=\"\" src=\"https:\/\/evolve-fitness.eu\/wp-content\/uploads\/2024\/07\/3.mp4\"><\/video><\/figure>\n<\/div>\n<\/div>\n\n\n\n<div class=\"wp-block-columns alignwide mobile-reverse is-layout-flex wp-container-core-columns-is-layout-ca64bf2d wp-block-columns-is-layout-flex\" style=\"margin-bottom:var(--wp--preset--spacing--side-padding)\">\n<div class=\"wp-block-column is-vertically-aligned-center is-layout-flow wp-block-column-is-layout-flow\"><\/div>\n<\/div>\n<\/section>\n<\/section>\n<\/section>\n","protected":false},"excerpt":{"rendered":"<p>Atraskite &#8222;Evolve Balance Pad&#8221; &#8211; savo keli\u0105 \u012f geresn\u0119 pusiausvyr\u0105 ir stabilum\u0105. \u0160is i\u0161 auk\u0161\u010diausios kokyb\u0117s med\u017eiag\u0173 pagamintas kilim\u0117lis yra patogus, ta\u010diau dinami\u0161kas pavir\u0161ius \u012fvairiems pratimams atlikti. Pagerinkite pagrindines treniruotes, sustiprinkite s\u0105nari\u0173 j\u0117g\u0105 ir patobulinkite k\u016bno suvokim\u0105. Kompakti\u0161kas ir ne\u0161iojamas &#8211; tai universalus j\u016bs\u0173 palydovas fitneso, terapijos ir kitose srityse. Su &#8222;Evolve Balance Pad&#8221; pasieksite geresn\u0119 pusiausvyr\u0105. Skersmuo &#8211; 63 cm.<\/p>\n","protected":false},"featured_media":628,"template":"","meta":{"_acf_changed":false,"inline_featured_image":false},"product_cat":[117,119,120,192],"product_tag":[],"class_list":{"0":"post-74534","1":"product","2":"type-product","3":"status-publish","4":"has-post-thumbnail","6":"product_cat-pagrindinis-puslapis","7":"product_cat-kryzminis-ir-funkcinis","8":"product_cat-funkcine-iranga","9":"product_cat-studija","11":"first","12":"instock","13":"sale","14":"shipping-taxable","15":"purchasable","16":"product-type-simple"},"acf":[],"_links":{"self":[{"href":"https:\/\/store.evolve-fitness.eu\/lt\/wp-json\/wp\/v2\/product\/74534","targetHints":{"allow":["GET"]}}],"collection":[{"href":"https:\/\/store.evolve-fitness.eu\/lt\/wp-json\/wp\/v2\/product"}],"about":[{"href":"https:\/\/store.evolve-fitness.eu\/lt\/wp-json\/wp\/v2\/types\/product"}],"wp:featuredmedia":[{"embeddable":true,"href":"https:\/\/store.evolve-fitness.eu\/lt\/wp-json\/wp\/v2\/media\/628"}],"wp:attachment":[{"href":"https:\/\/store.evolve-fitness.eu\/lt\/wp-json\/wp\/v2\/media?parent=74534"}],"wp:term":[{"taxonomy":"product_cat","embeddable":true,"href":"https:\/\/store.evolve-fitness.eu\/lt\/wp-json\/wp\/v2\/product_cat?post=74534"},{"taxonomy":"product_tag","embeddable":true,"href":"https:\/\/store.evolve-fitness.eu\/lt\/wp-json\/wp\/v2\/product_tag?post=74534"}],"curies":[{"name":"wp","href":"https:\/\/api.w.org\/{rel}","templated":true}]}}