{"id":74481,"date":"2023-09-21T08:50:34","date_gmt":"2023-09-21T08:50:34","guid":{"rendered":"https:\/\/store.evolve-fitness.eu\/product\/evolve-nbr-studio-mat-180-x-60-x-1-cm\/"},"modified":"2026-02-22T20:58:45","modified_gmt":"2026-02-22T20:58:45","slug":"evolve-nbr-studio-mat-180-x-60-x-1-cm","status":"publish","type":"product","link":"https:\/\/store.evolve-fitness.eu\/lt\/produktas\/evolve-nbr-studio-mat-180-x-60-x-1-cm\/","title":{"rendered":"&#8222;Evolve NBR Studio Mat&#8221; 180 x 60 x 1 cm"},"content":{"rendered":"\n<section class=\"wp-block-group alignfull has-darkgray-background-color has-background is-layout-constrained wp-block-group-is-layout-constrained\">\n<div class=\"wp-block-columns alignwide is-layout-flex wp-container-core-columns-is-layout-2edb0647 wp-block-columns-is-layout-flex\" style=\"margin-top:0;margin-bottom:0\">\n<div class=\"wp-block-column is-layout-flow wp-block-column-is-layout-flow\" style=\"flex-basis:33.33%\"><\/div>\n\n\n\n<div class=\"wp-block-column is-layout-flow wp-block-column-is-layout-flow\" style=\"flex-basis:66.66%\"><\/div>\n<\/div>\n\n\n\n<section class=\"wp-block-group alignfull has-darkgray-background-color has-background is-layout-constrained wp-block-group-is-layout-constrained\">\n<div class=\"wp-block-columns alignwide is-layout-flex wp-container-core-columns-is-layout-2edb0647 wp-block-columns-is-layout-flex\" style=\"margin-top:0;margin-bottom:0\">\n<div class=\"wp-block-column is-layout-flow wp-block-column-is-layout-flow\" style=\"flex-basis:33.33%\"><\/div>\n\n\n\n<div class=\"wp-block-column is-layout-flow wp-block-column-is-layout-flow\" style=\"flex-basis:66.66%\"><\/div>\n<\/div>\n\n\n\n<section class=\"wp-block-group alignfull black-content has-white-color has-darkgray-background-color has-text-color has-background is-layout-constrained wp-block-group-is-layout-constrained\" style=\"padding-top:var(--wp--preset--spacing--section-bottom);padding-bottom:var(--wp--preset--spacing--section-bottom)\">\n<div class=\"wp-block-columns alignwide is-layout-flex wp-container-core-columns-is-layout-c45ee707 wp-block-columns-is-layout-flex\" style=\"margin-bottom:var(--wp--preset--spacing--side-padding);padding-top:var(--wp--preset--spacing--side-padding)\">\n<div class=\"wp-block-column is-vertically-aligned-center is-layout-flow wp-block-column-is-layout-flow\">\n<figure class=\"wp-block-video\"><video autoplay=\"\" controls=\"\" loop=\"\" muted=\"\" src=\"https:\/\/evolve-fitness.eu\/wp-content\/uploads\/2023\/12\/1-3.mp4\"><\/video><\/figure>\n<\/div>\n\n\n\n<div class=\"wp-block-column is-vertically-aligned-center is-layout-constrained wp-block-column-is-layout-constrained\">\n<h3 class=\"wp-block-heading\" style=\"margin-bottom:var(--wp--preset--spacing--h-3-bottom)\">Auk\u0161tos kokyb\u0117s studijinis kilim\u0117lis  <\/h3>\n\n\n\n<p><strong><em>Skirtas \u012fvairiems pratimams, pvz., jogos, aerobikos, pilateso ir tempimo pratimams.<\/em><\/strong><\/p>\n\n\n\n<p style=\"margin-bottom:var(--wp--preset--spacing--tb-section-padding)\">1 cm storio &#8222;Evolve NBR Studio Mat&#8221; kilim\u0117lis u\u017etikrina patogum\u0105 ir stabilum\u0105. Kilim\u0117lis pagamintas i\u0161 didelio tankio med\u017eiagos, tod\u0117l yra patvarus, atsparus prakaitui ir lengvai valomas. Kilim\u0117lis i\u0161siskiria tvirta konstrukcija ir apgalvotu dizainu. &#8222;Evolve NBR Studio Mat&#8221; kilim\u0117lis pagamintas i\u0161 tankios, auk\u0161tos kokyb\u0117s med\u017eiagos, kuri u\u017etikrina ilgaam\u017ei\u0161kum\u0105 ir atsparum\u0105 nusid\u0117v\u0117jimui.<\/p>\n<\/div>\n<\/div>\n\n\n\n<div class=\"wp-block-columns alignwide is-layout-flex wp-container-core-columns-is-layout-c45ee707 wp-block-columns-is-layout-flex\" style=\"margin-bottom:var(--wp--preset--spacing--side-padding);padding-top:var(--wp--preset--spacing--side-padding)\">\n<div class=\"wp-block-column is-vertically-aligned-center is-layout-flow wp-block-column-is-layout-flow\">\n<h3 class=\"wp-block-heading\" style=\"margin-bottom:var(--wp--preset--spacing--h-3-bottom)\">Patvarus ir lengvas<\/h3>\n\n\n\n<p><em><strong>Su integruotomis kilpomis, kad b\u016bt\u0173 patogu laikyti<\/strong><\/em><\/p>\n\n\n\n<p>Jis pasi\u017eymi neslystan\u010diomis savyb\u0117mis, u\u017eapvalintais kampais, optimaliu sm\u016bgi\u0173 slopinimu ir higieni\u0161ka u\u017edar\u0173 l\u0105steli\u0173 strukt\u016bra, kuri yra atspari vandeniui. Kilim\u0117lis taip pat yra lengvas &#8211; sveria vos 1,2 kg.<\/p>\n<\/div>\n\n\n\n<div class=\"wp-block-column is-vertically-aligned-center is-layout-flow wp-block-column-is-layout-flow\">\n<div class=\"wp-block-columns is-layout-flex wp-container-core-columns-is-layout-9d6595d7 wp-block-columns-is-layout-flex\">\n<div class=\"wp-block-column is-layout-flow wp-block-column-is-layout-flow\">\n<figure class=\"wp-block-image size-large\"><img decoding=\"async\" src=\"https:\/\/evolve-fitness.eu\/wp-content\/uploads\/2023\/12\/A7_05507-683x1024.jpg\" alt=\"\" class=\"wp-image-7892\"\/><\/figure>\n<\/div>\n<\/div>\n<\/div>\n<\/div>\n\n\n\n<div class=\"wp-block-columns alignwide is-layout-flex wp-container-core-columns-is-layout-c45ee707 wp-block-columns-is-layout-flex\" style=\"margin-bottom:var(--wp--preset--spacing--side-padding);padding-top:var(--wp--preset--spacing--side-padding)\">\n<div class=\"wp-block-column is-vertically-aligned-center is-layout-flow wp-block-column-is-layout-flow\">\n<figure class=\"wp-block-image size-large\"><img decoding=\"async\" src=\"https:\/\/evolve-fitness.eu\/wp-content\/uploads\/2023\/12\/A7_05548-1024x683.jpg\" alt=\"\" class=\"wp-image-7895\"\/><\/figure>\n<\/div>\n\n\n\n<div class=\"wp-block-column is-vertically-aligned-center is-layout-flow wp-block-column-is-layout-flow\">\n<h3 class=\"wp-block-heading\" style=\"margin-bottom:var(--wp--preset--spacing--h-3-bottom)\"><strong>Specialiai sukurtas pavir\u0161ius<\/strong><\/h3>\n\n\n\n<p><strong><em>Higieni\u0161kas pavir\u0161ius ir patog\u016bs saugojimo sprendimai<\/em><\/strong><\/p>\n\n\n\n<p>D\u0117l higienini\u0173 savybi\u0173, \u012fskaitant hidroizoliacij\u0105 ir lengvai valom\u0105 pavir\u0161i\u0173, jis idealiai tinka da\u017enam naudojimui \u012fvairiose vietose. Lengva konstrukcija ir integruoti laikymo sprendimai padidina jos prakti\u0161kum\u0105, tod\u0117l j\u0105 patogu naudoti ir namuose, ir studijoje.<\/p>\n<\/div>\n<\/div>\n\n\n\n<div class=\"wp-block-columns alignwide is-layout-flex wp-container-core-columns-is-layout-c45ee707 wp-block-columns-is-layout-flex\" style=\"margin-bottom:var(--wp--preset--spacing--side-padding);padding-top:var(--wp--preset--spacing--side-padding)\">\n<div class=\"wp-block-column is-vertically-aligned-center is-layout-flow wp-block-column-is-layout-flow\">\n<h3 class=\"wp-block-heading\" style=\"margin-bottom:var(--wp--preset--spacing--h-3-bottom)\">pasirinktinis logotipo dizainas<\/h3>\n\n\n\n<p><strong><em>Galimyb\u0117 spausdinti \u012fmon\u0117s logotip\u0105 arba dizain\u0105 tiesiai ant kilim\u0117lio<\/em><\/strong><\/p>\n\n\n\n<p>Patobulinus &#8222;Evolve NBR Studio Mat&#8221; kilim\u0117l\u012f pasirinktinio dizaino parinktimis, j\u012f galima labiau priderinti prie \u012fmon\u0117s prek\u0117s \u017eenklo ar asmenini\u0173 estetini\u0173 pageidavim\u0173. D\u0117l tokio pritaikymo kilim\u0117lis tapt\u0173 patrauklesnis \u012fmoni\u0173 sveikatingumo programoms, sporto klubams, norintiems sustiprinti savo prek\u0117s \u017eenklo identitet\u0105, arba asmenims, norintiems tur\u0117ti asmenin\u012f stili\u0173 atspindint\u012f kilim\u0117l\u012f.<\/p>\n<\/div>\n\n\n\n<div class=\"wp-block-column is-vertically-aligned-center is-layout-flow wp-block-column-is-layout-flow\">\n<div class=\"wp-block-columns is-layout-flex wp-container-core-columns-is-layout-9d6595d7 wp-block-columns-is-layout-flex\">\n<div class=\"wp-block-column is-layout-flow wp-block-column-is-layout-flow\">\n<figure class=\"wp-block-image size-full\"><img decoding=\"async\" src=\"https:\/\/evolve-fitness.eu\/wp-content\/uploads\/2023\/09\/Evolve-Customized-Mats_PNG-1.png\" alt=\"\" class=\"wp-image-7905\"\/><\/figure>\n<\/div>\n<\/div>\n<\/div>\n<\/div>\n<\/section>\n<\/section>\n<\/section>\n","protected":false},"excerpt":{"rendered":"<p>Pristatome &#8222;Evolve NBR Studio Mat&#8221; &#8211; 180 cm ilgio kilim\u0117l\u012f, geriausiai tinkant\u012f j\u016bs\u0173 treniruo\u010di\u0173 poreikiams. \u0160is 1 cm storio treniruo\u010di\u0173 kilim\u0117lis u\u017etikrina i\u0161skirtin\u012f komfort\u0105 ir stabilum\u0105, puikiai tinka jogai, aerobikai, pilatesui, tempimui ir kt. Didelio tankio med\u017eiaga u\u017etikrina ilgaam\u017ei\u0161kum\u0105, tod\u0117l ji atspari prakaitui ir lengvai valoma. D\u0117l neslystan\u010di\u0173 savybi\u0173, u\u017eapvalint\u0173 kamp\u0173 ir optimalaus sm\u016bgi\u0173 slopinimo ji u\u017etikrina maksimal\u0173 saugum\u0105 treniruo\u010di\u0173 metu. Be to, d\u0117l higieni\u0161kos u\u017edar\u0173 l\u0105steli\u0173 strukt\u016bros ir atsparumo vandeniui jos prie\u017ei\u016bra tampa paprasta. \u0160is komercin\u0117s paskirties kilim\u0117lis, skirtingai nei kiti rinkoje esantys kilim\u0117liai, yra pagamintas taip, kad tarnaut\u0173 ilgai, ir turi integruotas kilpas, kad j\u012f b\u016bt\u0173 lengva laikyti. Pagerinkite savo treniruo\u010di\u0173 rutin\u0105 naudodami vos 1,2 kg sveriant\u012f &#8222;Evolve Fitness Mat&#8221; kilim\u0117l\u012f. Patirkite ilgaam\u017ei\u0161kum\u0105 ir komfort\u0105 kaip niekada anks\u010diau.<\/p>\n<p>\n","protected":false},"featured_media":761,"template":"","meta":{"_acf_changed":false,"inline_featured_image":false},"product_cat":[2405,192],"product_tag":[],"class_list":{"0":"post-74481","1":"product","2":"type-product","3":"status-publish","4":"has-post-thumbnail","6":"product_cat-hyrox-gear","7":"product_cat-studija","9":"first","10":"instock","11":"sale","12":"shipping-taxable","13":"purchasable","14":"product-type-simple"},"acf":[],"_links":{"self":[{"href":"https:\/\/store.evolve-fitness.eu\/lt\/wp-json\/wp\/v2\/product\/74481","targetHints":{"allow":["GET"]}}],"collection":[{"href":"https:\/\/store.evolve-fitness.eu\/lt\/wp-json\/wp\/v2\/product"}],"about":[{"href":"https:\/\/store.evolve-fitness.eu\/lt\/wp-json\/wp\/v2\/types\/product"}],"wp:featuredmedia":[{"embeddable":true,"href":"https:\/\/store.evolve-fitness.eu\/lt\/wp-json\/wp\/v2\/media\/761"}],"wp:attachment":[{"href":"https:\/\/store.evolve-fitness.eu\/lt\/wp-json\/wp\/v2\/media?parent=74481"}],"wp:term":[{"taxonomy":"product_cat","embeddable":true,"href":"https:\/\/store.evolve-fitness.eu\/lt\/wp-json\/wp\/v2\/product_cat?post=74481"},{"taxonomy":"product_tag","embeddable":true,"href":"https:\/\/store.evolve-fitness.eu\/lt\/wp-json\/wp\/v2\/product_tag?post=74481"}],"curies":[{"name":"wp","href":"https:\/\/api.w.org\/{rel}","templated":true}]}}