{"id":7442,"date":"2024-01-18T06:49:23","date_gmt":"2024-01-18T06:49:23","guid":{"rendered":"https:\/\/store.evolve-fitness.eu\/produktas\/evolve-ultra-series-selektorinis-koju-spaudimas-hack-squat\/"},"modified":"2024-06-05T12:54:36","modified_gmt":"2024-06-05T12:54:36","slug":"evolve-ultra-series-selektorinis-koju-spaudimas-hack-squat","status":"publish","type":"product","link":"https:\/\/store.evolve-fitness.eu\/lt\/produktas\/evolve-ultra-series-selektorinis-koju-spaudimas-hack-squat\/","title":{"rendered":"&#8222;Evolve Ultra Series&#8221; selektorinis koj\u0173 spaudimas \/ Hack Squat"},"content":{"rendered":"\n<section class=\"wp-block-group alignfull black-content has-white-color has-darkgray-background-color has-text-color has-background is-layout-constrained wp-block-group-is-layout-constrained\" style=\"padding-top:var(--wp--preset--spacing--section-bottom);padding-bottom:var(--wp--preset--spacing--section-bottom)\">\n<div class=\"wp-block-columns alignwide is-layout-flex wp-container-core-columns-is-layout-c45ee707 wp-block-columns-is-layout-flex\" style=\"margin-bottom:var(--wp--preset--spacing--side-padding);padding-top:var(--wp--preset--spacing--side-padding)\">\n<div class=\"wp-block-column is-vertically-aligned-center is-layout-flow wp-block-column-is-layout-flow\">\n<h3 class=\"wp-block-heading\">Sveiki atvyk\u0119 \u012f &#8222;Ultra&#8221; serij\u0105<\/h3>\n\n\n\n<p><\/p>\n\n\n\n<p><strong><em>Susipa\u017einkite su m\u016bs\u0173 &#8222;Ultra Series&#8221; \u012franga naudodamiesi moderniausia 3D 360 ekskursija<\/em><\/strong><\/p>\n\n\n\n<p>&#8222;Evolve Ultra Series&#8221; pasirenkamasis treniruoklis &#8222;Evolve Ultra Series&#8221;, kuris yra &#8222;Evolve Ultra Series&#8221; dalis, sukurtas taip, kad b\u016bt\u0173 patogus ir na\u0161us. Treniruoklis sukurtas taip, kad j\u012f b\u016bt\u0173 galima pritaikyti \u012fvairiems naudotoj\u0173 dyd\u017eiams, jis b\u016bt\u0173 ergonomi\u0161kas ir lengvai pritaikomas. Dizainas yra esteti\u0161kas, o patvari, milteliniu b\u016bdu dengta apdaila ir naudojami auk\u0161tos kokyb\u0117s kabeliai u\u017etikrina skland\u0173 veikim\u0105.<\/p>\n<\/div>\n\n\n\n<div class=\"wp-block-column is-vertically-aligned-center is-layout-flow wp-block-column-is-layout-flow\">\n<figure class=\"wp-block-video\"><video height=\"600\" style=\"aspect-ratio: 680 \/ 600;\" width=\"680\" autoplay=\"\" controls=\"\" loop=\"\" muted=\"\" src=\"https:\/\/evolve-fitness.eu\/wp-content\/uploads\/2023\/08\/Evolve-Ultra-Series-Selectorized-Leg-Press-Hack-Squat-1.mp4\"><\/video><\/figure>\n<\/div>\n<\/div>\n\n\n\n<div class=\"wp-block-columns alignwide mobile-reverse is-layout-flex wp-container-core-columns-is-layout-ca64bf2d wp-block-columns-is-layout-flex\" style=\"margin-bottom:var(--wp--preset--spacing--side-padding)\">\n<div class=\"wp-block-column is-vertically-aligned-center is-layout-flow wp-block-column-is-layout-flow\">\n<figure class=\"wp-block-video\"><video autoplay=\"\" controls=\"\" loop=\"\" muted=\"\" src=\"https:\/\/evolve-fitness.eu\/wp-content\/uploads\/2023\/08\/Evolve-Ultra-Series-Selectorized-Leg-Press-Hack-Squat-Ul-160.mp4\"><\/video><\/figure>\n<\/div>\n\n\n\n<div class=\"wp-block-column is-vertically-aligned-center is-layout-flow wp-block-column-is-layout-flow\">\n<h3 class=\"wp-block-heading\" style=\"margin-bottom:var(--wp--preset--spacing--h-3-bottom)\">Raumenys<\/h3>\n\n\n\n<p><strong><em>Veiksmingai nukreipti \u012f<\/em><\/strong><\/p>\n\n\n\n<p>&#8222;Evolve Ultra Series&#8221; selektorinis koj\u0173 spaudimo \/ &#8222;Hack Squat&#8221; treniruoklis efektyviai treniruoja ir \u012fdarbina \u012fvairius apatin\u0117s k\u016bno dalies raumenis, tod\u0117l tai yra visapusi\u0161ka apatin\u0117s k\u016bno dalies treniruo\u010di\u0173 galimyb\u0117. Pagrindiniai raumenys, kuriuos veikia \u0161is aparatas, yra \u0161ie:<br\/><br\/><strong>Keturgalviai (priekiniai \u0161laun\u0173 raumenys<\/strong>): Kojos spaudimo ir prit\u016bpimo judesiai stipriai \u012fdarbina keturgalvius raumenis, esan\u010dius priekin\u0117je \u0161launies dalyje. \u0160ie raumenys yra atsakingi u\u017e kelio s\u0105nario i\u0161tiesim\u0105;  <strong>Hamstringai (galiniai \u0161laun\u0173 raumenys)<\/strong>: Nors hamstringai n\u0117ra pagrindinis d\u0117mesys, jie atlieka pagalbin\u012f vaidmen\u012f abiejuose pratimuose, pad\u0117dami stabilizuoti kelio ir klubo s\u0105narius;  <strong>Didysis s\u0117dmen\u0173 raumuo (s\u0117dmenys)<\/strong>: Didysis s\u0117dmen\u0173 raumuo (gluteus maximus) &#8211; didysis s\u0117dmen\u0173 raumuo &#8211; taip pat dalyvauja atliekant koj\u0173 spaudimo ir prit\u016bpimo judesius. Jis padeda i\u0161tiesti klubo s\u0105nar\u012f;  <strong>Adduktoriai (vidiniai \u0161laun\u0173 raumenys)<\/strong>: Vidin\u0117je \u0161launies pus\u0117je esantys prisitraukiamieji raumenys padeda i\u0161laikyti stabilum\u0105 atliekant pratimus &#8222;leg-press&#8221; ir &#8222;hack squat&#8221;;  <strong>Ver\u0161eliai (Gastrocnemius ir Soleus)<\/strong>: \u0160i\u0173 pratim\u0173 metu blauzd\u0173 raumenys atlieka stabilizuojant\u012f vaidmen\u012f, ypa\u010d atliekant &#8222;Hack&#8221; prit\u016bpimus su pakeltais kulnais;  <strong>Klubo lenkiamieji raumenys<\/strong>: Klubo lenkiamieji raumenys, \u012fskaitant iliopsoas ir rectus femoris, dalyvauja keliant kojas koj\u0173 spaudimo ir &#8222;Hack Squat&#8221; judesi\u0173 metu.<\/p>\n\n\n\n<p>Apskritai, &#8222;Evolve Ultra Series&#8221; selektorinis koj\u0173 spaudimo \/ &#8222;Hack Squat&#8221; \u012frenginys u\u017etikrina visapusi\u0161k\u0105 apatin\u0117s k\u016bno dalies treniruot\u0119, nes yra skirtas keturgalviams raumenims, str\u0117noms, s\u0117dmenims, adduktoriams ir net \u0161iek tiek ver\u0161iams. Tinkama forma ir kontroliuojami judesiai yra labai svarb\u016bs, norint maksimaliai \u012fdarbinti raumenis ir suma\u017einti traum\u0173 rizik\u0105.<\/p>\n<\/div>\n<\/div>\n\n\n\n<div class=\"wp-block-columns alignwide is-layout-flex wp-container-core-columns-is-layout-c45ee707 wp-block-columns-is-layout-flex\" style=\"margin-bottom:var(--wp--preset--spacing--side-padding);padding-top:var(--wp--preset--spacing--side-padding)\">\n<div class=\"wp-block-column is-vertically-aligned-center is-layout-flow wp-block-column-is-layout-flow\">\n<h3 class=\"wp-block-heading\" style=\"margin-bottom:var(--wp--preset--spacing--h-3-bottom)\">Reguliuojama pradin\u0117 pad\u0117tis<\/h3>\n\n\n\n<p><strong><em>Skirtingo auk\u0161\u010dio ir dyd\u017eio<\/em><\/strong><\/p>\n\n\n\n<p style=\"margin-bottom:var(--wp--preset--spacing--tb-section-padding)\">Ma\u0161inoje yra reguliuojama pradin\u0117 pad\u0117tis, kuri\u0105 galima nustatyti devyniais skirtingais nustatymais. \u0160i pritaikymo galimyb\u0117 leid\u017eia naudotojams keisti atstum\u0105 tarp platformos ir atlo\u0161o, o tai yra labai svarbus veiksnys, padedantis pasiekti tinkam\u0105 pusiausvyr\u0105 ir form\u0105 atliekant koj\u0173 spaudimo pratimus. D\u0117l \u0161io reguliavimo ma\u0161ina tinka \u012fvairaus \u016bgio ir dyd\u017eio \u017emon\u0117ms, taip skatinant \u012ftraukt\u012f ir saugum\u0105.<\/p>\n<\/div>\n\n\n\n<div class=\"wp-block-column is-vertically-aligned-center is-layout-flow wp-block-column-is-layout-flow\">\n<figure class=\"wp-block-video\"><video height=\"600\" style=\"aspect-ratio: 680 \/ 600;\" width=\"680\" autoplay=\"\" controls=\"\" loop=\"\" muted=\"\" src=\"https:\/\/evolve-fitness.eu\/wp-content\/uploads\/2023\/08\/Evolve-UL-160-Adjustable-starting-position.mp4\"><\/video><\/figure>\n<\/div>\n<\/div>\n\n\n\n<div class=\"wp-block-columns alignwide mobile-reverse is-layout-flex wp-container-core-columns-is-layout-ca64bf2d wp-block-columns-is-layout-flex\" style=\"margin-bottom:var(--wp--preset--spacing--side-padding)\">\n<div class=\"wp-block-column is-vertically-aligned-center is-layout-flow wp-block-column-is-layout-flow\">\n<figure class=\"wp-block-video\"><video height=\"600\" style=\"aspect-ratio: 680 \/ 600;\" width=\"680\" autoplay=\"\" controls=\"\" loop=\"\" muted=\"\" src=\"https:\/\/evolve-fitness.eu\/wp-content\/uploads\/2023\/08\/Evolve-UL-160-Dual-function.mp4\"><\/video><\/figure>\n<\/div>\n\n\n\n<div class=\"wp-block-column is-vertically-aligned-center is-layout-flow wp-block-column-is-layout-flow\">\n<h3 class=\"wp-block-heading\" style=\"margin-bottom:var(--wp--preset--spacing--h-3-bottom)\">Dviguba funkcija<\/h3>\n\n\n\n<p><strong><em>Sukurta taip, kad<\/em><\/strong><\/p>\n\n\n\n<p style=\"margin-bottom:var(--wp--preset--spacing--tb-section-padding)\">&#8222;Evolve Ultra Series&#8221; selektorizuotas dviej\u0173 funkcij\u0173 koj\u0173 spaudimo \/ &#8222;Hack Squat&#8221; treniruoklis yra unikali treniruokli\u0173 \u012franga, skirta atlikti tiek koj\u0173 spaudimo, tiek &#8222;Hack Squat&#8221; pratimus viename treniruoklyje, tod\u0117l naudotojai gali efektyviai treniruoti \u012fvairius koj\u0173 raumenis. Penkiose reguliuojamose atlo\u0161o pad\u0117tyse naudotojai gali keisti atlo\u0161o kamp\u0105 pagal savo pageidavimus ir patogum\u0105. u\u017etikrina, kad ma\u0161ina b\u016bt\u0173 pritaikyta \u012fvairaus k\u016bno sud\u0117jimo ir lankstumo naudotojams. Reguliuojamas atlo\u0161as leid\u017eia skland\u017eiai pereiti nuo koj\u0173 spaudimo iki &#8222;Hack Squat&#8221; pratim\u0173, tod\u0117l treniruot\u0117s yra universalios.<\/p>\n<\/div>\n<\/div>\n\n\n\n<div class=\"wp-block-columns alignwide are-vertically-aligned-center mobile-reverse is-layout-flex wp-container-core-columns-is-layout-e8158c2f wp-block-columns-is-layout-flex\" style=\"padding-top:var(--wp--preset--spacing--side-padding)\">\n<div class=\"wp-block-column is-vertically-aligned-center is-layout-flow wp-block-column-is-layout-flow\">\n<h3 class=\"wp-block-heading\" style=\"margin-bottom:var(--wp--preset--spacing--h-3-bottom)\"><strong>Ner\u016bdijan\u010dio plieno platforma<\/strong><\/h3>\n\n\n\n<p><strong><em><strong><em>Stabilus ir patvarus pavir\u0161ius<\/em><\/strong><\/em><\/strong><\/p>\n\n\n\n<p style=\"margin-bottom:var(--wp--preset--spacing--tb-section-padding)\">&#8222;Evolve Ultra Series&#8221; selektorinis koj\u0173 spaudimo \/ &#8222;Hack Squat&#8221; treniruoklis pasi\u017eymi pla\u010dia, kont\u016bruota ner\u016bdijan\u010dio plieno platforma, u\u017etikrinan\u010dia stabil\u0173 ir patvar\u0173 pavir\u0161i\u0173 koj\u0173 spaudimo ir &#8222;Hack Squat&#8221; pratimams atlikti. Platus dizainas suteikia pakankamai erdv\u0117s patogiai treniruotei, tod\u0117l tinka \u012fvairaus k\u016bno sud\u0117jimo vartotojams. Ner\u016bdijan\u010dio plieno konstrukcija u\u017etikrina ilgaam\u017ei\u0161kum\u0105 ir atsparum\u0105, tod\u0117l tinka grie\u017etam naudojimui komercin\u0117se ar nam\u0173 sporto sal\u0117se. Platforma turi du skirtingus kampus, kuriais galima pad\u0117ti kulk\u0161nis atliekant pratimus. Tai leid\u017eia naudotojams pritaikyti kamp\u0105, kuris geriausiai atitinka j\u0173 patogum\u0105 ir treniruo\u010di\u0173 tikslus. Nesvarbu, ar pageidaujate nedidelio nuolyd\u017eio, ar neutralesn\u0117s pad\u0117ties, \u0161i funkcija u\u017etikrina asmenin\u0119 ir veiksming\u0105 treniruot\u0119. D\u0117l apgalvotai \u012frengt\u0173 ranken\u0173 prie platformos labai palengv\u0117ja \u012flipimas ir i\u0161lipimas i\u0161 ma\u0161inos.<\/p>\n<\/div>\n\n\n\n<div class=\"wp-block-column is-vertically-aligned-center is-layout-flow wp-block-column-is-layout-flow\">\n<figure class=\"wp-block-video\"><video height=\"563\" style=\"aspect-ratio: 1000 \/ 563;\" width=\"1000\" autoplay=\"\" controls=\"\" loop=\"\" muted=\"\" src=\"https:\/\/evolve-fitness.eu\/wp-content\/uploads\/2023\/08\/Evolve-UL-160-Stainless-steel-platform.mp4\"><\/video><\/figure>\n<\/div>\n<\/div>\n\n\n\n<div class=\"wp-block-columns alignwide are-vertically-aligned-center mobile-reverse is-layout-flex wp-container-core-columns-is-layout-e8158c2f wp-block-columns-is-layout-flex\" style=\"padding-top:var(--wp--preset--spacing--side-padding)\">\n<div class=\"wp-block-column is-vertically-aligned-center is-layout-flow wp-block-column-is-layout-flow\">\n<figure class=\"wp-block-video\"><video height=\"1703\" style=\"aspect-ratio: 2560 \/ 1703;\" width=\"2560\" autoplay=\"\" controls=\"\" loop=\"\" muted=\"\" src=\"https:\/\/evolve-fitness.eu\/wp-content\/uploads\/2023\/08\/Evolve-UL-160-Adjustable-distance-of-shoulders-rest.mp4\"><\/video><\/figure>\n<\/div>\n\n\n\n<div class=\"wp-block-column is-vertically-aligned-center is-layout-flow wp-block-column-is-layout-flow\">\n<h3 class=\"wp-block-heading\" style=\"margin-bottom:var(--wp--preset--spacing--h-3-bottom)\"><strong>Reguliuojamas pe\u010di\u0173 atramos atstumas<\/strong><\/h3>\n\n\n\n<p><strong><em><strong><em>Saugus ir veiksmingas<\/em><\/strong><\/em><\/strong><\/p>\n\n\n\n<p style=\"margin-bottom:var(--wp--preset--spacing--tb-section-padding)\">Be atlo\u0161o, &#8222;Evolve Ultra Series&#8221; selektorizuotame leg-press \/ Hack Squat treniruoklyje yra devynios reguliuojamos pe\u010di\u0173 atramos pad\u0117tys. \u0160i funkcija leid\u017eia naudotojams keisti atstum\u0105 tarp platformos ir pe\u010di\u0173 atramos, kad b\u016bt\u0173 u\u017etikrintas tinkamas i\u0161lyginimas atliekant &#8222;Hack Squat&#8221; pratimus. \u0160i funkcija, kaip ir atlo\u0161o reguliavimo funkcija, pritaikyta skirtingo k\u016bno sud\u0117jimo ir \u016bgio naudotojams, tod\u0117l pagerina bendr\u0105 treniruo\u010di\u0173 patirt\u012f.<\/p>\n<\/div>\n<\/div>\n\n\n\n<div class=\"wp-block-columns alignwide is-layout-flex wp-container-core-columns-is-layout-c45ee707 wp-block-columns-is-layout-flex\" style=\"margin-bottom:var(--wp--preset--spacing--side-padding);padding-top:var(--wp--preset--spacing--side-padding)\">\n<div class=\"wp-block-column is-vertically-aligned-center is-layout-flow wp-block-column-is-layout-flow\">\n<h3 class=\"wp-block-heading\" style=\"margin-bottom:var(--wp--preset--spacing--h-3-bottom)\">Svorio kr\u016bva<\/h3>\n\n\n\n<p><strong><em>Pritaikyti ir prid\u0117ti<\/em><\/strong><\/p>\n\n\n\n<p style=\"margin-bottom:var(--wp--preset--spacing--tb-section-padding)\">&#8222;Evolve Ultra Series&#8221; selektorinis koj\u0173 lenkimo treniruoklis su 2 x 2,5 kg vir\u0161utin\u0117mis svorio plok\u0161t\u0117mis turi 110 kg svorio kr\u016bv\u012f, ta\u010diau taip pat galite j\u012f pritaikyti ir prid\u0117ti iki 122,5 kg, kad treniruot\u0117 b\u016bt\u0173 dar sud\u0117tingesn\u0117. Jis gali pasigirti visi\u0161kai u\u017edara svori\u0173 kr\u016bva, u\u017etikrinan\u010dia pratim\u0173 saugum\u0105.<\/p>\n<\/div>\n\n\n\n<div class=\"wp-block-column is-vertically-aligned-center is-layout-flow wp-block-column-is-layout-flow\">\n<figure class=\"wp-block-image size-full\"><img decoding=\"async\" src=\"https:\/\/evolve-fitness.eu\/wp-content\/uploads\/2024\/01\/stack.webp\" alt=\"\" class=\"wp-image-9940\"\/><\/figure>\n<\/div>\n<\/div>\n\n\n\n<div class=\"wp-block-columns alignwide is-layout-flex wp-container-core-columns-is-layout-c45ee707 wp-block-columns-is-layout-flex\" style=\"margin-bottom:var(--wp--preset--spacing--side-padding);padding-top:var(--wp--preset--spacing--side-padding)\">\n<div class=\"wp-block-column is-vertically-aligned-center is-layout-flow wp-block-column-is-layout-flow\">\n<figure class=\"wp-block-image size-large\"><img decoding=\"async\" src=\"https:\/\/evolve-fitness.eu\/wp-content\/uploads\/2023\/08\/A7_08555-1024x683.jpg\" alt=\"\" class=\"wp-image-8732\"\/><\/figure>\n<\/div>\n\n\n\n<div class=\"wp-block-column is-vertically-aligned-center is-layout-flow wp-block-column-is-layout-flow\">\n<h3 class=\"wp-block-heading\" style=\"margin-bottom:var(--wp--preset--spacing--h-3-bottom)\">Liejamos grind\u0173 apsaugos priemon\u0117s<\/h3>\n\n\n\n<p><strong><em>\u017dalos prevencija<\/em><\/strong><\/p>\n\n\n\n<p style=\"margin-bottom:var(--wp--preset--spacing--tb-section-padding)\">Tvirtos gumin\u0117s &#8222;Evolve Ultra Series&#8221; koj\u0173 kojel\u0117s tarnauja kaip apsauginiai skydai, kad b\u016bt\u0173 i\u0161vengta galim\u0173 grind\u0173 pa\u017eeidim\u0173. \u0160ios tvirtos gumin\u0117s kojel\u0117s sukurtos taip, kad apsaugot\u0173 grind\u0173 pavir\u0161i\u0173 nuo bet kokios \u017ealos, kuri gali atsirasti naudojant. Be to, \u0161ios gumin\u0117s kojel\u0117s ne tik apsaugo, bet ir padeda u\u017etikrinti stabilum\u0105.<\/p>\n<\/div>\n<\/div>\n\n\n\n<div class=\"wp-block-columns alignwide is-layout-flex wp-container-core-columns-is-layout-c45ee707 wp-block-columns-is-layout-flex\" style=\"margin-bottom:var(--wp--preset--spacing--side-padding);padding-top:var(--wp--preset--spacing--side-padding)\">\n<div class=\"wp-block-column is-vertically-aligned-center is-layout-flow wp-block-column-is-layout-flow\">\n<h3 class=\"wp-block-heading\" style=\"margin-bottom:var(--wp--preset--spacing--h-3-bottom)\">Vir\u0161utin\u0117 svorio plok\u0161t\u0117<\/h3>\n\n\n\n<p><strong><em>Geresniam veikimui<\/em><\/strong> <\/p>\n\n\n\n<p style=\"margin-bottom:var(--wp--preset--spacing--tb-section-padding)\">&#8222;Evolve Ultra Series&#8221; selektorinis koj\u0173 spaudimo \/ &#8222;Hack Squat&#8221; treniruoklis turi dvi papildomas 2,5 kg vir\u0161utines svorio plok\u0161tes, kurios atlieka dvejop\u0105 funkcij\u0105 &#8211; pagerina treniruoklio na\u0161um\u0105. Pirma, jis padidina did\u017eiausi\u0105 galim\u0105 treniruoklio pasiprie\u0161inim\u0105, tod\u0117l naudotojai gali dar labiau padidinti treniruo\u010di\u0173 kr\u016bv\u012f. Be to, \u0161ios papildomos svorio plok\u0161t\u0117s suteikia unikal\u0173 prana\u0161um\u0105, nes leid\u017eia naudotojams ma\u017eesniais ir tikslesniais \u017eingsniais reguliuoti pasiprie\u0161inim\u0105 &#8211; kiekviena plok\u0161t\u0117 padidina pasiprie\u0161inim\u0105 2,5 kg. Toks tikslus pasiprie\u0161inimo parinkimas leid\u017eia \u017emon\u0117ms tiksliai sureguliuoti treniruotes, kad jos atitikt\u0173 j\u0173 konkre\u010dius poreikius ir tikslus, u\u017etikrinant, kad kiekviena treniruot\u0117 b\u016bt\u0173 pritaikyta optimaliems rezultatams pasiekti.<\/p>\n<\/div>\n\n\n\n<div class=\"wp-block-column is-vertically-aligned-center is-layout-flow wp-block-column-is-layout-flow\">\n<figure class=\"wp-block-image size-full\"><img decoding=\"async\" src=\"https:\/\/evolve-fitness.eu\/wp-content\/uploads\/2024\/01\/plate.webp\" alt=\"\" class=\"wp-image-9942\"\/><\/figure>\n<\/div>\n<\/div>\n\n\n\n<div class=\"wp-block-columns alignwide is-layout-flex wp-container-core-columns-is-layout-c45ee707 wp-block-columns-is-layout-flex\" style=\"margin-bottom:var(--wp--preset--spacing--side-padding);padding-top:var(--wp--preset--spacing--side-padding)\">\n<div class=\"wp-block-column is-vertically-aligned-center is-layout-flow wp-block-column-is-layout-flow\">\n<figure class=\"wp-block-video\"><video height=\"1920\" style=\"aspect-ratio: 1920 \/ 1920;\" width=\"1920\" autoplay=\"\" controls=\"\" loop=\"\" muted=\"\" src=\"https:\/\/evolve-fitness.eu\/wp-content\/uploads\/2023\/10\/Evolve-Double-powder-coated-Frame.mp4\"><\/video><\/figure>\n<\/div>\n\n\n\n<div class=\"wp-block-column is-vertically-aligned-center is-layout-flow wp-block-column-is-layout-flow\">\n<h3 class=\"wp-block-heading\" style=\"margin-bottom:var(--wp--preset--spacing--h-3-bottom)\">Dvigubas milteliniu b\u016bdu dengtas r\u0117mas<\/h3>\n\n\n\n<p><strong><em>\u017dalos prevencija<\/em><\/strong><\/p>\n\n\n\n<p style=\"margin-bottom:var(--wp--preset--spacing--tb-section-padding)\">&#8222;Evolve Ultra&#8221; serijos j\u0117gos ma\u0161inos su elektrostatiniu milteliniu b\u016bdu dengtu perlamutrin\u0117s juodos matin\u0117s spalvos r\u0117mu yra ir formos, ir funkcijos pavyzdys. Jos estetin\u012f patrauklum\u0105 sustiprina juoda matin\u0117 apdaila, o praktin\u0117s savyb\u0117s, \u012fskaitant atsparum\u0105 trin\u010diai, antikorozines savybes ir atsparum\u0105 \u012fbr\u0117\u017eimams, u\u017etikrina, kad ji b\u016bt\u0173 patikimas ir ilgaam\u017eis treniruo\u010di\u0173 palydovas.<\/p>\n<\/div>\n<\/div>\n\n\n\n<div class=\"wp-block-columns alignwide is-layout-flex wp-container-core-columns-is-layout-c45ee707 wp-block-columns-is-layout-flex\" style=\"margin-bottom:var(--wp--preset--spacing--side-padding);padding-top:var(--wp--preset--spacing--side-padding)\">\n<div class=\"wp-block-column is-vertically-aligned-center is-layout-flow wp-block-column-is-layout-flow\">\n<h3 class=\"wp-block-heading\" style=\"margin-bottom:var(--wp--preset--spacing--h-3-bottom)\">Kabelis<\/h3>\n\n\n\n<p><strong><em>Auk\u0161\u010diausia kokyb\u0117<\/em><\/strong><\/p>\n\n\n\n<p style=\"margin-bottom:var(--wp--preset--spacing--tb-section-padding)\">&#8222;Evolve Ultra Series&#8221; ma\u0161inose naudojami auk\u0161\u010diausios kokyb\u0117s kabeliai, yra \u0161e\u0161ios pagrindin\u0117s gijos, o kiekvien\u0105 gij\u0105 sudaro 19 kartu susukt\u0173 laid\u0173, poliamido 12 (PA12) med\u017eiaga ir 5 mm skersmuo. \u0160ie trosai sukurti siekiant u\u017etikrinti tvirtum\u0105 ir ilgaam\u017ei\u0161kum\u0105, o j\u0173 atsparumo j\u0117ga siekia 9000 kN, tod\u0117l juos verta rinktis tais atvejais, kai reikia i\u0161skirtinio patikimumo, ilgaam\u017ei\u0161kumo ir na\u0161umo.Kai pereinate nuo vieno pratimo prie kito, nesvarbu, ar tai b\u016bt\u0173 bicepso lenkimas, kr\u016btin\u0117s spaudimas, lat\u0117s pritraukimas, ar bet koks kitas j\u0117gos stiprinimo pratimas, i\u0161skirtinis &#8222;Evolve Ultra&#8221; serijos troso na\u0161umas u\u017etikrina, kad judesiai b\u016bt\u0173 skland\u016bs, o pasiprie\u0161inimas &#8211; pastovus, tod\u0117l treniruot\u0117s bus ir veiksmingos, ir malonios.<\/p>\n<\/div>\n\n\n\n<div class=\"wp-block-column is-vertically-aligned-center is-layout-flow wp-block-column-is-layout-flow\">\n<figure class=\"wp-block-video\"><video height=\"600\" style=\"aspect-ratio: 680 \/ 600;\" width=\"680\" controls=\"\" src=\"https:\/\/evolve-fitness.eu\/wp-content\/uploads\/2023\/10\/Evolve-cable.mp4\"><\/video><\/figure>\n<\/div>\n<\/div>\n<\/section>\n","protected":false},"excerpt":{"rendered":"<p>Pagerinkite savo sporto sal\u0119 su &#8222;Evolve Ultra Series UL-160&#8221; selektoriumi &#8222;Leg-Press\/Hack Squat&#8221;. Atraskite patogum\u0105, universalum\u0105 ir saugum\u0105 su nepriklausomu rank\u0173 jud\u0117jimu, svori\u0173 kr\u016bvos gaubtu ir matine da\u017e\u0173 apdaila. Lengvas per\u0117jimas naudojant s\u0117dyn\u0117s reguliavim\u0105 viena ranka. I\u0161 naujo apibr\u0117\u017ekite treniruotes ir pritraukite klient\u0173.<\/p>\n","protected":false},"featured_media":75945,"template":"","meta":{"_acf_changed":false,"inline_featured_image":false},"product_cat":[117,166,167],"product_tag":[],"class_list":{"0":"post-7442","1":"product","2":"type-product","3":"status-publish","4":"has-post-thumbnail","6":"product_cat-pagrindinis-puslapis","7":"product_cat-pasirinktines-masinos","8":"product_cat-ultra-series-selektorizuoti-treniruokliai","10":"first","11":"instock","12":"shipping-taxable","13":"purchasable","14":"product-type-simple"},"acf":[],"_links":{"self":[{"href":"https:\/\/store.evolve-fitness.eu\/lt\/wp-json\/wp\/v2\/product\/7442","targetHints":{"allow":["GET"]}}],"collection":[{"href":"https:\/\/store.evolve-fitness.eu\/lt\/wp-json\/wp\/v2\/product"}],"about":[{"href":"https:\/\/store.evolve-fitness.eu\/lt\/wp-json\/wp\/v2\/types\/product"}],"wp:featuredmedia":[{"embeddable":true,"href":"https:\/\/store.evolve-fitness.eu\/lt\/wp-json\/wp\/v2\/media\/75945"}],"wp:attachment":[{"href":"https:\/\/store.evolve-fitness.eu\/lt\/wp-json\/wp\/v2\/media?parent=7442"}],"wp:term":[{"taxonomy":"product_cat","embeddable":true,"href":"https:\/\/store.evolve-fitness.eu\/lt\/wp-json\/wp\/v2\/product_cat?post=7442"},{"taxonomy":"product_tag","embeddable":true,"href":"https:\/\/store.evolve-fitness.eu\/lt\/wp-json\/wp\/v2\/product_tag?post=7442"}],"curies":[{"name":"wp","href":"https:\/\/api.w.org\/{rel}","templated":true}]}}