{"id":7441,"date":"2024-01-18T08:06:39","date_gmt":"2024-01-18T08:06:39","guid":{"rendered":"https:\/\/store.evolve-fitness.eu\/produktas\/evolve-ultra-series-selektorinis-bicepsu-lenkimo-treniruoklis\/"},"modified":"2024-06-05T12:46:14","modified_gmt":"2024-06-05T12:46:14","slug":"evolve-ultra-series-selektorinis-bicepsu-lenkimo-treniruoklis","status":"publish","type":"product","link":"https:\/\/store.evolve-fitness.eu\/lt\/produktas\/evolve-ultra-series-selektorinis-bicepsu-lenkimo-treniruoklis\/","title":{"rendered":"&#8222;Evolve Ultra Series&#8221; selektorinis biceps\u0173 lenkimo treniruoklis"},"content":{"rendered":"\n<section class=\"wp-block-group alignfull black-content has-white-color has-darkgray-background-color has-text-color has-background is-layout-constrained wp-block-group-is-layout-constrained\" style=\"padding-top:var(--wp--preset--spacing--section-bottom);padding-bottom:var(--wp--preset--spacing--section-bottom)\">\n<div class=\"wp-block-columns alignwide mobile-reverse is-layout-flex wp-container-core-columns-is-layout-ca64bf2d wp-block-columns-is-layout-flex\" style=\"margin-bottom:var(--wp--preset--spacing--side-padding)\">\n<div class=\"wp-block-column is-vertically-aligned-center is-layout-flow wp-block-column-is-layout-flow\">\n<h3 class=\"wp-block-heading\">Sveiki atvyk\u0119 \u012f &#8222;Ultra&#8221; serij\u0105<\/h3>\n\n\n\n<p><strong><em>Susipa\u017einkite su m\u016bs\u0173 &#8222;Ultra Series&#8221; \u012franga naudodamiesi moderniausia 3D 360 ekskursija<\/em><\/strong><\/p>\n\n\n\n<p>&#8222;Evolve Ultra Series&#8221; selektorinis dvigalvio raumens lenkimo treniruoklis, priklausantis &#8222;Evolve Ultra Series&#8221;, sukurtas siekiant patogumo ir na\u0161umo. Treniruoklis sukurtas taip, kad j\u012f b\u016bt\u0173 galima pritaikyti \u012fvairiems naudotoj\u0173 dyd\u017eiams, jis b\u016bt\u0173 ergonomi\u0161kas ir lengvai pritaikomas. Dizainas yra esteti\u0161kas, o patvari, milteliniu b\u016bdu dengta apdaila ir naudojami auk\u0161tos kokyb\u0117s kabeliai u\u017etikrina skland\u0173 veikim\u0105.<\/p>\n<\/div>\n\n\n\n<div class=\"wp-block-column is-vertically-aligned-center is-layout-flow wp-block-column-is-layout-flow\">\n<figure class=\"wp-block-video\"><video height=\"1080\" style=\"aspect-ratio: 1920 \/ 1080;\" width=\"1920\" autoplay=\"\" controls=\"\" loop=\"\" muted=\"\" src=\"https:\/\/evolve-fitness.eu\/wp-content\/uploads\/2023\/08\/Biceps-Curl-Evolve-Ultra-Series-Selectorized.mp4\"><\/video><\/figure>\n<\/div>\n<\/div>\n\n\n\n<div class=\"wp-block-columns alignwide are-vertically-aligned-center mobile-reverse is-layout-flex wp-container-core-columns-is-layout-e8158c2f wp-block-columns-is-layout-flex\" style=\"padding-top:var(--wp--preset--spacing--side-padding)\">\n<div class=\"wp-block-column is-vertically-aligned-center is-layout-flow wp-block-column-is-layout-flow\">\n<figure class=\"wp-block-video\"><video autoplay=\"\" controls=\"\" loop=\"\" muted=\"\" src=\"https:\/\/evolve-fitness.eu\/wp-content\/uploads\/2023\/08\/Evolve-Ultra-Series-Selectorized-Biceps-Curl-UL-060.mp4\"><\/video><\/figure>\n<\/div>\n\n\n\n<div class=\"wp-block-column is-vertically-aligned-center is-layout-flow wp-block-column-is-layout-flow\">\n<h3 class=\"wp-block-heading\" style=\"margin-bottom:var(--wp--preset--spacing--h-3-bottom)\"><strong>Raumenys<\/strong><\/h3>\n\n\n\n<p><strong><em><strong><em>Auk\u0161\u010diausia kokyb\u0117<\/em><\/strong><\/em><\/strong><\/p>\n\n\n\n<p>&#8222;Evolve Ultra Series&#8221; selektorinis bicepso lenkimo treniruoklis yra puikus pasirinkimas tiems, kurie nori sustiprinti ir apibr\u0117\u017eti savo bicepsus. \u0160is treniruoklis yra specialiai sukurtas taip, kad efektyviai veikt\u0173 ir stiprint\u0173 \u0161iuos raumenis.<\/p>\n\n\n\n<p>Be to, &#8222;Evolve Ultra Series Biceps curl&#8221; treniruokliu treniruojamos \u012fvairios raumen\u0173 grup\u0117s, \u012fskaitant \u0161ias:<\/p>\n\n\n\n<p><strong>Biceps Brachii (dvigalvis \u017easto ra<\/strong>umuo): Bicepsas yra pagrindinis rank\u0173 lenkimo tikslas. Jis atsakingas u\u017e alk\u016bn\u0117s s\u0105nario lenkim\u0105, o darbas su rank\u0173 lenkimo treniruokliu veiksmingai stiprina ir lavina \u0161i\u0105 raumen\u0173 grup\u0119.  <strong>Brachialis<\/strong>: Po dvigalviu raumeniu esantis brachialinis raumuo taip pat atlieka svarb\u0173 vaidmen\u012f alk\u016bn\u0117s sulenkimo procese ir yra \u012ftraukiamas rank\u0173 lenkimo metu.  <strong>Brachioradialis<\/strong>: \u0160is dilbio raumuo padeda sulenkti alk\u016bn\u0119, ypa\u010d kai delnai yra nukreipti \u012f vir\u0161\u0173, laikant rank\u0105 supinuotai.  <strong>Dilbio lenkiamieji raumenys<\/strong>: Dilbio priekin\u0117s dalies raumenys, tokie kaip lenkiamasis rie\u0161o raumens raumuo (flexor carpi radialis) ir lenkiamasis rie\u0161o raumuo (flexor carpi ulnaris), padeda stabilizuoti rie\u0161\u0105 ir alk\u016bn\u0119 atliekant lenkimo judes\u012f.<\/p>\n\n\n\n<p>Nors \u0161ie raumenys yra pagrindiniai raumenys, kurie dirba rank\u0173 lenkimo metu, kiti pagalbiniai raumenys ir stabilizatoriai taip pat gali b\u016bti \u012fdarbinti \u012fvairiu laipsniu, kad pratimo metu b\u016bt\u0173 i\u0161laikoma tinkama forma ir kontrol\u0117.<\/p>\n<\/div>\n<\/div>\n\n\n\n<div class=\"wp-block-columns alignwide mobile-reverse is-layout-flex wp-container-core-columns-is-layout-ca64bf2d wp-block-columns-is-layout-flex\" style=\"margin-bottom:var(--wp--preset--spacing--side-padding)\">\n<div class=\"wp-block-column is-vertically-aligned-center is-layout-flow wp-block-column-is-layout-flow\">\n<h3 class=\"wp-block-heading\" style=\"margin-bottom:var(--wp--preset--spacing--h-3-bottom)\">3D Besisukanti rankena<\/h3>\n\n\n\n<p><em><strong>Pagerina j\u016bs\u0173 treniruo\u010di\u0173 rutin\u0105<\/strong><\/em><\/p>\n\n\n\n<p style=\"margin-bottom:var(--wp--preset--spacing--tb-section-padding)\">&#8222;Evolve Ultra Series&#8221; bicepso lenkimo treniruoklis i\u0161 naujo apibr\u0117\u017eia bicepso treniruo\u010di\u0173 patirt\u012f d\u0117l naujovi\u0161kos 3D besisukan\u010dios rankenos. \u0160i funkcija suteikia galimyb\u0119 atlikti bicepso lenkimus siauromis ir pla\u010diomis rankenomis, veiksmingai veikiant \u012fvairias bicepso raumens dalis, kad treniruot\u0117 b\u016bt\u0173 visapusi\u0161ka. Nesvarbu, ar norite sutelkti d\u0117mes\u012f \u012f trump\u0105j\u0105, ilg\u0105j\u0105, ar abi bicepso galvas, pasukama rankena leid\u017eia tai padaryti. Besisukanti rankena ne tik lengvai pritaikoma, bet ir pagerina treniruo\u010di\u0173 rutin\u0105, nes suteikia nat\u016bralesn\u012f ir patogesn\u012f poj\u016bt\u012f atliekant bicepso lenkimo pratimus. \u0160is nat\u016bralus poj\u016btis u\u017etikrina, kad kiekvienas pakartojimas b\u016bt\u0173 sklandus ir kontroliuojamas, tod\u0117l suma\u017e\u0117ja pavojus \u012fsitempti ar patirti diskomfort\u0105.<\/p>\n<\/div>\n\n\n\n<div class=\"wp-block-column is-vertically-aligned-center is-layout-flow wp-block-column-is-layout-flow\">\n<figure class=\"wp-block-video\"><video height=\"2048\" style=\"aspect-ratio: 1536 \/ 2048;\" width=\"1536\" autoplay=\"\" controls=\"\" loop=\"\" muted=\"\" src=\"https:\/\/evolve-fitness.eu\/wp-content\/uploads\/2023\/08\/EV-SC-UL-060-handle.mp4\"><\/video><\/figure>\n<\/div>\n<\/div>\n\n\n\n<div class=\"wp-block-columns alignwide is-layout-flex wp-container-core-columns-is-layout-c45ee707 wp-block-columns-is-layout-flex\" style=\"margin-bottom:var(--wp--preset--spacing--side-padding);padding-top:var(--wp--preset--spacing--side-padding)\">\n<div class=\"wp-block-column is-vertically-aligned-center is-layout-flow wp-block-column-is-layout-flow\">\n<figure class=\"wp-block-video\"><video height=\"1536\" style=\"aspect-ratio: 2048 \/ 1536;\" width=\"2048\" autoplay=\"\" controls=\"\" loop=\"\" muted=\"\" src=\"https:\/\/evolve-fitness.eu\/wp-content\/uploads\/2023\/08\/EV-SC-UL-060-seat.mp4\"><\/video><\/figure>\n<\/div>\n\n\n\n<div class=\"wp-block-column is-vertically-aligned-center is-layout-flow wp-block-column-is-layout-flow\">\n<h3 class=\"wp-block-heading\" style=\"margin-bottom:var(--wp--preset--spacing--h-3-bottom)\">Formuotos s\u0117dyn\u0117s ir tikslus s\u0117dyn\u0117s reguliavimas<\/h3>\n\n\n\n<p><strong><em>Dvigubai susi\u016bti apmu\u0161alai<\/em><\/strong><\/p>\n\n\n\n<p style=\"margin-bottom:var(--wp--preset--spacing--tb-section-padding)\">&#8222;Evolve Ultra&#8221; serijos poliuretano s\u0117dyn\u0117s, pagamintos i\u0161 profiliuotos konstrukcijos ir dvigubai susi\u016bt\u0173 apmu\u0161al\u0173, u\u017etikrina i\u0161skirtin\u012f patvarum\u0105 ir patogum\u0105. Jie sukurti taip, kad u\u017etikrint\u0173 ergonomi\u0161k\u0105 stuburo atram\u0105, ir gali b\u016bti pritaikyti \u012fvairaus dyd\u017eio naudotojams. Be to, i\u0161 poliuretano pagamintos pagalv\u0117l\u0117s yra puikus pasirinkimas d\u0117l j\u0173 ilgaam\u017ei\u0161kumo, patogumo, paprastos prie\u017ei\u016bros ir ekonomi\u0161kumo. Jie gali atlaikyti j\u0117gos treniruo\u010di\u0173 reikalavimus ir kartu u\u017etikrinti patog\u0173 ir higieni\u0161k\u0105 treniruo\u010di\u0173 pavir\u0161i\u0173. Kadangi s\u0117dyn\u0117 paremta hidrauliniu strypu, s\u0117dyn\u0117s auk\u0161t\u012f reguliuoti paprasta ir tai galima atlikti tik viena ranka. S\u0117dyn\u0117 turi 18 reguliavimo pad\u0117\u010di\u0173.<\/p>\n<\/div>\n<\/div>\n\n\n\n<div class=\"wp-block-columns alignwide are-vertically-aligned-center mobile-reverse is-layout-flex wp-container-core-columns-is-layout-e8158c2f wp-block-columns-is-layout-flex\" style=\"padding-top:var(--wp--preset--spacing--side-padding)\">\n<div class=\"wp-block-column is-vertically-aligned-center is-layout-flow wp-block-column-is-layout-flow\">\n<h3 class=\"wp-block-heading\" style=\"margin-bottom:var(--wp--preset--spacing--h-3-bottom)\"><strong>Vir\u0161utin\u0117 svorio plok\u0161t\u0117<\/strong><\/h3>\n\n\n\n<p><strong><em><strong><em>Treniruoklio na\u0161umo gerinimas<\/em><\/strong><\/em><\/strong><\/p>\n\n\n\n<p style=\"margin-bottom:var(--wp--preset--spacing--tb-section-padding)\">&#8222;Evolve Ultra Series&#8221; selektorinis bicepso lenkimo treniruoklis turi dvi papildomas 2,5 kg vir\u0161utinio svorio plok\u0161teles, kurios atlieka dvejop\u0105 funkcij\u0105 &#8211; pagerina treniruoklio na\u0161um\u0105. Pirma, jis padidina did\u017eiausi\u0105 galim\u0105 treniruoklio pasiprie\u0161inim\u0105, tod\u0117l naudotojai gali dar labiau padidinti treniruo\u010di\u0173 kr\u016bv\u012f. Be to, \u0161ios papildomos svorio plok\u0161t\u0117s suteikia unikal\u0173 prana\u0161um\u0105, nes leid\u017eia naudotojams ma\u017eesniais ir tikslesniais \u017eingsniais reguliuoti pasiprie\u0161inim\u0105 &#8211; kiekviena plok\u0161t\u0117 padidina pasiprie\u0161inim\u0105 2,5 kg. Toks tikslus pasiprie\u0161inimo parinkimas leid\u017eia \u017emon\u0117ms tiksliai sureguliuoti treniruotes, kad jos atitikt\u0173 j\u0173 konkre\u010dius poreikius ir tikslus, u\u017etikrinant, kad kiekviena treniruot\u0117 b\u016bt\u0173 pritaikyta optimaliems rezultatams pasiekti.<\/p>\n<\/div>\n\n\n\n<div class=\"wp-block-column is-vertically-aligned-center is-layout-flow wp-block-column-is-layout-flow\">\n<figure class=\"wp-block-image size-full\"><img decoding=\"async\" src=\"https:\/\/evolve-fitness.eu\/wp-content\/uploads\/2024\/01\/plate.webp\" alt=\"\" class=\"wp-image-9942\"\/><\/figure>\n<\/div>\n<\/div>\n\n\n\n<div class=\"wp-block-columns alignwide are-vertically-aligned-center mobile-reverse is-layout-flex wp-container-core-columns-is-layout-e8158c2f wp-block-columns-is-layout-flex\" style=\"padding-top:var(--wp--preset--spacing--side-padding)\">\n<div class=\"wp-block-column is-vertically-aligned-center is-layout-flow wp-block-column-is-layout-flow\">\n<figure class=\"wp-block-video\"><video height=\"1080\" style=\"aspect-ratio: 1080 \/ 1080;\" width=\"1080\" autoplay=\"\" controls=\"\" loop=\"\" muted=\"\" src=\"https:\/\/evolve-fitness.eu\/wp-content\/uploads\/2023\/08\/Evolve-UL-060-Exercises-Sticker.mp4\"><\/video><\/figure>\n<\/div>\n\n\n\n<div class=\"wp-block-column is-vertically-aligned-center is-layout-flow wp-block-column-is-layout-flow\">\n<h3 class=\"wp-block-heading\" style=\"margin-bottom:var(--wp--preset--spacing--h-3-bottom)\"><strong>Informatyvus ir patogus<\/strong><\/h3>\n\n\n\n<p><strong><em><strong><em>J\u016bs\u0173 vaizdin\u0117 priemon\u0117<\/em><\/strong><\/em><\/strong><\/p>\n\n\n\n<p style=\"margin-bottom:var(--wp--preset--spacing--tb-section-padding)\">&#8222;Evolve Ultra&#8221; serijos treniruokliai turi informatyvius lipdukus, kurie padeda lengviau orientuotis treniruoklio funkcijose ir savyb\u0117se, o tai pagerina j\u016bs\u0173 treniruo\u010di\u0173 patirt\u012f. Be to, jame pateikiama verting\u0173 \u012f\u017evalg\u0173 apie \u012fvairias raumen\u0173 grupes, kurios gali b\u016bti efektyviai treniruojamos treniruokliu, tod\u0117l gal\u0117site maksimaliai i\u0161naudoti savo treniruo\u010di\u0173 rutin\u0105, orientuodamiesi \u012f konkre\u010dias dominan\u010dias sritis.<br\/><br\/><strong><em><strong><em>J\u016bs\u0173 patogumui<\/em><\/strong><\/em><\/strong><br\/><br\/>Treniruo\u010di\u0173 metu vandens buteliuk\u0105, telefon\u0105 ir asmeninius daiktus galite patogiai laikyti &#8222;Evolve Ultra&#8221; serijos treniruokliuose \u012frengtuose laikikliuose, kurie skirti j\u016bs\u0173 patogumui. \u0160ie specialiai suprojektuoti skyriai skirti tam, kad treniruo\u010di\u0173 metu tur\u0117tum\u0117te saugi\u0105 ir lengvai pasiekiam\u0105 viet\u0105 savo daiktams laikyti.<\/p>\n<\/div>\n<\/div>\n\n\n\n<div class=\"wp-block-columns alignwide are-vertically-aligned-center mobile-reverse is-layout-flex wp-container-core-columns-is-layout-e8158c2f wp-block-columns-is-layout-flex\" style=\"padding-top:var(--wp--preset--spacing--side-padding)\">\n<div class=\"wp-block-column is-vertically-aligned-center is-layout-flow wp-block-column-is-layout-flow\">\n<h3 class=\"wp-block-heading\" style=\"margin-bottom:var(--wp--preset--spacing--h-3-bottom)\"><strong>Kabelis<\/strong><\/h3>\n\n\n\n<p><strong><em><strong><em>Auk\u0161\u010diausia kokyb\u0117<\/em><\/strong><\/em><\/strong><\/p>\n\n\n\n<p style=\"margin-bottom:var(--wp--preset--spacing--tb-section-padding)\">&#8222;Evolve Ultra Series&#8221; ma\u0161inose naudojami auk\u0161\u010diausios kokyb\u0117s kabeliai, yra \u0161e\u0161ios pagrindin\u0117s gijos, o kiekvien\u0105 gij\u0105 sudaro 19 kartu susukt\u0173 laid\u0173, poliamido 12 (PA12) med\u017eiaga ir 5 mm skersmuo. \u0160ie trosai sukurti siekiant u\u017etikrinti tvirtum\u0105 ir ilgaam\u017ei\u0161kum\u0105, o j\u0173 atsparumo j\u0117ga siekia 9000 kN, tod\u0117l juos verta rinktis tais atvejais, kai reikia i\u0161skirtinio patikimumo, ilgaam\u017ei\u0161kumo ir na\u0161umo.Kai pereinate nuo vieno pratimo prie kito, nesvarbu, ar tai b\u016bt\u0173 bicepso lenkimas, kr\u016btin\u0117s spaudimas, lat\u0117s pritraukimas, ar bet koks kitas j\u0117gos stiprinimo pratimas, i\u0161skirtinis &#8222;Evolve Ultra&#8221; serijos troso na\u0161umas u\u017etikrina, kad judesiai b\u016bt\u0173 skland\u016bs, o pasiprie\u0161inimas &#8211; pastovus, tod\u0117l treniruot\u0117s bus ir veiksmingos, ir malonios.<\/p>\n<\/div>\n\n\n\n<div class=\"wp-block-column is-vertically-aligned-center is-layout-flow wp-block-column-is-layout-flow\">\n<figure class=\"wp-block-video\"><video height=\"600\" style=\"aspect-ratio: 680 \/ 600;\" width=\"680\" autoplay=\"\" controls=\"\" loop=\"\" muted=\"\" src=\"https:\/\/evolve-fitness.eu\/wp-content\/uploads\/2023\/10\/Evolve-cable.mp4\"><\/video><\/figure>\n<\/div>\n<\/div>\n\n\n\n<div class=\"wp-block-columns alignwide are-vertically-aligned-center mobile-reverse is-layout-flex wp-container-core-columns-is-layout-e8158c2f wp-block-columns-is-layout-flex\" style=\"padding-top:var(--wp--preset--spacing--side-padding)\">\n<div class=\"wp-block-column is-vertically-aligned-center is-layout-flow wp-block-column-is-layout-flow\">\n<figure class=\"wp-block-video\"><video autoplay=\"\" controls=\"\" loop=\"\" muted=\"\" src=\"https:\/\/evolve-fitness.eu\/wp-content\/uploads\/2023\/08\/UL-040-Weight-Stack.mp4\"><\/video><\/figure>\n<\/div>\n\n\n\n<div class=\"wp-block-column is-vertically-aligned-center is-layout-flow wp-block-column-is-layout-flow\">\n<h3 class=\"wp-block-heading\" style=\"margin-bottom:var(--wp--preset--spacing--h-3-bottom)\"><strong>Svorio kr\u016bva<\/strong><\/h3>\n\n\n\n<p><strong><em><strong><em>Fitneso patirties gerinimas<\/em><\/strong><\/em><\/strong><\/p>\n\n\n\n<p style=\"margin-bottom:var(--wp--preset--spacing--tb-section-padding)\">&#8222;Evolve Ultra Series&#8221; selektorizuotame bicepso lenkimo treniruoklyje \u012frengtas 85 kg pasiprie\u0161inimo lygis, ta\u010diau taip pat turite galimyb\u0119 j\u012f pritaikyti ir prid\u0117ti iki 122,5 kg, kad treniruot\u0117 b\u016bt\u0173 dar sud\u0117tingesn\u0117. Jis gali pasigirti visi\u0161kai u\u017edara svori\u0173 kr\u016bva, u\u017etikrinan\u010dia pratim\u0173 saugum\u0105.<\/p>\n<\/div>\n<\/div>\n\n\n\n<div class=\"wp-block-columns alignwide are-vertically-aligned-center mobile-reverse is-layout-flex wp-container-core-columns-is-layout-e8158c2f wp-block-columns-is-layout-flex\" style=\"padding-top:var(--wp--preset--spacing--side-padding)\">\n<div class=\"wp-block-column is-vertically-aligned-center is-layout-flow wp-block-column-is-layout-flow\">\n<h3 class=\"wp-block-heading\" style=\"margin-bottom:var(--wp--preset--spacing--h-3-bottom)\"><strong>Patvarus ir apsauginis<\/strong><\/h3>\n\n\n\n<p><strong><em><strong><em>Elektrostatiniu milteliniu b\u016bdu dengtas<\/em><\/strong><\/em><\/strong><\/p>\n\n\n\n<p style=\"margin-bottom:var(--wp--preset--spacing--tb-section-padding)\">&#8222;Evolve Ultra&#8221; serijos j\u0117gos ma\u0161inos su elektrostatiniu milteliniu b\u016bdu dengtu perlamutrin\u0117s juodos matin\u0117s spalvos r\u0117mu yra ir formos, ir funkcijos pavyzdys. Jos estetin\u012f patrauklum\u0105 sustiprina juoda matin\u0117 apdaila, o praktin\u0117s savyb\u0117s, \u012fskaitant atsparum\u0105 trin\u010diai, antikorozines savybes ir atsparum\u0105 \u012fbr\u0117\u017eimams, u\u017etikrina, kad ji b\u016bt\u0173 patikimas ir ilgaam\u017eis treniruo\u010di\u0173 palydovas.<br\/><br\/><strong><em><strong><em>Apsauginiai skydai<\/em><\/strong><\/em><\/strong><br\/><br\/>Tvirtos gumin\u0117s &#8222;Evolve Ultra Series&#8221; koj\u0173 kojel\u0117s tarnauja kaip apsauginiai skydai, kad b\u016bt\u0173 i\u0161vengta galim\u0173 grind\u0173 pa\u017eeidim\u0173. \u0160ios tvirtos gumin\u0117s kojel\u0117s sukurtos taip, kad apsaugot\u0173 grind\u0173 pavir\u0161i\u0173 nuo bet kokios \u017ealos, kuri gali atsirasti naudojant. Be to, \u0161ios gumin\u0117s kojel\u0117s ne tik apsaugo, bet ir padeda u\u017etikrinti stabilum\u0105.<\/p>\n<\/div>\n\n\n\n<div class=\"wp-block-column is-vertically-aligned-center is-layout-flow wp-block-column-is-layout-flow\">\n<figure class=\"wp-block-video\"><video height=\"1920\" style=\"aspect-ratio: 1920 \/ 1920;\" width=\"1920\" autoplay=\"\" controls=\"\" loop=\"\" muted=\"\" src=\"https:\/\/evolve-fitness.eu\/wp-content\/uploads\/2023\/10\/Evolve-Double-powder-coated-Frame.mp4\"><\/video><\/figure>\n<\/div>\n<\/div>\n<\/section>\n","protected":false},"excerpt":{"rendered":"<p>Su &#8222;Evolve Ultra Series&#8221; selektoriniu treniruokliu &#8222;Evolve Ultra Series Selectorized Biceps Curl&#8221;, UL-060, patirkite tiksling\u0105 bicepso treniruot\u0119 kaip niekada anks\u010diau. Pagerinkite savo treniruo\u010di\u0173 rutin\u0105 naudodami \u0161i\u0105 moderniausi\u0105 \u012frang\u0105, sukurt\u0105 siekiant u\u017etikrinti optimal\u0173 komfort\u0105 ir efektyvum\u0105. Novatori\u0161kas nepriklausomas rank\u0173 judesys u\u017etikrina plat\u0173 judesi\u0173 diapazon\u0105 ir simetri\u0161kai tiksliai \u012fdarbina raumenis. D\u0117l eleganti\u0161kos ir patvarios &#8222;Unique Matte Paint Finish&#8221; apdailos, saugumo reikalavimus atitinkan\u010dio visi\u0161kai u\u017edengto svori\u0173 kr\u016bvio gaubto ir naudotojui patogaus s\u0117dyn\u0117s reguliavimo viena ranka \u0161is treniruoklis puikiai suderina stili\u0173, patogum\u0105 ir na\u0161um\u0105. Su &#8222;Evolve Ultra&#8221; serijos treniruokliu UL-060 pasieksite neprilygstam\u0105 biceps\u0173 augim\u0105 ir pagerinsite savo fizin\u0119 b\u016bkl\u0119.<\/p>\n","protected":false},"featured_media":75820,"template":"","meta":{"_acf_changed":false,"inline_featured_image":false},"product_cat":[117,166,167],"product_tag":[],"class_list":{"0":"post-7441","1":"product","2":"type-product","3":"status-publish","4":"has-post-thumbnail","6":"product_cat-pagrindinis-puslapis","7":"product_cat-pasirinktines-masinos","8":"product_cat-ultra-series-selektorizuoti-treniruokliai","10":"first","11":"instock","12":"sale","13":"shipping-taxable","14":"purchasable","15":"product-type-simple"},"acf":[],"_links":{"self":[{"href":"https:\/\/store.evolve-fitness.eu\/lt\/wp-json\/wp\/v2\/product\/7441","targetHints":{"allow":["GET"]}}],"collection":[{"href":"https:\/\/store.evolve-fitness.eu\/lt\/wp-json\/wp\/v2\/product"}],"about":[{"href":"https:\/\/store.evolve-fitness.eu\/lt\/wp-json\/wp\/v2\/types\/product"}],"wp:featuredmedia":[{"embeddable":true,"href":"https:\/\/store.evolve-fitness.eu\/lt\/wp-json\/wp\/v2\/media\/75820"}],"wp:attachment":[{"href":"https:\/\/store.evolve-fitness.eu\/lt\/wp-json\/wp\/v2\/media?parent=7441"}],"wp:term":[{"taxonomy":"product_cat","embeddable":true,"href":"https:\/\/store.evolve-fitness.eu\/lt\/wp-json\/wp\/v2\/product_cat?post=7441"},{"taxonomy":"product_tag","embeddable":true,"href":"https:\/\/store.evolve-fitness.eu\/lt\/wp-json\/wp\/v2\/product_tag?post=7441"}],"curies":[{"name":"wp","href":"https:\/\/api.w.org\/{rel}","templated":true}]}}